{"id":9915,"date":"2017-02-22T18:31:25","date_gmt":"2017-02-22T17:31:25","guid":{"rendered":"http:\/\/forst-grunewald.de\/?page_id=9915"},"modified":"2024-11-25T22:10:59","modified_gmt":"2024-11-25T21:10:59","slug":"dorthea-brigg-2","status":"publish","type":"page","link":"https:\/\/forst-grunewald.de\/?page_id=9915","title":{"rendered":"Dorthea (Schonerbrigg)"},"content":{"rendered":"<p style=\"text-align: center;\"><b><a href=\"https:\/\/forst-grunewald.de\/wp-content\/uploads\/1938-08-14-Dorthea-klein-Seite.jpg\" target=\"_blank\" rel=\"noopener noreferrer\"><img loading=\"lazy\" decoding=\"async\" class=\"alignright wp-image-9919 size-medium\" src=\"https:\/\/forst-grunewald.de\/wp-content\/uploads\/1938-08-14-Dorthea-klein-Seite-184x300.jpg\" width=\"184\" height=\"300\" srcset=\"https:\/\/forst-grunewald.de\/wp-content\/uploads\/1938-08-14-Dorthea-klein-Seite-184x300.jpg 184w, https:\/\/forst-grunewald.de\/wp-content\/uploads\/1938-08-14-Dorthea-klein-Seite-92x150.jpg 92w, https:\/\/forst-grunewald.de\/wp-content\/uploads\/1938-08-14-Dorthea-klein-Seite-768x1255.jpg 768w, https:\/\/forst-grunewald.de\/wp-content\/uploads\/1938-08-14-Dorthea-klein-Seite.jpg 979w\" sizes=\"auto, (max-width: 184px) 100vw, 184px\" \/><\/a><span style=\"font-size: 14pt;\">Strandcafe am Kleinen Wannsee<\/span><\/b><\/p>\n<p style=\"text-align: center;\"><span style=\"font-size: 14pt;\"><b>Schoner Brigg Dorthea<\/b><\/span><\/p>\n<p style=\"text-align: center;\"><b><span style=\"font-size: 14pt;\">&#8211; Besitzer <a href=\"https:\/\/forst-grunewald.de\/wp-content\/gallery\/wannsee-dorthea-brigg\/1927-brigg-dorthea-klein.jpg\" target=\"_blank\" rel=\"noopener\">Arthur Schulz<\/a>, sp\u00e4ter <a href=\"https:\/\/forst-grunewald.de\/wp-content\/gallery\/wannsee-dorthea-brigg\/1938-08-14-dorthea-klein.jpg\" target=\"_blank\" rel=\"noopener\">Bruno Dombrowsky<\/a> &#8211;<\/span><br \/>\n<\/b><\/p>\n<p style=\"text-align: justify;\">\u00dcber die Geschichte dieses Schiffes war mir bisher leider nichts n\u00e4heres bekannt, au\u00dfer, dass sein (vorheriger) Heimathafen Flensburg war:<\/p>\n<figure id=\"attachment_10374\" aria-describedby=\"caption-attachment-10374\" style=\"width: 200px\" class=\"wp-caption alignnone\"><a href=\"https:\/\/forst-grunewald.de\/wp-content\/uploads\/1938-08-14-Dorthea-a-Flensburg.jpg\" target=\"_blank\" rel=\"noopener noreferrer\"><img loading=\"lazy\" decoding=\"async\" class=\"wp-image-10374 size-thumbnail\" src=\"https:\/\/forst-grunewald.de\/wp-content\/uploads\/1938-08-14-Dorthea-a-Flensburg-200x95.jpg\" alt=\"\" width=\"200\" height=\"95\" srcset=\"https:\/\/forst-grunewald.de\/wp-content\/uploads\/1938-08-14-Dorthea-a-Flensburg-200x95.jpg 200w, https:\/\/forst-grunewald.de\/wp-content\/uploads\/1938-08-14-Dorthea-a-Flensburg-450x214.jpg 450w, https:\/\/forst-grunewald.de\/wp-content\/uploads\/1938-08-14-Dorthea-a-Flensburg-768x365.jpg 768w, https:\/\/forst-grunewald.de\/wp-content\/uploads\/1938-08-14-Dorthea-a-Flensburg.jpg 855w\" sizes=\"auto, (max-width: 200px) 100vw, 200px\" \/><\/a><figcaption id=\"caption-attachment-10374\" class=\"wp-caption-text\">Dorthea &#8211; Flensburg &#8211; Was ist das f\u00fcr ein Wappen?<\/figcaption><\/figure>\n<p style=\"text-align: justify;\">Die Dorthea war eine Schonerbrigg. Bei einer Schonerbrigg (<a href=\"https:\/\/de.wikipedia.org\/wiki\/Brigantine_(Schiffstyp)\" target=\"_blank\" rel=\"noopener noreferrer\">Brigantine<\/a>) f\u00fchrt der Fockmast Rahsegel, w\u00e4hrend der Gro\u00dfmast neben dem Briggsegel (Gaffelsegel) Schratsegel (in L\u00e4ngsachte) f\u00fchrt.<\/p>\n<p style=\"text-align: justify;\">Der Journalist <a href=\"https:\/\/de.wikipedia.org\/wiki\/Adolf_Stein\" target=\"_blank\" rel=\"noopener noreferrer\">Adolf Stein<\/a> schrieb in den Jahren von 1920 bis 1935 unter dem K\u00fcnstlernamen &#8222;Rumpelstilzchen&#8220; in der &#8222;T\u00e4glichen Rundschau&#8220; einen &#8222;Plauderbrief&#8220;. In seiner Glosse Nummer 36 erw\u00e4hnte er im Jahr 1926 auch die Dorthea:<\/p>\n<blockquote>\n<p style=\"text-align: justify;\">Jetzt aber ist am Wannsee ein leibhaftiges M\u00e4rchenwunder erstanden. Ich meine nicht die <strong>Schonerbrigg &#8222;Dorthea&#8220;-Flensburg, 196 Tonnen, <\/strong>die von ihrem Heimatshafen hierhergeschleppt worden und an der Br\u00fccke zwischen Gro\u00dfem und Kleinem Wannsee als Wasserrestaurant vert\u00e4ut ist. Es sitzt sich nett in dem Schiffsbauch, dessen Luken jetzt zu Oberlicht umgewandelt sind, das ganze Schiff mit Masten und Takelage bringt auch eine h\u00fcbsche Sondernote in das Landschaftsbild, aber das ist doch im wesentlichen auch eine Sache f\u00fcr den Berliner eiligen Ausfl\u00fcgler, der hier eine Dampferpause verfri\u00dft und vertrinkt&#8230;<\/p>\n<\/blockquote>\n<p style=\"text-align: justify;\">Auf einer <a href=\"https:\/\/forst-grunewald.de\/wp-content\/gallery\/wannsee-dorthea-brigg\/1920-05-23-wannsee-luftbild-klein.jpg\" target=\"_blank\" rel=\"noopener\">Fliegeraufnahme von ca. 1920<\/a> liegt kein Schiff am Kai unterhalb der Wannseebr\u00fccke am Kleinen Wannsee. Um 1923\/24 lag dann ein Schiff der <a href=\"https:\/\/berliner-dampfer.de\/?p=8229\" target=\"_blank\" rel=\"noopener\">Teltow-Klasse<\/a>, entweder die <a href=\"https:\/\/berliner-dampfer.de\/?page_id=8682\" target=\"_blank\" rel=\"noopener\">Tempelhof<\/a> oder die <a href=\"https:\/\/berliner-dampfer.de\/?page_id=8687\" target=\"_blank\" rel=\"noopener\">Neuk\u00f6lln<\/a>, als Strandcafe an dieser Stelle, dessen Wirt war ebenso wie bei der Dorthea Arthur Schulz. Hier auf meiner Webseite ist die Dorthea dann erstmals auf einer Ansichtskarte aus dem Jahr 1927 und letztmals aus dem Jahr 1938 zu sehen. Im <a href=\"https:\/\/forst-grunewald.de\/wp-content\/gallery\/wannsee-dorthea-brigg\/1939-fahrplan-suks1939-dorthea-a.jpg\" target=\"_blank\" rel=\"noopener noreferrer\">Fahrplanheft<\/a> der Stern- und Kreisschiffahrt von 1939 wird die Dorthea auch noch erw\u00e4hnt, demnach soll sie<\/p>\n<blockquote>\n<p style=\"text-align: justify;\">weite Reisen, z. B. nach S\u00fcdamerika, zur\u00fcckgelegt<\/p>\n<\/blockquote>\n<p style=\"text-align: justify;\">haben.<\/p>\n<p style=\"text-align: justify;\">Vielleicht wurde das Schiff im Krieg zerst\u00f6rt?<\/p>\n<p style=\"text-align: justify;\"><strong>Wer etwas wei\u00df und es mir mitteilen m\u00f6chte&#8230;.?<\/strong><\/p>\n<p style=\"text-align: justify;\">Durch einen gl\u00fccklichen Umstand, erhielt ich dankenswerter Weise von Frau Silvia Kruse aus <a href=\"http:\/\/www.sanjoseca.gov\/\" target=\"_blank\" rel=\"noopener noreferrer\">San Jos\u00e9<\/a> in <a href=\"https:\/\/de.wikipedia.org\/wiki\/Costa_Rica\" target=\"_blank\" rel=\"noopener noreferrer\">Costa Rica<\/a> (!) weitere Informationen. Frau Kruse war auf der Suche nach einem Auswandererschiff mit dem Namen &#8222;Dorothea&#8220; und fand dabei in einem Verzeichnis des <a href=\"http:\/\/mfs.dk\/ms-museet-soefart-maritimes-museum-danemark\/\" target=\"_blank\" rel=\"noopener noreferrer\">M\/S Museet for S\u00f8fart \u2013 Maritimes Museum D\u00e4nemark<\/a> <a href=\"http:\/\/mfs.dk\/wp-content\/uploads\/2016\/05\/D-K.pdf\" target=\"_blank\" rel=\"noopener noreferrer\">dieses Dokument<\/a>:<\/p>\n<p style=\"text-align: justify;\"><a href=\"https:\/\/forst-grunewald.de\/wp-content\/uploads\/Maritimes-Museum-D\u00e4nemark-D-K-1-Dorthea-Kleiner-Wannsee.pdf\"><img loading=\"lazy\" decoding=\"async\" class=\"alignnone size-medium wp-image-10405\" src=\"https:\/\/forst-grunewald.de\/wp-content\/uploads\/Maritimes-Museum-D\u00e4nemark-D-K-1-Dorthea-Kleiner-Wannsee-222x300.jpg\" alt=\"\" width=\"222\" height=\"300\" srcset=\"https:\/\/forst-grunewald.de\/wp-content\/uploads\/Maritimes-Museum-D\u00e4nemark-D-K-1-Dorthea-Kleiner-Wannsee-222x300.jpg 222w, https:\/\/forst-grunewald.de\/wp-content\/uploads\/Maritimes-Museum-D\u00e4nemark-D-K-1-Dorthea-Kleiner-Wannsee-111x150.jpg 111w, https:\/\/forst-grunewald.de\/wp-content\/uploads\/Maritimes-Museum-D\u00e4nemark-D-K-1-Dorthea-Kleiner-Wannsee-768x1037.jpg 768w, https:\/\/forst-grunewald.de\/wp-content\/uploads\/Maritimes-Museum-D\u00e4nemark-D-K-1-Dorthea-Kleiner-Wannsee.jpg 889w\" sizes=\"auto, (max-width: 222px) 100vw, 222px\" \/><\/a><\/p>\n<p>&nbsp;<\/p>\n<p>Und wenn man ersteinmal &#8211; dank Frau Kruse &#8211; eine Spur hat, auf der Webseite von <a href=\"http:\/\/www.jmarcussen.dk\/\" target=\"_blank\" rel=\"noopener noreferrer\">J\u00f8rgen Marcussen<\/a> in D\u00e4nemark fand ich dann unter der <a href=\"http:\/\/www.jmarcussen.dk\/maritim\/skibsliste\/side.php?id=5001\" target=\"_blank\" rel=\"noopener noreferrer\">Schiffs-ID-Nummer 5001<\/a> weitere Informationen \u00fcber die &#8222;Dorthea&#8220;:<\/p>\n<p><a href=\"https:\/\/forst-grunewald.de\/wp-content\/uploads\/www.jmarcussen.dk-DORTHEA.png\" target=\"_blank\" rel=\"noopener noreferrer\"><img loading=\"lazy\" decoding=\"async\" class=\"alignnone size-medium wp-image-10422\" src=\"https:\/\/forst-grunewald.de\/wp-content\/uploads\/www.jmarcussen.dk-DORTHEA-450x201.png\" alt=\"\" width=\"450\" height=\"201\" srcset=\"https:\/\/forst-grunewald.de\/wp-content\/uploads\/www.jmarcussen.dk-DORTHEA-450x201.png 450w, https:\/\/forst-grunewald.de\/wp-content\/uploads\/www.jmarcussen.dk-DORTHEA-200x90.png 200w, https:\/\/forst-grunewald.de\/wp-content\/uploads\/www.jmarcussen.dk-DORTHEA-768x344.png 768w, https:\/\/forst-grunewald.de\/wp-content\/uploads\/www.jmarcussen.dk-DORTHEA-1600x716.png 1600w, https:\/\/forst-grunewald.de\/wp-content\/uploads\/www.jmarcussen.dk-DORTHEA.png 1660w\" sizes=\"auto, (max-width: 450px) 100vw, 450px\" \/><\/a><\/p>\n<p><span style=\"color: #ffffff;\">.<\/span><\/p>\n<p style=\"text-align: justify;\">M\u00f6glicherweise gibt es von der Dorthea aus dem Jahr 1885 sogar ein Gem\u00e4lde.<\/p>\n<p style=\"text-align: justify;\">So konnte ich f\u00fcr die Dorthea bisher folgenden Lebenslauf rekonstruieren:<\/p>\n<table>\n<tbody>\n<tr>\n<td style=\"text-align: left; vertical-align: top;\">1883<\/td>\n<td style=\"text-align: left; vertical-align: top;\">Bauwerft <a href=\"https:\/\/de.wikipedia.org\/wiki\/J._Ring-Andersen_Skibsv%C3%A6rft\" target=\"_blank\" rel=\"noopener noreferrer\">J. Ring-Andersen Skibsv\u00e6rft<\/a>, <a href=\"https:\/\/de.wikipedia.org\/wiki\/Svendborg\" target=\"_blank\" rel=\"noopener noreferrer\">Svendborg<\/a> in D\u00e4nemark<br \/>\n<a href=\"http:\/\/www.sbib.dk\/files\/bibliotek\/skibslister\/1883.pdf\" target=\"_blank\" rel=\"noopener noreferrer\">M\u00e4rz 1883<\/a> &#8211; Dorthea (NTPL) noch nicht im <a href=\"http:\/\/www.sbib.dk\/danmarks-skibslister.10834.aspx\" target=\"_blank\" rel=\"noopener noreferrer\">d\u00e4nischen Schiffsregister<\/a> verzeichnet<br \/>\n1884 &#8211; <a href=\"http:\/\/www.sbib.dk\/danmarks-skibslister.10834.aspx\" target=\"_blank\" rel=\"noopener noreferrer\">d\u00e4nischen Schiffsregister<\/a> liegt nicht vor<\/td>\n<\/tr>\n<tr>\n<td style=\"text-align: left; vertical-align: top;\">1885<\/td>\n<td style=\"text-align: left; vertical-align: top;\"><a href=\"https:\/\/de.wikipedia.org\/wiki\/Carl_Rasmussen\" target=\"_blank\" rel=\"noopener noreferrer\">Carl Rasmussen<\/a>: Skonnertbrig Dorthea i rum s\u00f8<br \/>\n(Die Schonerbrigg Dorthea auf hoher See)<br \/>\nJahreszahl und die Bezeichnung &#8222;Skonnertbrig&#8220; sprechen daf\u00fcr, dass es sich um &#8222;unsere&#8220; Dorthea handeln k\u00f6nnte.<br \/>\nDas Gem\u00e4lde habe ich LEIDER NOCH NICHT GEFUNDEN!<\/td>\n<\/tr>\n<tr>\n<td style=\"text-align: left; vertical-align: top;\">1883<\/td>\n<td style=\"text-align: left; vertical-align: top;\">Eigner Kaufmann Hans Christensen, <a href=\"https:\/\/de.wikipedia.org\/wiki\/Svendborg\" target=\"_blank\" rel=\"noopener noreferrer\">Svendborg<\/a> in D\u00e4nemark<br \/>\nHeimathafen <a href=\"https:\/\/de.wikipedia.org\/wiki\/Marstal\" target=\"_blank\" rel=\"noopener noreferrer\">Marstal<br \/>\n<\/a>(m\u00f6glicherweise: Hans Christensen <a href=\"http:\/\/www.matematiksider.dk\/sisters.html\" target=\"_blank\" rel=\"noopener noreferrer\">1852-1917<\/a>, Sohn des Reeders Hans Christian Christensen 1816-1879); Weiterf\u00fchrend: <a href=\"http:\/\/marmus.dk\/da\/webshop\/alle-b%C3%B8ger\/marstals-matadorer-h-c-christensens-rederi-og-v%C3%A6rft-1842-1952-webshop\" target=\"_blank\" rel=\"noopener noreferrer\">Karsten Hermansen: Marstals Matadorer<\/a><br \/>\nIch gehe davon aus, dass die Dorthea 1883 neu von der Werft \u00fcbernommen wurde.<br \/>\n<a href=\"https:\/\/forst-grunewald.de\/wp-content\/uploads\/1885-D\u00e4nemark-Schiffsregister-Dorthea.pdf\" target=\"_blank\" rel=\"noopener noreferrer\">1885<\/a> Dorthea im d\u00e4nischen Schiffsregister<br \/>\n<a href=\"https:\/\/forst-grunewald.de\/wp-content\/uploads\/1889-D\u00e4nemark-Schiffsregister-Dorthea.pdf\" target=\"_blank\" rel=\"noopener noreferrer\">1889<\/a> Dorthea im d\u00e4nischen Schiffsregister<br \/>\n<a href=\"https:\/\/forst-grunewald.de\/wp-content\/uploads\/1891-D\u00e4nemark-Schiffsregister-Dorthea.pdf\" target=\"_blank\" rel=\"noopener noreferrer\">1891<\/a> Dorthea im d\u00e4nischen Schiffsregister<br \/>\n<a href=\"http:\/\/billedarkiv.mfs.dk\/fotoweb\/archives\/5001-Billedarkiv\/archive\/Arkiv-118\/000033555.jpg.info#c=%2Ffotoweb%2Farchives%2F5001-Billedarkiv%2F%3Fq%3DDorthea\" target=\"_blank\" rel=\"noopener noreferrer\">19xx<\/a> Dorthea Foto<br \/>\n<a href=\"http:\/\/billedarkiv.mfs.dk\/fotoweb\/archives\/5001-Billedarkiv\/archive\/Arkiv-118\/000033553.jpg.info#c=%2Ffotoweb%2Farchives%2F5001-Billedarkiv%2F%3Fq%3DDorthea\" target=\"_blank\" rel=\"noopener noreferrer\">19xx<\/a> Dorthea Foto<br \/>\n<a href=\"https:\/\/forst-grunewald.de\/wp-content\/uploads\/1917-D\u00e4nemark-Schiffsregister-Dorthea.pdf\" target=\"_blank\" rel=\"noopener noreferrer\">1917<\/a> Dorthea im d\u00e4nischen Schiffsregister<br \/>\n<a href=\"http:\/\/billedarkiv.mfs.dk\/fotoweb\/archives\/5001-Billedarkiv\/archive\/Arkiv-118\/000033554.jpg.info#c=%2Ffotoweb%2Farchives%2F5001-Billedarkiv%2F%3Fq%3DDorthea\" target=\"_blank\" rel=\"noopener noreferrer\">1917<\/a> Dorthea Foto in Cadiz, Spanien<\/td>\n<\/tr>\n<tr>\n<td style=\"text-align: left; vertical-align: top;\">1917<\/td>\n<td style=\"text-align: left; vertical-align: top;\">Eigner <a href=\"http:\/\/www.jmarcussen.dk\/maritim\/mart\/lexref\/rederier\/lillebelt.html\" target=\"_blank\" rel=\"noopener noreferrer\">Reederei Lillebaelt Aktieselska<\/a>, <a href=\"https:\/\/de.wikipedia.org\/wiki\/Fredericia\" target=\"_blank\" rel=\"noopener noreferrer\">Fredericia<\/a> in D\u00e4nemark<br \/>\n<a href=\"https:\/\/forst-grunewald.de\/wp-content\/uploads\/1918-D\u00e4nemark-Schiffsregister-Dorthea.pdf\" target=\"_blank\" rel=\"noopener noreferrer\">1918<\/a> Dorthea im d\u00e4nisches Schiffsregister<br \/>\n1922 &#8211; 23 Eine oder mehrere Havarien<br \/>\n?(23.07. oder 23.09.1922 \/<br \/>\n02.12.1923 Leck? in <a href=\"https:\/\/da.wikipedia.org\/wiki\/%C3%98sters%C3%B8en\" target=\"_blank\" rel=\"noopener noreferrer\">\u00d8sters\u00f8en<\/a> \/ in der Ostsee)?<br \/>\n<a href=\"https:\/\/forst-grunewald.de\/wp-content\/uploads\/1924-D\u00e4nemark-Schiffsregister-Dorthea.pdf\" target=\"_blank\" rel=\"noopener noreferrer\">1924 Dorthea<\/a> im D\u00e4nisches Schiffsregister<br \/>\n1925 nicht mehr im d\u00e4nischen Schiffsregister<\/td>\n<\/tr>\n<tr>\n<td style=\"text-align: left; vertical-align: top;\">1924<\/td>\n<td style=\"text-align: left; vertical-align: top;\">Eigner Kapit\u00e4n J. F. Paulsen \/ Kapit\u00e4n Jens Peter in Flensburg<br \/>\n<a href=\"http:\/\/www.jmarcussen.dk\/maritim\/skibsliste\/side.php?id=5001\" target=\"_blank\" rel=\"noopener noreferrer\">Bem\u00e6rkninger<\/a>:<br \/>\n&#8222;<em>Indeholder beretning om nogle dramatiske h\u00e6ndelser. Efter salget 1924 blev skibet afmastet og sl\u00e6bt til Berlin, hvor det indrettedes til restaurant.<\/em>&#8220; =<br \/>\n&#8222;<em>Enth\u00e4lt Bericht \u00fcber einige dramatische Ereignisse. Nach dem Verkauf im Jahr 1924 war das Schiff afmastet <\/em>(?&#8220;abgetakelt&#8220; oder &#8222;Au\u00dfer Dienst&#8220;?)<em> und nach Berlin gezogen, wo es als Restaurant eingerichtet wurde<\/em>.&#8220;<\/td>\n<\/tr>\n<tr>\n<td style=\"text-align: left; vertical-align: top;\">1924<\/td>\n<td style=\"text-align: left; vertical-align: top;\">Restaurantschiff in Berlin<\/td>\n<\/tr>\n<tr>\n<td style=\"text-align: left; vertical-align: top;\">19.06.1926<br \/>\n25.06.1927<\/td>\n<td style=\"text-align: left; vertical-align: top;\">Die Novembergruppe feierte auf der Dorthea ihre Sommerfeste. Der Berlinischen Galerie konnte ich 2018 f\u00fcr das <a href=\"https:\/\/www.amazon.de\/Freiheit-Die-Kunst-Novembergruppe-1918-1935\/dp\/3791357808\" target=\"_blank\" rel=\"noopener noreferrer\">Buch<\/a> zur Ausstellung &#8222;<a href=\"https:\/\/www.berlinischegalerie.de\/ausstellungen-berlin\/aktuell\/novembergruppe\/\" target=\"_blank\" rel=\"noopener noreferrer\">Freiheit &#8211; Die Kunst der Novembergruppe 1918-1935<\/a>&#8220; ein Bild der Dorthea zur Verf\u00fcgung stellen.<\/td>\n<\/tr>\n<tr>\n<td style=\"text-align: left; vertical-align: top;\">1940iger<\/td>\n<td style=\"text-align: left; vertical-align: top;\">Ein Mitarbeiter der Stiftung Deutsches Technikmuseum Berlin hat mich am 14.03.2019 freundlicherweise angerufen und darauf aufmerksam gemacht, dass sich im Musumsarchiv zwei Fotos aus einem Fotoalbum &#8222;<a href=\"https:\/\/www.sdtb.findbuch.net\/php\/view.php?ar_id=3750&amp;link=492e322e303331x371&amp;path=c76bf76bdd6dd5dcdddcecc76bf7dc3a383d36fcc1d0f63f3a30fec76bf7dac7ecc7e1eee0c16d3638fd3bffc1d0dfc76bf7dac7ecc7e1eee0c1e1eeefe0c5eeedc739f13f#&amp;path=c76bf76bdd6dd5dcdddcecc76bf7dc3a383d36fcc1d0f63f3a30fec76bf7dac7ecc7e1eee0c16d3638fd3bffc1d0dfc76bf7dac7ecc7e1eee0c1e1eeefe0c5e1e0c739f13f\" target=\"_blank\" rel=\"noopener noreferrer\">70 Jahre Teltow-Werft 1920-1990<\/a>&#8220; befinden, welche den Verbleib der Dorthea kl\u00e4ren, demnach wurde sie aus Sicherheitsgr\u00fcnden abgewrackt. Da sie im <a href=\"https:\/\/forst-grunewald.de\/wp-content\/gallery\/wannsee-dorthea-brigg\/1939-fahrplan-suks1939-dorthea-a.jpg\" target=\"_blank\" rel=\"noopener noreferrer\">Fahrplanheft<\/a> der Stern- und Kreisschiffahrt von 1939 noch erw\u00e4hnt wird, d\u00fcrfte dies dann danach geschehen sein:<\/p>\n<p><a href=\"https:\/\/www.sdtb.findbuch.net\/php\/view.php?ar_id=3750&amp;link=492e322e303331x371&amp;path=c76bf76bdd6dd5dcdddcecc76bf7dc3a383d36fcc1d0f63f3a30fec76bf7dac7ecc7e1eee0c16d3638fd3bffc1d0dfc76bf7dac7ecc7e1eee0c1e1eeefe0c5eeedc739f13f#&amp;path=c76bf76bdd6dd5dcdddcecc76bf7dc3a383d36fcc1d0f63f3a30fec76bf7dac7ecc7e1eee0c16d3638fd3bffc1d0dfc76bf7dac7ecc7e1eee0c1e1eeefe0c5eeedc739f13f\" target=\"_blank\" rel=\"noopener noreferrer\"><img loading=\"lazy\" decoding=\"async\" class=\"alignnone size-full wp-image-12841\" src=\"https:\/\/forst-grunewald.de\/wp-content\/uploads\/1940iger-Dorthea-Abtakelung-Findbuch-I.2.031-0371-34.jpg\" alt=\"\" width=\"693\" height=\"696\" srcset=\"https:\/\/forst-grunewald.de\/wp-content\/uploads\/1940iger-Dorthea-Abtakelung-Findbuch-I.2.031-0371-34.jpg 693w, https:\/\/forst-grunewald.de\/wp-content\/uploads\/1940iger-Dorthea-Abtakelung-Findbuch-I.2.031-0371-34-149x150.jpg 149w, https:\/\/forst-grunewald.de\/wp-content\/uploads\/1940iger-Dorthea-Abtakelung-Findbuch-I.2.031-0371-34-299x300.jpg 299w, https:\/\/forst-grunewald.de\/wp-content\/uploads\/1940iger-Dorthea-Abtakelung-Findbuch-I.2.031-0371-34-90x90.jpg 90w, https:\/\/forst-grunewald.de\/wp-content\/uploads\/1940iger-Dorthea-Abtakelung-Findbuch-I.2.031-0371-34-75x75.jpg 75w\" sizes=\"auto, (max-width: 693px) 100vw, 693px\" \/><\/a><\/p>\n<p>Findbuch <a href=\"https:\/\/www.sdtb.findbuch.net\/php\/view.php?ar_id=3750&amp;link=492e322e303331x371&amp;path=c76bf76bdd6dd5dcdddcecc76bf7dc3a383d36fcc1d0f63f3a30fec76bf7dac7ecc7e1eee0c16d3638fd3bffc1d0dfc76bf7dac7ecc7e1eee0c1e1eeefe0c5eeedc739f13f#&amp;path=c76bf76bdd6dd5dcdddcecc76bf7dc3a383d36fcc1d0f63f3a30fec76bf7dac7ecc7e1eee0c16d3638fd3bffc1d0dfc76bf7dac7ecc7e1eee0c1e1eeefe0c5eeedc739f13f\" target=\"_blank\" rel=\"noopener noreferrer\">I.2.031 0371-34<\/a><\/p>\n<p><a href=\"https:\/\/www.sdtb.findbuch.net\/php\/view.php?ar_id=3750&amp;link=492e322e303331x371&amp;path=c76bf76bdd6dd5dcdddcecc76bf7dc3a383d36fcc1d0f63f3a30fec76bf7dac7ecc7e1eee0c16d3638fd3bffc1d0dfc76bf7dac7ecc7e1eee0c1e1eeefe0c5eeedc739f13f#&amp;path=c76bf76bdd6dd5dcdddcecc76bf7dc3a383d36fcc1d0f63f3a30fec76bf7dac7ecc7e1eee0c16d3638fd3bffc1d0dfc76bf7dac7ecc7e1eee0c1e1eeefe0c5eee6c739f13f\" target=\"_blank\" rel=\"noopener noreferrer\"><img loading=\"lazy\" decoding=\"async\" class=\"alignnone size-full wp-image-12843\" src=\"https:\/\/forst-grunewald.de\/wp-content\/uploads\/1940iger-Dorthea-Abtakelung-I.2.031-0371-35.jpg\" alt=\"\" width=\"693\" height=\"449\" srcset=\"https:\/\/forst-grunewald.de\/wp-content\/uploads\/1940iger-Dorthea-Abtakelung-I.2.031-0371-35.jpg 693w, https:\/\/forst-grunewald.de\/wp-content\/uploads\/1940iger-Dorthea-Abtakelung-I.2.031-0371-35-200x130.jpg 200w, https:\/\/forst-grunewald.de\/wp-content\/uploads\/1940iger-Dorthea-Abtakelung-I.2.031-0371-35-450x292.jpg 450w\" sizes=\"auto, (max-width: 693px) 100vw, 693px\" \/><\/a><\/p>\n<p>Findbuch <a href=\"https:\/\/www.sdtb.findbuch.net\/php\/view.php?ar_id=3750&amp;link=492e322e303331x371&amp;path=c76bf76bdd6dd5dcdddcecc76bf7dc3a383d36fcc1d0f63f3a30fec76bf7dac7ecc7e1eee0c16d3638fd3bffc1d0dfc76bf7dac7ecc7e1eee0c1e1eeefe0c5eeedc739f13f#&amp;path=c76bf76bdd6dd5dcdddcecc76bf7dc3a383d36fcc1d0f63f3a30fec76bf7dac7ecc7e1eee0c16d3638fd3bffc1d0dfc76bf7dac7ecc7e1eee0c1e1eeefe0c5eee6c739f13f\" target=\"_blank\" rel=\"noopener noreferrer\">I.2.031 0371-35<\/a><\/td>\n<\/tr>\n<\/tbody>\n<\/table>\n<p><span style=\"color: #ffffff;\">.<\/span><\/p>\n<p><span style=\"color: #ffffff;\">&nbsp;<\/span><\/p>\n<p><span style=\"color: #ffffff;\">&nbsp;<\/span><\/p>\nngg_shortcode_0_placeholder\n<p>&nbsp;<\/p>\n","protected":false},"excerpt":{"rendered":"<p>Strandcafe am Kleinen Wannsee Schoner Brigg Dorthea &#8211; Besitzer Arthur Schulz, sp\u00e4ter Bruno Dombrowsky &#8211; \u00dcber die Geschichte dieses Schiffes war mir bisher leider nichts&hellip;<\/p>\n","protected":false},"author":1,"featured_media":0,"parent":5590,"menu_order":0,"comment_status":"closed","ping_status":"closed","template":"template-fullwidth.php","meta":{"ngg_post_thumbnail":0,"iawp_total_views":21,"footnotes":""},"class_list":["post-9915","page","type-page","status-publish","hentry"],"_links":{"self":[{"href":"https:\/\/forst-grunewald.de\/index.php?rest_route=\/wp\/v2\/pages\/9915","targetHints":{"allow":["GET"]}}],"collection":[{"href":"https:\/\/forst-grunewald.de\/index.php?rest_route=\/wp\/v2\/pages"}],"about":[{"href":"https:\/\/forst-grunewald.de\/index.php?rest_route=\/wp\/v2\/types\/page"}],"author":[{"embeddable":true,"href":"https:\/\/forst-grunewald.de\/index.php?rest_route=\/wp\/v2\/users\/1"}],"replies":[{"embeddable":true,"href":"https:\/\/forst-grunewald.de\/index.php?rest_route=%2Fwp%2Fv2%2Fcomments&post=9915"}],"version-history":[{"count":87,"href":"https:\/\/forst-grunewald.de\/index.php?rest_route=\/wp\/v2\/pages\/9915\/revisions"}],"predecessor-version":[{"id":41651,"href":"https:\/\/forst-grunewald.de\/index.php?rest_route=\/wp\/v2\/pages\/9915\/revisions\/41651"}],"up":[{"embeddable":true,"href":"https:\/\/forst-grunewald.de\/index.php?rest_route=\/wp\/v2\/pages\/5590"}],"wp:attachment":[{"href":"https:\/\/forst-grunewald.de\/index.php?rest_route=%2Fwp%2Fv2%2Fmedia&parent=9915"}],"curies":[{"name":"wp","href":"https:\/\/api.w.org\/{rel}","templated":true}]}}