{"id":7928,"date":"2014-11-02T08:12:38","date_gmt":"2014-11-02T07:12:38","guid":{"rendered":"http:\/\/forst-grunewald.de\/?page_id=7928"},"modified":"2025-10-13T19:52:25","modified_gmt":"2025-10-13T18:52:25","slug":"alte-liebe-ex-godefrroy","status":"publish","type":"page","link":"https:\/\/forst-grunewald.de\/?page_id=7928","title":{"rendered":"Alte Liebe (Restaurantschiff &#8211; ex Godeffroy)"},"content":{"rendered":"<p style=\"text-align: justify;\"><a href=\"https:\/\/forst-grunewald.de\/wp-content\/uploads\/2000-12-Oma-Caro-und-Tobi-vor-Alter-Liebe-klein.jpg\" target=\"_blank\" rel=\"noopener noreferrer\"><img loading=\"lazy\" decoding=\"async\" class=\"alignright wp-image-7933\" src=\"https:\/\/forst-grunewald.de\/wp-content\/uploads\/2000-12-Oma-Caro-und-Tobi-vor-Alter-Liebe-klein.jpg\" alt=\"2000-12 Oma, Caro und Tobi vor Alter Liebe klein\" width=\"500\" height=\"338\" srcset=\"https:\/\/forst-grunewald.de\/wp-content\/uploads\/2000-12-Oma-Caro-und-Tobi-vor-Alter-Liebe-klein.jpg 1600w, https:\/\/forst-grunewald.de\/wp-content\/uploads\/2000-12-Oma-Caro-und-Tobi-vor-Alter-Liebe-klein-150x101.jpg 150w, https:\/\/forst-grunewald.de\/wp-content\/uploads\/2000-12-Oma-Caro-und-Tobi-vor-Alter-Liebe-klein-300x203.jpg 300w, https:\/\/forst-grunewald.de\/wp-content\/uploads\/2000-12-Oma-Caro-und-Tobi-vor-Alter-Liebe-klein-1024x693.jpg 1024w, https:\/\/forst-grunewald.de\/wp-content\/uploads\/2000-12-Oma-Caro-und-Tobi-vor-Alter-Liebe-klein-400x270.jpg 400w\" sizes=\"auto, (max-width: 500px) 100vw, 500px\" \/><\/a><span style=\"font-family: arial, helvetica, sans-serif; font-size: 12pt;\">Restaurantschiff \u201cAlte Liebe\u201d am s\u00fcdlichen St\u00f6\u00dfensee<\/span><br \/>\n<span style=\"font-family: arial, helvetica, sans-serif; font-size: 12pt;\"><a href=\"http:\/\/www.alte-liebe-berlin.de\" target=\"_blank\" rel=\"noopener noreferrer\">www.alte-liebe-berlin.de<\/a><\/span><\/p>\n<p style=\"text-align: justify;\"><span style=\"font-family: arial, helvetica, sans-serif; font-size: 12pt;\">Bei der &#8222;Alten Liebe&#8220; handelt es sich um die ehemalige Elbf\u00e4hre &#8222;Godeffroy&#8220;. Sie wurde 1912 erbaut und wurde bis Mitte der sechziger Jahre im F\u00e4hrdienst eingesetzt. L\u00e4nge 35 Meter, Breite 7 Meter. Die Dampfmaschine wurde sp\u00e4ter durch einen Dieselmotor ersetzt, allerdings soll sie nach einem Brand jetzt keinen Motor mehr haben.<\/span><\/p>\n<p style=\"text-align: justify;\"><span style=\"font-family: arial, helvetica, sans-serif; font-size: 12pt;\">Ca. 1970 wurde sie zum Restaurant umgebaut und zu ihrem jetzigen Liegeplatz geschleppt. &#8222;Zur \u00dcberf\u00fchung wurde damals das Oberdeck abgetrennt, um die Br\u00fccken passieren zu k\u00f6nnen, im Laderaum eines Frachtschiffes nach Berlin transportiert und sp\u00e4ter wieder aufgeschweisst&#8220;, so berichtete <a href=\"https:\/\/www.elbdampfer-hamburg.de\/forums\/topic\/restaurantschiff-alte-liebe-ex-godeffroy-1912\/#post-93787\" target=\"_blank\" rel=\"noopener\">&#8222;MichaelS&#8220; am 13.10.2010 im Forum von Elbdampfer-Hamburg.de<\/a>.<\/span><\/p>\n<p style=\"text-align: justify;\"><span style=\"font-family: arial, helvetica, sans-serif; font-size: 12pt;\">Mitte der 80iger Jahre habe ich f\u00fcr einen gerichtlich bestellten Zwangsverwalter gearbeitet und ich meine mich zu entsinnen, dass der \u201cDampfer\u201d damals zur Zwangsversteigerung stand, ihn aber keiner haben wollte. Seit Mitte der 90iger Jahre befindet sich das Schiff in Besitz der Familie Marc-Oliver L\u00fcdicke.<\/span><\/p>\n<p style=\"text-align: justify;\"><span style=\"font-family: arial, helvetica, sans-serif; font-size: 12pt;\">Dieses Schiff war f\u00fcr mich schon immer etwas Besonderes. Als meine Eltern mit mir mit unserem \u201c<a href=\"http:\/\/www.berliner-dampfer.de\/html\/mops.html\" target=\"_blank\" rel=\"noopener noreferrer\">MOPS<\/a>\u201d \u00fcber den &#8222;<a href=\"https:\/\/forst-grunewald.de\/?page_id=257\" target=\"_blank\" rel=\"noopener noreferrer\">Breite See<\/a>&#8220; fuhren, erstrahlte dieser wei\u00df gestrichene alte \u201cDampfer\u201d von weitem gut sichtbar \u00fcber das Wasser. Essen waren wir in meiner Kindheit dort allerdings nie. Heute gibt es dort eine gut b\u00fcrgerliche K\u00fcche und von Zeit zu Zeit kehre auch ich dort ein. Mein Lieblingsgericht: Matjes mit Bratkartoffeln.<\/span><\/p>\n<p style=\"padding-left: 60px;\"><span style=\"font-family: arial, helvetica, sans-serif; font-size: 12pt;\">Name: Godeffroy<\/span><br \/>\n<span style=\"font-family: arial, helvetica, sans-serif; font-size: 12pt;\">Bauwerft: Wichhorst, Hamburg<\/span><br \/>\n<span style=\"font-family: arial, helvetica, sans-serif; font-size: 12pt;\">Baunummer der Werft: 246<\/span><br \/>\n<span style=\"font-family: arial, helvetica, sans-serif; font-size: 12pt;\">Zugeh\u00f6rigkeit zur HADAG-Flotte: 1912 &#8211; 1969<\/span><\/p>\n<p style=\"padding-left: 60px;\"><span style=\"font-family: arial, helvetica, sans-serif; font-size: 12pt;\">20.06.1912 Ablieferung an die HADAG<\/span><br \/>\n<span style=\"font-family: arial, helvetica, sans-serif; font-size: 12pt;\">08.08.1912 B 10 636 \/ 30,03 Tonnen \/ 23,93 m L\u00e4nge \u00fc. a. \/ 6,60 m Breite \/ 1,82 m Tiefgang<\/span><br \/>\n<span style=\"font-family: arial, helvetica, sans-serif; font-size: 12pt;\">1949 bei Renck in Harburg zum Motorschiff umgebaut und verl\u00e4ngert: 31,8 m L\u00e4nge \u00fc. a.<\/span><br \/>\n<span style=\"font-family: arial, helvetica, sans-serif; font-size: 12pt;\">21.08.1955 S 10 055, 477 Personen<\/span><br \/>\n<span style=\"font-family: arial, helvetica, sans-serif; font-size: 12pt;\">29.07.1969 an L. Aschmann, Lauenburg<\/span><br \/>\n<span style=\"font-family: arial, helvetica, sans-serif; font-size: 12pt;\">08.05.1970 an I. Rasemann, Kiel<\/span><br \/>\n<span style=\"font-family: arial, helvetica, sans-serif; font-size: 12pt;\">1970 Alte Liebe, Restaurantschiff in Berlin<\/span><\/p>\n<p style=\"padding-left: 60px;\"><span style=\"font-family: arial, helvetica, sans-serif; font-size: 12pt;\">Schwesterschiffe:<\/span><\/p>\n<p style=\"padding-left: 60px;\"><span style=\"font-family: arial, helvetica, sans-serif; font-size: 12pt;\">Adolph Woermann<\/span><br \/>\n<span style=\"font-family: arial, helvetica, sans-serif; font-size: 12pt;\">20.09.1911 Ablieferung an die HADAG<\/span><br \/>\n<span style=\"font-family: arial, helvetica, sans-serif; font-size: 12pt;\">14.11.1953 zum Abwracken an H. Fl\u00fcgge Hamburg<\/span><\/p>\n<p style=\"padding-left: 60px;\"><span style=\"font-family: arial, helvetica, sans-serif; font-size: 12pt;\">Elise Averdieck<\/span><br \/>\n<span style=\"font-family: arial, helvetica, sans-serif; font-size: 12pt;\">20.09.1911 Ablieferung an die HADAG<\/span><br \/>\n<span style=\"font-family: arial, helvetica, sans-serif; font-size: 12pt;\">14.11.1953 zum Abwracken an H. Fl\u00fcgge, Hamburg<\/span><br \/>\n<span style=\"font-family: arial, helvetica, sans-serif; font-size: 12pt;\">Kludas weist auf Seite 99 \u201cdrei Schwesterschiffe\u201d aus, die Gro\u00dfen Hafenf\u00e4hren<\/span><br \/>\n<span style=\"font-family: arial, helvetica, sans-serif; font-size: 12pt;\">von 1910 bis 1914 sind aber wohl alle bau\u00e4hnlich.<\/span><\/p>\n<p style=\"padding-left: 60px;\"><span style=\"font-family: arial, helvetica, sans-serif; font-size: 12pt;\">Quelle und weiterf\u00fchrend: Arnold Kludas &#8211; Hundert Jahre HADAG-Schiffe 1888 &#8211; 1988<\/span><\/p>\n<p><span style=\"font-family: arial, helvetica, sans-serif; font-size: 12pt;\">Vor der jetzigen \u201cAlten Liebe\u201d gab es auch fr\u00fcher schon mal am selben Liegeplatz ein Schiff mit gleichen Namen: <a href=\"https:\/\/forst-grunewald.de\/?page_id=7939\" target=\"_blank\" rel=\"noopener noreferrer\">Alte Liebe (ex Zille)<\/a>.<\/span><\/p>\n<p><span style=\"font-family: arial, helvetica, sans-serif; font-size: 12pt;\">Au\u00dfer der &#8222;Alte Liebe&#8220; unterh\u00e4lt der Schiffseigner auch noch einen historischen Laster Mercedes Benz 710 als Werbefahrzeug f\u00fcr das Restaurantschiff.<\/span><\/p>\n<p>&nbsp;<\/p>\n<p>&nbsp;<\/p>\nngg_shortcode_0_placeholder\n","protected":false},"excerpt":{"rendered":"<p>Restaurantschiff \u201cAlte Liebe\u201d am s\u00fcdlichen St\u00f6\u00dfensee www.alte-liebe-berlin.de Bei der &#8222;Alten Liebe&#8220; handelt es sich um die ehemalige Elbf\u00e4hre &#8222;Godeffroy&#8220;. Sie wurde 1912 erbaut und wurde&hellip;<\/p>\n","protected":false},"author":1,"featured_media":0,"parent":0,"menu_order":0,"comment_status":"closed","ping_status":"closed","template":"","meta":{"ngg_post_thumbnail":0,"iawp_total_views":156,"footnotes":""},"class_list":["post-7928","page","type-page","status-publish","hentry"],"_links":{"self":[{"href":"https:\/\/forst-grunewald.de\/index.php?rest_route=\/wp\/v2\/pages\/7928","targetHints":{"allow":["GET"]}}],"collection":[{"href":"https:\/\/forst-grunewald.de\/index.php?rest_route=\/wp\/v2\/pages"}],"about":[{"href":"https:\/\/forst-grunewald.de\/index.php?rest_route=\/wp\/v2\/types\/page"}],"author":[{"embeddable":true,"href":"https:\/\/forst-grunewald.de\/index.php?rest_route=\/wp\/v2\/users\/1"}],"replies":[{"embeddable":true,"href":"https:\/\/forst-grunewald.de\/index.php?rest_route=%2Fwp%2Fv2%2Fcomments&post=7928"}],"version-history":[{"count":24,"href":"https:\/\/forst-grunewald.de\/index.php?rest_route=\/wp\/v2\/pages\/7928\/revisions"}],"predecessor-version":[{"id":43614,"href":"https:\/\/forst-grunewald.de\/index.php?rest_route=\/wp\/v2\/pages\/7928\/revisions\/43614"}],"wp:attachment":[{"href":"https:\/\/forst-grunewald.de\/index.php?rest_route=%2Fwp%2Fv2%2Fmedia&parent=7928"}],"curies":[{"name":"wp","href":"https:\/\/api.w.org\/{rel}","templated":true}]}}