{"id":787,"date":"2012-06-07T08:10:43","date_gmt":"2012-06-07T08:10:43","guid":{"rendered":"http:\/\/forst-grunewald.de\/wordpress\/?page_id=787"},"modified":"2024-05-06T07:31:10","modified_gmt":"2024-05-06T06:31:10","slug":"das-auge-gottes","status":"publish","type":"page","link":"https:\/\/forst-grunewald.de\/?page_id=787","title":{"rendered":"Waldteich &#8211; &#8222;Das Auge Gottes&#8220;"},"content":{"rendered":"<p style=\"text-align: justify;\"><a href=\"https:\/\/forst-grunewald.de\/wp-content\/uploads\/2007-07-15-CIMG3961-Waldteich-klein.jpg\" target=\"_blank\" rel=\"noopener noreferrer\"><img loading=\"lazy\" decoding=\"async\" class=\"alignright wp-image-9940\" src=\"https:\/\/forst-grunewald.de\/wp-content\/uploads\/2007-07-15-CIMG3961-Waldteich-klein-1600x1200.jpg\" width=\"700\" height=\"525\" srcset=\"https:\/\/forst-grunewald.de\/wp-content\/uploads\/2007-07-15-CIMG3961-Waldteich-klein.jpg 1600w, https:\/\/forst-grunewald.de\/wp-content\/uploads\/2007-07-15-CIMG3961-Waldteich-klein-200x150.jpg 200w, https:\/\/forst-grunewald.de\/wp-content\/uploads\/2007-07-15-CIMG3961-Waldteich-klein-400x300.jpg 400w, https:\/\/forst-grunewald.de\/wp-content\/uploads\/2007-07-15-CIMG3961-Waldteich-klein-768x576.jpg 768w\" sizes=\"auto, (max-width: 700px) 100vw, 700px\" \/><\/a>Im Sommer 2003 ist mir aufgefallen, dass sich oberhalb des Barschsees ein kleiner Teich befindet. Der Teich war damals und auch in den folgenden Jahren durch aufgeschichtetes Altholz und einer kleinen Baum-\/Strauchreihe vom Wanderweg getrennt und auch schlecht einsehbar. Zun\u00e4chst wusste ich nicht, ob er ganzj\u00e4hrig Wasser f\u00fchrt, aber wir sind in den folgenden Jahren dann immer mal wieder an ihm vorbeigelaufen und ich habe bemerkt, dass er dauerhaft Wasser enth\u00e4lt. Offenbar ist sein Untergrund wasserundurchl\u00e4ssig, so dass er nicht versickert bzw. ausl\u00e4uft. In hei\u00dfen Sommermonaten reduziert sich nat\u00fcrlich durch Verdunstung und Wasserentnahme durch die Pflanzen sein Wasserstand.<\/p>\n<p style=\"text-align: justify;\">W\u00fcrde sich theoretisch der kleine Teich komplett mit Wasser auff\u00fcllen, so w\u00fcrde er in den <a href=\"https:\/\/forst-grunewald.de\/?page_id=728\" target=\"_blank\" rel=\"noopener noreferrer\">Barschsee<\/a> \u00fcberlaufen. F\u00fcr mich selber habe ich ihn zun\u00e4chst &#8222;Saubuchtteich&#8220; getauft. Auf den mir vorliegenden (historischen) Landkarten ist er nicht eingetragen, jedenfalls nicht als Wasserfl\u00e4che, und in den (historischen) Wanderf\u00fchrern wird er nicht erw\u00e4hnt.<\/p>\n<p style=\"text-align: justify;\">Anl\u00e4sslich der Dreharbeiten der ARD\/rbb Sendung \u201c<a href=\"https:\/\/forst-grunewald.de\/?page_id=243\" target=\"_blank\" rel=\"noopener noreferrer\">Bilderbuch Grunewald<\/a>\u201d im Jahr 2009 erfuhr ich von Herrn Lippert, einem ehemaligen Forstamtsmitarbeiter, welcher im Forsthaus Alte Saubucht wohnt, dass ein ehemaliger F\u00f6rster diesen kleinen Teich als \u201c<strong>Das Auge Gottes<\/strong>\u201d bezeichnet hat. &#8211; Bezogen auf seine idyllische Lage oberhalb des ehemaligen <a href=\"https:\/\/forst-grunewald.de\/?page_id=728\" target=\"_blank\" rel=\"noopener noreferrer\">Barschsees<\/a> sicher ein zutreffender Name.<\/p>\n<p style=\"text-align: justify;\">Wie Herr Lippert ferner erkl\u00e4rte, soll der Barschsee nicht zunehmend verlandet sein, weil der Grundwasserspiegel abgesunken ist, sondern weil seine ehemals wasserundurchl\u00e4ssige Bodenschicht mittlerweile das Seewasser hat ablaufen lassen, vergleichbar mit dem St\u00f6psel herausziehen aus einer Badewanne. Vom Auge Gottes aus wurde vor vielen Jahren versucht, den Barschsee wieder mit&nbsp; Wasser aufzuf\u00fcllen, was aber misslang.<\/p>\n<p style=\"text-align: justify;\">Leser Herr Taufe hat am 05.06.2016 als Kommentar freundlicherweise erg\u00e4nzt, dass der kleine Teich im Gew\u00e4sserverzeichnis amtlich als &#8222;Waldteich&#8220; gef\u00fchrt wird. Ich konnte das Verzeichnis online bisher nicht aufrufen, bzw. habe keinen Zugang zum Intranet des Landes Berlin, aber auf einer amtlichen Karte zur Neufassung des Grunewaldes als Landschaftsschutzgebiet vom 09.02.2017, habe ich dann auch den Namen &#8222;Waldteich&#8220; gefunden; den Kartenauszug habe ich in die Galerie eingef\u00fcgt. Also, jetzt hei\u00dft der kleine Teich also ganz unpoetisch &#8222;Waldteich&#8220;.<\/p>\n<p style=\"text-align: justify;\">Leider wurde der Teich mittlerweile entdeckt. Viele Jahre lang war er sehr leicht zu \u00fcbersehen, weil er durch gef\u00e4llte Kleinb\u00e4ume und Str\u00e4ucher, welche als Art Zaun zwischen die B\u00e4ume gesteckt wurden, optisch und r\u00e4umlich vom Wanderweg abgetrennt war. Im Sommer, wenn ales gr\u00fcn war, blieb er dann praktisch unsichtbar. Aber die Forsten haben bei ihrer letzten gro\u00dfen Baumf\u00e4llaktion Ende 2016 auch hier &#8222;aufger\u00e4umt&#8220; und jetzt ist der Teich vom Weg aus sofort zu sehen. Dann hat sich leider 2015\/16 am Teichufer auch jemand durch die Anlage einer dauerhaften, teil\u00fcberdachten Sitzgelegenheit mit Feuerstelle dort mehr oder weniger &#8222;niedergelassen&#8220;. Anfang 2017 wurden diese Teile entfernt, schau&#8217;n wir mal, wie es sich dort weiterentwickelt. Positiv ist aber, dass der kleine Teich scheinbar durchg\u00e4ngig Wasser f\u00fchrt.<\/p>\n<p style=\"text-align: justify;\">Durch die Anlage des &#8222;<a href=\"https:\/\/forst-grunewald.de\/?p=8526\" target=\"_blank\" rel=\"noopener noreferrer\">Waldklimlapfades<\/a>&#8222;, welcher am Teich vorbei f\u00fchrt, wird der Waldteich k\u00fcnftig dann &#8222;gelenkt&#8220; und m\u00fchefrei erschlossen sein. Einfach dem &#8222;Klimapfad&#8220; entlanglaufen.<\/p>\n<p style=\"text-align: justify;\">\u00dcbrigens, Walter Leistikows &#8222;<a href=\"https:\/\/upload.wikimedia.org\/wikipedia\/commons\/c\/c9\/Walter_Leistikow_-_Waldsee_im_Winter_%281892%29.jpg?1488460807554\" target=\"_blank\" rel=\"noopener noreferrer\">Waldsee im Winter<\/a>&#8220; von 1894 erinnert mich an diesen kleinen Teich. Ansonsten erinnern mich Leistiwoks Waldseen\/Waldteiche (<a href=\"https:\/\/www.kunst-fuer-alle.de\/media_kunst\/img\/41\/m\/41_00144688.jpg\" target=\"_blank\" rel=\"noopener noreferrer\">hier<\/a>, <a href=\"http:\/\/images.curiator.com\/images\/t_l\/art\/003d053b0df5e23b850b67c3b0162fef\/walter-leistikow-maerkische-landschaft-brandenburg-landscape.jpg\" target=\"_blank\" rel=\"noopener noreferrer\">hier<\/a> und <a href=\"http:\/\/www.artnet.de\/WebServices\/images\/ll00002lldpy9GFgFkECfDrCWvaHBOck0aE\/walter-leistikow-schlachtensee-bei-berlin.jpg\" target=\"_blank\" rel=\"noopener noreferrer\">hier<\/a>) an den <a href=\"https:\/\/forst-grunewald.de\/?page_id=1047\" target=\"_blank\" rel=\"noopener noreferrer\">Pechsee<\/a>.<\/p>\n<p style=\"text-align: justify;\">Soweit der Sachstand von 2005 bis zu letzten Text\u00fcberarbeitung am 02. M\u00e4rz 2015. Heute, am 04. M\u00e4rz 2015 war ich am Teich, dort sieht es jetzt so aus:<\/p>\n<figure id=\"attachment_9954\" aria-describedby=\"caption-attachment-9954\" style=\"width: 700px\" class=\"wp-caption aligncenter\"><a href=\"https:\/\/forst-grunewald.de\/wp-content\/uploads\/2017-03-04-Waldteich-DSC01321a-klein.jpg\" target=\"_blank\" rel=\"noopener noreferrer\"><img loading=\"lazy\" decoding=\"async\" class=\"wp-image-9954\" src=\"https:\/\/forst-grunewald.de\/wp-content\/uploads\/2017-03-04-Waldteich-DSC01321a-klein-1600x900.jpg\" alt=\"\" width=\"700\" height=\"394\" srcset=\"https:\/\/forst-grunewald.de\/wp-content\/uploads\/2017-03-04-Waldteich-DSC01321a-klein.jpg 1600w, https:\/\/forst-grunewald.de\/wp-content\/uploads\/2017-03-04-Waldteich-DSC01321a-klein-200x113.jpg 200w, https:\/\/forst-grunewald.de\/wp-content\/uploads\/2017-03-04-Waldteich-DSC01321a-klein-450x253.jpg 450w, https:\/\/forst-grunewald.de\/wp-content\/uploads\/2017-03-04-Waldteich-DSC01321a-klein-768x432.jpg 768w\" sizes=\"auto, (max-width: 700px) 100vw, 700px\" \/><\/a><figcaption id=\"caption-attachment-9954\" class=\"wp-caption-text\"><a href=\"https:\/\/de.wikipedia.org\/wiki\/Kleinod\" target=\"_blank\" rel=\"noopener noreferrer\">Klein(t)od f\u00fcr den Klimaschutztourismus<\/a>.<\/figcaption><\/figure>\n<table>\n<tbody>\n<tr>\n<td style=\"text-align: left; vertical-align: top;\"><strong>2017<\/strong><\/td>\n<td style=\"text-align: left; vertical-align: top;\">\n<p style=\"text-align: justify;\">Hier noch einige Links zu den offiziellen Seiten der Senatsverwaltung f\u00fcr Umweltschutz, zu den Berliner Forsten, beim &#8222;Waldklimapfad&#8220; mit leicht ironischen Anmerkungen von mir, und zum Tourismuskonzept des Bezirks Steglitz-Zehlendorf, betroffen sind hiervon insbesondere der <a href=\"https:\/\/forst-grunewald.de\/?page_id=1047\" target=\"_blank\" rel=\"noopener noreferrer\">Pechsee<\/a> und der Waldteich &#8222;Das Auge Gottes&#8220;:<\/p>\n<ul>\n<li style=\"text-align: justify;\"><a href=\"http:\/\/www.stadtentwicklung.berlin.de\/forsten\/waldpflege\/waldbaurichtlinie\/index.shtml\" target=\"_blank\" rel=\"noopener noreferrer\">Berliner Waldbaurichtlinie<\/a> mit Unterseiten<\/li>\n<li style=\"text-align: justify;\"><a href=\"http:\/\/www.stadtentwicklung.berlin.de\/forsten\/waldpflege\/mischwaldprogramm\/\" target=\"_blank\" rel=\"noopener noreferrer\">Mischwaldprogramm<\/a><\/li>\n<li style=\"text-align: justify;\"><a href=\"http:\/\/www.stadtentwicklung.berlin.de\/forsten\/waldprodukte\/de\/brennholz.shtml\" target=\"_blank\" rel=\"noopener noreferrer\">Waldprodukte<br \/>\n&#8211; Brennholz<\/a><\/li>\n<li style=\"text-align: justify;\">Ausstellung und &#8222;<a href=\"http:\/\/www.stadtentwicklung.berlin.de\/forsten\/wald-berlin-klima\/\" target=\"_blank\" rel=\"noopener noreferrer\">Waldklimapfad<\/a>&#8222;, als neue Form des Grunewald-Tourismus zum Nachdenken:<br \/>\n&#8211; <a href=\"http:\/\/www.stadtentwicklung.berlin.de\/forsten\/wald-berlin-klima\/de\/termine\/index.shtml\" target=\"_blank\" rel=\"noopener noreferrer\">Er\u00f6ffung<\/a> der Ausstellung am 13.04.2017<br \/>\n&#8211; <a href=\"http:\/\/www.stadtentwicklung.berlin.de\/forsten\/wald-berlin-klima\/de\/foerderer.shtml\" target=\"_blank\" rel=\"noopener noreferrer\">Angegliedert<\/a> als Sonderstandort der <a href=\"https:\/\/iga-berlin-2017.de\/\" target=\"_blank\" rel=\"noopener noreferrer\">IGA Berlin 2017<\/a> \u2013 Internationale Gartenausstellung (&#8222;GruneWaldGarten&#8220;).<br \/>\n&#8211; Mit gro\u00dfem Parkplatz; auch f\u00fcr Reisebusse geeignet.<br \/>\n&#8211; Lassen Sie sich von der Bezeichnung &#8222;Pfad&#8220; nicht verwirren, es ist ein teils befestigter Rundweg mit kleinen Aussichtsplattformen in der h\u00fcgeligen Gel\u00e4ndefirmation des <a href=\"https:\/\/forst-grunewald.de\/?page_id=1749\" target=\"_blank\" rel=\"noopener noreferrer\">Karlsberges<\/a> und des NSG <a href=\"https:\/\/forst-grunewald.de\/?page_id=1960\" target=\"_blank\" rel=\"noopener noreferrer\">Saubucht<\/a>\/<a href=\"https:\/\/forst-grunewald.de\/?page_id=728\" target=\"_blank\" rel=\"noopener noreferrer\">Barschsee<\/a>\/<a href=\"https:\/\/forst-grunewald.de\/?page_id=1047\" target=\"_blank\" rel=\"noopener noreferrer\">Pechsee<\/a>\/<a href=\"https:\/\/forst-grunewald.de\/?page_id=787\" target=\"_blank\" rel=\"noopener noreferrer\">Waldteich<\/a>.<br \/>\n&#8211; Wunderbare Aussicht vom Grunewaldturm auf den Grunewald und nach Gatow\/Kladow und auf die Berliner Unterhavel.<br \/>\n&#8211; Wunderbare Aussicht auch von den <a href=\"https:\/\/forst-grunewald.de\/?page_id=291\" target=\"_blank\" rel=\"noopener noreferrer\">Dachsbergen<\/a> und vom <a href=\"https:\/\/forst-grunewald.de\/?page_id=5168\" target=\"_blank\" rel=\"noopener noreferrer\">Havelh\u00f6henweg<\/a> auf die Havel.<br \/>\n&#8211; Speisen und Getr\u00e4nke im <a href=\"http:\/\/www.restaurant-grunewaldturm.de\/\" target=\"_blank\" rel=\"noopener noreferrer\">Restaurant Grunewaldturm<\/a> und im <a href=\"https:\/\/s3-media4.fl.yelpcdn.com\/bphoto\/T3xHyBJJaNa2ZAq9pZu3lQ\/o.jpg\" target=\"_blank\" rel=\"noopener noreferrer\">Waldhaus<\/a> am Grunewaldturm (mit Minigolf) und im <a href=\"http:\/\/www.lindwerder.de\/\" target=\"_blank\" rel=\"noopener noreferrer\">Restaurant<\/a> auf der <a href=\"https:\/\/forst-grunewald.de\/?page_id=1862\" target=\"_blank\" rel=\"noopener noreferrer\">Insel Lindwerder<\/a> (kleine F\u00e4hre).<br \/>\n&#8211; Pack die Badehose ein: Das herrliche Havelufer l\u00e4dt an der Lieper Bucht und an der Badestelle Grunewaldturm zum Sonnenbaden ein.<\/li>\n<li style=\"text-align: justify;\"><a href=\"https:\/\/www.berlin.de\/ba-steglitz-zehlendorf\/politik-und-verwaltung\/service-und-organisationseinheiten\/wirtschaftsfoerderung\/projekte\/artikel.173089.php\" target=\"_blank\" rel=\"noopener noreferrer\">Tourismuskonzept<\/a> Steglitz-Zehlendorf, weil &#8222;<em>Naturerlebnisse und damit verbundener Tourismus international und bundesweit hohe Zuwachsraten verzeichnen<\/em>&#8222;, denn: &#8222;<em>Der Bezirk hat hier Tourismuspotenziale, die zu wenig bekannt, zu wenig beworben und zu wenig strukturell erschlossen sind. Zu nennen sind der Fahrradtourismus, Wassererlebnisse und Wanderungen..<\/em>.&#8220;.<br \/>\n&#8211; <a href=\"http:\/\/www.berlin.de\/ba-steglitz-zehlendorf\/politik-und-verwaltung\/service-und-organisationseinheiten\/wirtschaftsfoerderung\/akteure-der-region\/endversion-strategiekonzept-steglitz-zehlendorf-2016.pdf\" target=\"_blank\" rel=\"noopener noreferrer\">Strategiekonzept Tourismus <\/a>Steglitz-Zehlendorf 2016<br \/>\n&#8211; <a href=\"http:\/\/www.berlin.de\/ba-steglitz-zehlendorf\/politik-und-verwaltung\/service-und-organisationseinheiten\/wirtschaftsfoerderung\/aktuell\/aktuell-nov2015-09-konzept-radtourismus-steglitz-zehlendorf.pdf\" target=\"_blank\" rel=\"noopener noreferrer\">Radtourismuskonzept<\/a> Steglitz-Zehlendorf 2015<br \/>\n&#8211; <a href=\"http:\/\/www.berlin.de\/ba-steglitz-zehlendorf\/politik-und-verwaltung\/service-und-organisationseinheiten\/wirtschaftsfoerderung\/aktuell\/endversion-konzept-wassererlebnis-steglitz-zehlendorf-2016.pdf\" target=\"_blank\" rel=\"noopener noreferrer\">Wassererleben Konzept<\/a> Steglitz-Zehlendorf 2016<\/li>\n<\/ul>\n<\/td>\n<\/tr>\n<\/tbody>\n<\/table>\n<p style=\"text-align: justify;\"><span style=\"color: #000000;\">&nbsp;<\/span><\/p>\n<p style=\"text-align: justify;\"><span style=\"color: #ffffff;\">.<\/span><\/p>\n<p><span style=\"color: #ffffff;\">.<\/span><\/p>\nngg_shortcode_0_placeholder\n<p>&nbsp;<\/p>\n","protected":false},"excerpt":{"rendered":"<p>Im Sommer 2003 ist mir aufgefallen, dass sich oberhalb des Barschsees ein kleiner Teich befindet. Der Teich war damals und auch in den folgenden Jahren&hellip;<\/p>\n","protected":false},"author":1,"featured_media":0,"parent":689,"menu_order":0,"comment_status":"closed","ping_status":"closed","template":"template\/full-width.php","meta":{"ngg_post_thumbnail":0,"iawp_total_views":71,"footnotes":""},"class_list":["post-787","page","type-page","status-publish","hentry"],"_links":{"self":[{"href":"https:\/\/forst-grunewald.de\/index.php?rest_route=\/wp\/v2\/pages\/787","targetHints":{"allow":["GET"]}}],"collection":[{"href":"https:\/\/forst-grunewald.de\/index.php?rest_route=\/wp\/v2\/pages"}],"about":[{"href":"https:\/\/forst-grunewald.de\/index.php?rest_route=\/wp\/v2\/types\/page"}],"author":[{"embeddable":true,"href":"https:\/\/forst-grunewald.de\/index.php?rest_route=\/wp\/v2\/users\/1"}],"replies":[{"embeddable":true,"href":"https:\/\/forst-grunewald.de\/index.php?rest_route=%2Fwp%2Fv2%2Fcomments&post=787"}],"version-history":[{"count":39,"href":"https:\/\/forst-grunewald.de\/index.php?rest_route=\/wp\/v2\/pages\/787\/revisions"}],"predecessor-version":[{"id":41522,"href":"https:\/\/forst-grunewald.de\/index.php?rest_route=\/wp\/v2\/pages\/787\/revisions\/41522"}],"up":[{"embeddable":true,"href":"https:\/\/forst-grunewald.de\/index.php?rest_route=\/wp\/v2\/pages\/689"}],"wp:attachment":[{"href":"https:\/\/forst-grunewald.de\/index.php?rest_route=%2Fwp%2Fv2%2Fmedia&parent=787"}],"curies":[{"name":"wp","href":"https:\/\/api.w.org\/{rel}","templated":true}]}}