{"id":7775,"date":"2014-09-13T20:31:06","date_gmt":"2014-09-13T19:31:06","guid":{"rendered":"http:\/\/forst-grunewald.de\/?page_id=7775"},"modified":"2026-03-16T20:55:59","modified_gmt":"2026-03-16T19:55:59","slug":"waldkirche","status":"publish","type":"page","link":"https:\/\/forst-grunewald.de\/?page_id=7775","title":{"rendered":"Eichkamp: Waldkirche im Jagen 57"},"content":{"rendered":"<p style=\"text-align: justify;\"><span style=\"font-family: arial, helvetica, sans-serif; font-size: 12pt;\">Was es mit der &#8222;Waldkirche&#8220; im &#8222;Jagen 57&#8220; auf sich hat, ist mir nicht bekannt. Aber nach dem Kartenmaterial und dem Luftbild aus dem Jahr 1953 muss es sich wohl tats\u00e4chlich um ein kleines Geb\u00e4ude gehandelt haben.<\/span><\/p>\n<p style=\"text-align: justify;\"><span style=\"font-family: arial, helvetica, sans-serif; font-size: 12pt;\">Der ehemalige Standort der Kirche ist heute mit Wald bewachsen. Ich habe den Waldabschnitt durchlaufen, aber nichts gefunden, was auf diese ehemalige Kirche hinweist. Zwar liegen dort im Wald auch einige Mauer(stein)reste herum, aber das ist im Grunewald \u00fcberall der Fall. Interessant war als Fundst\u00fcck lediglich der Teil eines 250-iger Rohres der Firma <a href=\"http:\/\/www.sachsen-anhalt-wiki.de\/index.php\/Heinrich_Polko_%28Unternehmen%29\" target=\"_blank\" rel=\"noopener noreferrer\">Heinrich Polko<\/a> aus Bitterfeld (siehe die Artikel &#8222;<a href=\"http:\/\/www.mz-web.de\/bitterfeld\/historischer-fund-polko-rohre-in-der--moskauer-erde,20640916,19899770.html\" target=\"_blank\" rel=\"noopener noreferrer\">Polko-Rohre in der Moskauer Erd<\/a>e&#8220; und &#8222;<a href=\"http:\/\/www.mz-web.de\/bitterfeld\/ausstellung-in-bitterfeld-alles-aus-ton,20640916,27127416.html\" target=\"_blank\" rel=\"noopener noreferrer\">Alles aus Ton<\/a>&#8222;). Ob es sich hier um ein Kanalrohr der ehemaligen Kirche handelt, oder aber um ein Drainagerohr der Eisenbahn, oder aber einfach um entsorgten Bauschutt von einem anderen Ort, kann ich nicht beurteilen.<\/span><\/p>\n<p style=\"text-align: justify;\"><span style=\"font-family: arial, helvetica, sans-serif; font-size: 12pt;\">Das Gel\u00e4nde der ehemaligen &#8222;Waldkirche&#8220; befindet sich im Gemeindebezirk der <a href=\"http:\/\/frieden-charlottenburg.de\" target=\"_blank\" rel=\"noopener noreferrer\">Evangelischen Friedensgemeinde<\/a> in Berlin Charlottenburg. <a href=\"http:\/\/frieden-charlottenburg.de\/old\/gemeinde\/geschichte.html\" target=\"_blank\" rel=\"noopener noreferrer\">Dort<\/a> habe ich aber keine Hinweise auf diese &#8222;Waldkirche&#8220; gefunden, auch nicht in der Chronik zur Geschichte der Friedensgemeinde vom 01.07.2011. Zwar taucht in der Chronik auch der Name &#8222;Waldkirche&#8220; auf, jedoch bezieht sich dies nicht auf die hier benannte &#8222;Waldkirche&#8220; im Jagen 57.<\/span><\/p>\n<p style=\"text-align: justify;\"><span style=\"font-family: arial, helvetica, sans-serif; font-size: 12pt;\">Aus den mir vorliegenden Karten ist als grobe Orientierung zu entnehmen, dass sich die &#8222;Waldkirche&#8220; von ca.<strong> 1920 &#8211; 1953<\/strong> an dieser Stelle zugeordnet befunden hat.<\/span><\/p>\n<p style=\"text-align: justify;\"><span style=\"font-family: arial, helvetica, sans-serif; font-size: 12pt;\">Wer etwas \u00fcber die ehemalige Waldkirche wei\u00df, <a href=\"mailto:uwe.gerber@forst-grunewald.de\" target=\"_blank\" rel=\"noopener noreferrer\">bitte melden<\/a>&#8230;&#8230;<\/span><\/p>\n<p><span style=\"font-family: arial, helvetica, sans-serif; font-size: 12pt;\"><span style=\"text-decoration: underline;\"><strong>PS.<\/strong><\/span> Es gab hier mal als Kommentar eine Erkl\u00e4rung. Aber leider hatte ich diesen Kommentar bei Einf\u00fchrung der Datenschutzgrundverordnung 2018 im Rahmen einer Stapell\u00f6schung vernichtet und den Inhalt leider vergessen \ud83d\ude41<\/span><\/p>\n<p>___________<\/p>\n<p><span style=\"text-decoration: underline; font-family: arial, helvetica, sans-serif; font-size: 12pt;\"><strong>17.01.2020:<\/strong><\/span><\/p>\n<p><span style=\"font-family: arial, helvetica, sans-serif; font-size: 12pt;\">Der Berliner Hobbyheimatkundler Herr Joachim Hasert hat mir freundlicherweise folgendes geschrieben:<\/span><\/p>\n<blockquote><p><span style=\"font-family: arial, helvetica, sans-serif; font-size: 12pt;\">Die Waldkirche war von 4 k\u00f6niglichen F\u00f6rstereien umgeben, Eichkamp (vormals Charlottenburger Feld), Altes Forsthaus Saubucht, Hundekehle (Grunewald) und Paulsborn. Ich gehe davon aus, dass die Waldkirche etwa zur gleichen Zeit entstanden sein muss wie das Jagdschloss Grunewald. Auf dem Areal (hinter der Kirche) befand sich ein Friedhof.<\/span><\/p>\n<p><span style=\"font-family: arial, helvetica, sans-serif; font-size: 12pt;\">Hier fanden die k\u00f6niglichen F\u00f6rster ihre letzten Ruhest\u00e4tten. Die Waldkirche war aus hellem Kalksandstein und rotem Sandstein erbaut.<\/span><\/p>\n<p><span style=\"font-family: arial, helvetica, sans-serif; font-size: 12pt;\">Die Baumaterialien wurden wiederverwendet und verkauft. Mit dem roten Sandstein wurde etwa 1953\/54 das <a href=\"http:\/\/www.bergterrasse-marienhoehe.de\/\" target=\"_blank\" rel=\"noopener noreferrer\">Restaurant Bergterrasse<\/a> am <a href=\"https:\/\/www.google.com\/maps\/place\/Marienh%C3%B6her+Weg+30,+12105+Berlin\/@52.45209,13.3652013,17z\/data=!3m1!4b1!4m5!3m4!1s0x47a85aadb5b9a863:0x136dae675e9dadda!8m2!3d52.45209!4d13.36739\" target=\"_blank\" rel=\"noopener noreferrer\">Marienh\u00f6her Weg<\/a> an der Marienh\u00f6he (auch ein Tr\u00fcmmerberg) im Bezirk Tempelhof-Sch\u00f6neberg erweitert. Teilweise war der rote Sandstein sichtbar. Die hellen Sandstein-Quader fanden als Trockenmauer im Gartenrestaurant Verwendung. Der Vater der Wirtin hatte sie vom Land Berlin erworben. Ich wunderte mich \u00fcber Quader und fragte sie entsprechend. Auf dem Areal der Waldkirche fand ich kleine Bruchst\u00fccke dieser Gesteinsarten. Ich habe mir aber verkniffen nach Knochen zu graben. Ein Luftbild von Berlin aus dem Jahre 1928 [Gerber: <a href=\"https:\/\/forst-grunewald.de\/wp-content\/gallery\/waldkirche\/1928-tagesspiegel-jagen-57.jpg\" target=\"_blank\" rel=\"noopener noreferrer\">siehe auch Fundstelle Tagesspiegel<\/a>] zeigt mir, dass das Areal mit einer Mauer eingefasst war.<\/span><\/p>\n<p><span style=\"font-family: arial, helvetica, sans-serif; font-size: 12pt;\">Die <a href=\"https:\/\/forst-grunewald.de\/wp-content\/gallery\/waldkirche\/2014-09-09-074.jpg\" target=\"_blank\" rel=\"noopener noreferrer\">naheliegenden Wasserl\u00f6cher<\/a> dienten wahrscheinlich auch zur Bew\u00e4sserung der Gr\u00e4ber und der Pferde der Kutschen der Besucher.<\/span><\/p>\n<p><span style=\"font-family: arial, helvetica, sans-serif; font-size: 12pt;\">Bis 1907 war der Grunewald (alte Name Spandauer Forst) Jagdrevier des&nbsp; Adels.<\/span><\/p>\n<p><span style=\"font-family: arial, helvetica, sans-serif; font-size: 12pt;\">Da die F\u00f6rstereien durch den sog. &#8222;<a href=\"https:\/\/de.wikipedia.org\/wiki\/Dauerwaldvertrag\" target=\"_blank\" rel=\"noopener noreferrer\">Dauerwaldvertrag<\/a>&#8220; von 1915 den Besitzer wechselten, ging auch die Waldkirche in den Besitz des heutigen Landes Berlin \u00fcber, tauchte somit auf dem Stadtplan auf. Das von Ihnen entdeckte <a href=\"https:\/\/forst-grunewald.de\/wp-content\/gallery\/waldkirche\/2014-09-09-042-klein.jpg\" target=\"_blank\" rel=\"noopener noreferrer\">Polkorohr aus Bitterfeld<\/a> ist ein Teil der Kanalisationsleitung an den die Waldkirche zusammen mit dem Pflanzgarten der Tiergartenverwaltung angeschlossen wurde. Ich sch\u00e4tze, dass dies nach 1922 erfolgte.<\/span><\/p>\n<p><span style=\"font-family: arial, helvetica, sans-serif; font-size: 12pt;\">Im Jahre 1922 schlossen sich 65 Steinzeugrohrfabriken (auch die Firma B.Polko) zu der <a href=\"https:\/\/books.google.de\/books?id=FGmEBwAAQBAJ&amp;pg=PA18&amp;lpg=PA18&amp;dq=Verkaufsgesellschaft+Deutscher+Steinzeugrohrfabriken&amp;source=bl&amp;ots=Nw9oAcSM4n&amp;sig=ACfU3U3Npw3QZrkghIqWbxwJ9by-tOsBOA&amp;hl=de&amp;sa=X&amp;ved=2ahUKEwiOyJuzo53nAhXEZ1AKHcn9CBQQ6AEwCnoECAYQAQ#v=onepage&amp;q=Verkaufsgesellschaft%20Deutscher%20Steinzeugrohrfabriken&amp;f=false\" target=\"_blank\" rel=\"noopener noreferrer\">Verkaufsgesellschaft Deutscher Steinzeugrohrfabriken mbH<\/a> mit Sitz in Berlin-Charlottenburg wegen der schlechten Auftragslagen infolge des ersten Weltkrieges zusammen. Somit w\u00e4re die Herkunft des Rohres aus Bitterfeld gekl\u00e4rt sein.<\/span><\/p>\n<p><span style=\"font-family: arial, helvetica, sans-serif; font-size: 12pt;\">Da die Kirche eine Ausstattung hatte, muss diese ja irgendwo verblieben sein. Ich nehme an, dass diese Best\u00e4nde nach der Wiedervereinigung Berlins in das <a href=\"https:\/\/www.stadtmuseum.de\/maerkisches-museum\" target=\"_blank\" rel=\"noopener noreferrer\">M\u00e4rkische Museum<\/a> gelangt sind.<\/span><\/p><\/blockquote>\n<p><span style=\"font-family: arial, helvetica, sans-serif; font-size: 12pt;\">Und auf meine Nachfrage hin nach seinen Quellen am 24.01.2020 wie folgt erg\u00e4nzt:<\/span><\/p>\n<blockquote><p><span style=\"font-family: arial, helvetica, sans-serif; font-size: 12pt;\">In meiner Jugendzeit kannte ich ein Ehepaar namens Jacobi, deren Vorfahr ein F\u00f6rster gleichen Namens im ehemaligen K\u00f6niglichen Forsthaus Charlottenburger Feld nahe dem Halensee gelegen war. Von ihnen wei\u00df ich, dass er hinter der Baumschule begraben wurde und dort eine Kapelle war.<\/span><\/p>\n<p><span style=\"font-family: arial, helvetica, sans-serif; font-size: 12pt;\">Herr Jacobi war 1898 geboren, seine Gattin 1905. Beide sind um 1995 verstorben.<\/span><\/p>\n<p><span style=\"font-family: arial, helvetica, sans-serif; font-size: 12pt;\">In einem Buch, das sich &#8222;<a href=\"https:\/\/opacplus.bsb-muenchen.de\/title\/BV002563540\" target=\"_blank\" rel=\"noopener noreferrer\">Handbuch \u00fcber den K\u00f6niglich Preu\u00dfischen Hof und Staat<\/a>&#8220; nennt habe ich f\u00fcr das Jahr 1796 den Revier-Forstbedienten, wie es damals hie\u00df, gefunden.<\/span><\/p>\n<p><span style=\"font-family: arial, helvetica, sans-serif; font-size: 12pt;\">1796 war er noch in der Ausbildung und noch nicht zum F\u00f6rster ernannt.<\/span><\/p>\n<p><span style=\"font-family: arial, helvetica, sans-serif; font-size: 12pt;\">Er stand unter &#8222;Specialaufsicht&#8220; des <a href=\"https:\/\/de.wikipedia.org\/wiki\/Friedrich_August_Ludwig_von_Burgsdorff\" target=\"_blank\" rel=\"noopener noreferrer\">Oberforstmeisters Herrn von Burgsdorff<\/a> in Berlin.<\/span><\/p>\n<p><span style=\"font-family: arial, helvetica, sans-serif; font-size: 12pt;\">Die Existenz der Waldkirche wurde mir seiner Zeit von <a href=\"https:\/\/de.wikipedia.org\/wiki\/Kurt_Pomplun\" target=\"_blank\" rel=\"noopener noreferrer\">Kurt Pomplun<\/a> best\u00e4tigt.<\/span><\/p><\/blockquote>\n<p>&nbsp;<\/p>\n<p style=\"text-align: justify;\">&nbsp;<\/p>\nngg_shortcode_0_placeholder\n","protected":false},"excerpt":{"rendered":"<p>Was es mit der &#8222;Waldkirche&#8220; im &#8222;Jagen 57&#8220; auf sich hat, ist mir nicht bekannt. Aber nach dem Kartenmaterial und dem Luftbild aus dem Jahr&hellip;<\/p>\n","protected":false},"author":1,"featured_media":0,"parent":0,"menu_order":0,"comment_status":"closed","ping_status":"closed","template":"","meta":{"ngg_post_thumbnail":0,"iawp_total_views":37,"footnotes":""},"class_list":["post-7775","page","type-page","status-publish","hentry"],"_links":{"self":[{"href":"https:\/\/forst-grunewald.de\/index.php?rest_route=\/wp\/v2\/pages\/7775","targetHints":{"allow":["GET"]}}],"collection":[{"href":"https:\/\/forst-grunewald.de\/index.php?rest_route=\/wp\/v2\/pages"}],"about":[{"href":"https:\/\/forst-grunewald.de\/index.php?rest_route=\/wp\/v2\/types\/page"}],"author":[{"embeddable":true,"href":"https:\/\/forst-grunewald.de\/index.php?rest_route=\/wp\/v2\/users\/1"}],"replies":[{"embeddable":true,"href":"https:\/\/forst-grunewald.de\/index.php?rest_route=%2Fwp%2Fv2%2Fcomments&post=7775"}],"version-history":[{"count":42,"href":"https:\/\/forst-grunewald.de\/index.php?rest_route=\/wp\/v2\/pages\/7775\/revisions"}],"predecessor-version":[{"id":43949,"href":"https:\/\/forst-grunewald.de\/index.php?rest_route=\/wp\/v2\/pages\/7775\/revisions\/43949"}],"wp:attachment":[{"href":"https:\/\/forst-grunewald.de\/index.php?rest_route=%2Fwp%2Fv2%2Fmedia&parent=7775"}],"curies":[{"name":"wp","href":"https:\/\/api.w.org\/{rel}","templated":true}]}}