{"id":7408,"date":"2014-07-23T11:16:16","date_gmt":"2014-07-23T10:16:16","guid":{"rendered":"http:\/\/forst-grunewald.de\/?page_id=7408"},"modified":"2019-05-25T10:35:09","modified_gmt":"2019-05-25T09:35:09","slug":"fundstelle-herz-jesu-kirche-zehlendorf-1908-09","status":"publish","type":"page","link":"https:\/\/forst-grunewald.de\/?page_id=7408","title":{"rendered":"Fundstelle Herz-Jesu-Kirche Zehlendorf (1907-08)"},"content":{"rendered":"<p style=\"text-align: justify;\">Der Bauk\u00f6rper der <a href=\"http:\/\/www.herzjesuberlin.de\/\" target=\"_blank\" rel=\"noopener noreferrer\">Katholischen Herz-Jesu Kirche in Zehlendorf<\/a> wurde in den Jahren 1907 &#8211; 1908 errichtet. Auch hier handelt es sich um eine vom Architekten <a href=\"http:\/\/de.wikipedia.org\/wiki\/Christoph_Hehl\" target=\"_blank\" rel=\"noopener noreferrer\">Herrn Professor Christoph Hehl<\/a> geplante Kirche.<\/p>\n<p style=\"text-align: justify;\">Den Auftrag f\u00fcr die Maurerarbeiten bekam, laut <a href=\"http:\/\/www.kuenstlersozialgeschichte-trier.de\/professur-tacke\/prof-dr-dr-andreas-tacke\/\" target=\"_blank\" rel=\"noopener noreferrer\">Herrn Professor Dr. Dr. Andreas Tacke<\/a>, Kirchen f\u00fcr die Diaspora, 1993, Seite 195, &#8222;<em>der Bauunternehmer Wilhelm Bauer aus Zehlendorf. Die Steine, Handstrichsteine im Klosterformat, lieferte <strong>Mattheo &amp; S\u00f6hne in Rathenow<\/strong>..<\/em>.&#8220;<\/p>\n<p style=\"text-align: justify;\">Die Information stammt aus dem Protokollbuch, Seite 149 f. Ich vermute, dass das Protokollbuch handschriftlich gef\u00fchrt wurde, so dass es sich vielleicht um einen Schreib- oder Lesefehler handelt, so dass es sich in Wahrheit evtl. um die Ziegelei Matthes &amp; Sohn handeln k\u00f6nnte?<\/p>\n<p style=\"text-align: justify;\">Falls dem so ist, k\u00f6nnte es sich bei den gefundenen Stempelungen um Vorl\u00e4ufer der an den St. Marien-Kirchen in <a href=\"https:\/\/forst-grunewald.de\/?page_id=6711\" target=\"_blank\" rel=\"noopener noreferrer\">Spandau<\/a> (1909-1910) und <a href=\"https:\/\/forst-grunewald.de\/?page_id=7357\" target=\"_blank\" rel=\"noopener noreferrer\">Friedenau<\/a> (1913-1914) handeln. Aber solange nicht klar ist, ob &#8222;Mattheo &amp; S\u00f6hne&#8220; in Wahrheit &#8222;Matthes &amp; Sohn&#8220; bedeutet, kann dies nicht gekl\u00e4rt werden.<\/p>\n<p style=\"text-align: justify;\">Die Kirche habe ich am Sonntag, den 13. Juli 2014 besichtigt. Dabei hatte ich Gl\u00fcck, denn der Turm war einger\u00fcstet und ein Mitglied vom Kirchenvorstand hat mir freundlicherweise erlaubt das Ger\u00fcst zu besteigen, und so konnte ich insbesondere einen Teil des Kirchenturms sehr genau nach Stempelungen absuchen.<\/p>\n<p style=\"text-align: justify;\">Vorgefunden habe ich einen kunterbunten Stempelmix.<\/p>\n<p style=\"text-align: justify;\">Bei den Stempelungen an den beiden o. g. St. Marien-Kirchen besteht eine eindeutige Vergleichbarkeit mit der<a href=\"https:\/\/forst-grunewald.de\/?page_id=6232\" target=\"_blank\" rel=\"noopener noreferrer\"> Stempelung 51\/A1 am Jaczoturm<\/a>. Das ist bei der Herz-Jesu-Kirche nicht der Fall, allerdings habe ich wegen der in der Tabelle angegebenen zwei Hinweise den Verdacht, dass mehrere Geb\u00e4ude mit Ziegeln der Ziegelei Matthes &amp; Sohn erbaut wurden.<\/p>\n<table>\n<tbody>\n<tr>\n<td><strong>\u00a0KP \/ No 6<br \/>\n<\/strong><\/td>\n<td><\/td>\n<td>\u00a0<a href=\"https:\/\/forst-grunewald.de\/wp-content\/gallery\/katholische-kirche-herz-jesu-berlin-zehlendorf\/2014-07-13-herz-jesu-kirche-681-klein-a-kp-no6.jpg\">Beispielbild<\/a><\/td>\n<td>ACHTUNG: Vergleiche &#8222;<a href=\"https:\/\/forst-grunewald.de\/wp-content\/uploads\/2014-08-10-Rathaus-Schmargendorf-016-klein-a-KP-No-6.jpg\" target=\"_blank\" rel=\"noopener noreferrer\">KP \/ No 6<\/a>&#8220; am <a href=\"https:\/\/forst-grunewald.de\/?page_id=6949\" target=\"_blank\" rel=\"noopener noreferrer\">Rathaus Schmargendorf<\/a>, heute Standesamt<\/td>\n<\/tr>\n<tr>\n<td><strong>\u00a0168P12<\/strong><\/td>\n<td><strong>\u00a0Trgn<\/strong><\/td>\n<td>\u00a0<a href=\"https:\/\/forst-grunewald.de\/wp-content\/gallery\/katholische-kirche-herz-jesu-berlin-zehlendorf\/2014-07-13-herz-jesu-kirche-330-a-klein-trgn168p12.jpg\" target=\"_blank\" rel=\"noopener noreferrer\">Beispielbild<\/a><\/td>\n<td><\/td>\n<\/tr>\n<tr>\n<td><strong>\u00a0168P12<\/strong><\/td>\n<td><strong>\u00a0Trgn<\/strong><\/td>\n<td>\u00a0<a href=\"https:\/\/forst-grunewald.de\/wp-content\/gallery\/katholische-kirche-herz-jesu-berlin-zehlendorf\/2014-07-13-herz-jesu-kirche-485-a-klein-trgn-168p12.jpg\" target=\"_blank\" rel=\"noopener noreferrer\">Beispielbild<\/a><\/td>\n<td><\/td>\n<\/tr>\n<tr>\n<td><strong><strong>\u00a0244C<\/strong><\/strong><\/td>\n<td><\/td>\n<td>\u00a0<a href=\"https:\/\/forst-grunewald.de\/wp-content\/gallery\/katholische-kirche-herz-jesu-berlin-zehlendorf\/2014-07-13-herz-jesu-kirche-178-klein-a-244c.jpg\" target=\"_blank\" rel=\"noopener noreferrer\">Beispielbild<\/a><\/td>\n<td><\/td>\n<\/tr>\n<tr>\n<td><strong><strong>\u00a0244C<\/strong><\/strong><\/td>\n<td>\u00a0<strong>Rend<\/strong><\/td>\n<td>\u00a0<a href=\"https:\/\/forst-grunewald.de\/wp-content\/gallery\/katholische-kirche-herz-jesu-berlin-zehlendorf\/2014-07-13-herz-jesu-kirche-655-a-klein-244c-rend.jpg\" target=\"_blank\" rel=\"noopener noreferrer\">Beispielbild<\/a><\/td>\n<td><\/td>\n<\/tr>\n<tr>\n<td><strong>\u00a0244 \/ E<\/strong><\/td>\n<td><\/td>\n<td>\u00a0<a href=\"https:\/\/forst-grunewald.de\/wp-content\/gallery\/katholische-kirche-herz-jesu-berlin-zehlendorf\/2014-07-13-herz-jesu-kirche-619-klein-a-244e.jpg\" target=\"_blank\" rel=\"noopener noreferrer\">Beispielbild<\/a><\/td>\n<td><\/td>\n<\/tr>\n<tr>\n<td><strong>\u00a0<strong><strong>244 \/ H1 \/ HI<\/strong><\/strong><\/strong><\/td>\n<td>\u00a0<strong>Schma<\/strong><\/td>\n<td>\u00a0<a href=\"https:\/\/forst-grunewald.de\/wp-content\/gallery\/katholische-kirche-herz-jesu-berlin-zehlendorf\/2014-07-13-herz-jesu-kirche-292-a-klein.jpg\" target=\"_blank\" rel=\"noopener noreferrer\">Beispielbild<\/a><\/td>\n<td><\/td>\n<\/tr>\n<tr>\n<td><strong>\u00a0244 \/ H III<br \/>\n<\/strong><\/td>\n<td>\u00a0<strong>Winkl<\/strong><\/td>\n<td>\u00a0<a href=\"https:\/\/forst-grunewald.de\/wp-content\/gallery\/katholische-kirche-herz-jesu-berlin-zehlendorf\/2014-07-13-herz-jesu-kirche-448-a-klein-244-hiii.jpg\" target=\"_blank\" rel=\"noopener noreferrer\">Beispielbild<\/a><\/td>\n<td><\/td>\n<\/tr>\n<tr>\n<td><strong>\u00a0244 \/ N I<br \/>\n<\/strong><\/td>\n<td>\u00a0<strong>Phll<\/strong><\/td>\n<td>\u00a0<a href=\"https:\/\/forst-grunewald.de\/wp-content\/gallery\/katholische-kirche-herz-jesu-berlin-zehlendorf\/2014-07-13-herz-jesu-kirche-589-klein-a-244ni-phll.jpg\" target=\"_blank\" rel=\"noopener noreferrer\">Beispielbild<\/a><\/td>\n<td><\/td>\n<\/tr>\n<tr>\n<td><strong>\u00a0244 \/ No A1<br \/>\n<\/strong><\/td>\n<td>\u00a0<strong>Doil<\/strong><\/td>\n<td>\u00a0<a href=\"https:\/\/forst-grunewald.de\/wp-content\/gallery\/katholische-kirche-herz-jesu-berlin-zehlendorf\/2014-07-13-herz-jesu-kirche-521-a-klein-244a1.jpg\" target=\"_blank\" rel=\"noopener noreferrer\">Beispielbild<\/a><\/td>\n<td>\u00a0ACHTUNG: Vergleiche &#8222;<a href=\"https:\/\/forst-grunewald.de\/wp-content\/gallery\/katholische-kirche-st-marien-berlin-friedenau\/2014-08-03-st-marien-kirche-friedenau-034-klein-a-24-nox1.jpg\" target=\"_blank\" rel=\"noopener noreferrer\">244\/NoX1<\/a>&#8220; an der Katholischen <a href=\"https:\/\/forst-grunewald.de\/?page_id=7357\" target=\"_blank\" rel=\"noopener noreferrer\">St. Marien-Kirche in Friedenau<\/a><\/td>\n<\/tr>\n<tr>\n<td><strong>\u00a0244 \/ Y2<br \/>\n<\/strong><\/td>\n<td><\/td>\n<td>\u00a0<a href=\"https:\/\/forst-grunewald.de\/wp-content\/gallery\/katholische-kirche-herz-jesu-berlin-zehlendorf\/2014-07-13-herz-jesu-kirche-307-a-klein-244y2.jpg\" target=\"_blank\" rel=\"noopener noreferrer\">Beispielbild<\/a><\/td>\n<td><\/td>\n<\/tr>\n<tr>\n<td><strong>\u00a022 21<\/strong><\/td>\n<td><\/td>\n<td>\u00a0<a href=\"https:\/\/forst-grunewald.de\/wp-content\/gallery\/katholische-kirche-herz-jesu-berlin-zehlendorf\/2014-07-13-herz-jesu-kirche-396.jpg\" target=\"_blank\" rel=\"noopener noreferrer\">Beispielbild<\/a><\/td>\n<td><\/td>\n<\/tr>\n<tr>\n<td><strong>\u00a093 93<\/strong><\/td>\n<td><\/td>\n<td>\u00a0<a href=\"https:\/\/forst-grunewald.de\/wp-content\/gallery\/katholische-kirche-herz-jesu-berlin-zehlendorf\/2014-07-13-herz-jesu-kirche-089-klein-3939.jpg\" target=\"_blank\" rel=\"noopener noreferrer\">Beispielbild<\/a><\/td>\n<td><\/td>\n<\/tr>\n<tr>\n<td><strong>\u00a0<\/strong><\/td>\n<td><strong>\u00a0G<\/strong><\/td>\n<td>\u00a0<a href=\"https:\/\/forst-grunewald.de\/wp-content\/gallery\/katholische-kirche-herz-jesu-berlin-zehlendorf\/2014-07-13-herz-jesu-kirche-567-klein-a-ggg.jpg\" target=\"_blank\" rel=\"noopener noreferrer\">Beispielbild<\/a><\/td>\n<td><\/td>\n<\/tr>\n<tr>\n<td><\/td>\n<td><strong>\u00a0Mahl<\/strong><\/td>\n<td>\u00a0<a href=\"https:\/\/forst-grunewald.de\/wp-content\/gallery\/katholische-kirche-herz-jesu-berlin-zehlendorf\/2014-07-13-herz-jesu-kirche-670-klein-a-mahl.jpg\" target=\"_blank\" rel=\"noopener noreferrer\">Beispielbild<\/a><\/td>\n<td><\/td>\n<\/tr>\n<\/tbody>\n<\/table>\n<p><span style=\"color: #ffffff;\">.<\/span><\/p>\n<p><span style=\"color: #ffffff;\">.<\/span><\/p>\n<p>&nbsp;<\/p>\n<p>&nbsp;<\/p>\nngg_shortcode_0_placeholder\n<p>&nbsp;<\/p>\n<p>&nbsp;<\/p>\n","protected":false},"excerpt":{"rendered":"<p>Der Bauk\u00f6rper der Katholischen Herz-Jesu Kirche in Zehlendorf wurde in den Jahren 1907 &#8211; 1908 errichtet. Auch hier handelt es sich um eine vom Architekten&hellip;<\/p>\n","protected":false},"author":1,"featured_media":0,"parent":6232,"menu_order":0,"comment_status":"closed","ping_status":"closed","template":"template-fullwidth.php","meta":{"ngg_post_thumbnail":0,"iawp_total_views":16,"footnotes":""},"class_list":["post-7408","page","type-page","status-publish","hentry"],"_links":{"self":[{"href":"https:\/\/forst-grunewald.de\/index.php?rest_route=\/wp\/v2\/pages\/7408","targetHints":{"allow":["GET"]}}],"collection":[{"href":"https:\/\/forst-grunewald.de\/index.php?rest_route=\/wp\/v2\/pages"}],"about":[{"href":"https:\/\/forst-grunewald.de\/index.php?rest_route=\/wp\/v2\/types\/page"}],"author":[{"embeddable":true,"href":"https:\/\/forst-grunewald.de\/index.php?rest_route=\/wp\/v2\/users\/1"}],"replies":[{"embeddable":true,"href":"https:\/\/forst-grunewald.de\/index.php?rest_route=%2Fwp%2Fv2%2Fcomments&post=7408"}],"version-history":[{"count":52,"href":"https:\/\/forst-grunewald.de\/index.php?rest_route=\/wp\/v2\/pages\/7408\/revisions"}],"predecessor-version":[{"id":13296,"href":"https:\/\/forst-grunewald.de\/index.php?rest_route=\/wp\/v2\/pages\/7408\/revisions\/13296"}],"up":[{"embeddable":true,"href":"https:\/\/forst-grunewald.de\/index.php?rest_route=\/wp\/v2\/pages\/6232"}],"wp:attachment":[{"href":"https:\/\/forst-grunewald.de\/index.php?rest_route=%2Fwp%2Fv2%2Fmedia&parent=7408"}],"curies":[{"name":"wp","href":"https:\/\/api.w.org\/{rel}","templated":true}]}}