{"id":6985,"date":"2014-06-18T21:00:09","date_gmt":"2014-06-18T20:00:09","guid":{"rendered":"http:\/\/forst-grunewald.de\/?page_id=6985"},"modified":"2019-05-25T10:35:47","modified_gmt":"2019-05-25T09:35:47","slug":"turminnere","status":"publish","type":"page","link":"https:\/\/forst-grunewald.de\/?page_id=6985","title":{"rendered":"Turminnere"},"content":{"rendered":"<div>\n<p>Herr Harry Nehls hat <a href=\"http:\/\/www.luise-berlin.de\/bms\/bmstxt99\/9905proh.htm\" target=\"_blank\" rel=\"noopener noreferrer\">1999<\/a> \u00fcber das Innere des Turms folgendes geschrieben:<\/p>\n<\/div>\n<blockquote>\n<div><em>&#8222;Das rustikale Turmmauerwerk besteht aus \u00fcberwiegend unbehauenen (R\u00fcdersdorfer?) Kalksteinbl\u00f6cken, einigen Granitsteinen und r\u00f6tlichen, normalformatigen Industrieziegeln (28,5 x 13,5 x 8,5 Zentimeter), die durch Kalkm\u00f6rtel verbunden sind. Zwei der Ziegel tragen einen Stempel (51\/A 1), der vom Schriftduktus gut in die Zeit um 1914 pa\u00dft&#8230;.<\/em><\/div>\n<div><span style=\"color: #ffffff;\">.<\/span><\/div>\n<div><em>Auff\u00e4llig ist der unter Verwendung von \u00fcberwiegend roten Industrieziegeln sowie vereinzelten, behauenen Kalk- und schwarzen Granitsteinen recht sorgf\u00e4ltig gestaltete Portalbereich mit seinen beiden Anten und dem besagten Segmentbogen. Rechter Hand befinden sich die erw\u00e4hnten, mit Stempel versehenen Ziegel. G\u00e4nzlich verschwunden ist die T\u00fcr, \u00fcber deren Aussehen nichts N\u00e4heres bekannt ist. \u00dcbriggeblieben sind lediglich zwei eiserne, in das rechte Mauerwerk eingelassene T\u00fcrangeln, von denen die obere mit gelber Farbe bespr\u00fcht ist. Die heute versch\u00fcttete T\u00fcrschwelle, die vom Verfasser partiell freigelegt wurde, besteht ebenfalls aus roten Industrieziegeln, ebenso das unverputzte Gew\u00e4nde des Turminneren mit seiner eingezogenen Betondecke&#8230;.<\/em><\/div>\n<div><span style=\"color: #ffffff;\">.<\/span><\/div>\n<div><em>Das \u00c4u\u00dfere des Turmes ist mit Graffiti \u00fcbers\u00e4t, auch das Hauptrelief. Am schlimmsten betroffen ist das Turminnere, das von einigen Zeitgenossen als WC und M\u00fclldeponie \u00bbgenutzt\u00ab wird. Fu\u00dfballfans haben mit schwarzer Farbe auf das leicht gew\u00f6lbte Flachdach des Turmes \u00bbHERTHA\u00ab aufgespr\u00fcht.&#8220; <\/em><\/div>\n<\/blockquote>\n<div><\/div>\n<div>\n<figure id=\"attachment_7043\" aria-describedby=\"caption-attachment-7043\" style=\"width: 500px\" class=\"wp-caption alignright\"><a href=\"https:\/\/forst-grunewald.de\/wp-content\/uploads\/2014-06-18-DSC04603-klein.jpg\" target=\"_blank\" rel=\"noopener noreferrer\"><img loading=\"lazy\" decoding=\"async\" class=\"wp-image-7043\" src=\"https:\/\/forst-grunewald.de\/wp-content\/uploads\/2014-06-18-DSC04603-klein.jpg\" alt=\"2014-06-18 DSC04603 klein\" width=\"500\" height=\"375\" srcset=\"https:\/\/forst-grunewald.de\/wp-content\/uploads\/2014-06-18-DSC04603-klein.jpg 1600w, https:\/\/forst-grunewald.de\/wp-content\/uploads\/2014-06-18-DSC04603-klein-150x112.jpg 150w, https:\/\/forst-grunewald.de\/wp-content\/uploads\/2014-06-18-DSC04603-klein-300x225.jpg 300w, https:\/\/forst-grunewald.de\/wp-content\/uploads\/2014-06-18-DSC04603-klein-1024x768.jpg 1024w, https:\/\/forst-grunewald.de\/wp-content\/uploads\/2014-06-18-DSC04603-klein-400x300.jpg 400w\" sizes=\"auto, (max-width: 500px) 100vw, 500px\" \/><\/a><figcaption id=\"caption-attachment-7043\" class=\"wp-caption-text\">Ebenfalls rote, historisierende Kicrhenziegel mit einer H\u00f6he von ca. 8 cm?<\/figcaption><\/figure>\n<p style=\"text-align: justify;\">Ich war am 18. Juni 2014 wieder am Turm und wollte mit Timmy eigentlich nur unten am Wasser spazieren gehen. Der Zufall wollte es, dass sich eine der Latten am oberen Ende gel\u00f6st hatte (scheinbar nur verklebt), so habe ich die Gelegenheit genutzt und einen Arm in das Innere gehalten und mehrere Aufnahmen gemacht. Wie Herr Nehls es 1999 beschrieben hat, besteht das Turminnere aus Industrieziegeln. Ich hatte das bisher schlichtweg \u00fcberlesen und darum <a href=\"https:\/\/forst-grunewald.de\/?page_id=6949\" target=\"_blank\" rel=\"noopener noreferrer\">hier<\/a> deswegen etwas herumger\u00e4tselt.<\/p>\n<p style=\"text-align: justify;\">Leider sind die Aufnahmen nicht optimal, die Innenw\u00e4nde sind mit Graffiti und wei\u00dfen Farb- und\/oder Putzresten (doch ?) versehen. Einige Ziegel sind aber frei davon und sehen im Blitzlicht kr\u00e4ftig rot bis hellrot\u00a0 aus und erinnern mich in der Tat an die Ziegelsteine an der <a href=\"https:\/\/forst-grunewald.de\/?page_id=6711\" target=\"_blank\" rel=\"noopener noreferrer\">St. Marien-Kirche<\/a>, welche ich dort im hellen Sonnenlicht gesehen habe. Von den Ziegeln sind die Stirnseiten zu sehen und sie scheinen das gleiche historisierende Kirchenformat wie der &#8222;51\/A1&#8220; und die anderen Au\u00dfenziegel zu haben, bzw. auch wie die Ziegel an der <a href=\"https:\/\/forst-grunewald.de\/?page_id=6711\" target=\"_blank\" rel=\"noopener noreferrer\">St. Marien-Kirche<\/a>.<\/p>\n<p style=\"text-align: justify;\">Da ich den zweiten Ziegelstein mit dem Stempel &#8222;<a href=\"https:\/\/forst-grunewald.de\/?page_id=6232\" target=\"_blank\" rel=\"noopener noreferrer\">51\/A1<\/a>&#8220; nicht auf den Bildern entdecken konnte, frage ich mich, wo er sich den nun befindet oder abgeblieben ist?<\/p>\n<p style=\"text-align: justify;\">Au\u00dferdem ist mir heute erstmals aufgefallen, dass der Turm scheinbar eine kleine<a href=\"https:\/\/forst-grunewald.de\/?page_id=6998\" target=\"_blank\" rel=\"noopener noreferrer\"> Zwischendecke<\/a> hat.<\/p>\n<p style=\"text-align: justify;\">Einige Bilder vom Turminneren:<\/p>\n<\/div>\n<div><span style=\"color: #ffffff;\">.<\/span><\/div>\n<div><span style=\"color: #ffffff;\">.<\/span><\/div>\n<div>ngg_shortcode_0_placeholder<\/div>\n","protected":false},"excerpt":{"rendered":"<p>Herr Harry Nehls hat 1999 \u00fcber das Innere des Turms folgendes geschrieben: &#8222;Das rustikale Turmmauerwerk besteht aus \u00fcberwiegend unbehauenen (R\u00fcdersdorfer?) Kalksteinbl\u00f6cken, einigen Granitsteinen und r\u00f6tlichen,&hellip;<\/p>\n","protected":false},"author":1,"featured_media":0,"parent":5742,"menu_order":0,"comment_status":"closed","ping_status":"closed","template":"template-fullwidth.php","meta":{"ngg_post_thumbnail":0,"iawp_total_views":13,"footnotes":""},"class_list":["post-6985","page","type-page","status-publish","hentry"],"_links":{"self":[{"href":"https:\/\/forst-grunewald.de\/index.php?rest_route=\/wp\/v2\/pages\/6985","targetHints":{"allow":["GET"]}}],"collection":[{"href":"https:\/\/forst-grunewald.de\/index.php?rest_route=\/wp\/v2\/pages"}],"about":[{"href":"https:\/\/forst-grunewald.de\/index.php?rest_route=\/wp\/v2\/types\/page"}],"author":[{"embeddable":true,"href":"https:\/\/forst-grunewald.de\/index.php?rest_route=\/wp\/v2\/users\/1"}],"replies":[{"embeddable":true,"href":"https:\/\/forst-grunewald.de\/index.php?rest_route=%2Fwp%2Fv2%2Fcomments&post=6985"}],"version-history":[{"count":20,"href":"https:\/\/forst-grunewald.de\/index.php?rest_route=\/wp\/v2\/pages\/6985\/revisions"}],"predecessor-version":[{"id":13299,"href":"https:\/\/forst-grunewald.de\/index.php?rest_route=\/wp\/v2\/pages\/6985\/revisions\/13299"}],"up":[{"embeddable":true,"href":"https:\/\/forst-grunewald.de\/index.php?rest_route=\/wp\/v2\/pages\/5742"}],"wp:attachment":[{"href":"https:\/\/forst-grunewald.de\/index.php?rest_route=%2Fwp%2Fv2%2Fmedia&parent=6985"}],"curies":[{"name":"wp","href":"https:\/\/api.w.org\/{rel}","templated":true}]}}