{"id":6627,"date":"2014-06-01T08:07:38","date_gmt":"2014-06-01T07:07:38","guid":{"rendered":"http:\/\/forst-grunewald.de\/?page_id=6627"},"modified":"2024-05-06T08:45:26","modified_gmt":"2024-05-06T07:45:26","slug":"ausflugslokale-rund-um-den-wannsee","status":"publish","type":"page","link":"https:\/\/forst-grunewald.de\/?page_id=6627","title":{"rendered":"Ausflugslokale rund um den Wannsee"},"content":{"rendered":"<p>\u00c4nlich wie bei <a href=\"https:\/\/forst-grunewald.de\/?page_id=4537\" target=\"_blank\" rel=\"noopener noreferrer\">Pichelswerder<\/a>, siedelten sich auch am Wannsee etliche namhafte Ausflugslokale an. Die gro\u00dfen, alten Namen sind zwar verschwunden, aber nat\u00fcrlich kann man am Wannsee auch heute noch gut essen und sich dabei den Wannsee-Wind um die Nase wehen lassen:<\/p>\n<ul>\n<li><a href=\"http:\/\/web.haussanssouci.com\/\" target=\"_blank\" rel=\"noopener noreferrer\">Haus Sanssouci<\/a><\/li>\n<li><a href=\"http:\/\/www.loretta-berlin.de\/\" target=\"_blank\" rel=\"noopener noreferrer\">Loretta am Wannsee<\/a><\/li>\n<li><a href=\"http:\/\/restaurant-seehaase.de\" target=\"_blank\" rel=\"noopener noreferrer\">Restaurant Seehase<\/a> am Flensburger L\u00f6wen<\/li>\n<li><a href=\"https:\/\/forst-grunewald.de\/?page_id=5971\" target=\"_blank\" rel=\"noopener noreferrer\">Wannsee-Terrassen<\/a><\/li>\n<\/ul>\n<p><span style=\"color: #ffffff;\">.<\/span><\/p>\nngg_shortcode_0_placeholder\n<p>&nbsp;<\/p>\n","protected":false},"excerpt":{"rendered":"<p>\u00c4nlich wie bei Pichelswerder, siedelten sich auch am Wannsee etliche namhafte Ausflugslokale an. Die gro\u00dfen, alten Namen sind zwar verschwunden, aber nat\u00fcrlich kann man am&hellip;<\/p>\n","protected":false},"author":1,"featured_media":0,"parent":5590,"menu_order":0,"comment_status":"closed","ping_status":"closed","template":"template\/full-width.php","meta":{"ngg_post_thumbnail":0,"iawp_total_views":53,"footnotes":""},"class_list":["post-6627","page","type-page","status-publish","hentry"],"_links":{"self":[{"href":"https:\/\/forst-grunewald.de\/index.php?rest_route=\/wp\/v2\/pages\/6627","targetHints":{"allow":["GET"]}}],"collection":[{"href":"https:\/\/forst-grunewald.de\/index.php?rest_route=\/wp\/v2\/pages"}],"about":[{"href":"https:\/\/forst-grunewald.de\/index.php?rest_route=\/wp\/v2\/types\/page"}],"author":[{"embeddable":true,"href":"https:\/\/forst-grunewald.de\/index.php?rest_route=\/wp\/v2\/users\/1"}],"replies":[{"embeddable":true,"href":"https:\/\/forst-grunewald.de\/index.php?rest_route=%2Fwp%2Fv2%2Fcomments&post=6627"}],"version-history":[{"count":7,"href":"https:\/\/forst-grunewald.de\/index.php?rest_route=\/wp\/v2\/pages\/6627\/revisions"}],"predecessor-version":[{"id":13274,"href":"https:\/\/forst-grunewald.de\/index.php?rest_route=\/wp\/v2\/pages\/6627\/revisions\/13274"}],"up":[{"embeddable":true,"href":"https:\/\/forst-grunewald.de\/index.php?rest_route=\/wp\/v2\/pages\/5590"}],"wp:attachment":[{"href":"https:\/\/forst-grunewald.de\/index.php?rest_route=%2Fwp%2Fv2%2Fmedia&parent=6627"}],"curies":[{"name":"wp","href":"https:\/\/api.w.org\/{rel}","templated":true}]}}