{"id":6146,"date":"2014-05-04T14:17:15","date_gmt":"2014-05-04T13:17:15","guid":{"rendered":"http:\/\/forst-grunewald.de\/?page_id=6146"},"modified":"2025-11-18T07:13:40","modified_gmt":"2025-11-18T06:13:40","slug":"wettbewerbe","status":"publish","type":"page","link":"https:\/\/forst-grunewald.de\/?page_id=6146","title":{"rendered":"&#8222;Jaczoschlucht&#8220; in der historischen Bebauungsplanung"},"content":{"rendered":"<p style=\"text-align: justify;\"><span style=\"font-family: arial, helvetica, sans-serif; font-size: 12pt;\">Herr Harry Nehls hat 1999 <a href=\"https:\/\/forst-grunewald.de\/?page_id=5742\" target=\"_blank\" rel=\"noopener noreferrer\">kritisiert<\/a>, dass es sich bei dem Jaczoturm um &#8222;<em>ein vergessenes Baudenkmal aus dem Jahre 1914 in Gatow<\/em>&#8220; handelt. Mich hat daher die Frage interessiert, ob dies schon immer so war. Gab es also mal einen Zeitpunkt, wo das T\u00fcrmchen und die Schlucht nicht nur wenigen bekannt war, bzw., was ist mit den Fachleuten?<\/span><\/p>\n<figure id=\"attachment_6172\" aria-describedby=\"caption-attachment-6172\" style=\"width: 494px\" class=\"wp-caption alignright\"><a href=\"https:\/\/forst-grunewald.de\/wp-content\/uploads\/1909-3.-Preis-Naturdenkmal-2-klein.jpg\" target=\"_blank\" rel=\"noopener noreferrer\"><img loading=\"lazy\" decoding=\"async\" class=\"wp-image-6172\" src=\"https:\/\/forst-grunewald.de\/wp-content\/uploads\/1909-3.-Preis-Naturdenkmal-2-klein.jpg\" alt=\"1909 - 3. Preis - Naturdenkmal - 2 klein\" width=\"494\" height=\"345\" srcset=\"https:\/\/forst-grunewald.de\/wp-content\/uploads\/1909-3.-Preis-Naturdenkmal-2-klein.jpg 1600w, https:\/\/forst-grunewald.de\/wp-content\/uploads\/1909-3.-Preis-Naturdenkmal-2-klein-150x104.jpg 150w, https:\/\/forst-grunewald.de\/wp-content\/uploads\/1909-3.-Preis-Naturdenkmal-2-klein-300x209.jpg 300w, https:\/\/forst-grunewald.de\/wp-content\/uploads\/1909-3.-Preis-Naturdenkmal-2-klein-1024x714.jpg 1024w, https:\/\/forst-grunewald.de\/wp-content\/uploads\/1909-3.-Preis-Naturdenkmal-2-klein-400x279.jpg 400w\" sizes=\"auto, (max-width: 494px) 100vw, 494px\" \/><\/a><figcaption id=\"caption-attachment-6172\" class=\"wp-caption-text\"><span style=\"font-family: arial, helvetica, sans-serif; font-size: 10pt;\">Wettbewerbsentwurf 1910: Die &#8222;Jazcoschlucht&#8220; w\u00e4re zugesch\u00fcttet worden.<\/span><\/figcaption><\/figure>\n<p style=\"text-align: justify;\"><span style=\"font-family: arial, helvetica, sans-serif; font-size: 12pt;\">In der Monatszeitschrift &#8222;DER ST\u00c4DTEBAU&#8220;, Ausgabe Mai 1914, besch\u00e4ftigt sich der Autor <a href=\"http:\/\/de.wikipedia.org\/wiki\/Theodor_Goecke\" target=\"_blank\" rel=\"noopener noreferrer\">Theodor Goecke<\/a> mit den Bebauuungspl\u00e4nen f\u00fcr das Havelgel\u00e4nde, und zwar f\u00fcr das westliche Havelufergebiet von den Weinbergen bei Weinmeisterhorn bis zu dem Sakrower Forst. Der Zeitschrift sind auch drei Wettbewerbsentw\u00fcrfe aus dem internationaler \u201eWettbewerb um einen Grundplan f\u00fcr die Bebauung von Gro\u00df-Berlin\u201c \/ \u201eWettbewerb Gro\u00df-Berlin\u201c von 1908 bis Dezember 1909 beigelegt,<\/span><\/p>\n<ol style=\"text-align: justify;\">\n<li><span style=\"font-family: arial, helvetica, sans-serif; font-size: 12pt;\">Preis &#8211; Wettbewerbsentwurf &#8222;Theodor Fontane&#8220; von Professor <a href=\"http:\/\/www.merkelstiftung.de\/Familie\/Familiendaten\/getperson.php?personID=I12467&amp;tree=PWMerkel\" target=\"_blank\" rel=\"noopener noreferrer\">Rudolf Schaar<\/a> und Architekt <a href=\"http:\/\/de.wikipedia.org\/wiki\/Bruno_Taut\" target=\"_blank\" rel=\"noopener noreferrer\">Bruno Taut<\/a><\/span><\/li>\n<li><span style=\"font-family: arial, helvetica, sans-serif; font-size: 12pt;\">Preis &#8211; Wettbewerbsentwurf &#8222;Dornr\u00f6schen&#8220; von Architekt Henry Gro\u00df und Regierungsbaumeister Rudolf Briske<\/span><\/li>\n<li><span style=\"font-family: arial, helvetica, sans-serif; font-size: 12pt;\">Preis &#8211; Wettbewerbsentwurf &#8222;Naturdenkmal&#8220; von Architekt Peter Recht und Gartenarchitekt Hermann Foeth gemeinsam mit Architekt Paul Bachmann und Ingenieur O. Kayser<\/span><br \/>\n<span style=\"font-family: arial, helvetica, sans-serif; font-size: 12pt;\">&#8211; <span style=\"color: #ff0000;\">In diesem Entwurf w\u00e4re die Schlucht sogar zugesch\u00fcttet worden!<\/span> &#8211;<\/span><\/li>\n<\/ol>\n<p style=\"text-align: justify;\"><span style=\"font-family: arial, helvetica, sans-serif; font-size: 12pt;\">deren Kartenausz\u00fcge ich hier beigef\u00fcgt habe. Leider enthalten die Karten dieser drei erstplatziereten Entw\u00fcrfe keinen Hinweis auf die Schlucht oder das T\u00fcrmchen. Daraus schlie\u00dfe ich, dass die Schlucht bzw. das T\u00fcrmchen und der Wasserfall und ggf. weitere g\u00e4rtnerische Anlagen selbst unter den Fachleuten entweder unbekannt war oder als unbedeutend eingestuft wurde.<\/span><\/p>\n<p style=\"text-align: justify;\"><span style=\"font-family: arial, helvetica, sans-serif; font-size: 12pt;\">Oder aber: <strong>1909 gab es das T\u00fcrmchen noch gar nicht!?<\/strong><\/span><\/p>\n<p style=\"text-align: justify;\"><span style=\"font-family: arial, helvetica, sans-serif; font-size: 12pt;\">Ebenso verh\u00e4lt es sich au\u00dferdem auch bei einem Bebauungsplanentwurf, welcher im Architekturmuseum der TU Berlin hinterlegt ist:<\/span><\/p>\n<ul>\n<li style=\"text-align: justify;\"><span style=\"font-family: arial, helvetica, sans-serif; font-size: 12pt;\">1939 &#8211; <a href=\"http:\/\/de.wikipedia.org\/wiki\/Hermann_Jansen_(Architekt)\" target=\"_blank\" rel=\"noopener noreferrer\">Hermann Jansen<\/a> &#8211; <a href=\"http:\/\/architekturmuseum.ub.tu-berlin.de\/index.php?set=1&amp;p=79&amp;Daten=152996\" target=\"_blank\" rel=\"noopener noreferrer\">hier<\/a> und <a href=\"http:\/\/architekturmuseum.ub.tu-berlin.de\/index.php?set=1&amp;p=79&amp;Daten=153004\" target=\"_blank\" rel=\"noopener noreferrer\">hier<\/a> und <a href=\"http:\/\/architekturmuseum.ub.tu-berlin.de\/index.php?set=1&amp;p=79&amp;Daten=153006\" target=\"_blank\" rel=\"noopener noreferrer\">hier<\/a> bzw. hier als <a href=\"https:\/\/forst-grunewald.de\/wp-content\/uploads\/1939-Hermann-Jansen-Bebauungsplanentwurf-Gatow.jpg\" target=\"_blank\" rel=\"noopener noreferrer\">Zoom-Bildzitat mit Anmerkung<\/a>.<\/span><\/li>\n<\/ul>\n<p><span style=\"color: #ffffff; font-family: arial, helvetica, sans-serif; font-size: 12pt;\">.<\/span><\/p>\n<p><span style=\"color: #ffffff; font-family: arial, helvetica, sans-serif; font-size: 12pt;\">.<\/span><\/p>\n<p><span style=\"font-family: arial, helvetica, sans-serif; font-size: 12pt;\">ngg_shortcode_0_placeholder<\/span><\/p>\n<p>&nbsp;<\/p>\n<p>&nbsp;<\/p>\n<p>&nbsp;<\/p>\n<p>&nbsp;<\/p>\n<p>&nbsp;<\/p>\n","protected":false},"excerpt":{"rendered":"<p>Herr Harry Nehls hat 1999 kritisiert, dass es sich bei dem Jaczoturm um &#8222;ein vergessenes Baudenkmal aus dem Jahre 1914 in Gatow&#8220; handelt. Mich hat&hellip;<\/p>\n","protected":false},"author":1,"featured_media":0,"parent":5742,"menu_order":0,"comment_status":"closed","ping_status":"closed","template":"","meta":{"ngg_post_thumbnail":0,"iawp_total_views":32,"footnotes":""},"class_list":["post-6146","page","type-page","status-publish","hentry"],"_links":{"self":[{"href":"https:\/\/forst-grunewald.de\/index.php?rest_route=\/wp\/v2\/pages\/6146","targetHints":{"allow":["GET"]}}],"collection":[{"href":"https:\/\/forst-grunewald.de\/index.php?rest_route=\/wp\/v2\/pages"}],"about":[{"href":"https:\/\/forst-grunewald.de\/index.php?rest_route=\/wp\/v2\/types\/page"}],"author":[{"embeddable":true,"href":"https:\/\/forst-grunewald.de\/index.php?rest_route=\/wp\/v2\/users\/1"}],"replies":[{"embeddable":true,"href":"https:\/\/forst-grunewald.de\/index.php?rest_route=%2Fwp%2Fv2%2Fcomments&post=6146"}],"version-history":[{"count":40,"href":"https:\/\/forst-grunewald.de\/index.php?rest_route=\/wp\/v2\/pages\/6146\/revisions"}],"predecessor-version":[{"id":43751,"href":"https:\/\/forst-grunewald.de\/index.php?rest_route=\/wp\/v2\/pages\/6146\/revisions\/43751"}],"up":[{"embeddable":true,"href":"https:\/\/forst-grunewald.de\/index.php?rest_route=\/wp\/v2\/pages\/5742"}],"wp:attachment":[{"href":"https:\/\/forst-grunewald.de\/index.php?rest_route=%2Fwp%2Fv2%2Fmedia&parent=6146"}],"curies":[{"name":"wp","href":"https:\/\/api.w.org\/{rel}","templated":true}]}}