{"id":6135,"date":"2014-05-02T17:47:18","date_gmt":"2014-05-02T16:47:18","guid":{"rendered":"http:\/\/forst-grunewald.de\/?page_id=6135"},"modified":"2024-05-06T08:36:07","modified_gmt":"2024-05-06T07:36:07","slug":"ueberhorizont-richtfunkanlage","status":"publish","type":"page","link":"https:\/\/forst-grunewald.de\/?page_id=6135","title":{"rendered":"Richtfunkstelle Berlin 2"},"content":{"rendered":"<p style=\"text-align: justify;\"><a href=\"https:\/\/forst-grunewald.de\/wp-content\/uploads\/1968-ca-Wannsee-Richtunkstelle-Berlin-2-klein-a.jpg\" target=\"_blank\" rel=\"noopener noreferrer\"><img loading=\"lazy\" decoding=\"async\" class=\"alignright wp-image-7817 size-medium\" src=\"https:\/\/forst-grunewald.de\/wp-content\/uploads\/1968-ca-Wannsee-Richtunkstelle-Berlin-2-klein-a-300x168.jpg\" alt=\"1968 ca Wannsee Richtunkstelle Berlin 2 klein a\" width=\"300\" height=\"168\" srcset=\"https:\/\/forst-grunewald.de\/wp-content\/uploads\/1968-ca-Wannsee-Richtunkstelle-Berlin-2-klein-a-300x168.jpg 300w, https:\/\/forst-grunewald.de\/wp-content\/uploads\/1968-ca-Wannsee-Richtunkstelle-Berlin-2-klein-a-150x84.jpg 150w, https:\/\/forst-grunewald.de\/wp-content\/uploads\/1968-ca-Wannsee-Richtunkstelle-Berlin-2-klein-a-1024x576.jpg 1024w, https:\/\/forst-grunewald.de\/wp-content\/uploads\/1968-ca-Wannsee-Richtunkstelle-Berlin-2-klein-a-400x225.jpg 400w, https:\/\/forst-grunewald.de\/wp-content\/uploads\/1968-ca-Wannsee-Richtunkstelle-Berlin-2-klein-a.jpg 1600w\" sizes=\"auto, (max-width: 300px) 100vw, 300px\" \/><\/a>In der N\u00e4he des Strandbad Wannsees befand sich von 1950 bis 1974 die <strong>Richtfunkstelle Berlin 2<\/strong>, eine&nbsp; <a class=\"mw-redirect\" title=\"\u00dcberhorizont-Richtfunk\" href=\"http:\/\/de.wikipedia.org\/wiki\/%C3%9Cberhorizont-Richtfunk\">\u00dcberhorizont-Richtfunkanlage<\/a> f\u00fcr den Funkverkehr zwischen West-Berlin Westdeutschland. Die Gegenstation war die Funk\u00fcbertragungsstelle <a href=\"http:\/\/de.wikipedia.org\/wiki\/Gartow\" target=\"_blank\" rel=\"noopener noreferrer\">Gartow<\/a> (<a href=\"http:\/\/de.wikipedia.org\/wiki\/Sender_H%C3%B6hbeck\" target=\"_blank\" rel=\"noopener noreferrer\">Sender H\u00f6hbeck<\/a>). Mit Inbetriebnahme der <a href=\"http:\/\/de.wikipedia.org\/wiki\/Richtfunkanlage_Berlin-Frohnau\" target=\"_blank\" rel=\"noopener noreferrer\">Richtfunkanlage in Berlin-Frohnau<\/a> wurde die Anlage am Strandbad stillgelegt.<\/p>\n<p style=\"text-align: justify;\">Jedoch sind noch heute Reste der Anlage im Wald zu sehen und zwar in Form von zahlreichen in den Boden eingelassenen Betonfundamten, die als Ankerhalterung f\u00fcr die Masten dienten. Au\u00dferdem gibt es eine Bodenmulde, in welcher sich lustigerweise eine Sitzbank befindet. Die Mulde ist von Birken ums\u00e4unt und es ist, wie ich finde, eine sch\u00f6ne Stelle. Interessant sind drei in Reihe liegende gr\u00f6\u00dfere Findlinge.<\/p>\n<p style=\"text-align: justify;\">Daneben ist ein kleines Gel\u00e4nde eingez\u00e4unt, welches jedoch frei zug\u00e4nglich ist. In diesem befindet sich heute ein Mobilfunkmast von e-plus sowie die Bienenk\u00e4sten eines Imkers.<\/p>\n<p style=\"text-align: justify;\"><span style=\"color: #ffffff;\">.<\/span><\/p>\n<p style=\"text-align: justify;\">ngg_shortcode_0_placeholder<\/p>\n<p style=\"text-align: justify;\">&nbsp;<\/p>\n","protected":false},"excerpt":{"rendered":"<p>In der N\u00e4he des Strandbad Wannsees befand sich von 1950 bis 1974 die Richtfunkstelle Berlin 2, eine&nbsp; \u00dcberhorizont-Richtfunkanlage f\u00fcr den Funkverkehr zwischen West-Berlin Westdeutschland. Die&hellip;<\/p>\n","protected":false},"author":1,"featured_media":0,"parent":5590,"menu_order":0,"comment_status":"closed","ping_status":"closed","template":"template\/full-width.php","meta":{"ngg_post_thumbnail":0,"iawp_total_views":50,"footnotes":""},"class_list":["post-6135","page","type-page","status-publish","hentry"],"_links":{"self":[{"href":"https:\/\/forst-grunewald.de\/index.php?rest_route=\/wp\/v2\/pages\/6135","targetHints":{"allow":["GET"]}}],"collection":[{"href":"https:\/\/forst-grunewald.de\/index.php?rest_route=\/wp\/v2\/pages"}],"about":[{"href":"https:\/\/forst-grunewald.de\/index.php?rest_route=\/wp\/v2\/types\/page"}],"author":[{"embeddable":true,"href":"https:\/\/forst-grunewald.de\/index.php?rest_route=\/wp\/v2\/users\/1"}],"replies":[{"embeddable":true,"href":"https:\/\/forst-grunewald.de\/index.php?rest_route=%2Fwp%2Fv2%2Fcomments&post=6135"}],"version-history":[{"count":14,"href":"https:\/\/forst-grunewald.de\/index.php?rest_route=\/wp\/v2\/pages\/6135\/revisions"}],"predecessor-version":[{"id":41595,"href":"https:\/\/forst-grunewald.de\/index.php?rest_route=\/wp\/v2\/pages\/6135\/revisions\/41595"}],"up":[{"embeddable":true,"href":"https:\/\/forst-grunewald.de\/index.php?rest_route=\/wp\/v2\/pages\/5590"}],"wp:attachment":[{"href":"https:\/\/forst-grunewald.de\/index.php?rest_route=%2Fwp%2Fv2%2Fmedia&parent=6135"}],"curies":[{"name":"wp","href":"https:\/\/api.w.org\/{rel}","templated":true}]}}