{"id":6047,"date":"2014-04-22T07:33:51","date_gmt":"2014-04-22T06:33:51","guid":{"rendered":"http:\/\/forst-grunewald.de\/?page_id=6047"},"modified":"2024-05-06T08:36:20","modified_gmt":"2024-05-06T07:36:20","slug":"kleistgrab","status":"publish","type":"page","link":"https:\/\/forst-grunewald.de\/?page_id=6047","title":{"rendered":"Kleistgrab"},"content":{"rendered":"<p>Ein versteckter Ort, von dem 1902 <a href=\"https:\/\/forst-grunewald.de\/?page_id=676\" target=\"_blank\" rel=\"noopener noreferrer\">Berdrow<\/a> auf den Seiten 67-70 schrieb:<\/p>\n<div>\n<p style=\"padding-left: 30px;\">&#8222;<em>Ein am Bahndamm geradeaus laufender staubiger Sandweg soll uns zu einer St\u00e4tte geleiten, die sein deutsches Herz ohne Wehmut und R\u00fchrung betrachten kann: zum Grabe Heinrich von Kleists. <\/em><\/p>\n<p style=\"padding-left: 30px;\"><em>Nachdem wir wenige hundert Meter des Weges zur\u00fcckgelegt, biegen wir rechts ab zum Ufer des Kleinen Wannsees oder Stolper Lochs. Hier liegt auf einer Uferh\u00f6he in stiller Waldeinsamkeit die letzte Ruhest\u00e4tte des gro\u00dfen m\u00e4rkischen Dichters, dem eine bl\u00f6de Mitwelt die gerechte Anerkennung, nach der er lechzte, versagte, den die verst\u00e4ndnisvollere Nachwelt aber Verdienst zu unseren Gr\u00f6\u00dften, zu Lessing, Goethe und Schiller, gestellt hat. Sein Schicksal m\u00fcndet in schlichten Worten der unter den Geburts- und Todesdaten stehenden Vers: <\/em><\/p>\n<p style=\"text-align: center; padding-left: 30px;\"><em>Er lebte, sang und litt <\/em><br \/>\n<em>In tr\u00fcber, schwerer Zeit; <\/em><br \/>\n<em>Er suchte hier den Tod <\/em><br \/>\n<em>Und fand Unsterblichkeit.<\/em><\/p>\n<p style=\"padding-left: 30px;\"><em>Rost zwar frist an dem Gitter und Flechten zerm\u00fcrben den Stein; aber der darunter ausruht, l\u00e4\u00dft noch heute beim Lesen und Schauen seiner Meisterwerke, des s\u00fc\u00dfen &#8222;<a href=\"http:\/\/de.wikipedia.org\/wiki\/Das_K%C3%A4thchen_von_Heilbronn\" target=\"_blank\" rel=\"noopener noreferrer\">K\u00e4thchen von Heilbronn<\/a>&#8222;, den &#8222;<a href=\"http:\/\/de.wikipedia.org\/wiki\/Prinz_Friedrich_von_Homburg_oder_die_Schlacht_bei_Fehrbellin\" target=\"_blank\" rel=\"noopener noreferrer\">Prinzen von Homburg<\/a>&#8222;, der &#8222;<a href=\"http:\/\/de.wikipedia.org\/wiki\/Die_Hermannsschlacht_(Kleist)\" target=\"_blank\" rel=\"noopener noreferrer\">Hermannsschlacht<\/a>&#8222;, des &#8222;<a href=\"http:\/\/de.wikipedia.org\/wiki\/Der_zerbrochne_Krug\" target=\"_blank\" rel=\"noopener noreferrer\">Zerbrochenen Krugs<\/a>&#8222;, und des klassischen &#8222;<a href=\"http:\/\/de.wikipedia.org\/wiki\/Michael_Kohlhaas\" target=\"_blank\" rel=\"noopener noreferrer\">Michael Kohlhaas<\/a>&#8220; tausend Herzen rascher Schlagen, tausend Augen in Perlentropfen der Wehmut und des Entz\u00fcckens schimmern. <\/em><\/p>\n<p style=\"padding-left: 30px;\"><em>Am 20. November 1811 fuhr Kleist mit Frau Henriette Vogel nach dem Wannsee gelegenen Wirtshaus &#8222;Zum Stimming&#8220;, um diese Freundin auf ihren Wunsch zu erschie\u00dfen und sich dann selbst zu t\u00f6ten. Er hatte ihr einst das Ehrenwort gegeben, ihr jeden, selbst den schwersten Freundschaftsdienst zu leisten. Sie bat ihn jetzt, sie, die unheilbar Erkrankte und Lebens\u00fcberdr\u00fcssige, zu t\u00f6ten, setzte aber hinzu: er werde ihrem Wunsch wohl nicht erf\u00fcllen, da es keine M\u00e4nner mehr g\u00e4be. Kleist erwiderte: &#8222;Ich werde es thun, ich bin ein Mann, der sein Wort h\u00e4lt.&#8220; <\/em><\/p>\n<p style=\"padding-left: 30px;\"><em>Am Morgen seines Todes schrieb er in einem Briefe an seine treue Schwester Ulrike: &#8222;m\u00f6ge Dir der Himmel einen Tod schenken, nur halb an Freude und unaussprechlicher Heiterkeit dem meinen gleich: das ist der herzlichste und innigste Wunsch, den ich f\u00fcr Dich aufzubringen wei\u00df.&#8220; <\/em><\/p>\n<p style=\"padding-left: 30px;\"><em>Am Nachmittage des 21. November t\u00f6tete er sich, nachdem er die Freundin durchs Herz geschossen, durch einen Schu\u00df in den Mund. Am Orte, wo er gefunden wurde, hat man ihn auch begraben. <\/em><\/p>\n<p style=\"padding-left: 30px;\"><em>Hunderte haben nach ihm im Grunewald den Tod gesucht; und doch: welch ein Unterschied zwischen ihm und diesen!<\/em><\/p>\n<p style=\"padding-left: 30px;\"><em>Kleist ging nach vollendetem Tagwerk davon. Er hatte der Nation das H\u00f6chste gegeben, was ein Mann ihr weihen kann: in seinen Dichtungen sein Herzblut, und sie? Sie hatte ihn als einen Nutzlosen weggeworfen, niemand &#8211; au\u00dfer vielleicht dem Schwesterherzen &#8211; trauerte ihm nach. Sein Lebenswerk war erf\u00fcllt. Was aber trieb alle jene in den Tod, die auf dem <a href=\"https:\/\/forst-grunewald.de\/?page_id=576\" target=\"_blank\" rel=\"noopener noreferrer\">kleinen Friedhof bei Schildhorn<\/a> der ewigen Ruhe pflegen? Hatten auch sie Ursache, ob ihrer gewi\u00df nicht kleinen Leiden zu verzweifeln? Gab es keine Heilung f\u00fcr get\u00e4uschte Hoffnungen, verschm\u00e4hte Liebe, gebrochene Treue, keine S\u00fchne f\u00fcr jugendlichen Leichtsinn und \u00fcbereilte Vergehen? Ach, es gab wohl Heilung, es gab wohl S\u00fchne! rufen hinter ihnen hunderte Lippen! h\u00e4tten sie nur ein wenig mehr Mut, ein wenig Geduld und vor allem mehr Vertrauen und Liebe zu den Ihrigen besessen! Wir wollen nicht richten, sie nicht verurteilen; aber wir d\u00fcrfen und auch nicht verhehlen, da\u00df es manchem dieser Ungl\u00fccklichen besser gestanden h\u00e4tte, weiterzuleben und auch erst einmal der Welt oder wenigstens den Seinigen zu leisten, was ein Mann zu leisten schuldig ist. Manch einer glaubt seiner Ehre, seiner Liebe zu sterben, und stirbt doch lediglich seiner krassen Selbstsucht, und \u00fcber seinem H\u00fcgel weint die echte Liebe, der Eltern und Geschwister Liebe, die dem Verirrten auch in die Waldesgr\u00fcnde nachgeht und das einsame Grab mit Stein, Kreuz und Kr\u00e4nzen schm\u00fcckt.<\/em>&#8222;<\/p>\n<\/div>\n<p>Die Grabinschrift, von der Berdrow berichtet, befindet sich heute dort nicht mehr.<\/p>\n<p>Wie mir freundlicherweise ein Leser dieser Website per eMail mitgeteilt hat, befindet sich ein Grabstein mit der oben von Berdrow zitierten Inschrift heute im Garten des <a href=\"http:\/\/www.kleist-museum.de\/\" target=\"_blank\" rel=\"noopener noreferrer\">Kleistmuseum<\/a> in Frankfurt an der Oder. Er liegt neben einem Grabkreuz der Schwester von Kleist, Ulrike, und einem Stein von Kleist seinem Lehrer. Ob es der Original-Stein vom Grab am Kleinen Wannsee oder eine Nachbildung ist, ist dem Leser nicht bekannt. Dieses Foto hat er mir von diesem Grabstein \u00fcbermittelt:<\/p>\n<figure id=\"attachment_6057\" aria-describedby=\"caption-attachment-6057\" style=\"width: 640px\" class=\"wp-caption aligncenter\"><img loading=\"lazy\" decoding=\"async\" class=\"wp-image-6057 size-full\" src=\"https:\/\/forst-grunewald.de\/wp-content\/uploads\/2011-Frankfurt-O-Kleistmusum-P1290420_Kleistgrab-1.jpg\" alt=\"2011 Frankfurt-O Kleistmusum P1290420_Kleistgrab (1)\" width=\"640\" height=\"420\" srcset=\"https:\/\/forst-grunewald.de\/wp-content\/uploads\/2011-Frankfurt-O-Kleistmusum-P1290420_Kleistgrab-1.jpg 640w, https:\/\/forst-grunewald.de\/wp-content\/uploads\/2011-Frankfurt-O-Kleistmusum-P1290420_Kleistgrab-1-150x98.jpg 150w, https:\/\/forst-grunewald.de\/wp-content\/uploads\/2011-Frankfurt-O-Kleistmusum-P1290420_Kleistgrab-1-300x196.jpg 300w, https:\/\/forst-grunewald.de\/wp-content\/uploads\/2011-Frankfurt-O-Kleistmusum-P1290420_Kleistgrab-1-400x262.jpg 400w\" sizes=\"auto, (max-width: 640px) 100vw, 640px\" \/><figcaption id=\"caption-attachment-6057\" class=\"wp-caption-text\"><a href=\"http:\/\/www.bibel-online.net\/buch\/luther_1545_letzte_hand\/matthaeus\/6\/#1\" target=\"_blank\" rel=\"noopener noreferrer\">Matth\u00e4us. 6, Vers 12<\/a>: \u201cUnd vergib uns unsere Schuld, wie wir unseren Schuldigern vergeben. <a href=\"http:\/\/www.heinrich-von-kleist.org\/heinrich-von-kleist\/biographie\/\" target=\"_blank\" rel=\"noopener noreferrer\">Hinweis<\/a>: Kleist wurde laut Kirchenbuch am 18. Oktober und nach eigener Angabe am 10. Oktober geboren, jedoch 1777 und nicht 1776, wie auf dem Stein offenbar falsch eingemeiselt ist.<\/figcaption><\/figure>\n<p>Am 28. Januar 2007 hatten wir mit unserem &#8222;Lauftreff Grunewald&#8220; das Grab besucht.<\/p>\n<p>&nbsp;<\/p>\nngg_shortcode_0_placeholder\n<p>&nbsp;<\/p>\n","protected":false},"excerpt":{"rendered":"<p>Ein versteckter Ort, von dem 1902 Berdrow auf den Seiten 67-70 schrieb: &#8222;Ein am Bahndamm geradeaus laufender staubiger Sandweg soll uns zu einer St\u00e4tte geleiten,&hellip;<\/p>\n","protected":false},"author":1,"featured_media":0,"parent":5590,"menu_order":0,"comment_status":"closed","ping_status":"closed","template":"template\/full-width.php","meta":{"ngg_post_thumbnail":0,"iawp_total_views":20,"footnotes":""},"class_list":["post-6047","page","type-page","status-publish","hentry"],"_links":{"self":[{"href":"https:\/\/forst-grunewald.de\/index.php?rest_route=\/wp\/v2\/pages\/6047","targetHints":{"allow":["GET"]}}],"collection":[{"href":"https:\/\/forst-grunewald.de\/index.php?rest_route=\/wp\/v2\/pages"}],"about":[{"href":"https:\/\/forst-grunewald.de\/index.php?rest_route=\/wp\/v2\/types\/page"}],"author":[{"embeddable":true,"href":"https:\/\/forst-grunewald.de\/index.php?rest_route=\/wp\/v2\/users\/1"}],"replies":[{"embeddable":true,"href":"https:\/\/forst-grunewald.de\/index.php?rest_route=%2Fwp%2Fv2%2Fcomments&post=6047"}],"version-history":[{"count":17,"href":"https:\/\/forst-grunewald.de\/index.php?rest_route=\/wp\/v2\/pages\/6047\/revisions"}],"predecessor-version":[{"id":41596,"href":"https:\/\/forst-grunewald.de\/index.php?rest_route=\/wp\/v2\/pages\/6047\/revisions\/41596"}],"up":[{"embeddable":true,"href":"https:\/\/forst-grunewald.de\/index.php?rest_route=\/wp\/v2\/pages\/5590"}],"wp:attachment":[{"href":"https:\/\/forst-grunewald.de\/index.php?rest_route=%2Fwp%2Fv2%2Fmedia&parent=6047"}],"curies":[{"name":"wp","href":"https:\/\/api.w.org\/{rel}","templated":true}]}}