{"id":5590,"date":"2013-12-26T18:12:51","date_gmt":"2013-12-26T17:12:51","guid":{"rendered":"http:\/\/forst-grunewald.de\/?page_id=5590"},"modified":"2025-08-04T08:48:28","modified_gmt":"2025-08-04T07:48:28","slug":"wannsee","status":"publish","type":"page","link":"https:\/\/forst-grunewald.de\/?page_id=5590","title":{"rendered":"Wannsee"},"content":{"rendered":"<p style=\"text-align: justify;\"><span style=\"font-family: arial, helvetica, sans-serif; font-size: 12pt;\">&#8222;<a href=\"http:\/\/www.youtube.com\/watch?v=UhZEba0SWNs\" target=\"_blank\" rel=\"noopener noreferrer\"><em><span class=\"st\">Pack die Badehose ein, nimm Dein kleines Schwesterlein und dann nischt wie raus an\u00b4Wannsee.<\/span><\/em><\/a>&#8220; ist eine sch\u00f6ne Erinnerungen an die Vergangenheit.<\/span><\/p>\n<p style=\"text-align: justify;\"><span style=\"font-family: arial, helvetica, sans-serif; font-size: 12pt;\">F\u00fcr Grune-Wald-L\u00e4ufer ist der Wannsee aber eher uninteresant, da er voll parzeliert ist und \u00fcber nur wenige freie Zug\u00e4nge zum Seeufer verf\u00fcgt.<\/span><\/p>\n<p style=\"text-align: justify;\"><span style=\"font-family: arial, helvetica, sans-serif; font-size: 12pt;\">Wer also nicht zum Beispiel Mitglied eines Wassersportclubs ist oder eines der <a href=\"https:\/\/forst-grunewald.de\/?page_id=6627\" target=\"_blank\" rel=\"noopener noreferrer\">Wannsee-Restaurants<\/a> besucht, der hat das Nachsehen. Optisch genie\u00dfen kann man den Wannsee vom nord-\u00f6stlichen Havelh\u00f6henweg, dort gibt es auch einem kleinen freien Stand direkt neben dem Strandbad, vom Wannseehafen und von der Wannseebr\u00fccke aus, sowie insbesondere auch vom Flensburger L\u00f6wen bei Heckeshorn. Oder aber mittels einer Dampferfahrt, hier bietet sich zum Beispiel auch ein \u00dcbersetzten mit der F\u00e4hre, dem Motorschiff <a href=\"http:\/\/www.berliner-dampfer.de\/html\/lichterfelde.html\" target=\"_blank\" rel=\"noopener noreferrer\">Lichterfelde<\/a>, nach Kladow hin und zur\u00fcck an, beziehungsweise mit dessen <a href=\"http:\/\/www.bvg.de\/index.php\/de\/103842\/name\/Pressemitteilungen\/article\/1289505.html\" target=\"_blank\" rel=\"noopener noreferrer\">Nachfolger<\/a>, der neuen &#8222;Wannsee&#8220;.<\/span><\/p>\n<p style=\"text-align: justify;\"><span style=\"font-family: arial, helvetica, sans-serif; font-size: 12pt;\">Aber nat\u00fcrlich geh\u00f6rt der Wannsee auch auf diese Seite. Er bildet das s\u00fcdliche Ende des GruneWaldes und ich versuche auch seine Geschichte hier in vielen Bildern wiederzuspiegeln.<\/span><\/p>\n<p style=\"text-align: justify;\">&nbsp;<\/p>\n<p><span style=\"font-family: arial, helvetica, sans-serif; font-size: 12pt;\">ngg_shortcode_0_placeholder<\/span><\/p>\n<p>&nbsp;<\/p>\n<p>&nbsp;<\/p>\n","protected":false},"excerpt":{"rendered":"<p>&#8222;Pack die Badehose ein, nimm Dein kleines Schwesterlein und dann nischt wie raus an\u00b4Wannsee.&#8220; ist eine sch\u00f6ne Erinnerungen an die Vergangenheit. F\u00fcr Grune-Wald-L\u00e4ufer ist der&hellip;<\/p>\n","protected":false},"author":1,"featured_media":0,"parent":0,"menu_order":0,"comment_status":"closed","ping_status":"closed","template":"","meta":{"ngg_post_thumbnail":0,"iawp_total_views":8,"footnotes":""},"class_list":["post-5590","page","type-page","status-publish","hentry"],"_links":{"self":[{"href":"https:\/\/forst-grunewald.de\/index.php?rest_route=\/wp\/v2\/pages\/5590","targetHints":{"allow":["GET"]}}],"collection":[{"href":"https:\/\/forst-grunewald.de\/index.php?rest_route=\/wp\/v2\/pages"}],"about":[{"href":"https:\/\/forst-grunewald.de\/index.php?rest_route=\/wp\/v2\/types\/page"}],"author":[{"embeddable":true,"href":"https:\/\/forst-grunewald.de\/index.php?rest_route=\/wp\/v2\/users\/1"}],"replies":[{"embeddable":true,"href":"https:\/\/forst-grunewald.de\/index.php?rest_route=%2Fwp%2Fv2%2Fcomments&post=5590"}],"version-history":[{"count":17,"href":"https:\/\/forst-grunewald.de\/index.php?rest_route=\/wp\/v2\/pages\/5590\/revisions"}],"predecessor-version":[{"id":42218,"href":"https:\/\/forst-grunewald.de\/index.php?rest_route=\/wp\/v2\/pages\/5590\/revisions\/42218"}],"wp:attachment":[{"href":"https:\/\/forst-grunewald.de\/index.php?rest_route=%2Fwp%2Fv2%2Fmedia&parent=5590"}],"curies":[{"name":"wp","href":"https:\/\/api.w.org\/{rel}","templated":true}]}}