{"id":5408,"date":"2013-11-09T19:48:17","date_gmt":"2013-11-09T18:48:17","guid":{"rendered":"http:\/\/forst-grunewald.de\/?page_id=5408"},"modified":"2026-02-20T19:34:52","modified_gmt":"2026-02-20T18:34:52","slug":"garde-schuetzen","status":"publish","type":"page","link":"https:\/\/forst-grunewald.de\/?page_id=5408","title":{"rendered":"Schie\u00dfst\u00e4nde"},"content":{"rendered":"<p><span style=\"font-family: arial, helvetica, sans-serif; font-size: 12pt;\">Schie\u00dfst\u00e4nde befanden sich an folgenden Orten:<\/span><\/p>\n<figure id=\"attachment_6125\" aria-describedby=\"caption-attachment-6125\" style=\"width: 534px\" class=\"wp-caption alignright\"><a href=\"https:\/\/forst-grunewald.de\/wp-content\/uploads\/1912-ca-Gardeschuetzen-Grunewaldsee-klein.jpg\" target=\"_blank\" rel=\"noopener noreferrer\"><img loading=\"lazy\" decoding=\"async\" class=\"wp-image-6125\" src=\"https:\/\/forst-grunewald.de\/wp-content\/uploads\/1912-ca-Gardeschuetzen-Grunewaldsee-klein.jpg\" alt=\"Gardesch\u00fctzen am Grunewaldsee \/ Jagdschloss Grunewald\" width=\"534\" height=\"392\" srcset=\"https:\/\/forst-grunewald.de\/wp-content\/uploads\/1912-ca-Gardeschuetzen-Grunewaldsee-klein.jpg 1225w, https:\/\/forst-grunewald.de\/wp-content\/uploads\/1912-ca-Gardeschuetzen-Grunewaldsee-klein-150x110.jpg 150w, https:\/\/forst-grunewald.de\/wp-content\/uploads\/1912-ca-Gardeschuetzen-Grunewaldsee-klein-300x220.jpg 300w, https:\/\/forst-grunewald.de\/wp-content\/uploads\/1912-ca-Gardeschuetzen-Grunewaldsee-klein-1024x752.jpg 1024w, https:\/\/forst-grunewald.de\/wp-content\/uploads\/1912-ca-Gardeschuetzen-Grunewaldsee-klein-400x293.jpg 400w\" sizes=\"auto, (max-width: 534px) 100vw, 534px\" \/><\/a><figcaption id=\"caption-attachment-6125\" class=\"wp-caption-text\"><span style=\"font-family: arial, helvetica, sans-serif; font-size: 10pt;\">Gardesch\u00fctzen am Grunewaldsee, im Hintergrund das Jagdschloss<\/span><\/figcaption><\/figure>\n<ul>\n<li style=\"text-align: justify;\"><span style=\"font-family: arial, helvetica, sans-serif; font-size: 12pt;\"><strong>Dahlem:<\/strong><\/span><br \/>\n<span style=\"font-family: arial, helvetica, sans-serif; font-size: 12pt;\">Die Schie\u00dfst\u00e4nde im Bereich der heutigen Clayallee und des H\u00fcttenweges wurden vom <a href=\"http:\/\/de.wikipedia.org\/wiki\/Garde-Sch%C3%BCtzen-Bataillon\" target=\"_blank\" rel=\"noopener noreferrer\">Garde-Sch\u00fctzen<\/a>&#8211;<a href=\"http:\/\/de.wikipedia.org\/wiki\/Bataillon\" target=\"_blank\" rel=\"noopener noreferrer\">Bataillon<\/a> genutzt, welches seinen Standort ab 1884 in einer neuen Kaserne in der damals neu gegr\u00fcndeten Villenkolonie Gro\u00df-Lichterfelde hatte. Berdrow hat <a href=\"https:\/\/forst-grunewald.de\/wp-content\/gallery\/schiessstaende-dahlem\/1902-berdrow-schiessstand-garde-schuetzen.jpg\" target=\"_blank\" rel=\"noopener noreferrer\">1902<\/a> in seiner Handzeichnung diese Schie\u00dfst\u00e4nde als Nutzung durch die Garde-Sch\u00fctzen ausgewiesen. Nach 1945 wurde dieses Gel\u00e4nde durch die US-Schutzmacht genutzt, wobei die Schie\u00dfst\u00e4nde entfernt und durch Wohnh\u00e4user f\u00fcr die Familien der US-Streitkr\u00e4fte ersetzt wurden.<\/span><br \/>\n<span style=\"color: #ffffff; font-family: arial, helvetica, sans-serif; font-size: 12pt;\">.<\/span><\/li>\n<li><span style=\"font-family: arial, helvetica, sans-serif; font-size: 12pt;\"><strong>Ruhleben:<\/strong><\/span>\n<ol>\n<li style=\"text-align: justify;\"><span style=\"font-family: arial, helvetica, sans-serif; font-size: 12pt;\">Schie\u00dfst\u00e4nde des <a href=\"http:\/\/de.wikipedia.org\/wiki\/4._Garde-Regiment_zu_Fu%C3%9F\" target=\"_blank\" rel=\"noopener noreferrer\">4. K\u00f6niglichen Garde Regiment:<br \/>\n<\/a>Die Schie\u00dfst\u00e4nde befanden sich \u00f6stlich der <a href=\"https:\/\/forst-grunewald.de\/?page_id=5426\" target=\"_blank\" rel=\"noopener noreferrer\">Flie\u00dfwiese Ruhleben<\/a>. Heute befindet sich dort die Siedlung Ruhleben (<a href=\"http:\/\/www.ruhleben.com\/10\/altes-luftbild-von-ca-1930\/\" target=\"_blank\" rel=\"noopener noreferrer\">Foto<\/a> bei <a href=\"http:\/\/www.ruhleben.com\" target=\"_blank\" rel=\"noopener noreferrer\">www.ruhleben.com<\/a>).<\/span><\/li>\n<li style=\"text-align: justify;\"><span style=\"font-family: arial, helvetica, sans-serif; font-size: 12pt;\">Schie\u00dfst\u00e4nde der K\u00f6niglichen Milit\u00e4r-Schie\u00df-Schule:<\/span><br \/>\n<span style=\"font-family: arial, helvetica, sans-serif; font-size: 12pt;\">Die Schie\u00dfst\u00e4nde befanden sich westlich der <a href=\"https:\/\/forst-grunewald.de\/?page_id=5426\" target=\"_blank\" rel=\"noopener noreferrer\">Flie\u00dfweise Ruhleben<\/a> und n\u00f6rdlich des <a href=\"https:\/\/forst-grunewald.de\/?page_id=5426\" target=\"_blank\" rel=\"noopener noreferrer\">Murellenberges<\/a> bzw. der<a href=\"https:\/\/forst-grunewald.de\/?page_id=5426\" target=\"_blank\" rel=\"noopener noreferrer\"> Murellenschlucht<\/a>. Der \u00f6stliche Teil der Schie\u00dfst\u00e4nde (zum S-Bahn-Damm hin) sind heute als Naherholungsgebiet f\u00fcr die \u00d6ffentlichkeit freigegeben.<\/span><br \/>\n<span style=\"font-family: arial, helvetica, sans-serif; font-size: 12pt;\">Das von der Britischen Schutzmacht angelegte \u00dcbungsdorf &#8222;Ruhleben Fighting City (RFC)&#8220;, (Fotos bei <a href=\"http:\/\/www.berlin-brigade.de\/british\/infantry.html\" target=\"_blank\" rel=\"noopener noreferrer\">www.berlin-brigade.de<\/a>: Bild-<a href=\"http:\/\/www.berlin-brigade.de\/british\/brit94.jpg\" target=\"_blank\" rel=\"noopener noreferrer\">Lageplan<\/a>, <a href=\"http:\/\/www.berlin-brigade.de\/british\/brit10.jpg\" target=\"_blank\" rel=\"noopener noreferrer\">Bild<\/a>, <a href=\"http:\/\/www.berlin-brigade.de\/british\/brit38.jpg\" target=\"_blank\" rel=\"noopener noreferrer\">Bild<\/a>, <a href=\"http:\/\/www.berlin-brigade.de\/british\/brit08a.jpg\" target=\"_blank\" rel=\"noopener noreferrer\">Bild<\/a> und umfangreich <a href=\"http:\/\/www.berlin-brigade.de\/us-ins\/ruhleben-fighting-city.html\" target=\"_blank\" rel=\"noopener noreferrer\">hier<\/a>) wird heute von der Berliner Polizei genutzt (&#8222;<a href=\"http:\/\/de.wikipedia.org\/wiki\/Fighting_City\" target=\"_blank\" rel=\"noopener noreferrer\">Fighting City<\/a>&#8222;), ebenso wie der ehemalige zur Charlottenburger Chaussee hin gelegene Kasernengel\u00e4ndeteil (Polizeischule und <a href=\"https:\/\/www.berlin.de\/polizei\/dienststellen\/polizei-in-den-bezirken\/direktion-2\/\" target=\"_blank\" rel=\"noopener noreferrer\">Polizeidirektion 2<\/a>). Auf dem heutigen Gel\u00e4nde der Polizeischule befindet sich ein Denkmal f\u00fcr die von 1939-1945 &#8222;Gefallenen der Seeckt-Regimenter&#8220; (<a href=\"http:\/\/www.lexikon-der-wehrmacht.de\/Gliederungen\/Infanterieregimenter\/IR67-R.htm\" target=\"_blank\" rel=\"noopener noreferrer\">Infanterie-Regiment 67<\/a>, <a href=\"http:\/\/www.lexikon-der-wehrmacht.de\/Gliederungen\/Panzergrenadierregimenter\/PGR67-R.htm\" target=\"_blank\" rel=\"noopener noreferrer\">Panzergrenadier-Regiment 67<\/a> und <a href=\"http:\/\/www.lexikon-der-wehrmacht.de\/Gliederungen\/Grenadieregimenter\/GR67-R.htm\" target=\"_blank\" rel=\"noopener noreferrer\">Grenadier-Regiment 67<\/a>). Mehrere Bilder von dem Denkmal befinden sich auf der Webseite ruhleben.com: <a href=\"http:\/\/www.ruhleben.com\/13\/seeckt-denkmal-auf-dem-polizei-gelaende-ruhleben\/\" target=\"_blank\" rel=\"noopener noreferrer\">Seeckt-Denkmal auf dem Polizei-Gel\u00e4nde Ruhleben<\/a>.<\/span><br \/>\n<span style=\"font-family: arial, helvetica, sans-serif; font-size: 12pt;\">Auf dem ehemaligen Exerzierplatz befindet sich seit 1952 der <a href=\"http:\/\/www.berlin.de\/ba-charlottenburg-wilmersdorf\/bezirk\/lexikon\/friedhofruhleben.html\" target=\"_blank\" rel=\"noopener noreferrer\">Friedhof und das Krematorium Ruhleben<\/a>.<\/span><\/li>\n<li style=\"text-align: justify;\"><span style=\"font-family: arial, helvetica, sans-serif; font-size: 12pt;\">Der authentische Ort der &#8222;<a href=\"http:\/\/www.denkzeichen-am-murellenberg.de\/bilder\/murellenberg_2.gif\" target=\"_blank\" rel=\"noopener noreferrer\">Wehrmachtserschie\u00dfungsst\u00e4tte<\/a>&#8220; hingegen ist leider weiterhin nicht frei zug\u00e4nglich. An seiner Stelle erinnert, \u00f6rtlich versetzt und daher hilfsweise, der <a href=\"http:\/\/www.denkzeichen-am-murellenberg.de\/\" target=\"_blank\" rel=\"noopener noreferrer\">Spiegelwald<\/a> auf dem <a href=\"https:\/\/forst-grunewald.de\/?page_id=5426\" target=\"_blank\" rel=\"noopener noreferrer\">Murellenberg<\/a> und in der <a href=\"https:\/\/forst-grunewald.de\/?page_id=5426\" target=\"_blank\" rel=\"noopener noreferrer\">Murellenschlucht.<\/a><\/span><\/li>\n<li style=\"text-align: justify;\"><span style=\"font-family: arial, helvetica, sans-serif; font-size: 12pt;\">F\u00fcr die ehemaligen Schie\u00dfbahnen im Bereich der S-Bahn wurde im Zusammenhang mit der <span class=\"ILfuVd\" lang=\"de\"><span class=\"hgKElc\">Renaturierung<\/span><\/span> der Name &#8222;Schanzenwald&#8220; kreiert. Dies ist auch passend, da sich nach dem Ende der Nutzung als Schie\u00dfst\u00e4nde dort von selbst ein Robinien-Wald gebildet hat. Ein <a href=\"https:\/\/forst-grunewald.de\/wp-content\/uploads\/2009-ca-Senverwaltung-Stadtentwiclung-Murellenschlucht-und-Schanzenwald.pdf\">Flyer der Senatsverwaltung f\u00fcr Stadtentwicklung aus dem Jahr 2009 (ca.)<\/a> beschreibt die Flora und Fauna in dem Gesamt-Areal zu diesem Zeitpunkt.<\/span><\/li>\n<li><span style=\"font-family: arial, helvetica, sans-serif; font-size: 12pt;\">Im Jahr 2014 wurde ein weiterer Gel\u00e4ndeteil hergerichtet und f\u00fcr die \u00d6ffentlichkeit freigegeben. Der Spielgelwald ist nunmehr komplett f\u00fcr die \u00d6ffentlichkeit zug\u00e4nglich. Das Areal steht nunmehr als Naherholungsgebiet zur Verf\u00fcgung.<\/span><br \/>\n<span style=\"color: #ffffff; font-family: arial, helvetica, sans-serif; font-size: 12pt;\">.kreiert<\/span><\/li>\n<\/ol>\n<\/li>\n<li style=\"text-align: justify;\"><span style=\"font-family: arial, helvetica, sans-serif; font-size: 12pt;\"><strong>Westend:<\/strong><\/span><br \/>\n<span style=\"font-family: arial, helvetica, sans-serif; font-size: 12pt;\">Im Bereich ders heutigen Bus-Bahnhofs und Messegel\u00e4ndes befand sich fr\u00fcher ein Exerzierplatz und Schie\u00dfst\u00e4nde. Der Exerzierplatz wurde (<a href=\"https:\/\/forst-grunewald.de\/wp-content\/gallery\/schiessstaende-westend\/1891-kiessling-schiessstaende-2.jpg\" target=\"_blank\" rel=\"noopener noreferrer\">1891<\/a>) von der <a href=\"http:\/\/de.wikipedia.org\/wiki\/Regiment_der_Gardes_du_Corps\" target=\"_blank\" rel=\"noopener noreferrer\">Garde du Corps<\/a> genutzt. Nach der Bebauung des Gel\u00e4ndes wurde der Exerzierplatz nach S\u00fcden verlegt (<a href=\"https:\/\/forst-grunewald.de\/wp-content\/gallery\/schiessstaende-westend\/1902-grunewald-pharus-stabi-schiessstaende.jpg\" target=\"_blank\" rel=\"noopener noreferrer\">1902<\/a>\/<a href=\"https:\/\/forst-grunewald.de\/wp-content\/gallery\/schiessstaende-westend\/1904-pharus-schiessstaende-1.jpg\" target=\"_blank\" rel=\"noopener noreferrer\">1904<\/a>), in etwa in den Bereich der heutigen bzw. ehemaligen Deutschlandhalle und Funkturm. Mit der Verlegung des Exerzierplatzes wurden anscheinend die Schie\u00dfst\u00e4nde entfernt.<\/span><br \/>\n<span style=\"color: #ffffff; font-family: arial, helvetica, sans-serif; font-size: 12pt;\">.<\/span><\/li>\n<li><span style=\"font-family: arial, helvetica, sans-serif; font-size: 12pt;\"><strong>&#8222;Keerans Range<\/strong>&#8220; in der unvollendeten <a href=\"https:\/\/forst-grunewald.de\/?page_id=110\" target=\"_blank\" rel=\"noopener noreferrer\">AVUS-S\u00fcdkurve.<\/a><strong><br \/>\n<\/strong><\/span><\/li>\n<\/ul>\n<p>&nbsp;<\/p>\n<p><span style=\"font-family: arial, helvetica, sans-serif; font-size: 12pt;\">Galerien:<\/span><\/p>\nngg_shortcode_0_placeholder\n<p>&nbsp;<\/p>\n","protected":false},"excerpt":{"rendered":"<p>Schie\u00dfst\u00e4nde befanden sich an folgenden Orten: Dahlem: Die Schie\u00dfst\u00e4nde im Bereich der heutigen Clayallee und des H\u00fcttenweges wurden vom Garde-Sch\u00fctzen&#8211;Bataillon genutzt, welches seinen Standort ab&hellip;<\/p>\n","protected":false},"author":1,"featured_media":0,"parent":5305,"menu_order":0,"comment_status":"closed","ping_status":"closed","template":"","meta":{"ngg_post_thumbnail":0,"iawp_total_views":160,"footnotes":""},"class_list":["post-5408","page","type-page","status-publish","hentry"],"_links":{"self":[{"href":"https:\/\/forst-grunewald.de\/index.php?rest_route=\/wp\/v2\/pages\/5408","targetHints":{"allow":["GET"]}}],"collection":[{"href":"https:\/\/forst-grunewald.de\/index.php?rest_route=\/wp\/v2\/pages"}],"about":[{"href":"https:\/\/forst-grunewald.de\/index.php?rest_route=\/wp\/v2\/types\/page"}],"author":[{"embeddable":true,"href":"https:\/\/forst-grunewald.de\/index.php?rest_route=\/wp\/v2\/users\/1"}],"replies":[{"embeddable":true,"href":"https:\/\/forst-grunewald.de\/index.php?rest_route=%2Fwp%2Fv2%2Fcomments&post=5408"}],"version-history":[{"count":53,"href":"https:\/\/forst-grunewald.de\/index.php?rest_route=\/wp\/v2\/pages\/5408\/revisions"}],"predecessor-version":[{"id":43928,"href":"https:\/\/forst-grunewald.de\/index.php?rest_route=\/wp\/v2\/pages\/5408\/revisions\/43928"}],"up":[{"embeddable":true,"href":"https:\/\/forst-grunewald.de\/index.php?rest_route=\/wp\/v2\/pages\/5305"}],"wp:attachment":[{"href":"https:\/\/forst-grunewald.de\/index.php?rest_route=%2Fwp%2Fv2%2Fmedia&parent=5408"}],"curies":[{"name":"wp","href":"https:\/\/api.w.org\/{rel}","templated":true}]}}