{"id":5406,"date":"2013-11-09T19:23:43","date_gmt":"2013-11-09T18:23:43","guid":{"rendered":"http:\/\/forst-grunewald.de\/?page_id=5406"},"modified":"2024-05-06T07:53:24","modified_gmt":"2024-05-06T06:53:24","slug":"iltis","status":"publish","type":"page","link":"https:\/\/forst-grunewald.de\/?page_id=5406","title":{"rendered":"Marine-Jugendwehr (S.M.S. Iltis)"},"content":{"rendered":"<p><strong>Marine-Jugendwehr im Grunewald:<\/strong><\/p>\n<blockquote><p>Am 3. August 1914 brach der 1. Weltkrieg aus. Von 1898-1914 fand in Deutschland eine gro\u00dfe Flottenaufr\u00fcstung statt. Diese Flottenaufr\u00fcstung wurde von Kaiser Wilhelm II nach der Devise &#8222;<b>Unsere Zukunft liegt auf dem Wasser<\/b>&#8220; gef\u00f6rdert. Dies ist die Zeit, wo die Kinder in Matrosenanz\u00fcge gekleidet werden. Zur Marinebegeisterung der Jugend tragen auch Attrappen von Schiffen bei, die auf Kinderspielpl\u00e4tzen aufgestellt werden. So wird im Berliner Grunewald zum &#8222;Kinderexerzieren&#8220; eine Nachbildung des Holzschulschiffs &#8222;<b>Iltis<\/b>\u201c aufgestellt, die gro\u00dfen Anklang findet.<\/p>\n<p><b>Quelle 2006<\/b><br \/>\n<a href=\"http:\/\/mitglied.lycos.de\/TicoFluck\/schiff\/Flotte4.html\" target=\"_blank\" rel=\"noopener noreferrer\">http:\/\/mitglied.lycos.de\/TicoFluck\/schiff\/Flotte4.html<\/a><br \/>\nPrivate Website, bzw dort wohl Buch-Textquelle: Chronik des 20. Jahrhunderts<\/p><\/blockquote>\n<p><strong>Seekrieg im Grunewald:<\/strong><\/p>\n<blockquote><p>Statt \u201eR\u00e4uber und Gendarm&#8220; spielten um das Jahr 1910 die in der Marine &#8211; Jugendwehr vereinigten Sch\u00fcler, angef\u00fchrt von war er einem Schiffsoffizier. Das Kriegsschiff \u201e<b>Iltis<\/b>\u201d war eigens daf\u00fcr aus Holz nachgebildet worden \u2014 ein zwar vaterl\u00e4ndisch-pathetisches, jedoch noch kein militaristisches Spiel. Jugendwehrgruppen gab es neben anderen Jugendb\u00fcnden im ganzen Lande.<\/p>\n<p><a href=\"http:\/\/www.zeit.de\/1959\/40\/Seekrieg-im-Grunewald\" target=\"Die Zeit 1959 Nr. 40\" rel=\"noopener noreferrer\">DIE ZEIT, 02.10.1959 Nr. 40<\/a><\/p><\/blockquote>\n<p>Unter den Namen Iltis gab es seinerzeit zwei Kanonenboote, welche wohl als &#8222;Vorbild&#8220; f\u00fcr das Schiff der &#8222;Marine-Jugendwehr&#8220; anzusehen sind:<\/p>\n<table>\n<tbody>\n<tr>\n<td><a href=\"http:\/\/de.wikipedia.org\/wiki\/SMS_Iltis_%281878%29\" target=\"_blank\" rel=\"noopener noreferrer\">SMS Iltis<\/a><\/td>\n<td>1878 &#8211; 1896<\/td>\n<td>Kanonenboot, Einsatz im Ostasiengeschwader<\/td>\n<\/tr>\n<tr>\n<td><a href=\"http:\/\/de.wikipedia.org\/wiki\/SMS_Iltis_%281898%29\" target=\"_blank\" rel=\"noopener noreferrer\">SMS Iltis<\/a><\/td>\n<td>1898 &#8211; 1914<\/td>\n<td>&nbsp;&#8222;<\/td>\n<\/tr>\n<tr>\n<td colspan=\"3\">Au\u00dferdem gab es noch einen Hilfskreuzer unter diesen Namen. Es handelt sich hierbei um den Frachtdampfer <a href=\"http:\/\/de.wikipedia.org\/wiki\/SMS_Iltis_%281905%29\" target=\"_blank\" rel=\"noopener noreferrer\">GUTENFELS<\/a> der <a href=\"http:\/\/de.wikipedia.org\/wiki\/Deutsche_Dampfschifffahrts-Gesellschaft_%E2%80%9EHansa%E2%80%9C\" target=\"_blank\" rel=\"noopener noreferrer\">DDG Hansa<\/a>. Und um darzulegen, wie klein die Welt doch ist: Ein Schwesterschiff des Dampfers GUTENFELS, die FRAUENFELS befindet sich zusammen mit der damaligen GODEFFROY auf einem <a href=\"https:\/\/forst-grunewald.de\/wp-content\/gallery\/alte-liebe-godeffroy\/1937-hamburg-oderhafen-godeffroy-vor-hansa-dampfer-klein.jpg\" target=\"_blank\" rel=\"noopener noreferrer\">Foto<\/a> im Hamburger Hafen. Die GODEFFROY liegt heute als Restaurantschiff <a href=\"https:\/\/forst-grunewald.de\/?page_id=7928\" target=\"_blank\" rel=\"noopener noreferrer\">ALTE LIEBE<\/a> am St\u00f6\u00dfensee.<\/td>\n<\/tr>\n<\/tbody>\n<\/table>\n<p><b>Der ehemalige Standort der &#8222;Grunewald -S.M.S. Iltis&#8220; ist mir bisher unbekant.<\/b><br \/>\n<b><\/b><\/p>\n<p>In einer Zeitung ca. aus dem Jahre 1909 ist ein Holzschiff mit den Namen &#8222;S.M.S. Iltis&#8220; abgebildet, welches aber noch sehr wie ein Spielzeugschiff aussieht. Die Beilage des Berliner Lokal-Anzeigers vom 06. Juni 1915 enth\u00e4lt dagegen Bilder eines Schiffes, welches professionell und wie ein echtes Ausbildungs-Schiff aussieht.<\/p>\n<p>&nbsp;<\/p>\nngg_shortcode_0_placeholder\n<p>&nbsp;<\/p>\n","protected":false},"excerpt":{"rendered":"<p>Marine-Jugendwehr im Grunewald: Am 3. August 1914 brach der 1. Weltkrieg aus. Von 1898-1914 fand in Deutschland eine gro\u00dfe Flottenaufr\u00fcstung statt. Diese Flottenaufr\u00fcstung wurde von&hellip;<\/p>\n","protected":false},"author":1,"featured_media":0,"parent":5305,"menu_order":0,"comment_status":"closed","ping_status":"closed","template":"template\/full-width.php","meta":{"ngg_post_thumbnail":0,"iawp_total_views":29,"footnotes":""},"class_list":["post-5406","page","type-page","status-publish","hentry"],"_links":{"self":[{"href":"https:\/\/forst-grunewald.de\/index.php?rest_route=\/wp\/v2\/pages\/5406","targetHints":{"allow":["GET"]}}],"collection":[{"href":"https:\/\/forst-grunewald.de\/index.php?rest_route=\/wp\/v2\/pages"}],"about":[{"href":"https:\/\/forst-grunewald.de\/index.php?rest_route=\/wp\/v2\/types\/page"}],"author":[{"embeddable":true,"href":"https:\/\/forst-grunewald.de\/index.php?rest_route=\/wp\/v2\/users\/1"}],"replies":[{"embeddable":true,"href":"https:\/\/forst-grunewald.de\/index.php?rest_route=%2Fwp%2Fv2%2Fcomments&post=5406"}],"version-history":[{"count":25,"href":"https:\/\/forst-grunewald.de\/index.php?rest_route=\/wp\/v2\/pages\/5406\/revisions"}],"predecessor-version":[{"id":41556,"href":"https:\/\/forst-grunewald.de\/index.php?rest_route=\/wp\/v2\/pages\/5406\/revisions\/41556"}],"up":[{"embeddable":true,"href":"https:\/\/forst-grunewald.de\/index.php?rest_route=\/wp\/v2\/pages\/5305"}],"wp:attachment":[{"href":"https:\/\/forst-grunewald.de\/index.php?rest_route=%2Fwp%2Fv2%2Fmedia&parent=5406"}],"curies":[{"name":"wp","href":"https:\/\/api.w.org\/{rel}","templated":true}]}}