{"id":5400,"date":"2013-11-09T11:05:28","date_gmt":"2013-11-09T10:05:28","guid":{"rendered":"http:\/\/forst-grunewald.de\/?page_id=5400"},"modified":"2024-05-06T07:53:17","modified_gmt":"2024-05-06T06:53:17","slug":"jagen-92","status":"publish","type":"page","link":"https:\/\/forst-grunewald.de\/?page_id=5400","title":{"rendered":"Jagen 92"},"content":{"rendered":"<p>Neben dem Munitionsdepot (&#8222;Ammo Dumps&#8220;) in der Dachsheide (&#8222;<a href=\"https:\/\/forst-grunewald.de\/?page_id=5382\" target=\"_blank\" rel=\"noopener noreferrer\">Dachsberg Area<\/a>&#8222;), welches 1951 angelegt wurde, hat die US-Schutzmacht im Jahr 1960 im Jagen 92 ein weiteres Munitionsdepot im Form von drei Reihen nebeneinander liegenden Bunkern angelegt.<\/p>\n<p>Nach dem Abzug der US-Schutzmacht wurde, wie auch das Munitionsdepot an der Dachsheide, das Gel\u00e4nde im Jagen 92 mit Sandd\u00fcnnen renaturiert, wobei sich die ehemaligen Bunkern unter den D\u00fcnen befinden. Das Gel\u00e4nde ist zum Schutz der Pflanzen weiterhin eingez\u00e4unt.<\/p>\n<p>&nbsp;<\/p>\nngg_shortcode_0_placeholder\n<p>&nbsp;<\/p>\n","protected":false},"excerpt":{"rendered":"<p>Neben dem Munitionsdepot (&#8222;Ammo Dumps&#8220;) in der Dachsheide (&#8222;Dachsberg Area&#8222;), welches 1951 angelegt wurde, hat die US-Schutzmacht im Jahr 1960 im Jagen 92 ein weiteres&hellip;<\/p>\n","protected":false},"author":1,"featured_media":0,"parent":5305,"menu_order":0,"comment_status":"closed","ping_status":"closed","template":"template\/full-width.php","meta":{"ngg_post_thumbnail":0,"iawp_total_views":34,"footnotes":""},"class_list":["post-5400","page","type-page","status-publish","hentry"],"_links":{"self":[{"href":"https:\/\/forst-grunewald.de\/index.php?rest_route=\/wp\/v2\/pages\/5400","targetHints":{"allow":["GET"]}}],"collection":[{"href":"https:\/\/forst-grunewald.de\/index.php?rest_route=\/wp\/v2\/pages"}],"about":[{"href":"https:\/\/forst-grunewald.de\/index.php?rest_route=\/wp\/v2\/types\/page"}],"author":[{"embeddable":true,"href":"https:\/\/forst-grunewald.de\/index.php?rest_route=\/wp\/v2\/users\/1"}],"replies":[{"embeddable":true,"href":"https:\/\/forst-grunewald.de\/index.php?rest_route=%2Fwp%2Fv2%2Fcomments&post=5400"}],"version-history":[{"count":5,"href":"https:\/\/forst-grunewald.de\/index.php?rest_route=\/wp\/v2\/pages\/5400\/revisions"}],"predecessor-version":[{"id":13221,"href":"https:\/\/forst-grunewald.de\/index.php?rest_route=\/wp\/v2\/pages\/5400\/revisions\/13221"}],"up":[{"embeddable":true,"href":"https:\/\/forst-grunewald.de\/index.php?rest_route=\/wp\/v2\/pages\/5305"}],"wp:attachment":[{"href":"https:\/\/forst-grunewald.de\/index.php?rest_route=%2Fwp%2Fv2%2Fmedia&parent=5400"}],"curies":[{"name":"wp","href":"https:\/\/api.w.org\/{rel}","templated":true}]}}