{"id":536,"date":"2012-06-02T22:43:31","date_gmt":"2012-06-02T22:43:31","guid":{"rendered":"http:\/\/forst-grunewald.de\/wordpress\/?page_id=536"},"modified":"2024-05-06T07:26:20","modified_gmt":"2024-05-06T06:26:20","slug":"rose-range","status":"publish","type":"page","link":"https:\/\/forst-grunewald.de\/?page_id=536","title":{"rendered":"Rose Range"},"content":{"rendered":"<p>&nbsp;<\/p>\n<table border=\"0\">\n<tbody>\n<tr>\n<td style=\"background-color: #ccff00; border: 1px solid #ccff00;\">Wikipedia (entnommen am 06. Oktober 2011):<\/p>\n<p>\u201cDen ersten Schie\u00dfstand erhielt die DEVA [<a id=\"Zelle136Link1\" href=\"http:\/\/de.wikipedia.org\/wiki\/Deutsche_Versuchs-_und_Pr%C3%BCfanstalt_f%C3%BCr_Jagd-_und_Sportwaffen\" target=\"_blank\" rel=\"noopener noreferrer\">Deutsche Versuchs- und Pr\u00fcfanstalt f\u00fcr Jagd- und Sportwaffen<\/a>] durch Vermittlung vonKaiser Wilhelm in Berlin-Halensee auf einem Gel\u00e4nde der Reichsbahn. Neben dem Schie\u00dfstand erhielt sie auch ein Geb\u00e4ude f\u00fcr die technischen Einrichtungen.1927 musste das Gel\u00e4nde wegen Eigenbedarfs an die Reichsbahn zur\u00fcckgegeben werden.<\/p>\n<p>Als Ersatz f\u00fcr das Grundst\u00fcck in Halensee stellte die Stadt Berlin der DEVA ein 7 ha gro\u00dfes Gel\u00e4nde in Wannsee zur Verf\u00fcgung, auf dem 1928 ein gro\u00dfes Geb\u00e4ude f\u00fcr die Verwaltung und Technik errichtet. Dazu geh\u00f6rten diverse Schie\u00dfbahnen bis zu 300m und ein Wurftaubenstand. Das Gel\u00e4nde wurde so gut ausgebaut, dass 1936 die olympischen Schie\u00dfwettbewerbe dort ausgetragen wurden. [Au\u00dferdem war der Schie\u00dfplatz <a href=\"http:\/\/www.forst-grunewald.de\/html\/murellenberg.html\" target=\"_blank\" rel=\"noopener noreferrer\">Ruhleben<\/a> (<a id=\"Zelle136Link3\" href=\"http:\/\/www.forst-grunewald.de\/assets\/images\/autogen\/1936-Schiessstande.jpg\" target=\"_blank\" rel=\"noopener noreferrer\">Bild<\/a>) ein Austragungsort]<\/p>\n<p>Nach dem Zweiten Weltkrieg waren die Geb\u00e4ude zum gr\u00f6\u00dften Teil zerst\u00f6rt. Das Gel\u00e4nde, das sich nun im amerikanischen Sektor der Stadt befand, wurde von der US-Milit\u00e4rregierung beschlagnahmt. Die Berlin-Brigade des US-Milit\u00e4r nutzte das Gel\u00e4nde fortan unter dem Namen <em>Rose Range<\/em>. Neben dem US-Milit\u00e4r nutzte auch die Berliner Polizei die Schie\u00dfst\u00e4nde. Der amerikanische Rod&amp;Gun Club nutzte das Gel\u00e4nde an den Wochenenden.<\/p>\n<p>Nach dem Abzug der Alliierten 1994 wurde das Gel\u00e4nde an die BRD r\u00fcck\u00fcbertragen und wird seitdem wieder von der DEVA genutzt.\u201d<\/td>\n<\/tr>\n<tr>\n<td>&nbsp;<\/td>\n<\/tr>\n<tr>\n<td style=\"background-color: #33ff00; border: 1px solid #33ff00;\">Aus der Schutzmachtzeit befinden sich auf der Website <a id=\"Zelle174Link1\" href=\"http:\/\/www.berlin-brigade\">www.berlin-brigade.de<\/a> viele Informationen und Fotos.&nbsp; <a id=\"Zelle174Link2\" href=\"http:\/\/www.berlin-brigade.de\/us-ins\/us-ein18.html\" target=\"_blank\" rel=\"noopener noreferrer\">HIER<\/a><\/td>\n<\/tr>\n<tr>\n<td>&nbsp;<\/td>\n<\/tr>\n<tr>\n<td style=\"background-color: #cccc00; border: 1px solid #cccc00;\">2011 &#8211; Kleine Anfrage im Berliner Abgeordnetenhaus \u201c<a id=\"Zelle137Link1\" href=\"8080\/starweb\/adis\/citat\/VT\/16\/KlAnfr\/ka16-15746.pdf\" target=\"_blank\" rel=\"noopener noreferrer\"><strong>Kein Schie\u00dfl\u00e4rm im Erholungswald!<\/strong><\/a>\u201d:<\/p>\n<p>\u201cBei der Anlage handelt es sich um ein Gel\u00e4nde, auf dem die Deutsche Versuchs- und Pr\u00fcfanstalt f\u00fcr Jagd- und Sportwaffen e. v. (DEVA) bereits 1928 Schie\u00dfst\u00e4nde errichtete, die zum Teil heute noch bestehen. Daneben haben die amerikanischen Streitkr\u00e4fte nach Requirierung des Grundst\u00fccks nach 1945 nach Abriss alter Anlagen neue Schie\u00dfst\u00e4nde errichtet, von denen ein Teil 1989\/1990 mit einem schalld\u00e4mmenden \u00dcberbau versehen wurde. &#8230;.Die Schie\u00dfanlage selbst ist nicht Bestandteil des Landschaftsschutzgebiets D\u00fcppeler Forst.\u201d<\/td>\n<\/tr>\n<tr>\n<td>&nbsp;<\/td>\n<\/tr>\n<\/tbody>\n<\/table>\nngg_shortcode_0_placeholder\n<p>&nbsp;<\/p>\n","protected":false},"excerpt":{"rendered":"<p>&nbsp; Wikipedia (entnommen am 06. Oktober 2011): \u201cDen ersten Schie\u00dfstand erhielt die DEVA [Deutsche Versuchs- und Pr\u00fcfanstalt f\u00fcr Jagd- und Sportwaffen] durch Vermittlung vonKaiser Wilhelm&hellip;<\/p>\n","protected":false},"author":1,"featured_media":0,"parent":507,"menu_order":0,"comment_status":"closed","ping_status":"closed","template":"template\/full-width.php","meta":{"ngg_post_thumbnail":0,"iawp_total_views":71,"footnotes":""},"class_list":["post-536","page","type-page","status-publish","hentry"],"_links":{"self":[{"href":"https:\/\/forst-grunewald.de\/index.php?rest_route=\/wp\/v2\/pages\/536","targetHints":{"allow":["GET"]}}],"collection":[{"href":"https:\/\/forst-grunewald.de\/index.php?rest_route=\/wp\/v2\/pages"}],"about":[{"href":"https:\/\/forst-grunewald.de\/index.php?rest_route=\/wp\/v2\/types\/page"}],"author":[{"embeddable":true,"href":"https:\/\/forst-grunewald.de\/index.php?rest_route=\/wp\/v2\/users\/1"}],"replies":[{"embeddable":true,"href":"https:\/\/forst-grunewald.de\/index.php?rest_route=%2Fwp%2Fv2%2Fcomments&post=536"}],"version-history":[{"count":8,"href":"https:\/\/forst-grunewald.de\/index.php?rest_route=\/wp\/v2\/pages\/536\/revisions"}],"predecessor-version":[{"id":41503,"href":"https:\/\/forst-grunewald.de\/index.php?rest_route=\/wp\/v2\/pages\/536\/revisions\/41503"}],"up":[{"embeddable":true,"href":"https:\/\/forst-grunewald.de\/index.php?rest_route=\/wp\/v2\/pages\/507"}],"wp:attachment":[{"href":"https:\/\/forst-grunewald.de\/index.php?rest_route=%2Fwp%2Fv2%2Fmedia&parent=536"}],"curies":[{"name":"wp","href":"https:\/\/api.w.org\/{rel}","templated":true}]}}