{"id":5320,"date":"2013-11-03T12:16:30","date_gmt":"2013-11-03T11:16:30","guid":{"rendered":"http:\/\/forst-grunewald.de\/?page_id=5320"},"modified":"2024-05-06T07:53:47","modified_gmt":"2024-05-06T06:53:47","slug":"schwarze-garde","status":"publish","type":"page","link":"https:\/\/forst-grunewald.de\/?page_id=5320","title":{"rendered":"Schwarze Garde"},"content":{"rendered":"<p>Anfang der 50iger Jahre war mein damals noch ziemlich junger Vater (an mir war damals noch nicht zu denken) in Berlin-Lichterfelde bei der US Schutzmacht Berlin Brigade angestellt. Zun\u00e4chst im Wachdienst und sp\u00e4ter in der K\u00fcche. Zur Zeit seiner Anstellung als Wachmann fanden \u00f6fters Ert\u00fcchtigungs-M\u00e4rsche durch den Grunewald statt.<\/p>\n<p style=\"text-align: center;\"><a href=\"https:\/\/forst-grunewald.de\/wp-content\/uploads\/1954-Schwarze-Garde-Gerber-2-klein.jpg\" target=\"_blank\" rel=\"noopener noreferrer\"><img loading=\"lazy\" decoding=\"async\" class=\"aligncenter size-medium wp-image-5327\" style=\"border: 1px solid black;\" src=\"https:\/\/forst-grunewald.de\/wp-content\/uploads\/1954-Schwarze-Garde-Gerber-2-klein-300x270.jpg\" alt=\"1954 Schwarze Garde - Gerber - 2 klein\" width=\"300\" height=\"270\" srcset=\"https:\/\/forst-grunewald.de\/wp-content\/uploads\/1954-Schwarze-Garde-Gerber-2-klein-300x270.jpg 300w, https:\/\/forst-grunewald.de\/wp-content\/uploads\/1954-Schwarze-Garde-Gerber-2-klein-150x135.jpg 150w, https:\/\/forst-grunewald.de\/wp-content\/uploads\/1954-Schwarze-Garde-Gerber-2-klein-400x360.jpg 400w, https:\/\/forst-grunewald.de\/wp-content\/uploads\/1954-Schwarze-Garde-Gerber-2-klein.jpg 1000w\" sizes=\"auto, (max-width: 300px) 100vw, 300px\" \/><\/a><\/p>\n<p>Aus dieser Zeit nachstehend zwei Fotos. Auf der R\u00fcckseite der beiden Fotos wurde von meiner Mutter damals \u201cSchwarze Garde\u201d vermerkt. Ob es sich bei diese Bezeichnung in Anlehnung an die Schwarze Uniform um eine Eigenkreation meiner Mutter oder um eine (in)offizielle Bezeichnung handelte, ist mir nicht bekannt. Leider kann ich meine beiden Eltern nicht mehr fragen, weil sie 2003 und 2011 verstorben sind.<\/p>\n<p style=\"text-align: center;\"><a href=\"https:\/\/forst-grunewald.de\/wp-content\/uploads\/1954-Schwarze-Garde-Gerber-1-klein.jpg\" target=\"_blank\" rel=\"noopener noreferrer\"><img loading=\"lazy\" decoding=\"async\" class=\"aligncenter size-medium wp-image-5328\" style=\"border: 1px solid black;\" src=\"https:\/\/forst-grunewald.de\/wp-content\/uploads\/1954-Schwarze-Garde-Gerber-1-klein-300x293.jpg\" alt=\"1954 Schwarze Garde - Gerber - 1 klein\" width=\"300\" height=\"293\" srcset=\"https:\/\/forst-grunewald.de\/wp-content\/uploads\/1954-Schwarze-Garde-Gerber-1-klein-300x293.jpg 300w, https:\/\/forst-grunewald.de\/wp-content\/uploads\/1954-Schwarze-Garde-Gerber-1-klein-150x146.jpg 150w, https:\/\/forst-grunewald.de\/wp-content\/uploads\/1954-Schwarze-Garde-Gerber-1-klein-400x390.jpg 400w, https:\/\/forst-grunewald.de\/wp-content\/uploads\/1954-Schwarze-Garde-Gerber-1-klein.jpg 921w\" sizes=\"auto, (max-width: 300px) 100vw, 300px\" \/><\/a><\/p>\n<p>Das dritte Foto entstand in der Kaserne. Neben meinem Vater ist unter anderem auch der Ehemann meiner sp\u00e4teren Patentante abgebildet, welcher bis zu seiner Pensionierung bei der US-Schutzmacht t\u00e4tig war. Mein Vater hingegen hat alsbald einen anderen Beruf ergriffen. Das Milit\u00e4r war nichts f\u00fcr ihn.<\/p>\n<p style=\"text-align: center;\"><a href=\"https:\/\/forst-grunewald.de\/wp-content\/uploads\/1954-Schwarze-Garde-Gerber-3-klein.jpg\" target=\"_blank\" rel=\"noopener noreferrer\"><img loading=\"lazy\" decoding=\"async\" class=\"aligncenter size-medium wp-image-5329\" style=\"border: 1px solid black;\" src=\"https:\/\/forst-grunewald.de\/wp-content\/uploads\/1954-Schwarze-Garde-Gerber-3-klein-300x248.jpg\" alt=\"1954 Schwarze Garde - Gerber - 3 klein\" width=\"300\" height=\"248\" srcset=\"https:\/\/forst-grunewald.de\/wp-content\/uploads\/1954-Schwarze-Garde-Gerber-3-klein-300x248.jpg 300w, https:\/\/forst-grunewald.de\/wp-content\/uploads\/1954-Schwarze-Garde-Gerber-3-klein-150x124.jpg 150w, https:\/\/forst-grunewald.de\/wp-content\/uploads\/1954-Schwarze-Garde-Gerber-3-klein-1024x849.jpg 1024w, https:\/\/forst-grunewald.de\/wp-content\/uploads\/1954-Schwarze-Garde-Gerber-3-klein-400x331.jpg 400w, https:\/\/forst-grunewald.de\/wp-content\/uploads\/1954-Schwarze-Garde-Gerber-3-klein.jpg 1085w\" sizes=\"auto, (max-width: 300px) 100vw, 300px\" \/><\/a><\/p>\n<p>Urspr\u00fcnglich hatte er \u00fcbrigens einmal auf dem Flughafen Staaken bei der Lufthansa Flugzeugmechaniker gelernt und die Lehrpr\u00fcfung auch bestanden. Allerdings hat er kein Lehrabschlusszeugnis erhalten, weil die Russen in Anmarsch waren und alle Ausbilder fliehen mussten. Damals wurden auf dem Flugplatz Berlin-Staaken auch die ersten <a href=\"http:\/\/de.wikipedia.org\/wiki\/Messerschmitt_Me_262\" target=\"_blank\" rel=\"noopener noreferrer\">deutschen D\u00fcsenflugzeuge<\/a> gewartet, wie er mir erz\u00e4hlt hatte.<\/p>\n<p>&nbsp;<\/p>\n","protected":false},"excerpt":{"rendered":"<p>Anfang der 50iger Jahre war mein damals noch ziemlich junger Vater (an mir war damals noch nicht zu denken) in Berlin-Lichterfelde bei der US Schutzmacht&hellip;<\/p>\n","protected":false},"author":1,"featured_media":0,"parent":5305,"menu_order":0,"comment_status":"closed","ping_status":"closed","template":"template\/full-width.php","meta":{"ngg_post_thumbnail":0,"iawp_total_views":39,"footnotes":""},"class_list":["post-5320","page","type-page","status-publish","hentry"],"_links":{"self":[{"href":"https:\/\/forst-grunewald.de\/index.php?rest_route=\/wp\/v2\/pages\/5320","targetHints":{"allow":["GET"]}}],"collection":[{"href":"https:\/\/forst-grunewald.de\/index.php?rest_route=\/wp\/v2\/pages"}],"about":[{"href":"https:\/\/forst-grunewald.de\/index.php?rest_route=\/wp\/v2\/types\/page"}],"author":[{"embeddable":true,"href":"https:\/\/forst-grunewald.de\/index.php?rest_route=\/wp\/v2\/users\/1"}],"replies":[{"embeddable":true,"href":"https:\/\/forst-grunewald.de\/index.php?rest_route=%2Fwp%2Fv2%2Fcomments&post=5320"}],"version-history":[{"count":11,"href":"https:\/\/forst-grunewald.de\/index.php?rest_route=\/wp\/v2\/pages\/5320\/revisions"}],"predecessor-version":[{"id":41558,"href":"https:\/\/forst-grunewald.de\/index.php?rest_route=\/wp\/v2\/pages\/5320\/revisions\/41558"}],"up":[{"embeddable":true,"href":"https:\/\/forst-grunewald.de\/index.php?rest_route=\/wp\/v2\/pages\/5305"}],"wp:attachment":[{"href":"https:\/\/forst-grunewald.de\/index.php?rest_route=%2Fwp%2Fv2%2Fmedia&parent=5320"}],"curies":[{"name":"wp","href":"https:\/\/api.w.org\/{rel}","templated":true}]}}