{"id":525,"date":"2012-06-02T20:00:37","date_gmt":"2012-06-02T20:00:37","guid":{"rendered":"http:\/\/forst-grunewald.de\/wordpress\/?page_id=525"},"modified":"2024-05-06T07:26:29","modified_gmt":"2024-05-06T06:26:29","slug":"nineveen","status":"publish","type":"page","link":"https:\/\/forst-grunewald.de\/?page_id=525","title":{"rendered":"Nineveen"},"content":{"rendered":"<figure id=\"attachment_5090\" aria-describedby=\"caption-attachment-5090\" style=\"width: 640px\" class=\"wp-caption alignright\"><a href=\"https:\/\/forst-grunewald.de\/wp-content\/uploads\/2011-03-06-CIMG2082-klein.jpg\" target=\"_blank\" rel=\"noopener noreferrer\"><img loading=\"lazy\" decoding=\"async\" class=\"size-large wp-image-5090 \" style=\"border: 1px solid black;\" src=\"https:\/\/forst-grunewald.de\/wp-content\/uploads\/2011-03-06-CIMG2082-klein-1024x768.jpg\" alt=\"2011-03-06 CIMG2082 klein\" width=\"640\" height=\"480\" srcset=\"https:\/\/forst-grunewald.de\/wp-content\/uploads\/2011-03-06-CIMG2082-klein-1024x768.jpg 1024w, https:\/\/forst-grunewald.de\/wp-content\/uploads\/2011-03-06-CIMG2082-klein-150x112.jpg 150w, https:\/\/forst-grunewald.de\/wp-content\/uploads\/2011-03-06-CIMG2082-klein-300x225.jpg 300w, https:\/\/forst-grunewald.de\/wp-content\/uploads\/2011-03-06-CIMG2082-klein-400x300.jpg 400w, https:\/\/forst-grunewald.de\/wp-content\/uploads\/2011-03-06-CIMG2082-klein.jpg 1133w\" sizes=\"auto, (max-width: 640px) 100vw, 640px\" \/><\/a><figcaption id=\"caption-attachment-5090\" class=\"wp-caption-text\">Das &#8222;Nineveen&#8220;, ein eizeitliches T\u00e4lchen mit einem kleinen Moor.<\/figcaption><\/figure>\n<p>Nineveen &#8211; ein weiterer Name eines Ortes, welcher im Lauf der Zeit leider verloren gegangen ist:<\/p>\n<p><strong>Zur Entwicklungsgeschichte des Moores \u201cAlter Hof\u201d<br \/>\nam Havelufer (Berliner Forst D\u00fcppel)<\/strong><br \/>\n<a id=\"Zelle142Link1\" href=\"http:\/\/www.geo.fu-berlin.de\/geog\/fachrichtungen\/physgeog\/mitarbeiter\/mboese\/index.html\" target=\"_blank\" rel=\"noopener noreferrer\">Margot B\u00f6se<\/a> und <a id=\"Zelle142Link2\" href=\"http:\/\/www.oekosys.tu-berlin.de\/menue\/team\/arthur_brande\/\" target=\"_blank\" rel=\"noopener noreferrer\">Arthur Brande<\/a><br \/>\nin Berlin-Forschungen, Herausgegeben von Wolfgang Ribbe,<br \/>\nColloquim Verlag, Berlin 1986<br \/>\nSeiten 40 bis 42 (Schlussfolgerungen):<\/p>\n<p>&#8222;<em>So bleibt f\u00fcr den <a href=\"https:\/\/forst-grunewald.de\/?page_id=515\" target=\"_blank\" rel=\"noopener noreferrer\">Alten Hof<\/a> gegenw\u00e4rtig festzustellen, dass im Hoch- bis Sp\u00e4tmittelalter Anzeichen f\u00fcr eine \u00f6rtliche Waldrodung, Ackerbau und Gr\u00fcnlandnutzung vorliegen &#8230; Da der Alte Hof im Landbuch von 1375 nicht erw\u00e4hnt ist, muss er schon vorher aufgelassen worden sein &#8230; Das kleinere <strong>Nineveen<\/strong>, dessen Namen offenbar noch 1787 an der dortigen Holzablage am Havelufer (Nichte-Ablage) haftete, trat seitdem weniger in Erscheinung und <strong>verlor schlie\u00dflich seinen Namen<\/strong>, w\u00e4hrend am Alten Hof der Name im Laufe der Zeit auf das Moor als auff\u00e4llige geh\u00f6lzfreie Restfl\u00e4che \u00fcberging.<\/em>&#8220;<\/p>\n<p>An dieser Stelle herzlichen Dank an <a id=\"Zelle142Link4\" href=\"http:\/\/www.geo.fu-berlin.de\/geog\/fachrichtungen\/physgeog\/mitarbeiter\/mboese\/index.html\" target=\"_blank\" rel=\"noopener noreferrer\">Frau Prof. Dr. B\u00f6se<\/a> von der FU Berlin, welche mir freundlicherweise eine Fotokopie ihrer Arbeit \u00fcbermittelt hat!<\/p>\n<ul>\n<li>DLRG Wasserrettungsstation <a href=\"http:\/\/www.steglitz-zehlendorf.dlrg.de\/jagen97.php\" target=\"_blank\" rel=\"noopener noreferrer\">Jagen 97<\/a> (Nineveen)<\/li>\n<li>DLRG Wasserrettungsstation Jagen 97 (Nineveen) &#8211; <a href=\"http:\/\/www.steglitz-zehlendorf.dlrg.de\/neubau97.php\" target=\"_blank\" rel=\"noopener noreferrer\">Bautagebuch<\/a><\/li>\n<\/ul>\n<p>&nbsp;<\/p>\nngg_shortcode_0_placeholder\n<p>&nbsp;<\/p>\n","protected":false},"excerpt":{"rendered":"<p>Nineveen &#8211; ein weiterer Name eines Ortes, welcher im Lauf der Zeit leider verloren gegangen ist: Zur Entwicklungsgeschichte des Moores \u201cAlter Hof\u201d am Havelufer (Berliner&hellip;<\/p>\n","protected":false},"author":1,"featured_media":0,"parent":507,"menu_order":0,"comment_status":"closed","ping_status":"closed","template":"template\/full-width.php","meta":{"ngg_post_thumbnail":0,"iawp_total_views":27,"footnotes":""},"class_list":["post-525","page","type-page","status-publish","hentry"],"_links":{"self":[{"href":"https:\/\/forst-grunewald.de\/index.php?rest_route=\/wp\/v2\/pages\/525","targetHints":{"allow":["GET"]}}],"collection":[{"href":"https:\/\/forst-grunewald.de\/index.php?rest_route=\/wp\/v2\/pages"}],"about":[{"href":"https:\/\/forst-grunewald.de\/index.php?rest_route=\/wp\/v2\/types\/page"}],"author":[{"embeddable":true,"href":"https:\/\/forst-grunewald.de\/index.php?rest_route=\/wp\/v2\/users\/1"}],"replies":[{"embeddable":true,"href":"https:\/\/forst-grunewald.de\/index.php?rest_route=%2Fwp%2Fv2%2Fcomments&post=525"}],"version-history":[{"count":20,"href":"https:\/\/forst-grunewald.de\/index.php?rest_route=\/wp\/v2\/pages\/525\/revisions"}],"predecessor-version":[{"id":41504,"href":"https:\/\/forst-grunewald.de\/index.php?rest_route=\/wp\/v2\/pages\/525\/revisions\/41504"}],"up":[{"embeddable":true,"href":"https:\/\/forst-grunewald.de\/index.php?rest_route=\/wp\/v2\/pages\/507"}],"wp:attachment":[{"href":"https:\/\/forst-grunewald.de\/index.php?rest_route=%2Fwp%2Fv2%2Fmedia&parent=525"}],"curies":[{"name":"wp","href":"https:\/\/api.w.org\/{rel}","templated":true}]}}