{"id":5168,"date":"2013-08-31T19:49:52","date_gmt":"2013-08-31T18:49:52","guid":{"rendered":"http:\/\/forst-grunewald.de\/?page_id=5168"},"modified":"2024-06-25T15:09:27","modified_gmt":"2024-06-25T14:09:27","slug":"havelhoehenweg","status":"publish","type":"page","link":"https:\/\/forst-grunewald.de\/?page_id=5168","title":{"rendered":"Havelh\u00f6henweg"},"content":{"rendered":"<figure id=\"attachment_5175\" aria-describedby=\"caption-attachment-5175\" style=\"width: 512px\" class=\"wp-caption alignright\"><a href=\"https:\/\/forst-grunewald.de\/wp-content\/uploads\/2005-11-27-CIMG5675-klein-breit.jpg\" target=\"_blank\" rel=\"noopener noreferrer\"><img loading=\"lazy\" decoding=\"async\" class=\" wp-image-5175 \" style=\"border: 1px solid black;\" src=\"https:\/\/forst-grunewald.de\/wp-content\/uploads\/2005-11-27-CIMG5675-klein-breit-1024x576.jpg\" alt=\"2005-11-27 CIMG5675 klein breit\" width=\"512\" height=\"288\" srcset=\"https:\/\/forst-grunewald.de\/wp-content\/uploads\/2005-11-27-CIMG5675-klein-breit-1024x576.jpg 1024w, https:\/\/forst-grunewald.de\/wp-content\/uploads\/2005-11-27-CIMG5675-klein-breit-150x84.jpg 150w, https:\/\/forst-grunewald.de\/wp-content\/uploads\/2005-11-27-CIMG5675-klein-breit-300x168.jpg 300w, https:\/\/forst-grunewald.de\/wp-content\/uploads\/2005-11-27-CIMG5675-klein-breit-400x225.jpg 400w, https:\/\/forst-grunewald.de\/wp-content\/uploads\/2005-11-27-CIMG5675-klein-breit.jpg 1333w\" sizes=\"auto, (max-width: 512px) 100vw, 512px\" \/><\/a><figcaption id=\"caption-attachment-5175\" class=\"wp-caption-text\">Havelh\u00f6henweg bei Lindwerder\/Havelberg, im Hintergrund der Grunewaldturm auf dem Karlsberg<\/figcaption><\/figure>\n<p style=\"text-align: justify;\">Der Havelh\u00f6henweg verl\u00e4uft auf dem Steilhang am westlichen Ufer der Berliner Unterhavel entlang.<\/p>\n<p style=\"text-align: justify;\">Er beginnt<\/p>\n<ul style=\"text-align: justify;\">\n<li>im Norden am <a href=\"https:\/\/forst-grunewald.de\/?page_id=4060\" target=\"_blank\" rel=\"noopener noreferrer\">Pichelswerder<\/a> bei den <a href=\"https:\/\/forst-grunewald.de\/?page_id=5053\" target=\"_blank\" rel=\"noopener noreferrer\">Tiefwerder Wiesen<\/a> \/ Murellenschlucht \/ <a href=\"https:\/\/forst-grunewald.de\/?page_id=4498\" target=\"_blank\" rel=\"noopener noreferrer\">Judenberg<\/a> \/ <a href=\"https:\/\/forst-grunewald.de\/?page_id=4659\" target=\"_blank\" rel=\"noopener noreferrer\">Pichelsberge<\/a> \/<a href=\"https:\/\/forst-grunewald.de\/?page_id=4432\" target=\"_blank\" rel=\"noopener noreferrer\">St\u00f6\u00dfensee <\/a><\/li>\n<li>verl\u00e4uft \u00fcber <a href=\"https:\/\/forst-grunewald.de\/?page_id=2357\" target=\"_blank\" rel=\"noopener noreferrer\">Schildhorn<\/a>, die <a href=\"https:\/\/forst-grunewald.de\/?page_id=291\" target=\"_blank\" rel=\"noopener noreferrer\">Dachsberge<\/a>, den <a href=\"https:\/\/forst-grunewald.de\/?page_id=1749\" target=\"_blank\" rel=\"noopener noreferrer\">Karlsberg\/Grunewaldturm<\/a>,<br \/>\n<a href=\"https:\/\/forst-grunewald.de\/?page_id=1862\" target=\"_blank\" rel=\"noopener noreferrer\">Lieper Bucht\/Linderwerder<\/a>, den <a href=\"https:\/\/forst-grunewald.de\/?page_id=1893\" target=\"_blank\" rel=\"noopener noreferrer\">Havelberg<\/a> und endet<\/li>\n<li>im S\u00fcden nicht, wie die gute und informative \u00dcbersicht der <a href=\"http:\/\/www.stadtentwicklung.berlin.de\/forsten\/waldspaziergang\/havelhoehenweg\/\" target=\"_blank\" rel=\"noopener noreferrer\">Senatsverwaltung<\/a> zun\u00e4chst vermuten l\u00e4sst, schon am Strandbad Wannsee,<\/li>\n<li>sondern er verl\u00e4uft dann auch an der Steilk\u00fcste des <a href=\"https:\/\/forst-grunewald.de\/?page_id=507\" target=\"_blank\" rel=\"noopener noreferrer\">Forst D\u00fcppel<\/a> \u00fcber Heckeshorn\/Flensburger L\u00f6we, <a href=\"https:\/\/forst-grunewald.de\/?page_id=515\" target=\"_blank\" rel=\"noopener noreferrer\">Alter Hof<\/a>, <a href=\"https:\/\/forst-grunewald.de\/?page_id=525\" target=\"_blank\" rel=\"noopener noreferrer\">Nineveen<\/a>, Pfaueninsel, St. Peter und Paul und Moorlake entlang endet erst am Schlosspark Klein Glienicke, also kurz vor der Glienicker Br\u00fccke.<\/li>\n<\/ul>\n<p style=\"text-align: justify;\">Der Havelh\u00f6henweg ist kein durchg\u00e4ngiger Weg. Vielmehr wird er immer wieder mal von Furchen oder Stra\u00dfen unterbrochen, so dass er aus mehreren mehr oder weniger zusammenh\u00e4ngenden Teilabschnitten besteht. An fast allen Stellen verl\u00e4uft unterhalb der H\u00f6henwegabschnitte (direkt) an der Havel entlang auch ein ebenerdiger Fu\u00dfweg (entweder Wanderweg am Havelufer oder B\u00fcrgersteig).<\/p>\n<p style=\"text-align: justify;\">Von den Steilh\u00e4ngen der Unterhavel aus, bieten sich zahlreiche wundersch\u00f6ne Ausblicke auf den Flussverlauf mit seinen Inseln und Buchten, sowie auf das \u00f6stliche Havelufer.<\/p>\n<p style=\"text-align: justify;\"><strong>Es gibt landschaftlich viele sch\u00f6ne Stellen in Berlin und der Havelh\u00f6henweg geh\u00f6rt sicher mit zu den allersch\u00f6nsten.<\/strong><\/p>\n<p style=\"text-align: justify;\">Wer es etwas leichter mag: Das Gegenst\u00fcck w\u00e4re dann eine Wanderung auf dem Haveluferweg, also der Wanderweg unterhalb des Havelh\u00f6henweges.<\/p>\n<p>&nbsp;<\/p>\nngg_shortcode_0_placeholder\n<p>&nbsp;<\/p>\n<p>&nbsp;<\/p>\n<p>&nbsp;<\/p>\n","protected":false},"excerpt":{"rendered":"<p>Der Havelh\u00f6henweg verl\u00e4uft auf dem Steilhang am westlichen Ufer der Berliner Unterhavel entlang. Er beginnt im Norden am Pichelswerder bei den Tiefwerder Wiesen \/ Murellenschlucht&hellip;<\/p>\n","protected":false},"author":1,"featured_media":0,"parent":0,"menu_order":0,"comment_status":"closed","ping_status":"closed","template":"template-fullwidth.php","meta":{"ngg_post_thumbnail":0,"iawp_total_views":33,"footnotes":""},"class_list":["post-5168","page","type-page","status-publish","hentry"],"_links":{"self":[{"href":"https:\/\/forst-grunewald.de\/index.php?rest_route=\/wp\/v2\/pages\/5168","targetHints":{"allow":["GET"]}}],"collection":[{"href":"https:\/\/forst-grunewald.de\/index.php?rest_route=\/wp\/v2\/pages"}],"about":[{"href":"https:\/\/forst-grunewald.de\/index.php?rest_route=\/wp\/v2\/types\/page"}],"author":[{"embeddable":true,"href":"https:\/\/forst-grunewald.de\/index.php?rest_route=\/wp\/v2\/users\/1"}],"replies":[{"embeddable":true,"href":"https:\/\/forst-grunewald.de\/index.php?rest_route=%2Fwp%2Fv2%2Fcomments&post=5168"}],"version-history":[{"count":14,"href":"https:\/\/forst-grunewald.de\/index.php?rest_route=\/wp\/v2\/pages\/5168\/revisions"}],"predecessor-version":[{"id":41531,"href":"https:\/\/forst-grunewald.de\/index.php?rest_route=\/wp\/v2\/pages\/5168\/revisions\/41531"}],"wp:attachment":[{"href":"https:\/\/forst-grunewald.de\/index.php?rest_route=%2Fwp%2Fv2%2Fmedia&parent=5168"}],"curies":[{"name":"wp","href":"https:\/\/api.w.org\/{rel}","templated":true}]}}