{"id":5133,"date":"2013-08-18T09:28:10","date_gmt":"2013-08-18T08:28:10","guid":{"rendered":"http:\/\/forst-grunewald.de\/?page_id=5133"},"modified":"2024-05-06T07:51:42","modified_gmt":"2024-05-06T06:51:42","slug":"kiesgrube-teufelssee","status":"publish","type":"page","link":"https:\/\/forst-grunewald.de\/?page_id=5133","title":{"rendered":"Kiesgrube Teufelssee"},"content":{"rendered":"<figure id=\"attachment_5135\" aria-describedby=\"caption-attachment-5135\" style=\"width: 640px\" class=\"wp-caption alignright\"><a href=\"https:\/\/forst-grunewald.de\/wp-content\/uploads\/1979-Kiesgrube-Teufelssee-mit-Radaranlage-klein.jpg\" target=\"_blank\" rel=\"noopener noreferrer\"><img loading=\"lazy\" decoding=\"async\" class=\"size-large wp-image-5135\" style=\"border: 1px solid black;\" src=\"https:\/\/forst-grunewald.de\/wp-content\/uploads\/1979-Kiesgrube-Teufelssee-mit-Radaranlage-klein-1024x678.jpg\" alt=\"1979 Kiesgrube Teufelssee mit Radaranlage klein\" width=\"640\" height=\"423\" srcset=\"https:\/\/forst-grunewald.de\/wp-content\/uploads\/1979-Kiesgrube-Teufelssee-mit-Radaranlage-klein-1024x678.jpg 1024w, https:\/\/forst-grunewald.de\/wp-content\/uploads\/1979-Kiesgrube-Teufelssee-mit-Radaranlage-klein-150x99.jpg 150w, https:\/\/forst-grunewald.de\/wp-content\/uploads\/1979-Kiesgrube-Teufelssee-mit-Radaranlage-klein-300x198.jpg 300w, https:\/\/forst-grunewald.de\/wp-content\/uploads\/1979-Kiesgrube-Teufelssee-mit-Radaranlage-klein-400x265.jpg 400w, https:\/\/forst-grunewald.de\/wp-content\/uploads\/1979-Kiesgrube-Teufelssee-mit-Radaranlage-klein.jpg 1283w\" sizes=\"auto, (max-width: 640px) 100vw, 640px\" \/><\/a><figcaption id=\"caption-attachment-5135\" class=\"wp-caption-text\">Eigene Aufnahme 1979<\/figcaption><\/figure>\n<p style=\"text-align: justify;\">Von 1966 bis 1983 wurde die Grube zur Baustoffgewinnung genutzt. Sie ist f\u00fcr uns ein markanter Punkt.<\/p>\n<p style=\"text-align: justify;\">Kommen wir aus dem Wald zur\u00fcck, m\u00fcssen wir an ihrem linken (nord-west) Rand, noch einen kleinen Anstieg bew\u00e4ltigen. F\u00fcr einige ist das, insbesondere nach langen L\u00e4ufen, immer eine kleine Qual. So war ich einmal in einer Laufgruppe, wo ein L\u00e4ufer unbedingt immer einen anderen Weg zur\u00fcck zum Mommsenstadion laufen wollte, eines Tages habe ich dann den Grund erfahren: Er wollte den kleinen Anstieg vermeiden.<\/p>\n<p style=\"text-align: justify;\">Aber ansonsten ist die Grube nat\u00fcrlich ebenfalls ein kleines L\u00e4uferparadies. In ihrer Mitte befindet sich ein kleiner Sandh\u00fcgel (urspr\u00fcnglich 15 Meter hoch, inzwischen aber etwas abgetragen), den wir gelegentlich mehrmals Barfu\u00df \u00fcberqueren und um die Grube herum k\u00f6nnen wir wunderbar Tempoeinheiten laufen. Einziges Manko dort sind die etwas schlecht zu belaufenden fr\u00fcheren Zufahrten, welche nicht ordentlich befestigt sind (Steinschutt) und man dort aufpassen muss, dass man nicht stolpert oder umknickt.<\/p>\n<p style=\"text-align: justify;\">Eine <a href=\"https:\/\/forst-grunewald.de\/?page_id=5139\" target=\"_blank\" rel=\"noopener noreferrer\">weitere ehemalige Kiesgrube<\/a> befindet sich neben dem <a href=\"https:\/\/forst-grunewald.de\/?page_id=1111\" target=\"_blank\" rel=\"noopener noreferrer\">Postfenn<\/a>.<\/p>\n<p>&nbsp;<\/p>\nngg_shortcode_0_placeholder\n<p>&nbsp;<\/p>\n","protected":false},"excerpt":{"rendered":"<p>Von 1966 bis 1983 wurde die Grube zur Baustoffgewinnung genutzt. Sie ist f\u00fcr uns ein markanter Punkt. Kommen wir aus dem Wald zur\u00fcck, m\u00fcssen wir&hellip;<\/p>\n","protected":false},"author":1,"featured_media":0,"parent":0,"menu_order":0,"comment_status":"closed","ping_status":"closed","template":"template\/full-width.php","meta":{"ngg_post_thumbnail":0,"iawp_total_views":158,"footnotes":""},"class_list":["post-5133","page","type-page","status-publish","hentry"],"_links":{"self":[{"href":"https:\/\/forst-grunewald.de\/index.php?rest_route=\/wp\/v2\/pages\/5133","targetHints":{"allow":["GET"]}}],"collection":[{"href":"https:\/\/forst-grunewald.de\/index.php?rest_route=\/wp\/v2\/pages"}],"about":[{"href":"https:\/\/forst-grunewald.de\/index.php?rest_route=\/wp\/v2\/types\/page"}],"author":[{"embeddable":true,"href":"https:\/\/forst-grunewald.de\/index.php?rest_route=\/wp\/v2\/users\/1"}],"replies":[{"embeddable":true,"href":"https:\/\/forst-grunewald.de\/index.php?rest_route=%2Fwp%2Fv2%2Fcomments&post=5133"}],"version-history":[{"count":9,"href":"https:\/\/forst-grunewald.de\/index.php?rest_route=\/wp\/v2\/pages\/5133\/revisions"}],"predecessor-version":[{"id":41546,"href":"https:\/\/forst-grunewald.de\/index.php?rest_route=\/wp\/v2\/pages\/5133\/revisions\/41546"}],"wp:attachment":[{"href":"https:\/\/forst-grunewald.de\/index.php?rest_route=%2Fwp%2Fv2%2Fmedia&parent=5133"}],"curies":[{"name":"wp","href":"https:\/\/api.w.org\/{rel}","templated":true}]}}