{"id":5064,"date":"2013-07-15T22:39:22","date_gmt":"2013-07-15T21:39:22","guid":{"rendered":"http:\/\/forst-grunewald.de\/?page_id=5064"},"modified":"2026-03-28T16:27:14","modified_gmt":"2026-03-28T15:27:14","slug":"rodelbahn","status":"publish","type":"page","link":"https:\/\/forst-grunewald.de\/?page_id=5064","title":{"rendered":"Rodelbahn"},"content":{"rendered":"<p><span style=\"font-family: arial, helvetica, sans-serif; font-size: 12pt;\">Die ehemalige Rodelbahn mit zwei nebeneinanderliegenden Abfahrten wurde nach t\u00f6dlichen Unf\u00e4llen in den 70er Jahren wegen zu gro\u00dfer Gef\u00e4hrlichkeit stillgelegt und dient heute den Mountainbike-Fahrern, welche sich dort noch zahlreiche (provisorische) Hindernisse angelegt haben, als Radikalstrecke.<\/span><\/p>\n<p>&nbsp;<\/p>\n<p><span style=\"font-family: arial, helvetica, sans-serif; font-size: 12pt;\">ngg_shortcode_0_placeholder<\/span><\/p>\n<p>&nbsp;<\/p>\n","protected":false},"excerpt":{"rendered":"<p>Die ehemalige Rodelbahn mit zwei nebeneinanderliegenden Abfahrten wurde nach t\u00f6dlichen Unf\u00e4llen in den 70er Jahren wegen zu gro\u00dfer Gef\u00e4hrlichkeit stillgelegt und dient heute den Mountainbike-Fahrern,&hellip;<\/p>\n","protected":false},"author":1,"featured_media":0,"parent":3776,"menu_order":0,"comment_status":"closed","ping_status":"closed","template":"","meta":{"ngg_post_thumbnail":0,"iawp_total_views":209,"footnotes":""},"class_list":["post-5064","page","type-page","status-publish","hentry"],"_links":{"self":[{"href":"https:\/\/forst-grunewald.de\/index.php?rest_route=\/wp\/v2\/pages\/5064","targetHints":{"allow":["GET"]}}],"collection":[{"href":"https:\/\/forst-grunewald.de\/index.php?rest_route=\/wp\/v2\/pages"}],"about":[{"href":"https:\/\/forst-grunewald.de\/index.php?rest_route=\/wp\/v2\/types\/page"}],"author":[{"embeddable":true,"href":"https:\/\/forst-grunewald.de\/index.php?rest_route=\/wp\/v2\/users\/1"}],"replies":[{"embeddable":true,"href":"https:\/\/forst-grunewald.de\/index.php?rest_route=%2Fwp%2Fv2%2Fcomments&post=5064"}],"version-history":[{"count":5,"href":"https:\/\/forst-grunewald.de\/index.php?rest_route=\/wp\/v2\/pages\/5064\/revisions"}],"predecessor-version":[{"id":44019,"href":"https:\/\/forst-grunewald.de\/index.php?rest_route=\/wp\/v2\/pages\/5064\/revisions\/44019"}],"up":[{"embeddable":true,"href":"https:\/\/forst-grunewald.de\/index.php?rest_route=\/wp\/v2\/pages\/3776"}],"wp:attachment":[{"href":"https:\/\/forst-grunewald.de\/index.php?rest_route=%2Fwp%2Fv2%2Fmedia&parent=5064"}],"curies":[{"name":"wp","href":"https:\/\/api.w.org\/{rel}","templated":true}]}}