{"id":4922,"date":"2013-07-13T21:51:58","date_gmt":"2013-07-13T20:51:58","guid":{"rendered":"http:\/\/forst-grunewald.de\/?page_id=4922"},"modified":"2024-05-06T07:47:35","modified_gmt":"2024-05-06T06:47:35","slug":"literatur","status":"publish","type":"page","link":"https:\/\/forst-grunewald.de\/?page_id=4922","title":{"rendered":"Literatur"},"content":{"rendered":"<p style=\"text-align: justify;\">Neben einer obligatorischen <a href=\"http:\/\/www.spsg.de\/index.php?id=c9c7bb259fb214ec95390017f0000011\" target=\"_blank\" rel=\"noopener\">Schlossbesichtigung<\/a> gibt es mehrere M\u00f6glichkeiten, um sich \u00fcber das Schloss, seine Geschichte und die dortige Gem\u00e4ldesammlung zu informieren.<\/p>\n<p style=\"text-align: justify;\">Standardwerke sind die offiziellen Schlossf\u00fchrer, welche allesamt in einem \u00e4hnlichen Layout erschienen sind:<\/p>\n<ul style=\"text-align: justify;\">\n<li>1933 von <a href=\"http:\/\/de.wikipedia.org\/wiki\/Georg_Poensgen\" target=\"_blank\" rel=\"noopener\">Dr. Georg Poensgen<\/a>,<\/li>\n<li>1949 und 1960 von <a href=\"http:\/\/de.wikipedia.org\/wiki\/Margarete_K%C3%BChn_%28Kunsthistorikerin%29\" target=\"_blank\" rel=\"noopener\">Dr.&nbsp; Margarete K\u00fchn<\/a><\/li>\n<li>und in mehreren Auflagen, zuletzt 1997,&nbsp; \u201c<a href=\"http:\/\/www.amazon.de\/s\/ref=nb_sb_noss?__mk_de_DE=%C3%85M%C3%85Z%C3%95%C3%91&amp;url=search-alias%3Dstripbooks&amp;field-keywords=HELMUT+B%C3%96RSCH-SUPAN+Jagdschloss&amp;rh=n%3A186606%2Ck%3AHELMUT+B%C3%96RSCH-SUPAN+Jagdschloss&amp;ajr=1#\/ref=nb_sb_noss?__mk_de_DE=%C3%85M%C3%85Z%C3%95%C3%91&amp;url=search-alias%3Dstripbooks&amp;field-keywords=HELMUT+B%C3%96RSCH-SUPAN+Jagdschloss+Grunewald&amp;rh=n%3A186606%2Ck%3AHELMUT+B%C3%96RSCH-SUPAN+Jagdschloss+Grunewald\" target=\"_blank\" rel=\"noopener\">Jagdschloss Grunewald<\/a>\u201d von <a href=\"http:\/\/de.wikipedia.org\/wiki\/Helmut_B%C3%B6rsch-Supan\" target=\"_blank\" rel=\"noopener\">Helmut B\u00f6rsch-Supan<\/a>.<\/li>\n<\/ul>\n<p style=\"text-align: justify;\">Anl\u00e4sslich einer Schlossf\u00fchrung am 23.01.2013 habe ich mich erkundigt, ob es noch einen neueres Werk gibt, was aber nicht der Fall ist. Allerdings habe ich im Internet von einer <a href=\"http:\/\/www.amazon.de\/Jagdschloss-Grunewald-Stiftung-Preu%C3%9Fische-Berlin-Brandenburg\/dp\/3422040331\/ref=sr_1_26?ie=UTF8&amp;qid=1359296630&amp;sr=8-26\" target=\"_blank\" rel=\"noopener\">angek\u00fcndigten Neuver\u00f6ffentlichung<\/a> erfahren.<\/p>\n<p style=\"text-align: justify;\">Dar\u00fcber hinaus ist mir \u00fcber ein Antiquariat am 30.01.2013 noch das Begleitbuch (1. Aufs\u00e4tze) zur Ausstellung im Jagdschloss Grunewald anl\u00e4sslich der 450 Jahrfeier des Schlosses aus dem Jahr 1992, welches in drei Hefte erschiene ist, in die H\u00e4nde gefallen. Es handelt sich um ein hochinteressantes Werk. Dort wird auch noch auf zahlreiche andere Werke verwiesen.<\/p>\n<table style=\"border-collapse: collapse; width: 100%;\">\n<tbody>\n<tr>\n<td style=\"width: 33.3333%; text-align: left; vertical-align: top;\"><img loading=\"lazy\" decoding=\"async\" class=\"alignnone size-full\" src=\"https:\/\/forst-grunewald.de\/wp-content\/uploads\/1890-Siegmar-Graf-Dohna-Kurfuerstliche-Schloesser-Band-1-DSC04012-klein.jpg\" width=\"657\" height=\"800\"><\/td>\n<td style=\"width: 33.3333%; text-align: left; vertical-align: top;\"><img loading=\"lazy\" decoding=\"async\" class=\"alignnone size-full\" src=\"https:\/\/forst-grunewald.de\/wp-content\/uploads\/1981-B%C3%B6rsch-Supan-Jagdschloss-Grunewald.jpg\" width=\"700\" height=\"970\"><\/td>\n<td style=\"width: 33.3333%; text-align: left; vertical-align: top;\"><img loading=\"lazy\" decoding=\"async\" class=\"alignnone size-full\" src=\"https:\/\/forst-grunewald.de\/wp-content\/uploads\/1992-450-Jahre-Jagdschloss-Grunewald.jpg\" width=\"800\" height=\"918\"><\/td>\n<\/tr>\n<\/tbody>\n<\/table>\n<p style=\"text-align: justify;\">Ein neueres Werk ist das Buch \u201c<a href=\"http:\/\/www.ebay.de\/sch\/i.html?_nkw=Skandal+im+Jagdschloss+Grunewald&amp;_sacat=0&amp;_odkw=Skandal+im+Jagdschloss+Grunewald&amp;_osacat=0&amp;_from=R40\" target=\"_blank\" rel=\"noopener\">Skandal im Jagdschloss Grunewald<\/a>\u201d von <a href=\"http:\/\/de.wikipedia.org\/wiki\/Wolfgang_Wippermann\" target=\"_blank\" rel=\"noopener\">Wolfgang Wippermann<\/a> aus dem Jahre 2012, welches ich selbst aber noch nicht gelesen habe.<\/p>\n<p style=\"text-align: justify;\">Sehr lesenswert sind aber auch die Beschreibungen der allgemeinen Grunewaldwanderf\u00fchrer aus den Jahren<\/p>\n<ul style=\"text-align: justify;\">\n<li><a href=\"https:\/\/forst-grunewald.de\/?page_id=361\" target=\"_blank\" rel=\"noopener\">Fontane<\/a> 1894,<\/li>\n<li><a href=\"https:\/\/forst-grunewald.de\/?page_id=676\" target=\"_blank\" rel=\"noopener\">Berdrow<\/a> 1902 und<\/li>\n<li><a href=\"https:\/\/forst-grunewald.de\/?page_id=361\" target=\"_blank\" rel=\"noopener\">Wolter, Sommer, Klotz<\/a> 1927,<\/li>\n<\/ul>\n<p style=\"text-align: justify;\">welche ich hier auf meinen Seiten zum (Jagdschloss) Grunewald fast vollabschriftlich wiedergegeben habe.<\/p>\n<p style=\"text-align: justify;\">Dazu kommt dann noch das Werk Kurf\u00fcrstliche Schl\u00f6sser in der Mark Brandenburg, Band 1, Grunewald, Oranienburg, Sch\u00f6nhausen von <a href=\"http:\/\/de.wikipedia.org\/wiki\/Dohna_%28Adelsgeschlecht%29\" target=\"_blank\" rel=\"noopener\">Siegmar Graf zu Dohna<\/a>, welches 1890 erschienen ist.<\/p>\n<p style=\"text-align: justify;\">Au\u00dferdem das Werk \u201c<a href=\"https:\/\/forst-grunewald.de\/wp-content\/uploads\/1925-Backschat-Friedrich-Neues-zur-Baugeschichte-Jagdschloss-Grunewald-DSC04161a.jpg\" target=\"_blank\" rel=\"noopener\">Neues zur Baugeschichte des Jagdschlosses Grunewald<\/a>\u201d von&nbsp;<a href=\"http:\/\/www.google.de\/#hl=de&amp;tbo=d&amp;output=search&amp;sclient=psy-ab&amp;q=Friedrich+Backschat&amp;oq=Friedrich+Backschat&amp;gs_l=hp.12..0i30.2241.2241.0.3155.1.1.0.0.0.0.150.150.0j1.1.0...0.0...1c.TFe_Q-v_aaw&amp;pbx=1&amp;bav=on.2,or.r_gc.r_pw.r_qf.&amp;bvm=bv.41642243,d.Yms&amp;fp=b1a753a3b01c2e61&amp;biw=1680&amp;bih=881\" target=\"_blank\" rel=\"noopener\">Friedrich Backschat<\/a>, welchem 1916\/25 die Entdeckung zuzurechnen ist, dass das Jagdschloss Grunewald urspr\u00fcnglich einmal ein Wasserschloss war.<\/p>\n<p>&nbsp;<\/p>\n","protected":false},"excerpt":{"rendered":"<p>Neben einer obligatorischen Schlossbesichtigung gibt es mehrere M\u00f6glichkeiten, um sich \u00fcber das Schloss, seine Geschichte und die dortige Gem\u00e4ldesammlung zu informieren. Standardwerke sind die offiziellen&hellip;<\/p>\n","protected":false},"author":1,"featured_media":0,"parent":4895,"menu_order":0,"comment_status":"closed","ping_status":"closed","template":"template\/full-width.php","meta":{"ngg_post_thumbnail":0,"iawp_total_views":8,"footnotes":""},"class_list":["post-4922","page","type-page","status-publish","hentry"],"_links":{"self":[{"href":"https:\/\/forst-grunewald.de\/index.php?rest_route=\/wp\/v2\/pages\/4922","targetHints":{"allow":["GET"]}}],"collection":[{"href":"https:\/\/forst-grunewald.de\/index.php?rest_route=\/wp\/v2\/pages"}],"about":[{"href":"https:\/\/forst-grunewald.de\/index.php?rest_route=\/wp\/v2\/types\/page"}],"author":[{"embeddable":true,"href":"https:\/\/forst-grunewald.de\/index.php?rest_route=\/wp\/v2\/users\/1"}],"replies":[{"embeddable":true,"href":"https:\/\/forst-grunewald.de\/index.php?rest_route=%2Fwp%2Fv2%2Fcomments&post=4922"}],"version-history":[{"count":25,"href":"https:\/\/forst-grunewald.de\/index.php?rest_route=\/wp\/v2\/pages\/4922\/revisions"}],"predecessor-version":[{"id":41540,"href":"https:\/\/forst-grunewald.de\/index.php?rest_route=\/wp\/v2\/pages\/4922\/revisions\/41540"}],"up":[{"embeddable":true,"href":"https:\/\/forst-grunewald.de\/index.php?rest_route=\/wp\/v2\/pages\/4895"}],"wp:attachment":[{"href":"https:\/\/forst-grunewald.de\/index.php?rest_route=%2Fwp%2Fv2%2Fmedia&parent=4922"}],"curies":[{"name":"wp","href":"https:\/\/api.w.org\/{rel}","templated":true}]}}