{"id":4920,"date":"2013-07-13T21:50:26","date_gmt":"2013-07-13T20:50:26","guid":{"rendered":"http:\/\/forst-grunewald.de\/?page_id=4920"},"modified":"2024-05-06T07:47:28","modified_gmt":"2024-05-06T06:47:28","slug":"vorgangerbau","status":"publish","type":"page","link":"https:\/\/forst-grunewald.de\/?page_id=4920","title":{"rendered":"Vorg\u00e4ngerbau"},"content":{"rendered":"<p style=\"text-align: justify;\"><strong>Befand sich vor dem Bau des Jagdschloss dort ein \u00e4lteres Geb\u00e4ude?<\/strong><\/p>\n<p style=\"text-align: justify;\"><a href=\"https:\/\/forst-grunewald.de\/?page_id=676\" target=\"_blank\" rel=\"noopener\">Berdrow<\/a> f\u00fchrt 1902 auf Seite 73 dazu folgendes aus:<\/p>\n<blockquote>\n<p style=\"text-align: justify;\"><a href=\"https:\/\/forst-grunewald.de\/wp-content\/uploads\/1920-2012-Jagdschloss-Grunewald-Kapellenartiger-Raum.jpg\"><img loading=\"lazy\" decoding=\"async\" class=\"alignright \" src=\"https:\/\/forst-grunewald.de\/wp-content\/uploads\/1920-2012-Jagdschloss-Grunewald-Kapellenartiger-Raum.jpg\" width=\"446\" height=\"162\"><\/a>\u201cEtwas sonderbar erscheint diese Wahl insofern, als an dem feuchten, moorigen Seerande ohne starke, tiefgehende <a href=\"https:\/\/de.wikipedia.org\/wiki\/Pfahlrost\" target=\"_blank\" rel=\"noopener\">Pfahlroste<\/a> wohl kaum gebaut werden konnte. H\u00e4tte sich hundert Schritte landeinw\u00e4rtes auf luftiger Waldh\u00f6he ein solches Haus nicht viel leichter und mit geringeren Kosten errichten lassen? Man hat daher nach den Gr\u00fcnden gesucht, die den F\u00fcrsten und seinen Baumeister veranla\u00dft haben, das Jagdschlo\u00df auf dem tiefgelegenen unsicheren Terrain aufzuf\u00fchren, und es ist vermutet worden, da\u00df an dieser Stelle die Fundamente eines \u00e4lteren&nbsp; Bauwerkes vorlagen, deren Benutzung die Errichtung des Thei\u00df\u2019schen Baues erleichterte. Beweise daf\u00fcr giebt es freilich nicht, falls man nicht annehmen will, da\u00df ein neben dem n\u00f6rdlichen Hofthor gelegener <a href=\"https:\/\/forst-grunewald.de\/wp-content\/gallery\/grunewaldseen-grunewaldsee-jagdschloss-grunewald\/2012-12-30-grunewaldsee-jagdschloss-paulsborn-035-klein.jpg\" target=\"_blank\" rel=\"noopener\">kapellenartiger Raum<\/a>, dessen rundbogiges Kreuzgew\u00f6lbe auf einer S\u00e4ule ruht, ein Rest des \u00e4lteren Baues ist.\u201d<\/p>\n<\/blockquote>\n<p style=\"text-align: justify;\">B\u00f6rsch-Suphan schrieb 1981\/97 auf Seite 7:<\/p>\n<blockquote>\n<p style=\"text-align: justify;\">\u201cVermutungen, da\u00df bereits eine \u00e4ltere Gr\u00fcndung an dieser Stelle vorhanden war, eine Kapelle zumindest, die durch das sp\u00e4tere K\u00fcchengeb\u00e4ude neben der \u00f6stlichen Durchfahrt ersetzt wurde, lassen sich nach dem heutigen Stand der Bauuntersuchungen weder st\u00fctzen noch widerlegen. Ein kleines Sandsteinportal in gotischer Formen an diesem K\u00fcchengeb\u00e4ude kann, da es in der Form sp\u00e4ter ver\u00e4ndert worden ist, Baumaterial von einem entfernter gelegenen Geb\u00e4ude gewesen sein.\u201c<\/p>\n<\/blockquote>\n<p style=\"text-align: justify;\">1992, <a href=\"https:\/\/forst-grunewald.de\/wp-content\/uploads\/1992-450-Jahre-Jagdschloss-Grunewald.jpg\" target=\"_blank\" rel=\"noopener\">450 Jahre Jagdschloss Grunewald<\/a>, Seiten 21\/22 \u2013 Neue Erkenntnisse bringt dort ein Aufsatz von Hartwig Schmidt:<\/p>\n<blockquote>\n<p style=\"text-align: justify;\"><a href=\"https:\/\/forst-grunewald.de\/wp-content\/uploads\/2013-01-27-Jagdschloss-Grunewald-Schlossf%C3%BChrung-153-klein.jpg\"><img loading=\"lazy\" decoding=\"async\" class=\"alignright \" src=\"https:\/\/forst-grunewald.de\/wp-content\/uploads\/2013-01-27-Jagdschloss-Grunewald-Schlossf%C3%BChrung-153-klein.jpg\" width=\"389\" height=\"292\"><\/a>\u201cDas aus der Umfassungsmauer herausragende K\u00fcchengeb\u00e4ude hat auf Grund seines schmaleren r\u00fcckw\u00e4rtigen Anbaus mit einem Kreuzrippengew\u00f6lbe seit jeher Anla\u00df zu Spekulationen \u00fcber Baualter und Nutzung gegeben. In den Ver\u00f6ffentlichungen des 19. Jahrhunderts wird es oft als mittelalterliche Kapelle bezeichnet, wobei dann unklar bleibt, welchem Zweck die Kapelle gedient haben soll. Erst die 1975 von Martin Fricke durchgef\u00fchrten Bauuntersuchungen haben Klarheit \u00fcber die komplizierte Baugeschichte dieses Geb\u00e4udes erbracht. So hat an dieser Stelle vor 1542 wahrscheinlich ein kleines Jagdhaus (?) derer von Spiel gestanden, von dem sich aber au\u00dfer einem Lehmestrich und den Fundamenten wenig erhalten hat. Auf diesem Fundament wurde 1542\/43 das K\u00fcchengeb\u00e4ude errichtet mit einem Eiskeller zur Lagerung des erlegten Wildes. Durch einen r\u00fcckw\u00e4rtigen Anbau wurde das K\u00fcchengeb\u00e4ude vergr\u00f6\u00dfert. Der Fu\u00dfboden bestand aus Ziegeln, die Decken waren wegen der Brandgefahr mit einem massiven Gew\u00f6lbe \u00fcberdeckt und der gro\u00dfe Raum mit einer doppelten Arkade (wie in der Gro\u00dfen Holzstube) zu einem Vorraum hin ge\u00f6ffnet. Das Gew\u00f6lbe ersetzte eine flache Holzbalkendecke, von der sich die Auflager erhalten haben. Der Eingang befand sich auf der s\u00fcd\u00f6stlichen Seite direkt neben der Umfassungsmauer. Das Gew\u00e4nde dieser T\u00fcr hat sich mit den Spuren sp\u00e4terer Umbauten erhalten.\u201c<\/p>\n<\/blockquote>\n<p>&nbsp;<\/p>\n","protected":false},"excerpt":{"rendered":"<p>Befand sich vor dem Bau des Jagdschloss dort ein \u00e4lteres Geb\u00e4ude? Berdrow f\u00fchrt 1902 auf Seite 73 dazu folgendes aus: \u201cEtwas sonderbar erscheint diese Wahl&hellip;<\/p>\n","protected":false},"author":1,"featured_media":0,"parent":4895,"menu_order":0,"comment_status":"closed","ping_status":"closed","template":"template\/full-width.php","meta":{"ngg_post_thumbnail":0,"iawp_total_views":7,"footnotes":""},"class_list":["post-4920","page","type-page","status-publish","hentry"],"_links":{"self":[{"href":"https:\/\/forst-grunewald.de\/index.php?rest_route=\/wp\/v2\/pages\/4920","targetHints":{"allow":["GET"]}}],"collection":[{"href":"https:\/\/forst-grunewald.de\/index.php?rest_route=\/wp\/v2\/pages"}],"about":[{"href":"https:\/\/forst-grunewald.de\/index.php?rest_route=\/wp\/v2\/types\/page"}],"author":[{"embeddable":true,"href":"https:\/\/forst-grunewald.de\/index.php?rest_route=\/wp\/v2\/users\/1"}],"replies":[{"embeddable":true,"href":"https:\/\/forst-grunewald.de\/index.php?rest_route=%2Fwp%2Fv2%2Fcomments&post=4920"}],"version-history":[{"count":25,"href":"https:\/\/forst-grunewald.de\/index.php?rest_route=\/wp\/v2\/pages\/4920\/revisions"}],"predecessor-version":[{"id":41539,"href":"https:\/\/forst-grunewald.de\/index.php?rest_route=\/wp\/v2\/pages\/4920\/revisions\/41539"}],"up":[{"embeddable":true,"href":"https:\/\/forst-grunewald.de\/index.php?rest_route=\/wp\/v2\/pages\/4895"}],"wp:attachment":[{"href":"https:\/\/forst-grunewald.de\/index.php?rest_route=%2Fwp%2Fv2%2Fmedia&parent=4920"}],"curies":[{"name":"wp","href":"https:\/\/api.w.org\/{rel}","templated":true}]}}