{"id":4918,"date":"2013-07-13T21:46:40","date_gmt":"2013-07-13T20:46:40","guid":{"rendered":"http:\/\/forst-grunewald.de\/?page_id=4918"},"modified":"2024-05-06T07:47:42","modified_gmt":"2024-05-06T06:47:42","slug":"eirene-und-victoria","status":"publish","type":"page","link":"https:\/\/forst-grunewald.de\/?page_id=4918","title":{"rendered":"Eirene und Victoria"},"content":{"rendered":"<p><strong>Aus der Friedensg\u00f6ttin Eirene wurde die Siegesg\u00f6ttin Victoria<\/strong><\/p>\n<p><a href=\"https:\/\/forst-grunewald.de\/?page_id=361\" target=\"_blank\" rel=\"noopener\">Fontane<\/a> schrieb 1894:<\/p>\n<blockquote><p>\u201cAn das Jagdschlo\u00df Grunewald kn\u00fcpft sich auch noch die Erinnerung an eine interessante Begebenheit aus dem Ende der <a href=\"http:\/\/de.wikipedia.org\/wiki\/Befreiungskriege\" target=\"_blank\" rel=\"noopener\">Freiheitskriege<\/a> und zwar insofern, als hier die einzelnen Theile der aus Paris zur\u00fcckgebrachten <a href=\"http:\/\/www.luise-berlin.de\/bms\/bmstxt01\/0103gesf.htm\" target=\"_blank\" rel=\"noopener\">Quadriga<\/a> vom Brandenburger Tor, kurz vor dem Einzuge der Verb\u00fcndeten in Berlin, zusammengesetzt worden sind.\u201d<\/p><\/blockquote>\n<p>Und <a href=\"https:\/\/forst-grunewald.de\/sitemap\/literatur-links\/berdrow-hermann\/\" target=\"_blank\" rel=\"noopener\">Berdrow<\/a> erg\u00e4nzt auch hier 1902:<\/p>\n<blockquote><p>\u201cIm Jahre 1814 nahm eine andere \u201chohe Frau\u201d die Gastfreundschaft des Grunewaldschlosses auf kurze Zeit in Anspruch. Nachdem <a href=\"http:\/\/de.wikipedia.org\/wiki\/Gebhard_Leberecht_von_Bl%C3%BCcher\" target=\"_blank\" rel=\"noopener\">Bl\u00fccher<\/a> die von den Franzosen aus Berlin entf\u00fchrte <a href=\"http:\/\/de.wikipedia.org\/wiki\/Victoria_%28Mythologie%29\" target=\"_blank\" rel=\"noopener\">Victoria<\/a> zu Paris entdeckt und reklamiert hatte, kehrte mit den Siegern auch die G\u00f6ttin in ihre Heimat zur\u00fcck. Von D\u00fcsseldorf aus, wo sie unter Glockengel\u00e4ut und Kanonendonner feierlichen Einzug gehalten, wurde sie im Triumphzuge \u00fcber Hannover und Braunschweig nach dem Werder bei Potsdam gebracht. Von hier siedelte sie auf kurze Zeit in das Haus \u201cZum gr\u00fcnen Wald\u201d \u00fcber. Am 15. Juni hielt sie dodan ihren Einzug in Berlin, um hier von der H\u00f6he des Brandenburger Thores aus die heimkehrenden Truppen zu begr\u00fc\u00dfen. Die Gaben, welche das jubelnde Volk ihr auf ihrem Triumphzuge durch Preu\u00dfen dargebracht \u2013 Blumen, Kr\u00e4nze, Schleifen mit Inschriften \u2013 bildeten noch Jahre hindurch einen erhebenden Schmuck der R\u00e4ume des Jagdschlosses.\u201c<\/p><\/blockquote>\n<p>Auf einer der Terrakottatafeln am Roten Rathaus in Berlin wird gezeigt, wie die Quadriga auf Rollen in Richtung Berlin gezogen wird. In Wirklichkeit kam das Bildwerk, in 15 Kisten verpackt, mit sechs schweren Frachtwagen nach Berlin zur\u00fcck. Auch etwas in Vergessenheit geraten ist, dass auf der Quadriga urspr\u00fcnglich die <a href=\"http:\/\/de.wikipedia.org\/wiki\/Eirene_%28Friedensg%C3%B6ttin%29\" target=\"_blank\" rel=\"noopener\">Friedensg\u00f6ttin Eirene<\/a> dargestellt war, durch Montage des von <a href=\"http:\/\/de.wikipedia.org\/wiki\/Friedrich_Wilhelm_III._%28Preu%C3%9Fen%29\" target=\"_blank\" rel=\"noopener\">Friedrich Wilhelm III<\/a>. 1813 gestifteten und von <a href=\"http:\/\/de.wikipedia.org\/wiki\/Karl_Friedrich_Schinkel\" target=\"_blank\" rel=\"noopener\">Karl Friedrich Schinkel<\/a> gestalteten Eisernen Kreuzes nach den siegreichen <a href=\"http:\/\/de.wikipedia.org\/wiki\/Befreiungskriege\" target=\"_blank\" rel=\"noopener\">Befreiungskriegen<\/a>, wurde sie jedoch in eine Victoria verwandelt (<a href=\"http:\/\/www.luise-berlin.de\/bms\/bmstxt01\/0103gesf.htm\" target=\"_blank\" rel=\"noopener\">Edition Luisenstadt 2001<\/a>). So leicht geht das \u2013 h\u00e4tte man sich das mal lieber erspart und w\u00e4re bei der Friedensg\u00f6ttin geblieben!<\/p>\n<p>Ansonsten gibt es noch einen Ort im Grunewald, der mit den Befreiungskriegen in Beziehung steht, n\u00e4mlich die zwischen dem <a href=\"https:\/\/forst-grunewald.de\/?page_id=1111\" target=\"_blank\" rel=\"noopener\">Postfenn<\/a> und dem <a href=\"https:\/\/forst-grunewald.de\/?page_id=1280\" target=\"_blank\" rel=\"noopener\">Torfgraben<\/a> gelegene <a href=\"https:\/\/forst-grunewald.de\/?page_id=1267\" target=\"_blank\" rel=\"noopener\">Russenbr\u00fccke<\/a>.<\/p>\n<p>&nbsp;<\/p>\n","protected":false},"excerpt":{"rendered":"<p>Aus der Friedensg\u00f6ttin Eirene wurde die Siegesg\u00f6ttin Victoria Fontane schrieb 1894: \u201cAn das Jagdschlo\u00df Grunewald kn\u00fcpft sich auch noch die Erinnerung an eine interessante Begebenheit&hellip;<\/p>\n","protected":false},"author":1,"featured_media":0,"parent":4895,"menu_order":0,"comment_status":"closed","ping_status":"closed","template":"template\/full-width.php","meta":{"ngg_post_thumbnail":0,"iawp_total_views":24,"footnotes":""},"class_list":["post-4918","page","type-page","status-publish","hentry"],"_links":{"self":[{"href":"https:\/\/forst-grunewald.de\/index.php?rest_route=\/wp\/v2\/pages\/4918","targetHints":{"allow":["GET"]}}],"collection":[{"href":"https:\/\/forst-grunewald.de\/index.php?rest_route=\/wp\/v2\/pages"}],"about":[{"href":"https:\/\/forst-grunewald.de\/index.php?rest_route=\/wp\/v2\/types\/page"}],"author":[{"embeddable":true,"href":"https:\/\/forst-grunewald.de\/index.php?rest_route=\/wp\/v2\/users\/1"}],"replies":[{"embeddable":true,"href":"https:\/\/forst-grunewald.de\/index.php?rest_route=%2Fwp%2Fv2%2Fcomments&post=4918"}],"version-history":[{"count":31,"href":"https:\/\/forst-grunewald.de\/index.php?rest_route=\/wp\/v2\/pages\/4918\/revisions"}],"predecessor-version":[{"id":16240,"href":"https:\/\/forst-grunewald.de\/index.php?rest_route=\/wp\/v2\/pages\/4918\/revisions\/16240"}],"up":[{"embeddable":true,"href":"https:\/\/forst-grunewald.de\/index.php?rest_route=\/wp\/v2\/pages\/4895"}],"wp:attachment":[{"href":"https:\/\/forst-grunewald.de\/index.php?rest_route=%2Fwp%2Fv2%2Fmedia&parent=4918"}],"curies":[{"name":"wp","href":"https:\/\/api.w.org\/{rel}","templated":true}]}}