{"id":4909,"date":"2013-07-13T21:39:05","date_gmt":"2013-07-13T20:39:05","guid":{"rendered":"http:\/\/forst-grunewald.de\/?page_id=4909"},"modified":"2024-05-06T07:46:44","modified_gmt":"2024-05-06T06:46:44","slug":"zeitkapsel","status":"publish","type":"page","link":"https:\/\/forst-grunewald.de\/?page_id=4909","title":{"rendered":"Zeitkapsel"},"content":{"rendered":"<figure style=\"width: 302px\" class=\"wp-caption alignright\"><a href=\"https:\/\/forst-grunewald.de\/wp-content\/uploads\/2006-12-10-CIMG2041-klein.jpg\" target=\"_blank\" rel=\"noopener\"><img loading=\"lazy\" decoding=\"async\" src=\"https:\/\/forst-grunewald.de\/wp-content\/uploads\/2006-12-10-CIMG2041-klein.jpg\" alt=\"\" width=\"302\" height=\"227\"><\/a><figcaption class=\"wp-caption-text\"><span style=\"font-size: 8pt;\">Wetterfahne mit Zeitkapsel<\/span><\/figcaption><\/figure>\n<p style=\"text-align: justify;\"><strong>Was ist das f\u00fcr eine merkw\u00fcrdige Kapsel unter der einen Wetterfahne?<\/strong><\/p>\n<p style=\"text-align: justify;\">Auf dem n\u00f6rdlichen Giebel des langgestreckten Nebengeb\u00e4udes befindet sich eine Wetterfahne, unter welcher sich eine Kapsel befindet.<\/p>\n<p style=\"text-align: justify;\"><a href=\"https:\/\/forst-grunewald.de\/?page_id=676\" target=\"_blank\" rel=\"noopener\">Berdrow<\/a> schrieb 1901 auf Seite 79 \u00fcber sie:<\/p>\n<blockquote>\n<p style=\"text-align: justify;\">\u201cUnter <a href=\"https:\/\/de.wikipedia.org\/wiki\/Friedrich_I._%28Preu%C3%9Fen%29\" target=\"_blank\" rel=\"noopener\">Friedrich I.<\/a> wurde auch das Mansardendach des Hauses hergestellt und die Wetterfahne mit ihrer einige Schriftst\u00fccke enthaltenen Kapsel angebracht. Wir sehen diese Fahne jetzt auf dem n\u00f6rdlichen Giebel des langgestreckten Nebengeb\u00e4udes. Die J\u00e4gerfigur mit dem Hirsche darauf stellt laut einer Notiz in dem Knopfe K\u00f6nig Friedrich I. dar, wie er als Kurf\u00fcrst 1696 in der Gegend von <a href=\"https:\/\/de.wikipedia.org\/wiki\/F%C3%BCrstenwalde\/Spree\" target=\"_blank\" rel=\"noopener\">F\u00fcrstenwalde<\/a> einen Sechsundsechzig-Ender erlegt. Sein praktischer Nachfolger soll das Geweih dieses gewaltigen, 5 Centner 35 Pfund wiegenden Tieres gegen einige \u201clange Kerle\u201d an den <a href=\"http:\/\/de.wikipedia.org\/wiki\/Liste_der_Kurf%C3%BCrsten,_Herz%C3%B6ge_und_K%C3%B6nige_von_Sachsen\" target=\"_blank\" rel=\"noopener\">Kurf\u00fcrsten von Sachsen<\/a> vertauscht haben.<\/p>\n<p style=\"text-align: justify;\"><a href=\"https:\/\/de.wikipedia.org\/wiki\/Friedrich_II._(Preu%C3%9Fen)\" target=\"_blank\" rel=\"noopener\">Der alte Fritz<\/a>, der, ungleich seinem jagdlustigen Vater, dem Waidwerk durchaus anhold war, lie\u00df im Jahre 1770 den J\u00e4gerhof zu Berlin, ein altes f\u00fcrstliches Vorwerk in der Gegen der heutigen Reichsbank, r\u00e4umen und das dort aufbewahrte Jagdzeug nach Schlo\u00df Grunewald schaffen. Zu diesem Zwecke wurde der gro\u00dfe Jagdschuppen ausgebaut, bei welcher Gelegenheit auch der Knopf der Wetterfahne ge\u00f6ffnet und mit weiteren Nachrichten versehen wurde.\u201d<\/p>\n<\/blockquote>\n<p><a href=\"https:\/\/forst-grunewald.de\/wp-content\/uploads\/2013-01-27-Jagdschloss-Grunewald-Schlossf%C3%BChrung-002-klein.jpg\" target=\"_blank\" rel=\"noopener\"><img loading=\"lazy\" decoding=\"async\" class=\"alignnone\" src=\"https:\/\/forst-grunewald.de\/wp-content\/uploads\/2013-01-27-Jagdschloss-Grunewald-Schlossf%C3%BChrung-002-klein.jpg\" alt=\"\" width=\"311\" height=\"233\"><\/a> . <a href=\"https:\/\/forst-grunewald.de\/wp-content\/uploads\/2013-01-27-Jagdschloss-Grunewald-Schlossf%C3%BChrung-003-klein.jpg\" target=\"_blank\" rel=\"noopener\"><img loading=\"lazy\" decoding=\"async\" class=\"alignnone\" src=\"https:\/\/forst-grunewald.de\/wp-content\/uploads\/2013-01-27-Jagdschloss-Grunewald-Schlossf%C3%BChrung-003-klein.jpg\" alt=\"\" width=\"309\" height=\"232\"><\/a><\/p>\n<p style=\"text-align: justify;\">Die Fragen, die sich nat\u00fcrlich nun stellen lauten:<\/p>\n<ol style=\"text-align: justify;\">\n<li>Befinden sich diese Dokumente noch immer in der Kapsel?<\/li>\n<li>Ist bekannt um was f\u00fcr Dokumente es sich handel(te)?<\/li>\n<li>Wurden danach noch weitere Dokumente eingelegt?<\/li>\n<\/ol>\n<p style=\"text-align: justify;\">Anl\u00e4slich einer Schlossf\u00fchrung am 23.01.2013 konnte ich die Fragen leider nicht kl\u00e4ren.<\/p>\n<p style=\"text-align: center;\">__________<\/p>\n<p>Eine weitere Wetterfahne befindet sich auf dem Schloss selbst.<\/p>\n<p>Sie tr\u00e4gt das Monogram von K\u00f6nig Friedrich I. in Preu\u00dfen. Zu der Fahne schreibt B\u00f6rsch-Supahn 1981 auf Seite 8:<\/p>\n<blockquote><p>\u201c\u20261706 scheinen die Bauarbeiten im wesentlichen zu einem Abschluss gekommen zu sein. Dieses Datum tr\u00e4gt die Wetterfahne auf dem Treppenturm.\u201d<\/p><\/blockquote>\n<figure style=\"width: 311px\" class=\"wp-caption alignnone\"><a href=\"https:\/\/forst-grunewald.de\/wp-content\/uploads\/2012-12-30-Grunewaldsee-Jagdschloss-Paulsborn-064-klein.jpg\" target=\"_blank\" rel=\"noopener\"><img loading=\"lazy\" decoding=\"async\" class=\"\" src=\"https:\/\/forst-grunewald.de\/wp-content\/uploads\/2012-12-30-Grunewaldsee-Jagdschloss-Paulsborn-064-klein.jpg\" alt=\"\" width=\"311\" height=\"233\"><\/a><figcaption class=\"wp-caption-text\"><span style=\"font-size: 8pt;\">Wetterfahne auf dem Treppenturm des Schlosses<\/span><\/figcaption><\/figure>\n<p style=\"text-align: justify;\">Bei dieser Gelegenheit, <a href=\"https:\/\/provenienz.gbv.de\/SBB:_Provenienz-Images\" target=\"_blank\" rel=\"noopener\">hier<\/a> befindet sich scheinbar eine sehr sch\u00f6ne Handschrift\u00fcberlieferung von \u201c<a href=\"http:\/\/provenienz.gbv.de\/Datei:Friedrich_preussen_i_autogramm_Ebd_123-5B.jpg\" target=\"_blank\" rel=\"noopener\">Friderich Marggraf zu Brandenburg<\/a>\u201c.<\/p>\n<p>&nbsp;<\/p>\n","protected":false},"excerpt":{"rendered":"<p>Was ist das f\u00fcr eine merkw\u00fcrdige Kapsel unter der einen Wetterfahne? Auf dem n\u00f6rdlichen Giebel des langgestreckten Nebengeb\u00e4udes befindet sich eine Wetterfahne, unter welcher sich&hellip;<\/p>\n","protected":false},"author":1,"featured_media":0,"parent":4895,"menu_order":0,"comment_status":"closed","ping_status":"closed","template":"template\/full-width.php","meta":{"ngg_post_thumbnail":0,"iawp_total_views":19,"footnotes":""},"class_list":["post-4909","page","type-page","status-publish","hentry"],"_links":{"self":[{"href":"https:\/\/forst-grunewald.de\/index.php?rest_route=\/wp\/v2\/pages\/4909","targetHints":{"allow":["GET"]}}],"collection":[{"href":"https:\/\/forst-grunewald.de\/index.php?rest_route=\/wp\/v2\/pages"}],"about":[{"href":"https:\/\/forst-grunewald.de\/index.php?rest_route=\/wp\/v2\/types\/page"}],"author":[{"embeddable":true,"href":"https:\/\/forst-grunewald.de\/index.php?rest_route=\/wp\/v2\/users\/1"}],"replies":[{"embeddable":true,"href":"https:\/\/forst-grunewald.de\/index.php?rest_route=%2Fwp%2Fv2%2Fcomments&post=4909"}],"version-history":[{"count":27,"href":"https:\/\/forst-grunewald.de\/index.php?rest_route=\/wp\/v2\/pages\/4909\/revisions"}],"predecessor-version":[{"id":41533,"href":"https:\/\/forst-grunewald.de\/index.php?rest_route=\/wp\/v2\/pages\/4909\/revisions\/41533"}],"up":[{"embeddable":true,"href":"https:\/\/forst-grunewald.de\/index.php?rest_route=\/wp\/v2\/pages\/4895"}],"wp:attachment":[{"href":"https:\/\/forst-grunewald.de\/index.php?rest_route=%2Fwp%2Fv2%2Fmedia&parent=4909"}],"curies":[{"name":"wp","href":"https:\/\/api.w.org\/{rel}","templated":true}]}}