{"id":4809,"date":"2013-07-10T23:42:34","date_gmt":"2013-07-10T22:42:34","guid":{"rendered":"http:\/\/forst-grunewald.de\/?page_id=4809"},"modified":"2025-07-05T08:41:37","modified_gmt":"2025-07-05T07:41:37","slug":"suedspitze","status":"publish","type":"page","link":"https:\/\/forst-grunewald.de\/?page_id=4809","title":{"rendered":"S\u00fcdspitze"},"content":{"rendered":"<p style=\"text-align: justify;\"><a href=\"https:\/\/forst-grunewald.de\/wp-content\/uploads\/2010-10-13-CIMG-119-klein.jpg\" target=\"_blank\" rel=\"noopener noreferrer\"><img loading=\"lazy\" decoding=\"async\" class=\"alignright wp-image-4822\" style=\"border: 1px solid black;\" src=\"https:\/\/forst-grunewald.de\/wp-content\/uploads\/2010-10-13-CIMG-119-klein.jpg\" alt=\"2010-10-13 CIMG 119 klein\" width=\"328\" height=\"246\" srcset=\"https:\/\/forst-grunewald.de\/wp-content\/uploads\/2010-10-13-CIMG-119-klein.jpg 1000w, https:\/\/forst-grunewald.de\/wp-content\/uploads\/2010-10-13-CIMG-119-klein-150x112.jpg 150w, https:\/\/forst-grunewald.de\/wp-content\/uploads\/2010-10-13-CIMG-119-klein-300x225.jpg 300w, https:\/\/forst-grunewald.de\/wp-content\/uploads\/2010-10-13-CIMG-119-klein-400x300.jpg 400w\" sizes=\"auto, (max-width: 328px) 100vw, 328px\" \/><\/a><span style=\"font-family: arial, helvetica, sans-serif; font-size: 12pt;\">Auf dem Plateau an der S\u00fcdspitze des Pichelswerder, er\u00f6ffnet sich eine wunderbare Aussicht auf die &#8222;<a href=\"https:\/\/forst-grunewald.de\/?page_id=257\" target=\"_blank\" rel=\"noopener noreferrer\">Breite See<\/a>&#8222;, <a href=\"https:\/\/forst-grunewald.de\/?page_id=2357\" target=\"_blank\" rel=\"noopener noreferrer\">Schildhorn<\/a> und die Havel.<\/span><\/p>\n<p style=\"text-align: justify;\"><span style=\"font-family: arial, helvetica, sans-serif; font-size: 12pt;\">Auf dem Plateau soll sich <a href=\"https:\/\/forst-grunewald.de\/sitemap\/pichelswerder\/ausflugslokale-rund-um-den-pichelswerder\/\" target=\"_blank\" rel=\"noopener noreferrer\">fr\u00fcher einmal<\/a> ein Geb\u00e4ude der Nutzholzadministration mit angegliedertem Wirtshaus befunden haben. Heute befindet sich dort eine etwas sandige Grasb\u00fcschelfl\u00e4che mit etlichen sch\u00f6n anzuschauenden alten Kiefern. Auf einer Bank kann man entspannt die sch\u00f6ne Aussicht genie\u00dfen.<\/span><\/p>\n<p style=\"text-align: justify;\"><span style=\"font-family: arial, helvetica, sans-serif; font-size: 12pt;\">Unterhalb des Plateau umrundet ein Fu\u00dfweg den Pichelswerder. Versteckt am Ufer, im Sommer im Dickicht nur schwer zu erkennen, befindet sich eine schwere, gefallene <a href=\"https:\/\/forst-grunewald.de\/sitemap\/baumriesen\/weiden\/?album=5&amp;gallery=19\" target=\"_blank\" rel=\"noopener noreferrer\">Weide<\/a>.<\/span><\/p>\n<p style=\"text-align: justify;\"><span style=\"font-family: arial, helvetica, sans-serif; font-size: 12pt;\">Weiterf\u00fchrend: <a href=\"https:\/\/berliner-dampfer.de\/?page_id=16552\" target=\"_blank\" rel=\"noopener\">Restaurationsschiffe an der S\u00fcdspitze von Pichelswerder.<\/a><\/span><\/p>\n<p style=\"text-align: justify;\">&nbsp;<\/p>\n<p style=\"text-align: justify;\"><span style=\"font-family: arial, helvetica, sans-serif; font-size: 12pt;\">ngg_shortcode_0_placeholder<\/span><\/p>\n<p>&nbsp;<\/p>\n<p>&nbsp;<\/p>\n","protected":false},"excerpt":{"rendered":"<p>Auf dem Plateau an der S\u00fcdspitze des Pichelswerder, er\u00f6ffnet sich eine wunderbare Aussicht auf die &#8222;Breite See&#8222;, Schildhorn und die Havel. Auf dem Plateau soll&hellip;<\/p>\n","protected":false},"author":1,"featured_media":0,"parent":4060,"menu_order":0,"comment_status":"closed","ping_status":"closed","template":"","meta":{"ngg_post_thumbnail":0,"iawp_total_views":7,"footnotes":""},"class_list":["post-4809","page","type-page","status-publish","hentry"],"_links":{"self":[{"href":"https:\/\/forst-grunewald.de\/index.php?rest_route=\/wp\/v2\/pages\/4809","targetHints":{"allow":["GET"]}}],"collection":[{"href":"https:\/\/forst-grunewald.de\/index.php?rest_route=\/wp\/v2\/pages"}],"about":[{"href":"https:\/\/forst-grunewald.de\/index.php?rest_route=\/wp\/v2\/types\/page"}],"author":[{"embeddable":true,"href":"https:\/\/forst-grunewald.de\/index.php?rest_route=\/wp\/v2\/users\/1"}],"replies":[{"embeddable":true,"href":"https:\/\/forst-grunewald.de\/index.php?rest_route=%2Fwp%2Fv2%2Fcomments&post=4809"}],"version-history":[{"count":17,"href":"https:\/\/forst-grunewald.de\/index.php?rest_route=\/wp\/v2\/pages\/4809\/revisions"}],"predecessor-version":[{"id":42182,"href":"https:\/\/forst-grunewald.de\/index.php?rest_route=\/wp\/v2\/pages\/4809\/revisions\/42182"}],"up":[{"embeddable":true,"href":"https:\/\/forst-grunewald.de\/index.php?rest_route=\/wp\/v2\/pages\/4060"}],"wp:attachment":[{"href":"https:\/\/forst-grunewald.de\/index.php?rest_route=%2Fwp%2Fv2%2Fmedia&parent=4809"}],"curies":[{"name":"wp","href":"https:\/\/api.w.org\/{rel}","templated":true}]}}