{"id":4785,"date":"2013-07-09T12:37:23","date_gmt":"2013-07-09T11:37:23","guid":{"rendered":"http:\/\/forst-grunewald.de\/?page_id=4785"},"modified":"2024-05-06T07:45:56","modified_gmt":"2024-05-06T06:45:56","slug":"laeufer-und-ringer-von-hugo-lederer","status":"publish","type":"page","link":"https:\/\/forst-grunewald.de\/?page_id=4785","title":{"rendered":"Hugo Lederer: &#8222;L\u00e4ufer&#8220; und &#8222;Ringer&#8220;"},"content":{"rendered":"<p><a href=\"https:\/\/forst-grunewald.de\/wp-content\/uploads\/Lederer-1929-Laeufergruppe-1-klein-a.jpg\" target=\"_blank\" rel=\"noopener noreferrer\"><img loading=\"lazy\" decoding=\"async\" class=\"alignright wp-image-7883\" src=\"https:\/\/forst-grunewald.de\/wp-content\/uploads\/1936-ca.-Laeufer-Scholzplatz-mit-Kinder-a-klein.jpg\" alt=\"1936 ca. Laeufer Scholzplatz mit Kinder a klein\" width=\"500\" height=\"460\" srcset=\"https:\/\/forst-grunewald.de\/wp-content\/uploads\/1936-ca.-Laeufer-Scholzplatz-mit-Kinder-a-klein.jpg 1600w, https:\/\/forst-grunewald.de\/wp-content\/uploads\/1936-ca.-Laeufer-Scholzplatz-mit-Kinder-a-klein-150x137.jpg 150w, https:\/\/forst-grunewald.de\/wp-content\/uploads\/1936-ca.-Laeufer-Scholzplatz-mit-Kinder-a-klein-300x275.jpg 300w, https:\/\/forst-grunewald.de\/wp-content\/uploads\/1936-ca.-Laeufer-Scholzplatz-mit-Kinder-a-klein-1024x941.jpg 1024w, https:\/\/forst-grunewald.de\/wp-content\/uploads\/1936-ca.-Laeufer-Scholzplatz-mit-Kinder-a-klein-400x367.jpg 400w\" sizes=\"auto, (max-width: 500px) 100vw, 500px\" \/><\/a><a href=\"http:\/\/hugo-lederer.de\/\"><strong>Hugo Lederer<\/strong><\/a><\/p>\n<p style=\"text-align: justify;\">In <a href=\"https:\/\/forst-grunewald.de\/?page_id=4659\" target=\"_blank\" rel=\"noopener noreferrer\">Pichelsberge<\/a>, Am Scholzplatz, befand sich einst die von ihm erschaffene Plastik &#8222;<strong>L\u00c4UFER<\/strong>&#8222;. Diese Bronze-Plastik wurde 1929 erstellt, dann aber leider im II. Weltkrieg (1943) zwecks Rohstoffverwertung eingeschmolzen.<\/p>\n<p style=\"text-align: justify;\">In Westend, an der Preu\u00dfenallee\/Heerstra\u00dfe, befindet sich hingegen noch heute die von ihm erschaffene Bronze-Plastik &#8222;<strong>DER RINGER<\/strong>&#8222;.&nbsp; Sie wurde bereits 1908 erstellt und hat offenbar den Krieg \u00fcberstanden. Kleiner Hinweis am Rande, der Sockel enth\u00e4lt f\u00e4lschlicherweise ein Metallpl\u00e4tchen mit der Gravur &#8222;<em>L\u00e4ufer &#8211; Hugo Lederer &#8211; 1871-1940<\/em>&#8222;. Die Frage ist, ob das Schildchen eventuell zuf\u00e4llig vom ehemaligen Sockel der &#8222;L\u00e4ufer&#8220; stammt? Was ich aber wegen der Angabe des Sterbedatums des K\u00fcnstlers nicht vermute. Insofern wird es sich wohl eher um eine sp\u00e4tere Verwechslung handeln.<\/p>\n<ul>\n<li><strong>1931<\/strong> Hans Krey &#8211; Hugo Lederer, Ein Meister der Plastik, Seite 73:<\/li>\n<\/ul>\n<p style=\"padding-left: 30px;\">&#8222;<em>An der Heerstra\u00dfe in Berlin fanden seine \u00fcberlebensgro\u00dfe Bronzefigur &#8222;Der Ringer&#8220; vom Jahre 1908 und die &#8222;L\u00e4ufergruppe&#8220; aus dem Jahre 1929 Aufstellung.<\/em>&#8222;<\/p>\n<p>&nbsp;<\/p>\nngg_shortcode_0_placeholder\n<p>&nbsp;<\/p>\n<p>&nbsp;<\/p>\n<p>&nbsp;<\/p>\n<p>&nbsp;<\/p>\n<p>&nbsp;<\/p>\n","protected":false},"excerpt":{"rendered":"<p>Hugo Lederer In Pichelsberge, Am Scholzplatz, befand sich einst die von ihm erschaffene Plastik &#8222;L\u00c4UFER&#8222;. Diese Bronze-Plastik wurde 1929 erstellt, dann aber leider im II.&hellip;<\/p>\n","protected":false},"author":1,"featured_media":0,"parent":0,"menu_order":0,"comment_status":"closed","ping_status":"closed","template":"template\/full-width.php","meta":{"ngg_post_thumbnail":0,"iawp_total_views":46,"footnotes":""},"class_list":["post-4785","page","type-page","status-publish","hentry"],"_links":{"self":[{"href":"https:\/\/forst-grunewald.de\/index.php?rest_route=\/wp\/v2\/pages\/4785","targetHints":{"allow":["GET"]}}],"collection":[{"href":"https:\/\/forst-grunewald.de\/index.php?rest_route=\/wp\/v2\/pages"}],"about":[{"href":"https:\/\/forst-grunewald.de\/index.php?rest_route=\/wp\/v2\/types\/page"}],"author":[{"embeddable":true,"href":"https:\/\/forst-grunewald.de\/index.php?rest_route=\/wp\/v2\/users\/1"}],"replies":[{"embeddable":true,"href":"https:\/\/forst-grunewald.de\/index.php?rest_route=%2Fwp%2Fv2%2Fcomments&post=4785"}],"version-history":[{"count":26,"href":"https:\/\/forst-grunewald.de\/index.php?rest_route=\/wp\/v2\/pages\/4785\/revisions"}],"predecessor-version":[{"id":41532,"href":"https:\/\/forst-grunewald.de\/index.php?rest_route=\/wp\/v2\/pages\/4785\/revisions\/41532"}],"wp:attachment":[{"href":"https:\/\/forst-grunewald.de\/index.php?rest_route=%2Fwp%2Fv2%2Fmedia&parent=4785"}],"curies":[{"name":"wp","href":"https:\/\/api.w.org\/{rel}","templated":true}]}}