{"id":478,"date":"2012-06-01T18:03:10","date_gmt":"2012-06-01T18:03:10","guid":{"rendered":"http:\/\/forst-grunewald.de\/wordpress\/?page_id=478"},"modified":"2024-05-06T07:22:22","modified_gmt":"2024-05-06T06:22:22","slug":"fischerhuttenweg","status":"publish","type":"page","link":"https:\/\/forst-grunewald.de\/?page_id=478","title":{"rendered":"Fischerh\u00fcttenweg"},"content":{"rendered":"<p><strong>Das \u201cR\u00e4tsel\u201d um den Fischerh\u00fcttenweg &#8211; erforscht in 3 Expeditionsl\u00e4ufen des <a id=\"Text57Link1\" href=\"http:\/\/www.lauftreff-grunewald.de\" target=\"_blank\" rel=\"noopener noreferrer\">Lauftreff Grunewald<\/a>:<\/strong><\/p>\n<p><a href=\"https:\/\/forst-grunewald.de\/wp-content\/uploads\/1891-Fischerhuettenweg-1600-breit.jpg\" target=\"_blank\" rel=\"noopener noreferrer\"><img loading=\"lazy\" decoding=\"async\" class=\"alignnone wp-image-483\" title=\"1891 Fischerhuettenweg 1600 breit\" src=\"https:\/\/forst-grunewald.de\/wp-content\/uploads\/1891-Fischerhuettenweg-1600-breit.jpg\" alt=\"\" width=\"1037\" height=\"93\" srcset=\"https:\/\/forst-grunewald.de\/wp-content\/uploads\/1891-Fischerhuettenweg-1600-breit.jpg 1600w, https:\/\/forst-grunewald.de\/wp-content\/uploads\/1891-Fischerhuettenweg-1600-breit-150x13.jpg 150w, https:\/\/forst-grunewald.de\/wp-content\/uploads\/1891-Fischerhuettenweg-1600-breit-300x26.jpg 300w, https:\/\/forst-grunewald.de\/wp-content\/uploads\/1891-Fischerhuettenweg-1600-breit-400x35.jpg 400w\" sizes=\"auto, (max-width: 1037px) 100vw, 1037px\" \/><\/a><\/p>\n<p>&nbsp;<\/p>\n<table border=\"0\">\n<tbody>\n<tr>\n<td style=\"background-color: #ccff00; border: 1px solid #ccff00;\"><strong>17.12.2006: Laufbericht 1. Expeditionslauf<\/strong><br \/>\nTeilnehmer: Dagmar, Manne, Martin, Till und UweHeute haben wir wieder ein kleines Gimmick in unser Lauftraining eingebaut.<br \/>\nBei den Laufplanungen ist uns des \u00f6fteren aufgefallen, dass mit den Landkarten im Grunewald etwas nicht so ganz stimmen kann.<br \/>\nNach allen Landkarten verl\u00e4uft der Fischerh\u00fcttenweg vom \u00dcbergang zwischen der Krummen Lanke und dem Schlachtensee auf direktem Weg \u00fcber den Havelberg bis zur Havel.<br \/>\nNach unserer Kenntnis endet der Fischerh\u00fcttenweg jedoch am Havelberg.<br \/>\nHeute haben wir die Karten mal richtig \u00fcberpr\u00fcft und festgestellt, dass unsere Vermutung richtig war: <strong>Der Fischerh\u00fcttenweg endet am Havelberg!<\/strong><br \/>\nWir haben am Havelberg noch eine kleine Schlucht vorgefunden und sind diese einfach mal hochgelaufen. Es kann sein, das der Fischerh\u00fcttenweg als Fu\u00dfweg fr\u00fcher einmal \u00fcber den Havelberg gef\u00fchrt hat, aber nach Sichtung des dortigen Gel\u00e4ndes hatten wir nicht diesen Eindruck.<br \/>\nWir sind dann auch noch den Havelberg abgelaufen und haben versucht einen Anschlussweg f\u00fcr den Fischerh\u00fcttenweg zu finden. Obwohl es dort einige Wege gibt, scheint dies aber nicht der Fall zu sein.<br \/>\nIrrtum nat\u00fcrlich vorbehalten, aber die Karten scheinen in diesem Punkt noch nie gestimmt zu haben.<br \/>\nAber egal was fr\u00fcher war, <strong>in jedem Fall sind die heutigen Landkarten \u00fcber den aktuellen Verlauf des Fischerh\u00fcttenweges nicht richtig.<\/strong><br \/>\nWas war aber auf dem Havelberg gefunden haben war ein h\u00fcbscher Pilz &#8211; wir haben heute den 17.12.2006!<\/td>\n<\/tr>\n<tr>\n<td style=\"background-color: #ccff00; border: 1px solid #ccff00;\">ngg_shortcode_0_placeholder<\/td>\n<\/tr>\n<tr>\n<td style=\"background-color: #ccff00; border: 1px solid #ccff00;\">&nbsp;<\/td>\n<\/tr>\n<tr>\n<td style=\"background-color: #33ff00; border: 1px solid #33ff00;\"><strong>14.01.2007: Laufbericht 2. Expeditionslauf<\/strong><br \/>\nTeilnehmer: Dagmar, Marion, Steffi, Gerald, Manne, Martin, Rainer, Reinhard, UweEigentlich sollte der Lauf am 14.01.2007 dazu dienen, den Aufnahmeort einer alten Ansichtskarte aus dem Jahre 1908 aufzufinden.<br \/>\n<a href=\"https:\/\/forst-grunewald.de\/wp-content\/uploads\/1908-Havelberge.jpg\" target=\"_blank\" rel=\"noopener noreferrer\"><img loading=\"lazy\" decoding=\"async\" width=\"150\" height=\"92\" class=\"alignnone wp-image-486\" title=\"1908 Havelberge\" src=\"https:\/\/forst-grunewald.de\/wp-content\/uploads\/1908-Havelberge-150x92.jpg\" alt=\"\" srcset=\"https:\/\/forst-grunewald.de\/wp-content\/uploads\/1908-Havelberge-150x92.jpg 150w, https:\/\/forst-grunewald.de\/wp-content\/uploads\/1908-Havelberge-300x185.jpg 300w, https:\/\/forst-grunewald.de\/wp-content\/uploads\/1908-Havelberge-400x247.jpg 400w, https:\/\/forst-grunewald.de\/wp-content\/uploads\/1908-Havelberge.jpg 640w\" sizes=\"auto, (max-width: 150px) 100vw, 150px\" \/><\/a>Nun, den Ort konnten wir nicht finden, da wir aber am Havelberg unterwegs waren, konnten wir etwas Klarheit \u00fcber den historischen Verlauf des Fischerh\u00fcttenweg gewinnen.Urspr\u00fcnglich sind wir ja nach unserer Expedition vom 17.12.2006 davon ausgegangen, dass der Fischerh\u00fcttenweg am Schwarzen Weg endet und das die \u00fcber den Havelberg verlaufende &#8222;Schlucht&#8220; keinen Weg darstellt, sondern einfach eine Aussp\u00fclung.Damit haben wir uns aber wohl get\u00e4uscht. Warum?Bei unserem Lauf am 17.12. sind wir den Havelberg vom Fischerh\u00fcttenweg\/Schwarzer Weg kommend einfach nach oben gelaufen, dabei aber nach rechts (n\u00f6rdlich) abgedriftet und kamen dann ziemlich genau am Gipfel heraus um dann dort und noch weiter n\u00f6rdlich nach der Wegfortsetzung zu suchen, wo wir aber keine schl\u00fcssige Wegfortf\u00fchrung gefunden haben.<\/p>\n<p>Am 14.01.2007 bot sich uns dann eine andere Perspektive<\/p>\n<p>Wir sind den Langen Jammer hochgelaufen (S\u00fcdaufstieg) und bemerkten dann, das in Westrichtung ein Weg verl\u00e4uft, woraufhin wir dann einfach den Weg in (nicht mehr zug\u00e4nglicher) \u00f6stlicher Richtung erkundet haben. Und siehe da, wir landeten in der vermeintlichen &#8222;Schlucht&#8220;, stellen fest, dass diese durch mehrere Querverf\u00fcllungen mit Sand offensichtlich unpassierbar gemacht werden sollte. Also vermutlich eine bewusste Verschlie\u00dfung des Weges.<\/p>\n<p>Wann dies geschah, wissen wir nicht, aber es muss schon vor vielen Jahren gewesen sein, denn der Weg ist nur noch schwer zu erkennen und wenn man nicht vermutet oder wei\u00df, das dort einmal ein Weg war, vielleicht sogar nur mit viel Phantasie.<\/p>\n<p>Gerald konnte zwar leider nicht an unserer ersten Fischerh\u00fcttenwegexpedition am 17.12.2006 teilnehmen, hatte sich aber in Vorbereitung darauf \u00fcber Google-Earth eine Luftbildaufnahme besorgt. Auch hier wieder wie in der richtigen Forschung, alles eine Frage der Perspektive und aus der Luft kann man manchmal Relikte aus der Steinzeit erkennen, von denen heute niemand mehr etwas ahnt. Und tats\u00e4chlich, Gerald meinte, das das Luftbild den Eindruck erweckt, dass der Fischerh\u00fcttenweg noch immer durchverl\u00e4uft. Ich habe mir das eben angeschaut und mit etwas Phantasie scheint es tats\u00e4chlich so zu sein. Weiterf\u00fchrung den Osthang des Havelberges hoch, nicht mehr in Wirklichkeit, aber nach dem Luftbild schon vorstellbar.<\/p>\n<p>Also Zwischenergebnis:<br \/>\nDer Fischerh\u00fcttenweg f\u00fchrte tats\u00e4chlich einmal auch \u00fcber den Osthang des Havelberges, was heute aber vor Ort nur noch mit &#8222;spitzer Linse&#8220; zu erkennen ist.<\/p>\n<p>Manne hat sich zwischenzeitlich auch au\u00dferhalb der Laufstrecke mit den Fischerh\u00fcttenweg besch\u00e4ftigt und einige neuere Landkarten eingesehen. Demnach f\u00fchrt auf der neuen Pharus der Fischerh\u00fcttwenweg nicht mehr \u00fcber den Havelberg-Osthang.<br \/>\nAuf meiner Pharus Grunewald 1:16000 aus 2004 ist das aber noch nicht der Fall und auf dem elektronischem Stadtplan auf berlin.de bisher auch noch nicht. Es bleibt also spannend, die jeweils neuen Stadtpl\u00e4ne anhand des Fischerh\u00fcttenverlaufes auf ihre Aktualit\u00e4t hin zu \u00fcberpr\u00fcfen.<\/p>\n<p>So, hier noch ein paar Bilder vom 14.01.2007<\/td>\n<\/tr>\n<tr>\n<td style=\"background-color: #33ff00; border: 1px solid #33ff00;\">ngg_shortcode_1_placeholder<\/td>\n<\/tr>\n<tr>\n<td style=\"background-color: #33ff00; border: 1px solid #33ff00;\">&nbsp;<\/td>\n<\/tr>\n<tr>\n<td style=\"background-color: #cccc00; border: 1px solid #cccc00;\"><strong>04.02.2007: Laufbericht 3. Expeditionslauf<\/strong><br \/>\nTeilnehmer: Dagmar und Marion, Manne, Rainer, Reinhard, UweZiemlich intensives H\u00fcgellauftraining am Havelberg und in der n\u00e4heren und weiteren Umgebung.Nebenbei ist es uns tats\u00e4chlich gelungen, das Geheimnis um den Fischerh\u00fcttenweg zu l\u00f6sen.Zun\u00e4chst sind wir vom Gipfel des Havelberges aus den noch existenten Teil des Fischerh\u00fcttenweges Richtung Havel hinabgelaufen. Einen direkten Weg vom Aussichtspunkt oberhalb der Insel Lindwerder nach unten zur Havelchaussee gab und gibt es nicht. Dann haben wir beidseitig des Aussichtspunktes zwei kleine Bergeinschnitte untersucht, auch Fehlanzeige. Sp\u00e4ter haben wir zwar festgestellt, dass sich am n\u00f6rdlichen Einschnitt Treppenruinen befinden, aber vom Havelh\u00f6henweg aus waren diese Reste nicht mehr zu erkennen.<br \/>\nDas \u00e4nderte sich erst, als wir diesen Bergeinschnitt einfach von der Havelchaussee aus nach oben gelaufen sind &#8211; also alles wieder mal eine Frage der Perspektive &#8211; und pl\u00f6tzlich Dagmar laut rief:&#8220;<strong>Eine Treppe &#8211; hier ist &#8217;ne Treppe!<\/strong>&#8222;Ergebnis:<br \/>\nDer Fischerh\u00fcttenweg verlief tats\u00e4chlich einmal durchg\u00e4ngig von der Krummen Lanke\/Schlachtensee bis zur Havelchaussee\/Havelufer.<br \/>\nHeute ist dies aber nicht mehr der Fall.<br \/>\nZwar befindet sich quer \u00fcber den Havelberg verlaufend noch ein (halbwegs) intakter Teil der Fischerh\u00fcttenweges &#8211; vom Havelberggipfel bis zum Aussichtspunkt am Havelh\u00f6henweg &#8211; dieser ist jedoch als Fischerh\u00fcttenweg nicht mehr erkennbar, weil am Osthang ein steiler Teil und am Westhang (Havelufer) ein flacherer Wegteil vollst\u00e4ndig verfallen sind.Und damit ist diese Expedition beendet.Gru\u00df und herzliche Geburtstagsgl\u00fcckw\u00fcnsche nachtr\u00e4glich von uns allen an unseren lieben Martin21 km<\/td>\n<\/tr>\n<tr>\n<td style=\"background-color: #cccc00; border: 1px solid #cccc00;\">ngg_shortcode_2_placeholder<\/td>\n<\/tr>\n<tr>\n<td style=\"background-color: #cccc00; border: 1px solid #cccc00;\">&nbsp;<\/td>\n<\/tr>\n<\/tbody>\n<\/table>\n<p><span style=\"text-decoration: underline;\"><strong>Ergebnis nochmals in Kurzfassung:<\/strong><\/span><\/p>\n<p>Der Fischerh\u00fcttenweg hie\u00df urspr\u00fcnglich Kuftrift und verlief \u00fcber den Havelberg hin\u00fcber bis hinunter zum Havelufer. Insofern stimmen auch die Eintragungen in den fr\u00fcheren Landkarten. In den Jahren von 1929 &#8211; 1933 lie\u00df der seinerzeitige Oberf\u00f6rster Schmook im Rahmen von <a href=\"https:\/\/forst-grunewald.de\/?page_id=427\" target=\"_blank\" rel=\"noopener noreferrer\">Arbeitsbeschaffungsma\u00dfnahmen<\/a> zwischen Saubucht und Gro\u00dfem Fenster eine Holzabfuhrstra\u00dfe anlegen, den heutigen &#8222;Schwarzen Weg&#8220;, welcher um den Havelberg herumf\u00fchrt. Seit dem f\u00fchrt der Fischerh\u00fcttenweg praktisch nicht mehr \u00fcber den Havelberg. Auf den Landkarten seit ca. 1933, auch aktuellen, wurde diese \u00c4nderung jedoch noch nicht ber\u00fccksichtigt.<\/p>\n<p>&nbsp;<\/p>\n","protected":false},"excerpt":{"rendered":"<p>Das \u201cR\u00e4tsel\u201d um den Fischerh\u00fcttenweg &#8211; erforscht in 3 Expeditionsl\u00e4ufen des Lauftreff Grunewald: &nbsp; 17.12.2006: Laufbericht 1. Expeditionslauf Teilnehmer: Dagmar, Manne, Martin, Till und UweHeute&hellip;<\/p>\n","protected":false},"author":1,"featured_media":0,"parent":0,"menu_order":0,"comment_status":"closed","ping_status":"closed","template":"template\/full-width.php","meta":{"ngg_post_thumbnail":0,"iawp_total_views":35,"footnotes":""},"class_list":["post-478","page","type-page","status-publish","hentry"],"_links":{"self":[{"href":"https:\/\/forst-grunewald.de\/index.php?rest_route=\/wp\/v2\/pages\/478","targetHints":{"allow":["GET"]}}],"collection":[{"href":"https:\/\/forst-grunewald.de\/index.php?rest_route=\/wp\/v2\/pages"}],"about":[{"href":"https:\/\/forst-grunewald.de\/index.php?rest_route=\/wp\/v2\/types\/page"}],"author":[{"embeddable":true,"href":"https:\/\/forst-grunewald.de\/index.php?rest_route=\/wp\/v2\/users\/1"}],"replies":[{"embeddable":true,"href":"https:\/\/forst-grunewald.de\/index.php?rest_route=%2Fwp%2Fv2%2Fcomments&post=478"}],"version-history":[{"count":35,"href":"https:\/\/forst-grunewald.de\/index.php?rest_route=\/wp\/v2\/pages\/478\/revisions"}],"predecessor-version":[{"id":41500,"href":"https:\/\/forst-grunewald.de\/index.php?rest_route=\/wp\/v2\/pages\/478\/revisions\/41500"}],"wp:attachment":[{"href":"https:\/\/forst-grunewald.de\/index.php?rest_route=%2Fwp%2Fv2%2Fmedia&parent=478"}],"curies":[{"name":"wp","href":"https:\/\/api.w.org\/{rel}","templated":true}]}}