{"id":43988,"date":"2026-03-28T05:14:59","date_gmt":"2026-03-28T04:14:59","guid":{"rendered":"https:\/\/forst-grunewald.de\/?page_id=43988"},"modified":"2026-03-28T07:35:24","modified_gmt":"2026-03-28T06:35:24","slug":"loewe-im-grunewald","status":"publish","type":"page","link":"https:\/\/forst-grunewald.de\/?page_id=43988","title":{"rendered":"L\u00f6we im Grunewald"},"content":{"rendered":"<blockquote><p><em><span style=\"font-family: arial, helvetica, sans-serif; font-size: 12pt;\"><strong>Ein L\u00f6we im Grunewald<\/strong><\/span><\/em><\/p>\n<p><em><span style=\"font-family: arial, helvetica, sans-serif; font-size: 12pt;\">L\u00f6wenjagd im Berliner Grunewald!<\/span><\/em><\/p>\n<p><span style=\"font-family: arial, helvetica, sans-serif; font-size: 12pt;\"><em>Aus seinem Zwinger in einem Ausflugsrestaurant brach ein junger L\u00f6we aus, der sonst als Photomodell f\u00fcr Familienbilder dient. Die elfj\u00e4hrigen Kinder einer Schulklasse erstarrten zu Salzs\u00e4ulen, als die Bestie auf einem Waldweg pl\u00f6tzlich vor ihnen stand. Sie beschnupperte die zitterde Schar und trollte sich dann friedlich in die B\u00fcsche.<\/em><\/span><\/p>\n<p><em><span style=\"font-family: arial, helvetica, sans-serif; font-size: 12pt;\">Mit Netzen und Fleischst\u00fcckchen an Spie\u00dfen fing ihr Besitzer sie ein. Jetzt mu\u00df er den L\u00f6wen abschaffen.<\/span><\/em><\/p><\/blockquote>\n<p style=\"text-align: justify;\"><span style=\"font-family: arial, helvetica, sans-serif; font-size: 12pt;\">Das Ausflukslokal und die Zeitungsquelle\/Datum ist mir leider unbekannt. Anhand der Qualit\u00e4t vermute ich die 60iger oder aber auch die 80iger Jahre. Auch ist unklar, ob sich das Lokal wirklich &#8222;im Grunewald&#8220; oder lediglich in der &#8222;Kolonie Grunewald&#8220; befand. Der Artikel und die beiden Bilder stammen aus einem Nachlass. Ich vermute, dass die Dame auf dem Bild das Lokal besucht hat und ihr dann sp\u00e4ter der Zeitungsartikel in die H\u00e4nde gefallen ist und sie in den zu ihren eigenen &#8222;L\u00f6wenbildern&#8220; als Erinnerungserweiterung genommen hat (\u00fcbrigens sauber verklebt auf Pappe). Anhand der Aufmachung und des Schreibstils k\u00f6nnte der Artikel aus der BZ sein? Schade, dass das Lokal und der Name des Besitzer\/Wirts (vermutlich der Herr im Artikelbild) nicht genannt wurden und im Artikel kein Datum abgedruckt ist. <\/span><\/p>\n<p style=\"text-align: justify;\"><span style=\"font-family: arial, helvetica, sans-serif; font-size: 12pt;\">Passiert ist hier jedoch offenbar gar nichts. Das kleine, junge Kerlchen war einfach ausgb\u00fcchst. Die Schulkinder hatten bestimmt Angst, aber weder war es eine L\u00f6wenjagd noch eine Bestie. Man beachte auch das Bild mit dem Hund. <\/span><span style=\"font-family: arial, helvetica, sans-serif; font-size: 12pt;\">Aber es war fr\u00fcher ein anderer, unbek\u00fcmmerterer Zeitgeist, hier immerhin ein <em>Raubtier. <\/em>Im Ergebnis musste der Wirt das Tier jedoch auch damals nach dem Vorfall abschaffen. Aber auch heute ist die Haltung von Raubtieren wie Raubkatzen weiterhin ein <a href=\"https:\/\/www.google.com\/search?q=Raubkatzenhaltung+in+Deutschland&amp;client=firefox-b-d&amp;hs=K5vU&amp;sca_esv=c5726b7179094972&amp;ei=cHTHabKnLM_s7_UPhJbCsAU&amp;biw=1536&amp;bih=677&amp;ved=0ahUKEwiyn_SD-8GTAxVP9rsIHQSLEFYQ4dUDCBE&amp;uact=5&amp;oq=Raubkatzenhaltung+in+Deutschland&amp;gs_lp=Egxnd3Mtd2l6LXNlcnAiIFJhdWJrYXR6ZW5oYWx0dW5nIGluIERldXRzY2hsYW5kMgUQIRifBUi8T1CpBljKS3ACeAGQAQKYAXugAbsjqgEENTUuMrgBA8gBAPgBAZgCI6ACiheoAgrCAgoQABiwAxjWBBhHwgIFECEYoAHCAhAQABgDGLQCGOoCGI8B2AEBwgISEAAYAxi0AhjqAhgKGI8B2AEBwgIQEC4YAxi0AhjqAhiPAdgBAcICDhAAGIAEGLEDGIMBGIoFwgILEAAYgAQYsQMYgwHCAg4QLhiABBixAxjRAxjHAcICCxAuGIAEGNEDGMcBwgILEC4YgAQYsQMYgwHCAgUQABiABMICBRAuGIAEwgIKEAAYgAQYQxiKBcICDhAuGIAEGMcBGI4FGK8BwgINEAAYgAQYsQMYQxiKBcICCBAAGIAEGLEDwgIKEC4YgAQYQxiKBcICFBAuGIAEGJcFGNwEGN4EGN8E2AECwgIHEC4YgAQYDcICBxAAGIAEGA3CAhYQLhiABBgNGJcFGNwEGN4EGN8E2AECwgIFEAAY7wXCAgYQABgNGB7CAgcQIRigARgKwgIGEAAYFhgemAMJ8QXK-slfjN7SBIgGAZAGBroGBAgBGAq6BgYIAhABGBSSBwQzMS40oAe_vgKyBwQyOS40uAf4FsIHCTEuMTUuMTcuMsgHgAGACAA&amp;sclient=gws-wiz-serp\" target=\"_blank\" rel=\"noopener\">Diskussionthema<\/a>, allerdings gehe ich hier bei schwierigen F\u00e4llen nicht mehr von Unbek\u00fcmmertheit aus, sondern vom Gegenteil.<\/span><\/p>\n<p><span style=\"font-family: arial, helvetica, sans-serif; font-size: 12pt;\"><strong>Vielleicht findet sich irgendwann Weiteres zu diesem L\u00f6wen und was aus ihm\/ihr wurde?<\/strong><\/span><\/p>\n<p>_ _ _ _ _<\/p>\n<p><span style=\"font-family: arial, helvetica, sans-serif; font-size: 12pt;\">F\u00fcr gro\u00dfes Medieninteresse sorgte 2023 eine Meldung \u00fcber eine angebliche L\u00f6wensichtung im dem Grunewald angrenzenden angrenzenden Kleinmachnow, aber diesen L\u00f6wen gab es nicht.<br \/>\n\u2192 <a href=\"https:\/\/www.tagesschau.de\/inland\/gesellschaft\/kleinmachnow-loewin-wildschwein-100.html\" target=\"_blank\" rel=\"noopener\">Tagesschau.de, 21.07.2024:<br \/>\n<\/a><strong>Die L\u00f6win, die ein Wildschwein war&nbsp;<\/strong><br \/>\nVor einem Jahr tauchte ein Handyvideo von einem Tier im Wald von Kleinmachnow auf. Es sah einer L\u00f6win so \u00e4hnlich, dass die Polizei mit Gro\u00dfaufgebot die Region durchk\u00e4mmte. Was bleibt vom Aufreger des Sommers 2023?&#8230;.<\/span><\/p>\n<p style=\"text-align: justify;\">&nbsp;<\/p>\n<p>&nbsp;<\/p>\n<p><a href=\"https:\/\/forst-grunewald.de\/wp-content\/uploads\/19xx-Loewe-im-Grunewald-02-klein.jpg\" target=\"_blank\" rel=\"noopener\"><img loading=\"lazy\" decoding=\"async\" class=\"wp-image-44001 alignnone\" src=\"https:\/\/forst-grunewald.de\/wp-content\/uploads\/19xx-Loewe-im-Grunewald-02-klein.jpg\" alt=\"\" width=\"450\" height=\"646\" srcset=\"https:\/\/forst-grunewald.de\/wp-content\/uploads\/19xx-Loewe-im-Grunewald-02-klein.jpg 1600w, https:\/\/forst-grunewald.de\/wp-content\/uploads\/19xx-Loewe-im-Grunewald-02-klein-209x300.jpg 209w, https:\/\/forst-grunewald.de\/wp-content\/uploads\/19xx-Loewe-im-Grunewald-02-klein-1115x1600.jpg 1115w, https:\/\/forst-grunewald.de\/wp-content\/uploads\/19xx-Loewe-im-Grunewald-02-klein-105x150.jpg 105w, https:\/\/forst-grunewald.de\/wp-content\/uploads\/19xx-Loewe-im-Grunewald-02-klein-768x1102.jpg 768w, https:\/\/forst-grunewald.de\/wp-content\/uploads\/19xx-Loewe-im-Grunewald-02-klein-1070x1536.jpg 1070w, https:\/\/forst-grunewald.de\/wp-content\/uploads\/19xx-Loewe-im-Grunewald-02-klein-1427x2048.jpg 1427w\" sizes=\"auto, (max-width: 450px) 100vw, 450px\" \/><\/a><\/p>\n<p>&nbsp;<\/p>\n<p><a href=\"https:\/\/forst-grunewald.de\/wp-content\/uploads\/19xx-Loewe-im-Grunewald-03-klein.jpg\" target=\"_blank\" rel=\"noopener\"><img loading=\"lazy\" decoding=\"async\" class=\"alignnone wp-image-44002\" src=\"https:\/\/forst-grunewald.de\/wp-content\/uploads\/19xx-Loewe-im-Grunewald-03-klein.jpg\" alt=\"\" width=\"450\" height=\"462\" srcset=\"https:\/\/forst-grunewald.de\/wp-content\/uploads\/19xx-Loewe-im-Grunewald-03-klein.jpg 1600w, https:\/\/forst-grunewald.de\/wp-content\/uploads\/19xx-Loewe-im-Grunewald-03-klein-292x300.jpg 292w, https:\/\/forst-grunewald.de\/wp-content\/uploads\/19xx-Loewe-im-Grunewald-03-klein-1558x1600.jpg 1558w, https:\/\/forst-grunewald.de\/wp-content\/uploads\/19xx-Loewe-im-Grunewald-03-klein-146x150.jpg 146w, https:\/\/forst-grunewald.de\/wp-content\/uploads\/19xx-Loewe-im-Grunewald-03-klein-768x789.jpg 768w, https:\/\/forst-grunewald.de\/wp-content\/uploads\/19xx-Loewe-im-Grunewald-03-klein-1496x1536.jpg 1496w\" sizes=\"auto, (max-width: 450px) 100vw, 450px\" \/><\/a><\/p>\n<p>&nbsp;<\/p>\n<p><a href=\"https:\/\/forst-grunewald.de\/wp-content\/uploads\/19xx-Loewe-im-Grunewald-01-klein.jpg\" target=\"_blank\" rel=\"noopener\"><img loading=\"lazy\" decoding=\"async\" class=\"alignnone wp-image-43994\" src=\"https:\/\/forst-grunewald.de\/wp-content\/uploads\/19xx-Loewe-im-Grunewald-01-klein.jpg\" alt=\"\" width=\"450\" height=\"746\" srcset=\"https:\/\/forst-grunewald.de\/wp-content\/uploads\/19xx-Loewe-im-Grunewald-01-klein.jpg 965w, https:\/\/forst-grunewald.de\/wp-content\/uploads\/19xx-Loewe-im-Grunewald-01-klein-181x300.jpg 181w, https:\/\/forst-grunewald.de\/wp-content\/uploads\/19xx-Loewe-im-Grunewald-01-klein-90x150.jpg 90w, https:\/\/forst-grunewald.de\/wp-content\/uploads\/19xx-Loewe-im-Grunewald-01-klein-768x1273.jpg 768w, https:\/\/forst-grunewald.de\/wp-content\/uploads\/19xx-Loewe-im-Grunewald-01-klein-926x1536.jpg 926w\" sizes=\"auto, (max-width: 450px) 100vw, 450px\" \/><\/a><\/p>\n<p>&nbsp;<\/p>\n<p>&nbsp;<\/p>\n<p style=\"text-align: justify;\"><span style=\"text-decoration: underline;\"><span style=\"font-family: arial, helvetica, sans-serif; font-size: 10pt;\">Zuletzt bearbeitet 28.03.2026<\/span><\/span><\/p>\n<p>&nbsp;<\/p>\n","protected":false},"excerpt":{"rendered":"<p>Ein L\u00f6we im Grunewald L\u00f6wenjagd im Berliner Grunewald! Aus seinem Zwinger in einem Ausflugsrestaurant brach ein junger L\u00f6we aus, der sonst als Photomodell f\u00fcr Familienbilder&hellip;<\/p>\n","protected":false},"author":1,"featured_media":0,"parent":0,"menu_order":0,"comment_status":"closed","ping_status":"closed","template":"","meta":{"ngg_post_thumbnail":0,"iawp_total_views":22,"footnotes":""},"class_list":["post-43988","page","type-page","status-publish","hentry"],"_links":{"self":[{"href":"https:\/\/forst-grunewald.de\/index.php?rest_route=\/wp\/v2\/pages\/43988","targetHints":{"allow":["GET"]}}],"collection":[{"href":"https:\/\/forst-grunewald.de\/index.php?rest_route=\/wp\/v2\/pages"}],"about":[{"href":"https:\/\/forst-grunewald.de\/index.php?rest_route=\/wp\/v2\/types\/page"}],"author":[{"embeddable":true,"href":"https:\/\/forst-grunewald.de\/index.php?rest_route=\/wp\/v2\/users\/1"}],"replies":[{"embeddable":true,"href":"https:\/\/forst-grunewald.de\/index.php?rest_route=%2Fwp%2Fv2%2Fcomments&post=43988"}],"version-history":[{"count":23,"href":"https:\/\/forst-grunewald.de\/index.php?rest_route=\/wp\/v2\/pages\/43988\/revisions"}],"predecessor-version":[{"id":44015,"href":"https:\/\/forst-grunewald.de\/index.php?rest_route=\/wp\/v2\/pages\/43988\/revisions\/44015"}],"wp:attachment":[{"href":"https:\/\/forst-grunewald.de\/index.php?rest_route=%2Fwp%2Fv2%2Fmedia&parent=43988"}],"curies":[{"name":"wp","href":"https:\/\/api.w.org\/{rel}","templated":true}]}}