{"id":4328,"date":"2013-04-27T08:57:22","date_gmt":"2013-04-27T07:57:22","guid":{"rendered":"http:\/\/forst-grunewald.de\/?page_id=4328"},"modified":"2025-06-17T13:30:30","modified_gmt":"2025-06-17T12:30:30","slug":"die-gemuende","status":"publish","type":"page","link":"https:\/\/forst-grunewald.de\/?page_id=4328","title":{"rendered":"Die Gem\u00fcnde"},"content":{"rendered":"<p style=\"text-align: justify;\"><a href=\"https:\/\/forst-grunewald.de\/wp-content\/uploads\/2008-05-12-CIMG2877-klein.jpg\" target=\"_blank\" rel=\"noopener noreferrer\"><img loading=\"lazy\" decoding=\"async\" class=\"alignright wp-image-4344\" style=\"border: 1px solid black;\" src=\"https:\/\/forst-grunewald.de\/wp-content\/uploads\/2008-05-12-CIMG2877-klein-859x1024.jpg\" alt=\"2008-05-12 CIMG2877 klein\" width=\"410\" height=\"488\" srcset=\"https:\/\/forst-grunewald.de\/wp-content\/uploads\/2008-05-12-CIMG2877-klein-859x1024.jpg 859w, https:\/\/forst-grunewald.de\/wp-content\/uploads\/2008-05-12-CIMG2877-klein-125x150.jpg 125w, https:\/\/forst-grunewald.de\/wp-content\/uploads\/2008-05-12-CIMG2877-klein-251x300.jpg 251w, https:\/\/forst-grunewald.de\/wp-content\/uploads\/2008-05-12-CIMG2877-klein-400x476.jpg 400w, https:\/\/forst-grunewald.de\/wp-content\/uploads\/2008-05-12-CIMG2877-klein.jpg 1000w\" sizes=\"auto, (max-width: 410px) 100vw, 410px\" \/><\/a>&#8222;Die Gem\u00fcnde&#8220; ist die M\u00fcndung des Havelkanals vom Pichelsee aus in die &#8222;<a href=\"https:\/\/forst-grunewald.de\/?page_id=257\" target=\"_blank\" rel=\"noopener noreferrer\">Breite See<\/a>&#8222;.<\/p>\n<p style=\"text-align: justify;\">Versehen mit zwei kleinen Leuchtt\u00fcrmen. Auf einer kleinen Dammmohle kann man sich hinsetzen und hat einen wunderbaren Ausblick auf den <a href=\"https:\/\/forst-grunewald.de\/?page_id=257\" target=\"_blank\" rel=\"noopener noreferrer\">Breite See<\/a>, die Unterhavel und nach <a href=\"https:\/\/forst-grunewald.de\/?page_id=2357\" target=\"_blank\" rel=\"noopener noreferrer\">Schildhorn<\/a>.<\/p>\n<p style=\"text-align: justify;\">Zu West-Berliner Zeiten lag dort auch die Kahnsch\u00e4nke &#8222;Arche Noah&#8220;, sp\u00e4ter dann das Restaurantschiff Sabine bzw. <a href=\"http:\/\/www.berliner-dampfer.de\/html\/sabine_i_und_ii.html\" target=\"_blank\" rel=\"noopener noreferrer\">Sabine II<\/a>, welches aber 1998 abgebrannt ist und nicht mehr durch ein neues Restaurantschiff ersetzt wurde. Danach lag dort ein Wohnschiff, welches im Mai 2025 zur Verschrottung abgeschleppt wurde (<a href=\"https:\/\/www.tagesspiegel.de\/berlin\/bezirke\/spandau\/beruhmtes-berliner-schrottboot-dieses-wrack-wurde-nach-uber-30-jahren-endlich-entfernt-13777504.html\" target=\"_blank\" rel=\"noopener\">TSP, 31.05.2025<\/a>).<\/p>\n<p style=\"text-align: justify;\">Auch gab es dort einmal eine Rettungstation.<\/p>\n<ul>\n<li>1988, Spandauer Heimatbriefe, Pichelsdorf, Seite 30\/31:<\/li>\n<\/ul>\n<div style=\"padding-left: 30px;\">\n<p style=\"text-align: justify;\"><div class=\"spoiler-wrap\">\n\t\t\t\t<div class=\"spoiler-head folded\">Spoiler<\/div>\n\t\t\t\t<div class=\"spoiler-body\">&#8222;<em>Die schon seit einiger Zeit erforderlich gewordene Begradigung der Havel durch den zunehmenden Schiffsverkehr wurde 1879 realisiert, und der Flu\u00dfverlauf wurde bis zum Gem\u00fcnd kanalisiert. Eine besondere Institution, der &#8222;<a href=\"http:\/\/baseportal.de\/cgi-bin\/baseportal.pl?htx=\/JGorsler\/Berufs\/Beruf&amp;localparams=1&amp;db=Beruf&amp;cmd=list&amp;range=270,30:&amp;cmd=all&amp;Id=2558\" target=\"_blank\" rel=\"noopener noreferrer\">Mummenstecher<\/a>&#8222;, h\u00f6rte damit auf zu bestehen. Ihm oblag eine &#8222;wichtige Aufgabe&#8220; f\u00fcr die Schiffahrt. Er kennzeichnete Untiefen der Havel durch Ausstecken der entsprechenden Punkte mit &#8222;Kiefern\u00e4sten&#8220;. F\u00fcr seine T\u00e4tigkeit erhielt er eine Art Trinkgeld. Sein Wissen glich durchaus dem eines Lotsen.<\/em><em>&nbsp;Hier sei in diesem Zusammenhang auf den &#8222;<strong>kleinsten Leuchtturm von Deutschland<\/strong>&#8220; hingewiesen. Die Schiffahrt bem\u00e4ngelte schon lange, da\u00df bei schlechter Sicht und Dunkelheit die havel-Einfahrt am Gem\u00fcnd Richtung Norden schwer zu finden sei. Nach Abschlu\u00df der Begradigungsarbeiten in Pichelsdorf entschlo\u00df man sich, auf der angesch\u00fctteten westlichen Havel 1902 diesen Leuchtturm mit der H\u00f6he von knapp 10 Meter zu erstellen (Bericht der Vossischen Zeitung v. 15.7.1902). <\/em><em>Wie schon eingangs erw\u00e4hnt, entwickelten sich aus den Flo\u00dfmeisteranwesen hier Gastwirtschaften (zwei an der Havel und zwei am St\u00f6\u00dfensee), die f\u00fcr die Gastronomie in dieser Gegend ab 1850 bahnbrechend waren. Es waren die Herren Teidicke und Rackwitz. Das Caf\u00e9 Rackwitz machte noch einmal Schlagzeilen, als man beim Neubau im &#8222;Liebesgrunde&#8220; &#8211; so bezeichnete der Volksmund die Gegend &#8211; Spuren einer alten Schmiede aus der Zeit der &#8222;K\u00f6niglichen Holzadministration&#8220; wiederentdecke. Es ist anzunehmen, da\u00df das Wohnhaus des ehemaligen Schmiedes der Ursprung des Restaurantes war.<\/em><em>Unvergessen ist auch das Restaurant &#8222;Inselgarten Freund&#8220;. es war ein gro\u00dfes Ausflugsrestaurant, das im 2. Weltkrieg als Unterkunft f\u00fcr dienstverpfichtete Frauen diente. Ende der vierziger Jahre wurde der Restaurantionsbetrieb wieder aufgenommen. In den f\u00fcnfziger Jahren fand sogar zeitweise die <a href=\"http:\/\/www.riasberlin.de\/rias-hist\/riad-hist-thadden.html\" target=\"_blank\" rel=\"noopener noreferrer\">Rias-Kaffee-Tafel<\/a> dort statt.<\/em><em>Auch \u00e4lteren Spandauern ist noch der &#8222;K\u00f6niggr\u00e4tzer Garten&#8220; ein Begriff. Der Hauptraum stammte aus dem Jahre 1870. Alle Anbauten entstanden um 1900&#8230;.<\/em>&#8222;<\/p>\n<p><\/div>\n\t\t\t<\/div><\/p>\n<\/div>\n<p>&nbsp;<\/p>\nngg_shortcode_0_placeholder\n<p>&nbsp;<\/p>\n","protected":false},"excerpt":{"rendered":"<p>&#8222;Die Gem\u00fcnde&#8220; ist die M\u00fcndung des Havelkanals vom Pichelsee aus in die &#8222;Breite See&#8222;. Versehen mit zwei kleinen Leuchtt\u00fcrmen. Auf einer kleinen Dammmohle kann man&hellip;<\/p>\n","protected":false},"author":1,"featured_media":0,"parent":4060,"menu_order":0,"comment_status":"closed","ping_status":"closed","template":"","meta":{"ngg_post_thumbnail":0,"iawp_total_views":8,"footnotes":""},"class_list":["post-4328","page","type-page","status-publish","hentry"],"_links":{"self":[{"href":"https:\/\/forst-grunewald.de\/index.php?rest_route=\/wp\/v2\/pages\/4328","targetHints":{"allow":["GET"]}}],"collection":[{"href":"https:\/\/forst-grunewald.de\/index.php?rest_route=\/wp\/v2\/pages"}],"about":[{"href":"https:\/\/forst-grunewald.de\/index.php?rest_route=\/wp\/v2\/types\/page"}],"author":[{"embeddable":true,"href":"https:\/\/forst-grunewald.de\/index.php?rest_route=\/wp\/v2\/users\/1"}],"replies":[{"embeddable":true,"href":"https:\/\/forst-grunewald.de\/index.php?rest_route=%2Fwp%2Fv2%2Fcomments&post=4328"}],"version-history":[{"count":26,"href":"https:\/\/forst-grunewald.de\/index.php?rest_route=\/wp\/v2\/pages\/4328\/revisions"}],"predecessor-version":[{"id":41858,"href":"https:\/\/forst-grunewald.de\/index.php?rest_route=\/wp\/v2\/pages\/4328\/revisions\/41858"}],"up":[{"embeddable":true,"href":"https:\/\/forst-grunewald.de\/index.php?rest_route=\/wp\/v2\/pages\/4060"}],"wp:attachment":[{"href":"https:\/\/forst-grunewald.de\/index.php?rest_route=%2Fwp%2Fv2%2Fmedia&parent=4328"}],"curies":[{"name":"wp","href":"https:\/\/api.w.org\/{rel}","templated":true}]}}