{"id":4273,"date":"2013-04-23T09:29:59","date_gmt":"2013-04-23T08:29:59","guid":{"rendered":"http:\/\/forst-grunewald.de\/?page_id=4273"},"modified":"2026-03-20T18:57:52","modified_gmt":"2026-03-20T17:57:52","slug":"flugzeugabsturz","status":"publish","type":"page","link":"https:\/\/forst-grunewald.de\/?page_id=4273","title":{"rendered":"Flugzeugabsturz"},"content":{"rendered":"<p style=\"text-align: justify;\"><span style=\"font-family: arial, helvetica, sans-serif; font-size: 12pt;\">Meldung der Berliner Feuerwehr vom <a href=\"http:\/\/www.berliner-feuerwehr.de\/577.html\" target=\"_blank\" rel=\"noopener noreferrer\">06.04.1966<\/a>:<\/span><\/p>\n<p style=\"text-align: justify;\"><span style=\"font-family: arial, helvetica, sans-serif; font-size: 12pt;\"><img loading=\"lazy\" decoding=\"async\" class=\"alignnone wp-image-4274 size-full\" style=\"border: 1px solid black;\" src=\"https:\/\/forst-grunewald.de\/wp-content\/uploads\/1966-Berliner-Feuerwehr-Flugzeugabsturz-in-Spandau_1264891949775.jpg\" alt=\"1966 Berliner Feuerwehr- Flugzeugabsturz in Spandau_1264891949775\" width=\"980\" height=\"191\" srcset=\"https:\/\/forst-grunewald.de\/wp-content\/uploads\/1966-Berliner-Feuerwehr-Flugzeugabsturz-in-Spandau_1264891949775.jpg 980w, https:\/\/forst-grunewald.de\/wp-content\/uploads\/1966-Berliner-Feuerwehr-Flugzeugabsturz-in-Spandau_1264891949775-150x29.jpg 150w, https:\/\/forst-grunewald.de\/wp-content\/uploads\/1966-Berliner-Feuerwehr-Flugzeugabsturz-in-Spandau_1264891949775-300x58.jpg 300w, https:\/\/forst-grunewald.de\/wp-content\/uploads\/1966-Berliner-Feuerwehr-Flugzeugabsturz-in-Spandau_1264891949775-400x77.jpg 400w\" sizes=\"auto, (max-width: 980px) 100vw, 980px\" \/><\/span><\/p>\n<p style=\"text-align: justify;\"><span style=\"font-family: arial, helvetica, sans-serif; font-size: 12pt;\">Bei dem Flugzeug handelte es sich um eine <a href=\"http:\/\/de.wikipedia.org\/wiki\/Jakowlew_Jak-28\" target=\"_blank\" rel=\"noopener noreferrer\">Jak-28P Firebar<\/a>.<\/span><\/p>\n<p style=\"text-align: justify;\"><span style=\"font-family: arial, helvetica, sans-serif; font-size: 12pt;\">Auf der St\u00f6\u00dfenseebr\u00fccke erinnert heute eine Gedenktafel an den Absturz. Ich wei\u00df nicht, wie es bei diesem Flug war, aber grunds\u00e4tzlich flogen diese Maschinen in geringer H\u00f6he und absichtlich einen \u00dcberschallknall verursachend \u00fcber West-Berlin hinweg. Ziel war es, die West-Berliner zu erschrecken und Angst zu verbreiten. Meine Mutter hat mir erz\u00e4hlt, dass bei uns drau\u00dfen in Staaken dabei einmal beinahe eine gro\u00dfe Wohnzimmerscheibe zerbrochen w\u00e4re, wobei sie sich durch den v\u00f6llig unvermittelt auftretenden \u00dcberschallknall nat\u00fcrlich m\u00e4chtig erschrocken hatte.<\/span><\/p>\n<p>&nbsp;<\/p>\n<p style=\"text-align: justify;\"><span style=\"font-family: arial, helvetica, sans-serif; font-size: 12pt;\"><img loading=\"lazy\" decoding=\"async\" class=\"alignnone size-full wp-image-4276\" style=\"border: 1px solid black;\" src=\"https:\/\/forst-grunewald.de\/wp-content\/uploads\/1966-w_stoessenseebruecke.jpg\" alt=\"1966 w_stoessenseebruecke\" width=\"600\" height=\"408\" srcset=\"https:\/\/forst-grunewald.de\/wp-content\/uploads\/1966-w_stoessenseebruecke.jpg 600w, https:\/\/forst-grunewald.de\/wp-content\/uploads\/1966-w_stoessenseebruecke-150x102.jpg 150w, https:\/\/forst-grunewald.de\/wp-content\/uploads\/1966-w_stoessenseebruecke-300x204.jpg 300w, https:\/\/forst-grunewald.de\/wp-content\/uploads\/1966-w_stoessenseebruecke-400x272.jpg 400w\" sizes=\"auto, (max-width: 600px) 100vw, 600px\" \/><\/span><\/p>\n<p>&nbsp;<\/p>\n<p>&nbsp;<\/p>\n<p style=\"text-align: justify;\"><span style=\"font-family: arial, helvetica, sans-serif; font-size: 12pt;\"><a href=\"https:\/\/forst-grunewald.de\/wp-content\/uploads\/2006-08-02-Gedenktafel-Stoessensebruecke-CIMG9975-klein.jpg\" target=\"_blank\" rel=\"noopener noreferrer\"><img loading=\"lazy\" decoding=\"async\" class=\"alignnone wp-image-4277\" style=\"border: 1px solid black;\" src=\"https:\/\/forst-grunewald.de\/wp-content\/uploads\/2006-08-02-Gedenktafel-Stoessensebruecke-CIMG9975-klein.jpg\" alt=\"2006-08-02 Gedenktafel Stoessensebruecke CIMG9975 klein\" width=\"600\" height=\"450\" srcset=\"https:\/\/forst-grunewald.de\/wp-content\/uploads\/2006-08-02-Gedenktafel-Stoessensebruecke-CIMG9975-klein.jpg 1000w, https:\/\/forst-grunewald.de\/wp-content\/uploads\/2006-08-02-Gedenktafel-Stoessensebruecke-CIMG9975-klein-150x112.jpg 150w, https:\/\/forst-grunewald.de\/wp-content\/uploads\/2006-08-02-Gedenktafel-Stoessensebruecke-CIMG9975-klein-300x225.jpg 300w, https:\/\/forst-grunewald.de\/wp-content\/uploads\/2006-08-02-Gedenktafel-Stoessensebruecke-CIMG9975-klein-400x300.jpg 400w\" sizes=\"auto, (max-width: 600px) 100vw, 600px\" \/><\/a><\/span><\/p>\n<p>&nbsp;<\/p>\n<p>&nbsp;<\/p>\n<p><img loading=\"lazy\" decoding=\"async\" class=\"alignnone size-full wp-image-43952\" src=\"https:\/\/forst-grunewald.de\/wp-content\/uploads\/1966-04-07-Stoessensee-Flugzeugabsturn-01-klein.jpg\" alt=\"\" width=\"1600\" height=\"1169\" srcset=\"https:\/\/forst-grunewald.de\/wp-content\/uploads\/1966-04-07-Stoessensee-Flugzeugabsturn-01-klein.jpg 1600w, https:\/\/forst-grunewald.de\/wp-content\/uploads\/1966-04-07-Stoessensee-Flugzeugabsturn-01-klein-411x300.jpg 411w, https:\/\/forst-grunewald.de\/wp-content\/uploads\/1966-04-07-Stoessensee-Flugzeugabsturn-01-klein-200x146.jpg 200w, https:\/\/forst-grunewald.de\/wp-content\/uploads\/1966-04-07-Stoessensee-Flugzeugabsturn-01-klein-768x561.jpg 768w, https:\/\/forst-grunewald.de\/wp-content\/uploads\/1966-04-07-Stoessensee-Flugzeugabsturn-01-klein-1536x1122.jpg 1536w\" sizes=\"auto, (max-width: 1600px) 100vw, 1600px\" \/><\/p>\n<p>&nbsp;<\/p>\n<p>&nbsp;<\/p>\n<p><img loading=\"lazy\" decoding=\"async\" class=\"alignnone size-full wp-image-43953\" src=\"https:\/\/forst-grunewald.de\/wp-content\/uploads\/1966-04-07-Stoessensee-Flugzeugabsturn-02-klein.jpg\" alt=\"\" width=\"1600\" height=\"1112\" srcset=\"https:\/\/forst-grunewald.de\/wp-content\/uploads\/1966-04-07-Stoessensee-Flugzeugabsturn-02-klein.jpg 1600w, https:\/\/forst-grunewald.de\/wp-content\/uploads\/1966-04-07-Stoessensee-Flugzeugabsturn-02-klein-432x300.jpg 432w, https:\/\/forst-grunewald.de\/wp-content\/uploads\/1966-04-07-Stoessensee-Flugzeugabsturn-02-klein-200x139.jpg 200w, https:\/\/forst-grunewald.de\/wp-content\/uploads\/1966-04-07-Stoessensee-Flugzeugabsturn-02-klein-768x534.jpg 768w, https:\/\/forst-grunewald.de\/wp-content\/uploads\/1966-04-07-Stoessensee-Flugzeugabsturn-02-klein-1536x1068.jpg 1536w\" sizes=\"auto, (max-width: 1600px) 100vw, 1600px\" \/><\/p>\n<p>&nbsp;<\/p>\n<p>&nbsp;<\/p>\n<p><img loading=\"lazy\" decoding=\"async\" class=\"alignnone size-full wp-image-43954\" src=\"https:\/\/forst-grunewald.de\/wp-content\/uploads\/1966-04-07-Stoessensee-Flugzeugabsturn-03-klein.jpg\" alt=\"\" width=\"1600\" height=\"1138\" srcset=\"https:\/\/forst-grunewald.de\/wp-content\/uploads\/1966-04-07-Stoessensee-Flugzeugabsturn-03-klein.jpg 1600w, https:\/\/forst-grunewald.de\/wp-content\/uploads\/1966-04-07-Stoessensee-Flugzeugabsturn-03-klein-422x300.jpg 422w, https:\/\/forst-grunewald.de\/wp-content\/uploads\/1966-04-07-Stoessensee-Flugzeugabsturn-03-klein-200x142.jpg 200w, https:\/\/forst-grunewald.de\/wp-content\/uploads\/1966-04-07-Stoessensee-Flugzeugabsturn-03-klein-768x546.jpg 768w, https:\/\/forst-grunewald.de\/wp-content\/uploads\/1966-04-07-Stoessensee-Flugzeugabsturn-03-klein-1536x1092.jpg 1536w\" sizes=\"auto, (max-width: 1600px) 100vw, 1600px\" \/><\/p>\n<p>&nbsp;<\/p>\n<p>&nbsp;<\/p>\n<p><img loading=\"lazy\" decoding=\"async\" class=\"alignnone size-full wp-image-43955\" src=\"https:\/\/forst-grunewald.de\/wp-content\/uploads\/1966-04-07-Stoessensee-Flugzeugabsturn-04-klein.jpg\" alt=\"\" width=\"1600\" height=\"1522\" srcset=\"https:\/\/forst-grunewald.de\/wp-content\/uploads\/1966-04-07-Stoessensee-Flugzeugabsturn-04-klein.jpg 1600w, https:\/\/forst-grunewald.de\/wp-content\/uploads\/1966-04-07-Stoessensee-Flugzeugabsturn-04-klein-315x300.jpg 315w, https:\/\/forst-grunewald.de\/wp-content\/uploads\/1966-04-07-Stoessensee-Flugzeugabsturn-04-klein-158x150.jpg 158w, https:\/\/forst-grunewald.de\/wp-content\/uploads\/1966-04-07-Stoessensee-Flugzeugabsturn-04-klein-768x731.jpg 768w, https:\/\/forst-grunewald.de\/wp-content\/uploads\/1966-04-07-Stoessensee-Flugzeugabsturn-04-klein-1536x1461.jpg 1536w\" sizes=\"auto, (max-width: 1600px) 100vw, 1600px\" \/><\/p>\n<p>&nbsp;<\/p>\n<p>&nbsp;<\/p>\n<p><img loading=\"lazy\" decoding=\"async\" class=\"alignnone size-full wp-image-43956\" src=\"https:\/\/forst-grunewald.de\/wp-content\/uploads\/1966-04-07-Stoessensee-Flugzeugabsturn-05-klein.jpg\" alt=\"\" width=\"1600\" height=\"1584\" srcset=\"https:\/\/forst-grunewald.de\/wp-content\/uploads\/1966-04-07-Stoessensee-Flugzeugabsturn-05-klein.jpg 1600w, https:\/\/forst-grunewald.de\/wp-content\/uploads\/1966-04-07-Stoessensee-Flugzeugabsturn-05-klein-303x300.jpg 303w, https:\/\/forst-grunewald.de\/wp-content\/uploads\/1966-04-07-Stoessensee-Flugzeugabsturn-05-klein-152x150.jpg 152w, https:\/\/forst-grunewald.de\/wp-content\/uploads\/1966-04-07-Stoessensee-Flugzeugabsturn-05-klein-768x760.jpg 768w, https:\/\/forst-grunewald.de\/wp-content\/uploads\/1966-04-07-Stoessensee-Flugzeugabsturn-05-klein-1536x1521.jpg 1536w\" sizes=\"auto, (max-width: 1600px) 100vw, 1600px\" \/><\/p>\n<p>&nbsp;<\/p>\n<p>&nbsp;<\/p>\n<p style=\"text-align: justify;\"><span style=\"font-family: arial, helvetica, sans-serif; font-size: 12pt;\"><a href=\"https:\/\/forst-grunewald.de\/wp-content\/uploads\/2008-02-15-Blick-von-Stoessenseebruecke-35-klein.jpg\" target=\"_blank\" rel=\"noopener noreferrer\"><img loading=\"lazy\" decoding=\"async\" class=\"alignnone wp-image-4278\" style=\"border: 1px solid black;\" src=\"https:\/\/forst-grunewald.de\/wp-content\/uploads\/2008-02-15-Blick-von-Stoessenseebruecke-35-klein.jpg\" alt=\"2008-02-15 Blick von Stoessenseebruecke -35 klein\" width=\"600\" height=\"450\" srcset=\"https:\/\/forst-grunewald.de\/wp-content\/uploads\/2008-02-15-Blick-von-Stoessenseebruecke-35-klein.jpg 1000w, https:\/\/forst-grunewald.de\/wp-content\/uploads\/2008-02-15-Blick-von-Stoessenseebruecke-35-klein-150x112.jpg 150w, https:\/\/forst-grunewald.de\/wp-content\/uploads\/2008-02-15-Blick-von-Stoessenseebruecke-35-klein-300x225.jpg 300w, https:\/\/forst-grunewald.de\/wp-content\/uploads\/2008-02-15-Blick-von-Stoessenseebruecke-35-klein-400x300.jpg 400w\" sizes=\"auto, (max-width: 600px) 100vw, 600px\" \/><\/a><\/span><\/p>\n<p style=\"text-align: justify;\">&nbsp;<\/p>\n<p style=\"text-align: justify;\">&nbsp;<\/p>\n<ul style=\"text-align: justify;\">\n<li><span style=\"font-family: arial, helvetica, sans-serif; font-size: 12pt;\"><a href=\"http:\/\/www.tagesspiegel.de\/berlin\/bezirke\/spandau\/heute-vor-50-jahren-in-berlin-als-der-sowjet-militaerflieger-in-den-stoessensee-stuerzte\/13404800.html\" target=\"_blank\" rel=\"noopener noreferrer\">2016<\/a>, 06. April &#8211; Tagesspiegel: Heute vor 50 Jahren in Berlin &#8211; Als der Sowjet-Milit\u00e4rflieger in den St\u00f6\u00dfensee st\u00fcrzte<\/span><\/li>\n<\/ul>\n<p style=\"text-align: justify;\">&nbsp;<\/p>\n","protected":false},"excerpt":{"rendered":"<p>Meldung der Berliner Feuerwehr vom 06.04.1966: Bei dem Flugzeug handelte es sich um eine Jak-28P Firebar. Auf der St\u00f6\u00dfenseebr\u00fccke erinnert heute eine Gedenktafel an den&hellip;<\/p>\n","protected":false},"author":1,"featured_media":0,"parent":4432,"menu_order":0,"comment_status":"closed","ping_status":"closed","template":"","meta":{"ngg_post_thumbnail":0,"iawp_total_views":37,"footnotes":""},"class_list":["post-4273","page","type-page","status-publish","hentry"],"_links":{"self":[{"href":"https:\/\/forst-grunewald.de\/index.php?rest_route=\/wp\/v2\/pages\/4273","targetHints":{"allow":["GET"]}}],"collection":[{"href":"https:\/\/forst-grunewald.de\/index.php?rest_route=\/wp\/v2\/pages"}],"about":[{"href":"https:\/\/forst-grunewald.de\/index.php?rest_route=\/wp\/v2\/types\/page"}],"author":[{"embeddable":true,"href":"https:\/\/forst-grunewald.de\/index.php?rest_route=\/wp\/v2\/users\/1"}],"replies":[{"embeddable":true,"href":"https:\/\/forst-grunewald.de\/index.php?rest_route=%2Fwp%2Fv2%2Fcomments&post=4273"}],"version-history":[{"count":13,"href":"https:\/\/forst-grunewald.de\/index.php?rest_route=\/wp\/v2\/pages\/4273\/revisions"}],"predecessor-version":[{"id":43957,"href":"https:\/\/forst-grunewald.de\/index.php?rest_route=\/wp\/v2\/pages\/4273\/revisions\/43957"}],"up":[{"embeddable":true,"href":"https:\/\/forst-grunewald.de\/index.php?rest_route=\/wp\/v2\/pages\/4432"}],"wp:attachment":[{"href":"https:\/\/forst-grunewald.de\/index.php?rest_route=%2Fwp%2Fv2%2Fmedia&parent=4273"}],"curies":[{"name":"wp","href":"https:\/\/api.w.org\/{rel}","templated":true}]}}