{"id":4233,"date":"2013-04-20T16:27:10","date_gmt":"2013-04-20T15:27:10","guid":{"rendered":"http:\/\/forst-grunewald.de\/?page_id=4233"},"modified":"2025-07-08T07:06:20","modified_gmt":"2025-07-08T06:06:20","slug":"schloss-pichelsdorf-auf-dem-sack","status":"publish","type":"page","link":"https:\/\/forst-grunewald.de\/?page_id=4233","title":{"rendered":"Schloss Pichelsdorf auf dem &#8222;Sack&#8220;"},"content":{"rendered":"<p><span style=\"font-family: arial, helvetica, sans-serif; font-size: 12pt;\">&#8222;<a href=\"https:\/\/forst-grunewald.de\/wp-content\/uploads\/1907-04-07-Schildhorndenkmal-mit-Schloss-a.jpg\" target=\"_blank\" rel=\"noopener noreferrer\"><img loading=\"lazy\" decoding=\"async\" class=\"alignright wp-image-4263\" style=\"border: 1px solid black;\" src=\"https:\/\/forst-grunewald.de\/wp-content\/uploads\/1907-04-07-Schildhorndenkmal-mit-Schloss-a.jpg\" alt=\"1907-04-07 Schildhorndenkmal mit Schloss-a\" width=\"420\" height=\"460\" srcset=\"https:\/\/forst-grunewald.de\/wp-content\/uploads\/1907-04-07-Schildhorndenkmal-mit-Schloss-a.jpg 700w, https:\/\/forst-grunewald.de\/wp-content\/uploads\/1907-04-07-Schildhorndenkmal-mit-Schloss-a-136x150.jpg 136w, https:\/\/forst-grunewald.de\/wp-content\/uploads\/1907-04-07-Schildhorndenkmal-mit-Schloss-a-273x300.jpg 273w, https:\/\/forst-grunewald.de\/wp-content\/uploads\/1907-04-07-Schildhorndenkmal-mit-Schloss-a-400x438.jpg 400w\" sizes=\"auto, (max-width: 420px) 100vw, 420px\" \/><\/a><strong>Der Sack<\/strong>&#8222;, eine Landzunge mit Geschichte, welche mit der <a href=\"https:\/\/forst-grunewald.de\/?page_id=10635\" target=\"_blank\" rel=\"noopener\">Schildhorn<\/a>sage in Verbindung gebracht wird und <strong>dessen Name leider in Vergessenheit zu geraten droht<\/strong>:<\/span><\/p>\n<p><span style=\"font-family: arial, helvetica, sans-serif; font-size: 12pt;\"><strong>1823<\/strong> Valentin Heinrich Schmidt (1756\u20131838, Direktor des <a href=\"https:\/\/de.wikipedia.org\/wiki\/K%C3%B6llnisches_Gymnasium\" target=\"_blank\" rel=\"noopener noreferrer\">K\u00f6llnischen Gymnasiums<\/a> in Berlin): <\/span><\/p>\n<p><span style=\"font-family: arial, helvetica, sans-serif; font-size: 12pt;\"><div class=\"spoiler-wrap\">\n\t\t\t\t<div class=\"spoiler-head folded\">Spoiler<\/div>\n\t\t\t\t<div class=\"spoiler-body\">\u00dcber die Erwerbung der Mark Brandenburg durch Albrecht den B\u00e4ren, Berlin 1823, S. 45; nach einer Abschrift aus: <strong>1868<\/strong> Gymnasial-Director W. Schwartz in: Mitteilungen des Vereins f\u00fcr die Geschichte Potsdams, Theil IV., Seiten 283 \/<\/span><br \/>\n<span style=\"font-family: arial, helvetica, sans-serif;font-size: 12pt\"><strong>Erstnennung der Schildhornsage mit dem Handlungsort Spandau\/Pichelsdorf<\/strong>:<\/span><br \/>\n<span style=\"font-family: arial, helvetica, sans-serif;font-size: 12pt\">&#8222;<em>In den Umgebungen Berlins ist ein anmutiges Eiland, von der Havel gebildet, der <a href=\"https:\/\/forst-grunewald.de\/?page_id=4060\" target=\"_blank\" rel=\"noopener noreferrer\">Pichelsdorfer Werder<\/a> genannt. Auf dem Berlin entgegengesetzten Ufer liegt hier das zu Spandau geh\u00f6rige Fischerdorf Pichelsdorf. Man erz\u00e4hlt, da\u00df der letzte Brandenburgische Wendenk\u00f6nig [dies w\u00e4re also, sagt Schmidt, Pribislav] von Albrecht dem B\u00e4ren bei Spandau geschlagen sei. Der Wendenf\u00fcrst w\u00e4re auf seiner Flucht zu einer schmalen Landzunge bei Pichelsdorf an der Havel, gew\u00f6hnlich<strong> der Sack<\/strong> genannt, gekommen, die Feinde h\u00e4tten ihn verfolgt, und er h\u00e4tte nun das Gel\u00fcbde gethan, sich zum Christenthum zu bekehren, wenn er sich \u00fcber die Fluth retten w\u00fcrde, da seine G\u00f6tter ihn verlassen h\u00e4tten. Muthig sei er mit dem Pferd in die Havel gesprengt und gl\u00fccklich hindurch nach einer Landzunge gekommen. Hier habe er f\u00fcr seine Rettung dem Gotte der Christen dedankt und sein Schild auf die Landspitze gelegt, die noch heut zu Tage zum Andenken an den Wendenk\u00f6nig den Namen &#8222;Schildhorn&#8220; f\u00fchrt.<\/em>&#8222;<\/div>\n\t\t\t<\/div><\/span><\/p>\n<p><span style=\"font-family: arial, helvetica, sans-serif; font-size: 12pt;\"><strong>1843<\/strong> &#8211; <a href=\"http:\/\/www.literaturport.de\/index.php?id=26&amp;user_autorenlexikonfrontend_pi1[al_opt]=1&amp;user_autorenlexikonfrontend_pi1[al_aid]=1102&amp;cHash=c5bb7145b7e4078b462bfbaad32ddc2e\" target=\"_blank\" rel=\"noopener noreferrer\">Felix Adalbert K. Kuhn:<\/a><\/span><\/p>\n<p><span style=\"font-family: arial, helvetica, sans-serif; font-size: 12pt;\"><div class=\"spoiler-wrap\">\n\t\t\t\t<div class=\"spoiler-head folded\">Spoiler<\/div>\n\t\t\t\t<div class=\"spoiler-body\">&#8222;<em>Das Dorf Pichelsdorf bei Spandau, bei welchem die Havel einen gro\u00dfen See bildet, ist eins der \u00e4ltesten in der ganzen Gegend, denn die Einwohner erz\u00e4hlen, da\u00df es bereits zu jenen Zeiten vorhanden gewesen sei, als die Leute noch in der Erde wohnten. Dicht am Einflu\u00df in den genannten See bildet die Havel mit demselben eine sich ziemlich weit hin erstreckende Landzunge, die an ihrem \u00e4u\u00dfersten Ende steil zum Wasser abf\u00e4llt. Bis zu diesem Punkt soll einmal in alten Kriegszeiten ein Ritter, von seinen Feinden verfolgt, gekommen sein; bei seiner eiligen Flucht hatte er aber nicht bemerkt, da\u00df ihm hier kein Ausweg sich darbiete, und die Feinde riefen daher bereits triumphierend:&#8220;<strong>Nun haben wir ihn wie in einem Sack&#8220;, woher auch dies St\u00fcck Land den Namen &#8222;der Sack&#8220; erhalten hat<\/strong>&#8230;<\/em>&#8222;<\/div>\n\t\t\t<\/div><\/span><\/p>\n<p><span style=\"font-family: arial, helvetica, sans-serif; font-size: 12pt;\"><strong>1871<\/strong> &#8211; <a href=\"http:\/\/www.literaturport.de\/index.php?id=50&amp;textid=807808594&amp;cHash=a8770159319963c1116db2be7249f3ee\" target=\"_blank\" rel=\"noopener noreferrer\">Wilhelm Schwartz<\/a>:<\/span><\/p>\n<div><span style=\"font-family: arial, helvetica, sans-serif; font-size: 12pt;\"><div class=\"spoiler-wrap\">\n\t\t\t\t<div class=\"spoiler-head folded\">Spoiler<\/div>\n\t\t\t\t<div class=\"spoiler-body\">&#8222;<em>Bei den Pichelsbergen bildet die Havel einen gro\u00dfen See. Da soll in alten Zeiten w\u00e4hrend eines gro\u00dfen Religionskrieges ein Ritter, von seinen Verfolgern hart bedr\u00e4ngt, mit seinem Pferd hindurchgeschwommen sein. Als er n\u00e4mlich auf seiner Flucht in die Landzungejenseits bei Pichelsdorf geriet, riefen seine Feinde triumphierend aus: &#8222;<strong>Jetzt haben wir ihn im Sack&#8230;<\/strong><\/em>&#8222;<\/div>\n\t\t\t<\/div> <\/span><\/div>\n<div>&nbsp;<\/div>\n<div><span style=\"font-family: arial, helvetica, sans-serif; font-size: 12pt;\"><strong>1894<\/strong> &#8211; <a href=\"https:\/\/forst-grunewald.de\/?page_id=361\" target=\"_blank\" rel=\"noopener noreferrer\">Fontane<\/a>: <\/span><\/div>\n<div>&nbsp;<\/div>\n<div><span style=\"font-family: arial, helvetica, sans-serif; font-size: 12pt;\"><div class=\"spoiler-wrap\">\n\t\t\t\t<div class=\"spoiler-head folded\">Spoiler<\/div>\n\t\t\t\t<div class=\"spoiler-body\">&#8230;Jaczo, hart bedr\u00e4ngt von seinen Feinden, gerieth fl\u00fcchtend auf die Pichelsdorfer Landzunge, dem sogenannten <strong>Sack<\/strong>. Schon ert\u00f6nte dicht hinter ihm das Siegesgeschrei seiner Verfolger, welche w\u00e4hnten, ein Entrinnen sei dem Wendenf\u00fcrsten nicht mehr m\u00f6glich, als Jaczo seinem edlen Ro\u00dfe die Sporen gab, sich mit seinem Pferde von der Anh\u00f6he in die Fluthen der Havel st\u00fcrzte und schwimmend das jenseitige Ufer zu erreichen strebte&#8230;&#8220;<\/div>\n\t\t\t<\/div> <\/span><\/div>\n<div>&nbsp;<\/div>\n<div><span style=\"font-family: arial, helvetica, sans-serif; font-size: 12pt;\"><strong>1902<\/strong> &#8211; <a href=\"https:\/\/forst-grunewald.de\/?page_id=676\" target=\"_blank\" rel=\"noopener noreferrer\">Berdrow<\/a>:<\/span><\/div>\n<div>&nbsp;<\/div>\n<div><span style=\"font-family: arial, helvetica, sans-serif; font-size: 12pt;\"><div class=\"spoiler-wrap\">\n\t\t\t\t<div class=\"spoiler-head folded\">Spoiler<\/div>\n\t\t\t\t<div class=\"spoiler-body\">&#8222;<em>Wo die Havel unweit von Pichelsberge eine gr\u00f6\u00dfere Breite einnimt, da warf sich Jaczo, als er sich von dem grimmen Feinde verfolgt sah, in den Flu\u00df. <\/em><em><em>Nach hartem Kampfe mit den Wellen erreichte er mit seinen treuen Ro\u00df das jenseitige Ufer.<\/em> &#8220; <\/em><\/span><br \/>\n<span style=\"font-family: arial, helvetica, sans-serif;font-size: 12pt\">Womit &#8222;<strong>Der Sack<\/strong>&#8220; und der &#8222;<a href=\"https:\/\/forst-grunewald.de\/?page_id=257\" target=\"_blank\" rel=\"noopener noreferrer\">Breite See<\/a>&#8220; gemeint sein k\u00f6nnte.<\/div>\n\t\t\t<\/div> <\/span><\/div>\n<div>&nbsp;<\/div>\n<div><span style=\"font-family: arial, helvetica, sans-serif; font-size: 12pt;\">Das Foto oben rechts ist insofern sehr sch\u00f6n, weil es zuf\u00e4lligerweise die Schwimmstrecke von Jaczo zeigt. Das <a href=\"https:\/\/forst-grunewald.de\/wp-content\/gallery\/schildhorndenkmal\/1887-schildhornsaeule-aufnahme-verlag-sophus-williams-klein.jpg\" target=\"_blank\" rel=\"noopener\">Denkmal<\/a> selbst ist mit seinem <a href=\"https:\/\/forst-grunewald.de\/wp-content\/gallery\/schildhorndenkmal\/2012-03-17-dsc08720-klein.jpg\" target=\"_blank\" rel=\"noopener\">Kreuz<\/a> auf der Spitze genau auf den Sack ausgerichtet. <\/span><\/div>\n<div>&nbsp;<\/div>\n<div><span style=\"font-family: arial, helvetica, sans-serif; font-size: 12pt;\">Andere Quellen gehen jedoch davon aus, dass er von Weinmeisterhorn oder vom Bereich des <a href=\"https:\/\/forst-grunewald.de\/?page_id=5742\" target=\"_blank\" rel=\"noopener\">Jaczoturms<\/a> aus die Havel durchschwommen hat. Ich orientiere mich aber an der oben zitierten (ersten genauen) Nennung von 1823. <\/span><\/div>\n<div>&nbsp;<\/div>\n<div><span style=\"font-family: arial, helvetica, sans-serif; font-size: 12pt;\"><strong>1873<\/strong> &#8211; &#8222;<em>Schlie\u00dflich erbaute sich der Berliner Julius Busse um 1873 eine gro\u00dfe Villa am Pichelssee und im benachbarten Pichelsdorf 1875 eine <a href=\"https:\/\/forst-grunewald.de\/?page_id=4211\" target=\"_blank\" rel=\"noopener noreferrer\">Brauerei<\/a>, die er aber bald wieder aufgeben mu\u00dfte<\/em>&#8222;, schrieb <a href=\"https:\/\/books.google.de\/books?id=6XGfeGb3rMkC&amp;pg=PA48&amp;lpg=PA48&amp;dq=Arne+Hengsbach&amp;source=bl&amp;ots=9B_4RNnjwb&amp;sig=qkRvrhAEsGxlObskkc7lEcNiRvg&amp;hl=de&amp;sa=X&amp;ved=0ahUKEwi92aXOlrzOAhVC0RQKHcjJCysQ6AEIHjAA#v=onepage&amp;q=Arne%20Hengsbach&amp;f=false\" target=\"_blank\" rel=\"noopener noreferrer\">Arne Hengsbach<\/a> in der Mitteilung 1\/1978 des Vereins f\u00fcr die Geschichte Berlins.<\/span><\/div>\n<div>&nbsp;<\/div>\n<div><span style=\"font-family: arial, helvetica, sans-serif; font-size: 12pt;\">Diese Villa trug im Volksmund auch den Namen &#8222;Schloss Pichelsdorf&#8220;, obwohl es eigentlich gar kein Schloss war. Sie lag auf dem &#8222;Sack&#8220;, also auf der Landzunge zwischen der Scharfen Lanke, dem <a href=\"https:\/\/forst-grunewald.de\/?page_id=257\" target=\"_blank\" rel=\"noopener noreferrer\">Breite See<\/a> und dem <a href=\"https:\/\/forst-grunewald.de\/?page_id=4328\" target=\"_blank\" rel=\"noopener\">Gem\u00fcnd(e)<\/a> (Einfahrt zum Havel-Kanal (<a href=\"https:\/\/forst-grunewald.de\/?page_id=4645\" target=\"_blank\" rel=\"noopener\">Pichelssee<\/a>)). Der Garten der Villa wurde auch nicht nur im Volksmund als &#8222;Schlosspark&#8220; bezeichnet, sondern auch in mehreren Landkarten (siehe Galerie). <\/span><\/div>\n<div>&nbsp;<\/div>\n<div><span style=\"font-family: arial, helvetica, sans-serif; font-size: 12pt;\"><a href=\"https:\/\/forst-grunewald.de\/wp-content\/uploads\/1897-06-23-Schlosspark-Pichelsdorf-klein.jpg\" target=\"_blank\" rel=\"noopener noreferrer\"><img loading=\"lazy\" decoding=\"async\" class=\"alignleft wp-image-9129\" src=\"https:\/\/forst-grunewald.de\/wp-content\/uploads\/1897-06-23-Schlosspark-Pichelsdorf-klein-150x132.jpg\" alt=\"1897-06-23 Schlosspark Pichelsdorf klein\" width=\"165\" height=\"145\" srcset=\"https:\/\/forst-grunewald.de\/wp-content\/uploads\/1897-06-23-Schlosspark-Pichelsdorf-klein-150x132.jpg 150w, https:\/\/forst-grunewald.de\/wp-content\/uploads\/1897-06-23-Schlosspark-Pichelsdorf-klein-300x264.jpg 300w, https:\/\/forst-grunewald.de\/wp-content\/uploads\/1897-06-23-Schlosspark-Pichelsdorf-klein-768x677.jpg 768w, https:\/\/forst-grunewald.de\/wp-content\/uploads\/1897-06-23-Schlosspark-Pichelsdorf-klein-1024x902.jpg 1024w, https:\/\/forst-grunewald.de\/wp-content\/uploads\/1897-06-23-Schlosspark-Pichelsdorf-klein-400x353.jpg 400w, https:\/\/forst-grunewald.de\/wp-content\/uploads\/1897-06-23-Schlosspark-Pichelsdorf-klein.jpg 1600w\" sizes=\"auto, (max-width: 165px) 100vw, 165px\" \/><\/a>Leider existieren von der Villa nur sehr wenige \u00fcberlieferte Ansichten. Eine stammt von einer Postkarte, welche am 23.06.<strong>1897<\/strong> von Berlin nach Goslar verschickt wurde. Sie tr\u00e4gt die Bezeichnung &#8222;Gruss aus Restaurant Schlosspark Pichelsdorf&#8220; und zeigt die am <a href=\"https:\/\/forst-grunewald.de\/?page_id=257\" target=\"_blank\" rel=\"noopener\">Breite See<\/a> gelegene <a href=\"https:\/\/forst-grunewald.de\/wp-content\/gallery\/pichelswerder-schloss-pichelsdorf\/1897-06-23-schlosspark-pichelsdorf-klein-a-schloss.jpg\" target=\"_blank\" rel=\"noopener\">Villa<\/a> mit einem gro\u00dfen Restaurantgarten, einem <a href=\"https:\/\/forst-grunewald.de\/wp-content\/gallery\/pichelswerder-schloss-pichelsdorf\/1897-06-23-schlosspark-pichelsdorf-klein-a-turm.jpg\" target=\"_blank\" rel=\"noopener\">(Aussichts)turm<\/a>, welcher auch auf anderen <a href=\"https:\/\/forst-grunewald.de\/wp-content\/gallery\/pichelswerder-schloss-pichelsdorf\/1906-07-23-pichelssee-klein-a.jpg\" target=\"_blank\" rel=\"noopener noreferrer\">Fotos<\/a> zu erkennen ist, sowie ein Blick nach Schildhorn. Als Inhaber des Restaurant ist &#8222;H. Werner&#8220; ausgewiesen, wie sich <a href=\"https:\/\/forst-grunewald.de\/wp-content\/gallery\/pichelswerder-schloss-pichelsdorf\/1899-06-15-schloss-pichelsdorf-klein.jpg\" target=\"_blank\" rel=\"noopener\">aus einer gleichen Karte<\/a> vom 15.06.<strong>1899<\/strong> ergibt und welche von &#8222;Margarete Werner&#8220; unterschrieben wurde. <\/span><\/div>\n<div>&nbsp;<\/div>\n<div><span style=\"font-family: arial, helvetica, sans-serif; font-size: 12pt;\">Eine weitere Darstellung der Schloss-Villa befindet sich <a href=\"https:\/\/forst-grunewald.de\/wp-content\/uploads\/1898-Buecherei-Schloss-Pichelsdorf-von-der-Heyden-klein.jpg\" target=\"_blank\" rel=\"noopener noreferrer\"><img loading=\"lazy\" decoding=\"async\" class=\"alignright wp-image-13733\" src=\"https:\/\/forst-grunewald.de\/wp-content\/uploads\/1898-Buecherei-Schloss-Pichelsdorf-von-der-Heyden-klein.jpg\" alt=\"\" width=\"250\" height=\"339\" srcset=\"https:\/\/forst-grunewald.de\/wp-content\/uploads\/1898-Buecherei-Schloss-Pichelsdorf-von-der-Heyden-klein.jpg 1179w, https:\/\/forst-grunewald.de\/wp-content\/uploads\/1898-Buecherei-Schloss-Pichelsdorf-von-der-Heyden-klein-111x150.jpg 111w, https:\/\/forst-grunewald.de\/wp-content\/uploads\/1898-Buecherei-Schloss-Pichelsdorf-von-der-Heyden-klein-221x300.jpg 221w, https:\/\/forst-grunewald.de\/wp-content\/uploads\/1898-Buecherei-Schloss-Pichelsdorf-von-der-Heyden-klein-768x1042.jpg 768w\" sizes=\"auto, (max-width: 250px) 100vw, 250px\" \/><\/a>auf der Seite von Herrn D\u00ebus-von Homeyer &#8211; <a href=\"http:\/\/www.pichelsdorf.info\" target=\"_blank\" rel=\"noopener noreferrer\">www.pichelsdorf.info<\/a> &#8211; <a href=\"http:\/\/www.pichelsdorf.info\/images\/geschichte\/Schloss.jpg\" target=\"_blank\" rel=\"noopener noreferrer\">Ansicht von <strong>1898<\/strong><\/a>. und inzwischen ist es mit nach vielen Jahren gelungen diese Zeichung auch zu erwerben, sogar mit Signatur von Max Manfred von der Heyden. <\/span><\/div>\n<div>&nbsp;<\/div>\n<div><span style=\"font-family: arial, helvetica, sans-serif; font-size: 12pt;\">Hierbei handelt es sich eindeutig um das selbe Geb\u00e4ude. Diese Abbildung zeigt die Villa und zus\u00e4tzlich das Wappen des <a href=\"http:\/\/www.welt-der-wappen.de\/Heraldik\/franzoesisch2.htm\" target=\"_blank\" rel=\"noopener\">inzwischen erloschendem rheinl\u00e4ndisch-luxemburgischen Uradelsgeschlechts<\/a> &#8222;<a href=\"https:\/\/de.wikipedia.org\/wiki\/Von_der_Heyden_(Adelsgeschlecht)\" target=\"_blank\" rel=\"noopener noreferrer\">Von der Heyden<\/a>&#8222;, sowie die Bezeichnung &#8222;B\u00fccherei Schloss Pichelsdorf adH&#8220; (<span style=\"text-decoration: underline;\">a<\/span>uf <span style=\"text-decoration: underline;\">d<\/span>er <span style=\"text-decoration: underline;\">H<\/span>\u00f6he?). <\/span><\/div>\n<div>&nbsp;<\/div>\n<div><span style=\"font-family: arial, helvetica, sans-serif; font-size: 12pt;\">Bei Freiherr Max Manfred von der Heyden handelte es sich um einen k\u00fcnstlerisch t\u00e4tigen <a href=\"https:\/\/de.wikipedia.org\/wiki\/Heraldik\" target=\"_blank\" rel=\"noopener noreferrer\">Heraldiker<\/a>. Im Internethandel gibt es mehrere Wappen und (Buch)Zeichnungsdrucke bzw. <a href=\"https:\/\/de.wikipedia.org\/wiki\/Exlibris\" target=\"_blank\" rel=\"noopener\">Exlibris<\/a> von ihm. So zum Beispiel einer <a href=\"https:\/\/forst-grunewald.de\/wp-content\/uploads\/MvH-MMvdH-ExLibris-01.jpg\" target=\"_blank\" rel=\"noopener\">Vogelzeichnung<\/a> von <a href=\"https:\/\/de.wikipedia.org\/wiki\/Margot_von_Heyden-Linden\" target=\"_blank\" rel=\"noopener\">Margot von der Heyden<\/a>. <\/span><\/div>\n<div>&nbsp;<\/div>\n<div><span style=\"font-family: arial, helvetica, sans-serif; font-size: 12pt;\">Zun\u00e4chst hatte ich den Verdacht, dass es sich bei der Villa ab 1898 um den Familiensitz des K\u00fcnstlers gehandelt haben k\u00f6nnte. Diesen habe ich wegen der vorher (1897) und sp\u00e4ter (1899) datierten Ansichtskarte aber verworfen. Die Angabe &#8222;B\u00fccherei&#8220; d\u00fcrfte sich vermutlich so nicht auf das Schloss Pichelsdorf beziehen, sondern auf seinen Namen und seine T\u00e4tigkeit als k\u00fcnstlerischen Gestalter bzw. seine &#8222;Werkstatt&#8220;. Ansonsten erscheint das Wirken und die Familiengeschichte von ihm und anderen Namenstragenden noch recht unerforscht. An dieser Stelle m\u00f6chte ich daher auch noch einen interesanten Link auf die Entstehung der &#8222;<a href=\"http:\/\/www.volksfreund.de\/nachrichten\/region\/bitburg\/aktuell\/Heute-in-der-Bitburger-Zeitung-Nur-damit-die-Familie-nichts-erbt;art752,2671651\" target=\"_blank\" rel=\"noopener noreferrer\">Von der Heyden und von Sch\u00fctz&#8217;sche Stiftung<\/a>&#8220; legen, wobei es diesseits keinen Hinweis zu einem Bezug zum \u201eSchloss Pichelsdorf\u201c gibt.<\/span><\/div>\n<div>&nbsp;<\/div>\n<div><span style=\"font-family: arial, helvetica, sans-serif; font-size: 12pt;\">Seit 1960 befindet sich auf dem Gel\u00e4nde das <a href=\"http:\/\/netkey40.igmetall.de\/homepages\/bs-berlin.pichelssee\/\" target=\"_blank\" rel=\"noopener noreferrer\">IG Metall-Bildungszentrum Berlin<\/a>.<\/span><\/div>\n<div>&nbsp;<\/div>\n<ul>\n<li><span style=\"font-family: arial, helvetica, sans-serif; font-size: 12pt;\"><strong>2010<\/strong> &#8211; 50 Jahre IG Metall Bildungsst\u00e4tte Berlin &#8211; das besondere Haus am See &#8211; <a href=\"http:\/\/www.igmetall-bbs.de\/Meldung.613.0.html?&amp;no_cache=1&amp;tx_ttnews%5Btt_news%5D=854&amp;cHash=3cdce520747cf1bd3bafbd1d9549deea\" target=\"_blank\" rel=\"noopener noreferrer\">lesen <\/a><\/span><\/li>\n<\/ul>\n<div>&nbsp;<\/div>\n<div><span style=\"font-family: arial, helvetica, sans-serif; font-size: 12pt;\">In dem mir vorliegenden Landkarten, taucht der Name &#8222;Der Sack&#8220; in den Jahren <a href=\"https:\/\/forst-grunewald.de\/wp-content\/gallery\/pichelswerder-schloss-pichelsdorf\/1816-pichelsdorf-der-sack.jpg\" target=\"_blank\" rel=\"noopener noreferrer\">1816<\/a>, <a href=\"https:\/\/forst-grunewald.de\/wp-content\/gallery\/pichelswerder-schloss-pichelsdorf\/1835-pichelsdorf-der-sack.jpg\" target=\"_blank\" rel=\"noopener noreferrer\">1835<\/a> und <a href=\"https:\/\/forst-grunewald.de\/wp-content\/gallery\/pichelswerder-schloss-pichelsdorf\/1902-berdrow-schloss-pichelsdorf.jpg\" target=\"_blank\" rel=\"noopener noreferrer\">1902<\/a> auf. Zus\u00e4tzlich auch, wie oben beschrieben, 1823 bei Valentin Heinrich Schmidt. Die Bezeichnung &#8222;Schlosspark&#8220; kann ich hier ab <a href=\"https:\/\/forst-grunewald.de\/wp-content\/uploads\/1897-06-23-Schlosspark-Pichelsdorf-klein.jpg\" target=\"_blank\" rel=\"noopener noreferrer\">1897<\/a> und <a href=\"https:\/\/forst-grunewald.de\/wp-content\/gallery\/pichelswerder-schloss-pichelsdorf\/1904-pichelsdorf-schlosspark.jpg\" target=\"_blank\" rel=\"noopener noreferrer\">1904<\/a> belegen. <\/span><\/div>\n<div>&nbsp;<\/div>\n<div><span style=\"font-family: arial, helvetica, sans-serif; font-size: 12pt;\">Heutzutage ist der Name &#8222;Schloss Pichelsdorf&#8220; in Vergessenheit geraten.<\/span><\/div>\n<p style=\"text-align: justify;\"><span style=\"color: #ffffff; font-family: arial, helvetica, sans-serif; font-size: 12pt;\">.<\/span><\/p>\n<p style=\"text-align: justify;\"><span style=\"color: #ffffff; font-family: arial, helvetica, sans-serif; font-size: 12pt;\">.<\/span><\/p>\n<p><span style=\"font-family: arial, helvetica, sans-serif; font-size: 12pt;\">ngg_shortcode_0_placeholder<\/span><\/p>\n<p>&nbsp;<\/p>\n","protected":false},"excerpt":{"rendered":"<p>&#8222;Der Sack&#8222;, eine Landzunge mit Geschichte, welche mit der Schildhornsage in Verbindung gebracht wird und dessen Name leider in Vergessenheit zu geraten droht: 1823 Valentin&hellip;<\/p>\n","protected":false},"author":1,"featured_media":0,"parent":4060,"menu_order":0,"comment_status":"closed","ping_status":"closed","template":"","meta":{"ngg_post_thumbnail":0,"iawp_total_views":81,"footnotes":""},"class_list":["post-4233","page","type-page","status-publish","hentry"],"_links":{"self":[{"href":"https:\/\/forst-grunewald.de\/index.php?rest_route=\/wp\/v2\/pages\/4233","targetHints":{"allow":["GET"]}}],"collection":[{"href":"https:\/\/forst-grunewald.de\/index.php?rest_route=\/wp\/v2\/pages"}],"about":[{"href":"https:\/\/forst-grunewald.de\/index.php?rest_route=\/wp\/v2\/types\/page"}],"author":[{"embeddable":true,"href":"https:\/\/forst-grunewald.de\/index.php?rest_route=\/wp\/v2\/users\/1"}],"replies":[{"embeddable":true,"href":"https:\/\/forst-grunewald.de\/index.php?rest_route=%2Fwp%2Fv2%2Fcomments&post=4233"}],"version-history":[{"count":103,"href":"https:\/\/forst-grunewald.de\/index.php?rest_route=\/wp\/v2\/pages\/4233\/revisions"}],"predecessor-version":[{"id":42195,"href":"https:\/\/forst-grunewald.de\/index.php?rest_route=\/wp\/v2\/pages\/4233\/revisions\/42195"}],"up":[{"embeddable":true,"href":"https:\/\/forst-grunewald.de\/index.php?rest_route=\/wp\/v2\/pages\/4060"}],"wp:attachment":[{"href":"https:\/\/forst-grunewald.de\/index.php?rest_route=%2Fwp%2Fv2%2Fmedia&parent=4233"}],"curies":[{"name":"wp","href":"https:\/\/api.w.org\/{rel}","templated":true}]}}