{"id":42256,"date":"2025-08-04T11:47:28","date_gmt":"2025-08-04T10:47:28","guid":{"rendered":"https:\/\/forst-grunewald.de\/?page_id=42256"},"modified":"2025-10-07T19:01:40","modified_gmt":"2025-10-07T18:01:40","slug":"schwanenwerder","status":"publish","type":"page","link":"https:\/\/forst-grunewald.de\/?page_id=42256","title":{"rendered":"Schwanenwerder"},"content":{"rendered":"<p style=\"text-align: justify;\"><span style=\"font-family: arial, helvetica, sans-serif; font-size: 12pt;\">Eine wundersch\u00f6ne Insel zwischen dem <a href=\"https:\/\/forst-grunewald.de\/?page_id=664\" target=\"_blank\" rel=\"noopener\">Gro\u00dfen Fenster<\/a> und dem <a href=\"https:\/\/forst-grunewald.de\/?page_id=5590\" target=\"_blank\" rel=\"noopener\">Wannsee<\/a>. <\/span><\/p>\n<p style=\"text-align: justify;\"><span style=\"font-family: arial, helvetica, sans-serif; font-size: 12pt;\">Bis 1900 hie\u00df sie &#8222;Cladower Sandwerder&#8220;. <\/span><\/p>\n<p style=\"text-align: justify;\"><span style=\"font-family: arial, helvetica, sans-serif; font-size: 12pt;\">Man gelangt auf die Insel \u00fcber eine kleine Br\u00fccke und kann sie auf einer Inselstra\u00dfe im Kreis umlaufen, allerdings sind die Au\u00dfengrundst\u00fccke am Ufer und der Mittelteil alle mit Villen bebaut.<\/span><\/p>\n<p style=\"text-align: justify;\"><span style=\"font-family: arial, helvetica, sans-serif; font-size: 12pt;\">Einen auf alten Postkarten ersichtlichen 1901 erbauten <strong>Wasserturm<\/strong> (mit Dampfmaschinenhaus) gibt es nicht mehr. Dieser befand sich damals oberhalb der 1925 erbauten <a href=\"https:\/\/denkmaldatenbank.berlin.de\/daobj.php?obj_dok_nr=09075575\" target=\"_blank\" rel=\"noopener\">Villa Monheim<\/a> (Inselstra\u00dfe 5, gegen\u00fcber der Inselstra\u00dfe 10). 1937 wurde der Turm abgerissen.<\/span><\/p>\n<p><span style=\"font-family: arial, helvetica, sans-serif; font-size: 12pt;\">Vor dem Wasserturm befand sich auf der Insel an anderer Stelle au\u00dferdem auch ein <strong>Aussichtsturm<\/strong> (<a href=\"https:\/\/forst-grunewald.de\/wp-content\/gallery\/s-childhorn\/1891-ca-Kiessling-Cladower-Sand-Werder-1600.jpg\" target=\"_blank\" rel=\"noopener\">1891<\/a>, <a href=\"https:\/\/forst-grunewald.de\/wp-content\/gallery\/s-childhorn\/1899-ca-Kiessling-12.-Auflage-Cladower-Sand-Werder-1600.jpg\" target=\"_blank\" rel=\"noopener\">1899<\/a>, <a href=\"https:\/\/forst-grunewald.de\/wp-content\/gallery\/s-childhorn\/1905-ca-Straube-Schwanenwerder-1600.jpg\" target=\"_blank\" rel=\"noopener\">1905<\/a>).<\/span><\/p>\n<p style=\"text-align: justify;\"><span style=\"font-family: arial, helvetica, sans-serif; font-size: 12pt;\">Weiteres \u00fcber die Insel siehe unter anderem bei <\/span><span style=\"font-family: arial, helvetica, sans-serif; font-size: 12pt;\">Wikipedia: <a href=\"https:\/\/de.wikipedia.org\/wiki\/Schwanenwerder\" target=\"_blank\" rel=\"noopener\">Schwanenwerder<\/a><\/span><\/p>\n<p>&nbsp;<\/p>\n<p><span style=\"font-family: arial, helvetica, sans-serif; font-size: 12pt;\">Galerie:<\/span><\/p>\nngg_shortcode_0_placeholder\n<p>&nbsp;<\/p>\n","protected":false},"excerpt":{"rendered":"<p>Eine wundersch\u00f6ne Insel zwischen dem Gro\u00dfen Fenster und dem Wannsee. Bis 1900 hie\u00df sie &#8222;Cladower Sandwerder&#8220;. Man gelangt auf die Insel \u00fcber eine kleine Br\u00fccke&hellip;<\/p>\n","protected":false},"author":1,"featured_media":0,"parent":0,"menu_order":0,"comment_status":"closed","ping_status":"closed","template":"","meta":{"ngg_post_thumbnail":0,"iawp_total_views":34,"footnotes":""},"class_list":["post-42256","page","type-page","status-publish","hentry"],"_links":{"self":[{"href":"https:\/\/forst-grunewald.de\/index.php?rest_route=\/wp\/v2\/pages\/42256","targetHints":{"allow":["GET"]}}],"collection":[{"href":"https:\/\/forst-grunewald.de\/index.php?rest_route=\/wp\/v2\/pages"}],"about":[{"href":"https:\/\/forst-grunewald.de\/index.php?rest_route=\/wp\/v2\/types\/page"}],"author":[{"embeddable":true,"href":"https:\/\/forst-grunewald.de\/index.php?rest_route=\/wp\/v2\/users\/1"}],"replies":[{"embeddable":true,"href":"https:\/\/forst-grunewald.de\/index.php?rest_route=%2Fwp%2Fv2%2Fcomments&post=42256"}],"version-history":[{"count":20,"href":"https:\/\/forst-grunewald.de\/index.php?rest_route=\/wp\/v2\/pages\/42256\/revisions"}],"predecessor-version":[{"id":42797,"href":"https:\/\/forst-grunewald.de\/index.php?rest_route=\/wp\/v2\/pages\/42256\/revisions\/42797"}],"wp:attachment":[{"href":"https:\/\/forst-grunewald.de\/index.php?rest_route=%2Fwp%2Fv2%2Fmedia&parent=42256"}],"curies":[{"name":"wp","href":"https:\/\/api.w.org\/{rel}","templated":true}]}}