{"id":414,"date":"2012-05-31T14:55:47","date_gmt":"2012-05-31T14:55:47","guid":{"rendered":"http:\/\/forst-grunewald.de\/wordpress\/?page_id=414"},"modified":"2024-05-06T07:22:14","modified_gmt":"2024-05-06T06:22:14","slug":"erdgasspeicher","status":"publish","type":"page","link":"https:\/\/forst-grunewald.de\/?page_id=414","title":{"rendered":"Erdgasspeicher"},"content":{"rendered":"<ul>\n<li><a href=\"https:\/\/forst-grunewald.de\/wp-content\/uploads\/Erdgasspeicher-Grunewald-Querschnitt-Quelle-GASAG-Website-klein.jpg\" target=\"_blank\" rel=\"noopener noreferrer\"><img loading=\"lazy\" decoding=\"async\" class=\" wp-image-421 alignright\" style=\"border: 1px solid black;\" src=\"https:\/\/forst-grunewald.de\/wp-content\/uploads\/Erdgasspeicher-Grunewald-Querschnitt-Quelle-GASAG-Website-klein.jpg\" alt=\"Erdgasspeicher Grunewald Querschnitt Quelle GASAG Website-klein\" width=\"648\" height=\"456\" srcset=\"https:\/\/forst-grunewald.de\/wp-content\/uploads\/Erdgasspeicher-Grunewald-Querschnitt-Quelle-GASAG-Website-klein.jpg 900w, https:\/\/forst-grunewald.de\/wp-content\/uploads\/Erdgasspeicher-Grunewald-Querschnitt-Quelle-GASAG-Website-klein-150x105.jpg 150w, https:\/\/forst-grunewald.de\/wp-content\/uploads\/Erdgasspeicher-Grunewald-Querschnitt-Quelle-GASAG-Website-klein-300x211.jpg 300w, https:\/\/forst-grunewald.de\/wp-content\/uploads\/Erdgasspeicher-Grunewald-Querschnitt-Quelle-GASAG-Website-klein-400x281.jpg 400w\" sizes=\"auto, (max-width: 648px) 100vw, 648px\" \/><\/a>Offiziell:<br \/>\n<a href=\"http:\/\/www.erdgasspeicher-berlin.de\" target=\"_blank\" rel=\"noopener noreferrer\">Berliner Erdgasspeicher<\/a><\/li>\n<li style=\"text-align: justify;\"><strong>2004<\/strong> Berliner Feuerwehr:<br \/>\n&#8222;<a href=\"https:\/\/www.berliner-feuerwehr.de\/ueber-uns\/historie\/historische-einsaetze\/2004-gasexplosion-im-bezirk-spandau\/\" target=\"_blank\" rel=\"noopener noreferrer\">Gasexplosion in Spandau<\/a>&#8220;<br \/>\n<span style=\"color: #ffffff;\">.<\/span><\/li>\n<li style=\"text-align: left;\"><strong>2006<\/strong> Tagesspiegel:<br \/>\n&#8222;<a href=\"http:\/\/www.tagesspiegel.de\/berlin\/gasspeicher-explosion-in-spandau-ermittlungen-eingestellt\/774322.html\" target=\"_blank\" rel=\"noopener noreferrer\">Gasspeicher-Explosion in Spandau: Ermittlungen eingestellt<\/a>&#8220;<br \/>\n<span style=\"color: #ffffff;\">.<\/span><\/li>\n<li style=\"text-align: justify;\"><strong>2009<\/strong> Berliner Morgenpost:<br \/>\n\u201c<a id=\"Text53Link1\" href=\"80\/sport\/article1102945\/Fans_sitzen_nun_hoeher_im_Olympiastadion.html\" target=\"_blank\" rel=\"noopener noreferrer\">Fans sitzen nun h\u00f6her im Olympiastadion<\/a>\u201d<br \/>\n\u201c<em>Dank neuester Messungen durch die Radarsatelliten ERS-1 und ERS-2 haben Wissenschaftler des Forschungsprojekts &#8222;Terrafirma&#8220; festgestellt, dass das Gebiet um das Olympiagel\u00e4nde samt Stadion um eben diese sechs Zentimeter angestiegen ist. Der Grund daf\u00fcr liegt in 800 Metern Tiefe.<\/em>\u201d<br \/>\n<span style=\"color: #ffffff;\">.<\/span><\/li>\n<li style=\"text-align: justify;\"><a href=\"http:\/\/www.focus.de\/immobilien\/energiesparen\/historischer-tiefstwert-rekordwinter-deutsche-erdgasspeicher-sind-fast-leer_aid_955037.html\" target=\"_blank\" rel=\"noopener noreferrer\"><strong>2013<\/strong><\/a> Focus:<br \/>\n&#8222;<em>Der von einer Gasag-Tochter gesteuerte Berliner Erdgasspeicher enth\u00e4lt bei einem Volumen von 135 Millionen Kubikmetern derzeit noch 1,5 Millionen Kubikmeter Erdgas, also nahezu nichts mehr.<\/em>&#8220;<br \/>\n<span style=\"color: #ffffff;\">.<\/span><\/li>\n<li style=\"text-align: justify;\"><a href=\"http:\/\/pardok.parlament-berlin.de\/starweb\/adis\/citat\/VT\/17\/SchrAnfr\/S17-17494.pdf\" target=\"_blank\" rel=\"noopener noreferrer\">2015<\/a> Abgeordnetenhaus:<br \/>\n&#8222;<em>F\u00fcr den Berliner Erdgasspeicher, der in die Zust\u00e4ndigkeit der Senatsverwaltung f\u00fcr Wirtschaft, Technologie und Forschung f\u00e4llt, ist der Externe Notfallplan am 1. Juni 2005 in Kraft getreten. \u00dcberpr\u00fcfungen bzw. \u00dcberarbeitungen haben nicht stattgefunden, da die im Notfallplan beschriebenen Risiken bzw. Wahrscheinlichkeiten m\u00f6glicher St\u00f6rf\u00e4lle sich nicht ver\u00e4ndert haben. Eine Teil\u00fcberpr\u00fcfung hat 2013 durch die Berliner Feuerwehr stattgefunden. Der Entwurf des Externen Notfallplans betreffend den Erdgasspeicher hat sowohl bei der damaligen Senatsverwaltung f\u00fcr Wirtschaft, Arbeit und Frauen als auch in den Bezirks\u00e4mtern Spandau und Charlottenburg-Wilmersdorf in der Zeit vom 25.04. bis 27.05.2005 ausgelegen. Im Rahmen der \u00d6ffentlichkeitsbeteiligung vorgebrachte Bedenken und Anregungen wurden von der Senatsverwaltung f\u00fcr Wirtschaft, Technologie und Forschung ausge-wertet und entsprechend ber\u00fccksichtigt.<\/em>&#8220;<br \/>\n<span style=\"color: #ffffff;\">.<\/span><\/li>\n<li><strong>2016<\/strong> Tagesspiegel: <a href=\"https:\/\/www.tagesspiegel.de\/berlin\/energieversorgung-in-berlin-gasag-legt-gasspeicher-im-grunewald-still\/19163648.html\" target=\"_blank\" rel=\"noopener noreferrer\">Gasag legt bis 2013 Erdgasspeicher im Grunewald still<\/a><br \/>\n<span style=\"color: #ffffff;\">.<\/span><\/li>\n<li><strong>2018<\/strong> Berliner Erdgasspeicher GmbH: <span style=\"color: #ffffff;\"><span style=\"color: #000000;\"><a href=\"https:\/\/www.berliner-erdgasspeicher.de\/SiteCollectionDocuments\/Anwohnerveranstaltung_26.06.2018.pdf\" target=\"_blank\" rel=\"noopener noreferrer\">Pr\u00e4sentation<\/a> zur <a href=\"https:\/\/www.berliner-erdgasspeicher.de\/de\/Aktuelles\/Seiten\/default.aspx#\/Seiten\/Anwohnerveranstaltung.aspx\" target=\"_blank\" rel=\"noopener noreferrer\">Informationsveranstaltung f\u00fcr die Anwohner<\/a> \u00fcber die Stillegung des Erdgasspeichers vom 26.06.2018<\/span><br \/>\n<span style=\"color: #000000;\">&nbsp;<\/span><span style=\"color: #000000;\"><br \/>\n<\/span><\/span><\/li>\n<\/ul>\n<p style=\"text-align: justify;\"><span style=\"color: #ffffff;\">.<\/span><\/p>\n<p><span style=\"color: #ffffff;\">.<\/span><\/p>\n<p style=\"text-align: justify;\">ngg_shortcode_0_placeholder<\/p>\n","protected":false},"excerpt":{"rendered":"<p>Offiziell: Berliner Erdgasspeicher 2004 Berliner Feuerwehr: &#8222;Gasexplosion in Spandau&#8220; . 2006 Tagesspiegel: &#8222;Gasspeicher-Explosion in Spandau: Ermittlungen eingestellt&#8220; . 2009 Berliner Morgenpost: \u201cFans sitzen nun h\u00f6her&hellip;<\/p>\n","protected":false},"author":1,"featured_media":0,"parent":0,"menu_order":0,"comment_status":"closed","ping_status":"closed","template":"template\/full-width.php","meta":{"ngg_post_thumbnail":0,"iawp_total_views":158,"footnotes":""},"class_list":["post-414","page","type-page","status-publish","hentry"],"_links":{"self":[{"href":"https:\/\/forst-grunewald.de\/index.php?rest_route=\/wp\/v2\/pages\/414","targetHints":{"allow":["GET"]}}],"collection":[{"href":"https:\/\/forst-grunewald.de\/index.php?rest_route=\/wp\/v2\/pages"}],"about":[{"href":"https:\/\/forst-grunewald.de\/index.php?rest_route=\/wp\/v2\/types\/page"}],"author":[{"embeddable":true,"href":"https:\/\/forst-grunewald.de\/index.php?rest_route=\/wp\/v2\/users\/1"}],"replies":[{"embeddable":true,"href":"https:\/\/forst-grunewald.de\/index.php?rest_route=%2Fwp%2Fv2%2Fcomments&post=414"}],"version-history":[{"count":29,"href":"https:\/\/forst-grunewald.de\/index.php?rest_route=\/wp\/v2\/pages\/414\/revisions"}],"predecessor-version":[{"id":41499,"href":"https:\/\/forst-grunewald.de\/index.php?rest_route=\/wp\/v2\/pages\/414\/revisions\/41499"}],"wp:attachment":[{"href":"https:\/\/forst-grunewald.de\/index.php?rest_route=%2Fwp%2Fv2%2Fmedia&parent=414"}],"curies":[{"name":"wp","href":"https:\/\/api.w.org\/{rel}","templated":true}]}}