{"id":407,"date":"2012-05-31T07:48:48","date_gmt":"2012-05-31T07:48:48","guid":{"rendered":"http:\/\/forst-grunewald.de\/wordpress\/?page_id=407"},"modified":"2024-05-06T07:26:49","modified_gmt":"2024-05-06T06:26:49","slug":"eichkamp","status":"publish","type":"page","link":"https:\/\/forst-grunewald.de\/?page_id=407","title":{"rendered":"Eichkamp"},"content":{"rendered":"<p style=\"text-align: justify;\"><a href=\"https:\/\/forst-grunewald.de\/wp-content\/uploads\/2013-Forstamtsbereich-Grundewald-Revier-Eichkamp-1.jpg\" target=\"_blank\" rel=\"noopener noreferrer\"><img loading=\"lazy\" decoding=\"async\" class=\"alignright wp-image-13858\" src=\"https:\/\/forst-grunewald.de\/wp-content\/uploads\/2013-Forstamtsbereich-Grundewald-Revier-Eichkamp-1.jpg\" alt=\"\" width=\"400\" height=\"326\" srcset=\"https:\/\/forst-grunewald.de\/wp-content\/uploads\/2013-Forstamtsbereich-Grundewald-Revier-Eichkamp-1.jpg 1600w, https:\/\/forst-grunewald.de\/wp-content\/uploads\/2013-Forstamtsbereich-Grundewald-Revier-Eichkamp-1-368x300.jpg 368w, https:\/\/forst-grunewald.de\/wp-content\/uploads\/2013-Forstamtsbereich-Grundewald-Revier-Eichkamp-1-184x150.jpg 184w, https:\/\/forst-grunewald.de\/wp-content\/uploads\/2013-Forstamtsbereich-Grundewald-Revier-Eichkamp-1-768x626.jpg 768w, https:\/\/forst-grunewald.de\/wp-content\/uploads\/2013-Forstamtsbereich-Grundewald-Revier-Eichkamp-1-1536x1252.jpg 1536w\" sizes=\"auto, (max-width: 400px) 100vw, 400px\" \/><\/a>Der Name Eichkamp leitet sich laut <a href=\"https:\/\/de.wikipedia.org\/wiki\/Siedlung_Eichkamp\" target=\"_blank\" rel=\"noopener\">Wikipedia <\/a>aus dem alten Flurnamen \u201e<strong><em>Willmersdorffischer Eichelkamp<\/em><\/strong>\u201c ab. In den mir vorliegenden Land- bzw. Wanderkarten (siehe Galerie) taucht der Name jedoch erstmals ab <a href=\"https:\/\/forst-grunewald.de\/wp-content\/gallery\/eichkamp-ansichten\/1885-ca-kiessling-sw-6-auflage-grunewald-eichkamp.jpg\" target=\"_blank\" rel=\"noopener\">ca. 1885<\/a> im Zusammenhang mit der neuen &#8222;<strong>U<\/strong>(nter) <strong>F<\/strong>(\u00f6rsterei) <strong>Eichkamp<\/strong> auf. Ich vermute daher, dass er vorher eigentlich praktisch keine Rolle gespielt hat.<\/p>\n<p style=\"text-align: justify;\">Auch die Siedlung Eichkamp geh\u00f6rt zu jenen Gebieten des GruneWalds, die urbanisiert wurden. Allerdings wurden dort nicht hochherrschaftliche Villen, sondern kleinere Reihen- und Doppelh\u00e4user erbaut. Also tats\u00e4chlich eine &#8222;Siedlung&#8220;. <a href=\"https:\/\/de.wikipedia.org\/wiki\/Siedlung_Eichkamp\" target=\"_blank\" rel=\"noopener noreferrer\">Wikipedia<\/a> schreibt mit Stand 26.12.2019:<\/p>\n<blockquote>\n<p style=\"text-align: justify;\">Nach dem Ende des Ersten Weltkriegs wurde 1918 die Siedlungsgesellschaft M\u00e4rkische Heimst\u00e4tte gegr\u00fcndet. Vork\u00e4mpfer der in den 1890er Jahren entstandenen Heimst\u00e4ttenbewegung war <a href=\"https:\/\/de.wikipedia.org\/wiki\/Adolf_Damaschke\" target=\"_blank\" rel=\"noopener noreferrer\">Adolf Damaschke<\/a>. Von der preu\u00dfischen Landesregierung mit der Durchf\u00fchrung von Siedlungsprojekten gegen die herrschende Wohnungsnot betraut, vergab die M\u00e4rkische Heimst\u00e4tte den Auftrag zur Planung der Siedlung Eichkamp an <a href=\"https:\/\/de.wikipedia.org\/wiki\/Max_Taut\" target=\"_blank\" rel=\"noopener noreferrer\">Max Taut<\/a>. Die ersten Planungen umfassten ein wesentlich gr\u00f6\u00dferes als das schlie\u00dflich bebaute Areal. Die ersten ab 1920 fertiggestellten H\u00e4user waren aufgrund der schlechten wirtschaftlichen Lage der Jahre nach dem Ersten Weltkrieg mit H\u00fchnerstall und Speicher f\u00fcr eine weitgehende Selbstversorgung der Bewohner eingerichtet. Waren die ersten H\u00e4user noch als Reihenh\u00e4user errichtet worden, so wurden mit sich bessernder wirtschaftlicher Situation bald Doppelh\u00e4user typisch f\u00fcr den weiteren Ausbau der Siedlung.<\/p>\n<\/blockquote>\n<p>Die &#8222;<a href=\"https:\/\/forst-grunewald.de\/wp-content\/gallery\/eichkamp-ansichten\/2008-04-22-eichkamp-cimg1035-klein.jpg\" target=\"_blank\" rel=\"noopener\">Alte Allee<\/a>&#8220; ist die \u00e4lteste Stra\u00dfe der Siedlung Eichkamp. <a href=\"https:\/\/berlin.kauperts.de\/Strassen\/Alte-Allee-14055-Berlin\" target=\"_blank\" rel=\"noopener\">Kauperts<\/a> schreibt \u00fcber sie:<\/p>\n<blockquote>\n<p style=\"text-align: justify;\">Die Alte Allee ist die \u00e4lteste Stra\u00dfe in der Kleinhaussiedlung Eichkamp am Nordostrand des Grunewalds, die zwischen 1918 und 1927 von Max Taut und Bruno Hoffmann geplant und angelegt wurde. Das Wort Allee wurde im 17. Jahrhundert aus dem Franz\u00f6sischen entlehnt, &#8222;all\u00e9e&#8220; bedeutet w\u00f6rtlich Gang, Baumgang, eine von Baumreihen bes\u00e4umte Stra\u00dfe.<\/p>\n<\/blockquote>\n<p style=\"text-align: justify;\">Urspr\u00fcnglich war die &#8222;Alte Allee&#8220; der zwischen den <a href=\"https:\/\/forst-grunewald.de\/wp-content\/gallery\/eichkamp-ansichten\/1923-ca-holzverlag-eichkamp.jpg\" target=\"_blank\" rel=\"noopener\">Jagen 54 und 55<\/a> verlaufende Forstwirtschaftsweg.<\/p>\n<p style=\"text-align: justify;\"><a href=\"https:\/\/forst-grunewald.de\/wp-content\/gallery\/eichkamp-ansichten\/1900-ca-altes-forsthaus-eichkamp.jpg\" target=\"_blank\" rel=\"noopener\"><img loading=\"lazy\" decoding=\"async\" class=\"alignright\" src=\"https:\/\/forst-grunewald.de\/wp-content\/gallery\/eichkamp-ansichten\/1900-ca-altes-forsthaus-eichkamp.jpg\" alt=\"\" width=\"399\" height=\"234\"><\/a>Auf dem Jagen 55 befand sich vor dem Bau der Siedlung dort das <strong>fr\u00fchere Forsthaus Eichkamp <\/strong>(<a href=\"https:\/\/forst-grunewald.de\/wp-content\/gallery\/eichkamp-ansichten\/1900-ca-altes-forsthaus-eichkamp.jpg\" target=\"_blank\" rel=\"noopener\">Bild<\/a>). So tr\u00e4gt den Namen<span style=\"color: #000000; background-color: #ffffff;\"> Eichkamp heute nicht nur die Siedlung, sondern auch die <a href=\"https:\/\/forst-grunewald.de\/?page_id=13081\" target=\"_blank\" rel=\"noopener noreferrer\"><strong>Revierf\u00f6rsterei Eichkamp<\/strong><\/a>, welche sich von der AVUS bis zur Havel erstreckt (<a href=\"https:\/\/forst-grunewald.de\/wp-content\/uploads\/2013-Forstamtsbereich-Grundewald-Revier-Eichkamp-1.jpg\" target=\"_blank\" rel=\"noopener\">Bild<\/a>). <\/span><\/p>\n<p style=\"text-align: justify;\"><span style=\"color: #000000; background-color: #ffffff;\">Das fr\u00fchere Forsthaus Eichkamp wurde nach meinen Karten ca. <a href=\"https:\/\/forst-grunewald.de\/wp-content\/gallery\/eichkamp-ansichten\/1908-ca-straube-eichkamp.jpg\" target=\"_blank\" rel=\"noopener\">1908<\/a>\/<a href=\"https:\/\/forst-grunewald.de\/wp-content\/gallery\/eichkamp-ansichten\/1909-ca-kiessling-suedwesten-eichkamp.jpg\" target=\"_blank\" rel=\"noopener\">09<\/a>&nbsp; abgerissen und auf seinem heutigen Standort im Jagen 56 &#8211; <a href=\"https:\/\/www.google.com\/maps\/place\/Eichkampstra%C3%9Fe+166,+14055+Berlin\/@52.48958,13.2506113,17z\/data=!3m1!4b1!4m5!3m4!1s0x47a8574f53f9cfb7:0xf63c20c505c19490!8m2!3d52.48958!4d13.2528\" target=\"_blank\" rel=\"noopener noreferrer\">Eichkampstra\u00dfe 166<\/a> &#8211; verlegt und dort neu gebaut. Grund daf\u00fcr war der Bau der AVUS (1908\/09 stimmt auch mit der Angabe auf Wikipedia \u00fcberein, wonach: &#8222;<a href=\"https:\/\/de.wikipedia.org\/wiki\/AVUS\" target=\"_blank\" rel=\"noopener\">im Jahr 1909 die Automobil-Verkehrs- und \u00dcbungsstra\u00dfe GmbH gegr\u00fcndet<\/a>&#8220; wurde).<br \/>\n<\/span><\/p>\n<p style=\"text-align: justify;\">Auf dem verbliebenden Areal des ehemaligen Forsthauses siedelte sich dann das &#8222;<a href=\"https:\/\/de.wikipedia.org\/wiki\/Tattersall\" target=\"_blank\" rel=\"noopener\"><strong>Tattersall<\/strong><\/a><strong> Grunewald<\/strong>&#8220; (<a href=\"https:\/\/forst-grunewald.de\/wp-content\/gallery\/eichkamp-ansichten\/1922-08-31-tattersall-grunewald-klein.jpg\" target=\"_blank\" rel=\"noopener\">Bild<\/a>) sowie eine <a href=\"https:\/\/forst-grunewald.de\/?page_id=14503\" target=\"_blank\" rel=\"noopener\">Gendarmerie<\/a> und von 1924 &#8211; 1945 die <strong>Berliner Film-Ateliers \/ <a href=\"https:\/\/de.wikipedia.org\/wiki\/Tobis-Tonbild-Syndikat\" target=\"_blank\" rel=\"noopener\">Tobis Filmkunst<\/a><\/strong>&#8220; mit ihrem GRUNEWALD-ATELIER an. Das &#8222;<a href=\"http:\/\/www.cinegraph.de\/Impressum.html\" target=\"_blank\" rel=\"noopener\">CineGraph &#8211; Hamburgisches Centrum f\u00fcr Filmforschung e.V.<\/a> &#8211; <a href=\"http:\/\/www.cinegraph.de\/etc\/ateliers\/grunewald.html\" target=\"_blank\" rel=\"noopener\">Lexikon&#8220;<\/a> gibt dazu folgendes Auskunft:<\/p>\n<p style=\"text-align: justify;\"><div class=\"spoiler-wrap\">\n\t\t\t\t<div class=\"spoiler-head folded\">Spoiler<\/div>\n\t\t\t\t<div class=\"spoiler-body\">1924 baut die Trianon-Film-Ateliers GmbH einen ehemaligen Tattersall in der N\u00e4he des S-Bahnhofs Grunewald zu einem Filmatelier um. Die massive Halle wird 1926 von der Grunewald Film-Atelier GmbH \u00fcbernommen.<\/p>\n<p style=\"text-align: justify\"><em>&#8222;Nicht ohne Bedeutung ist f\u00fcr den Produktionsleiter die unmittelbare N\u00e4he des Grunewaldes mit seinem h\u00fcgeligen Gel\u00e4nde, ferner die benachbarte Villenkolonie, deren Bewohner den Filmleuten nicht unfreundlich gegen\u00fcberstehen. Somit hat der Regisseur Gelegenheit, durch Neu- und Umbauten erzwungene Arbeitspausen im Atelier bequem mit Freiaufnahmen auszuf\u00fcllen, ohne sich allzuweit von der Atelierbasis entfernen zu m\u00fcssen. Ein Umstand, der f\u00fcr manchen Film von gro\u00dfer Bedeutung sein kann.&#8220;<\/em><br \/>\n(Patrick. In: Film-Atelier, Nr. 1, Januar 1930).<\/p>\n<p style=\"text-align: justify\">1930 zum Tonfilm-Atelier umgebaut, wird das Atelier verkleinert:<br \/>\n&#8211; Atelier 1: 1080 qm: 24 x 45 m, 16 m Bh.<br \/>\n&#8211; Atelier 2: 210 qm: 10 x 21 m, 9 m Bh.<\/p>\n<p style=\"text-align: justify\"><em>&#8222;Das Atelier bietet die \u00fcblichen Nebenr\u00e4ume (1 gro\u00dfe Stargarderobe, 1 kleine Stargarderobe, 12 Sologarderoben, 2 gro\u00dfe Komparseriegarderoben, je 1 Zimmer f\u00fcr Regisseur, Aufnahmeleitung und Architekt, 1 Sitzungszimmer, 1 Kassenraum, 1 Kost\u00fcmraum, 3 Friseurr\u00e4ume, 1 Requisitenraum, 2 Dunkelkammern usw.). Fundus, Werkst\u00e4tten (Tischler, Maler, Stukkateur) und die Umformeranlagen sind im Keller des Geb\u00e4udes untergebracht.&#8220;<\/em><br \/>\n(Jahrbuch der Filmindustrie 1933).<\/p>\n<p style=\"text-align: justify\">Ab 1934 geh\u00f6rt das Grunewald-Atelier zur Tobis Ateliergesellschaft mbH (ab 1938 Tobis Filmkunst GmbH), die Adresse lautet nun <a href=\"https:\/\/www.google.com\/maps\/place\/Eichkampstra%C3%9Fe+152,+14055+Berlin\/@52.4903669,13.2590685,17z\/data=!3m1!4b1!4m5!3m4!1s0x47a8574bc426bce9:0xb67967c3104d5c14!8m2!3d52.4903669!4d13.2612572\" target=\"_blank\" rel=\"noopener\">Eichkampstra\u00dfe 152<\/a>. Das Geb\u00e4ude wird w\u00e4hrend der Kampfhandlungen Anfang 1945 zerst\u00f6rt. <\/div>\n\t\t\t<\/div><\/p>\n<p style=\"text-align: justify;\">Heute betreibt dort das <a href=\"https:\/\/www.stw.berlin\/wohnen\/wh-dauerwaldweg.html\" target=\"_blank\" rel=\"noopener\">Studierendenwerk Berlin<\/a> dort das <a href=\"https:\/\/www.stw.berlin\/wohnen\/wh-dauerwaldweg.html\" target=\"_blank\" rel=\"noopener\">Wohnheim Dauerwaldweg <\/a>(14055 Berlin, <a href=\"https:\/\/www.google.com\/maps\/place\/Eichkampstra%C3%9Fe+152,+14055+Berlin\/@52.4903669,13.2590685,17z\/data=!3m1!4b1!4m5!3m4!1s0x47a8574bc426bce9:0xb67967c3104d5c14!8m2!3d52.4903669!4d13.2612572\" target=\"_blank\" rel=\"noopener\">Eichkampstra\u00dfe 152 Ecke<\/a> Dauerwaldweg 1).<\/p>\n<p style=\"text-align: justify;\">In der N\u00e4he befindet sich der (seit 1884 neue) <strong><a href=\"https:\/\/forst-grunewald.de\/?page_id=10961\" target=\"_blank\" rel=\"noopener\">(S-)Bahnhof Grunewald.<\/a><\/strong><\/p>\n<p style=\"text-align: justify;\">Erw\u00e4hnenswert ist auch noch das <a href=\"https:\/\/de.wikipedia.org\/wiki\/Mommsenstadion\" target=\"_blank\" rel=\"noopener\"><strong>Mommsenstadion<\/strong><\/a> (anf\u00e4nglich SCC-Stadion), welches im Stil des &#8222;<a href=\"https:\/\/de.wikipedia.org\/wiki\/Neues_Bauen\" target=\"_blank\" rel=\"noopener\">Neuen Bauens<\/a>&#8220; errichtet und am 17.08.1930 eingeweiht wurde. Architekt war <a href=\"https:\/\/de.wikipedia.org\/wiki\/Fred_Forb%C3%A1t\" target=\"_blank\" rel=\"noopener\">Fred Forb\u00e1t<\/a>.<\/p>\n<p style=\"text-align: justify;\">Weitere ungef\u00e4hr &#8222;Eichkamp&#8220; zuzuordnende Bereiche sind:<\/p>\n<ul style=\"text-align: justify;\">\n<li><strong>AVUS<\/strong> seit 1909\/1921 bis heute bitte: <a href=\"https:\/\/forst-grunewald.de\/?page_id=110\" target=\"_blank\" rel=\"noopener\">HIER<\/a><\/li>\n<li><strong>Gartenverein Grunewald<\/strong> bitte: <a href=\"http:\/\/www.gartenvereingrunewald.de\/\" target=\"_blank\" rel=\"noopener\">HIER<\/a><\/li>\n<li><strong>Schie\u00dfstand und Exercierplatz<\/strong> Westend bis 1924 bitte: <a href=\"https:\/\/forst-grunewald.de\/?page_id=5408&amp;album=20&amp;gallery=158\" target=\"_blank\" rel=\"noopener\">HIER<\/a><\/li>\n<li><strong>Messegel\u00e4nde<\/strong> seit 1924 mit Funkturm und KDF-Stadt bitte: <a href=\"https:\/\/forst-grunewald.de\/?page_id=5530&amp;album=22&amp;gallery=164\" target=\"_blank\" rel=\"noopener\">HIER<\/a><\/li>\n<li><strong>Kiesgrube<\/strong> n\u00e4he Teufelssee bitte: <a href=\"https:\/\/forst-grunewald.de\/?page_id=5133\" target=\"_blank\" rel=\"noopener\">HIER<\/a><\/li>\n<li><strong>Waldkirche<\/strong> im Jagen 57 bitte: <a href=\"https:\/\/forst-grunewald.de\/?page_id=7775\" target=\"_blank\" rel=\"noopener\">HIER<\/a><\/li>\n<\/ul>\n<p><span style=\"text-decoration: underline;\">Historisches:<\/span><\/p>\n<ul>\n<li style=\"text-align: justify;\"><strong>1926<\/strong> <a href=\"https:\/\/forst-grunewald.de\/?page_id=361\" target=\"_blank\" rel=\"noopener noreferrer\">Schneider<\/a>, Seiten 25:<br \/>\n<div class=\"spoiler-wrap\">\n\t\t\t\t<div class=\"spoiler-head folded\">Spoiler<\/div>\n\t\t\t\t<div class=\"spoiler-body\"><em><em>&#8222;Wenn man fr\u00fcher vom Westausgang des Bahnhofs den Grunewald betrat, so bot sich ein unerfreulicher Anblick. Da war kein Weg mehr vom Walde zu unterscheiden, sondern alles war Weg. Die Tausende, die von dieser Quelle aus den Wald \u00fcberfluteten, hatten alles zertrampelt und zertreten, indem jeder versuchte, seinen eigenen besseren Weg neben dem ausgetretenen zu gehen. Man konnte so recht am Wege ablesen, was es f\u00fcr einen Wald bedeutet, Lieblingsausflugsort einer Millionenstadt zu sein, zugleich auch, wie sinnlos der Mensch die Natur, in der er Erholung sucht zerst\u00f6rt, wenn in Massen auftritt. <\/em><\/em><em>Das ist heute doch um vieles besser geworden. Ein guter Weg, der breit genug ist, lockt die Ausfl\u00fcgler, auf ihm zu bleiben; Baumschulen, die von Drahtz\u00e4unen umgeben sind, verhindern ein Abweichen. Wenn es auch nicht angenehm ist, zwischen Drahtz\u00e4unen zu wandern, so ist es doch besser als der fr\u00fchere Zustand; au\u00dferdem gilt es nur f\u00fcr den gef\u00e4hrdeten Zugang.&#8220;<\/em><\/div>\n\t\t\t<\/div><\/li>\n<\/ul>\n<p><span style=\"text-decoration: underline;\">Mai 2021:<\/span><\/p>\n<ul>\n<li><a href=\"https:\/\/forst-grunewald.de\/?page_id=14833\" target=\"_blank\" rel=\"noopener\">Hinterlasse den Wald so, wie Du ihn vorgefunden hast<\/a><\/li>\n<\/ul>\n<p>&nbsp;<\/p>\n<p>&nbsp;<\/p>\n<p><strong>Galerien:<\/strong><\/p>\nngg_shortcode_0_placeholder\n<p>&nbsp;<\/p>\n","protected":false},"excerpt":{"rendered":"<p>Der Name Eichkamp leitet sich laut Wikipedia aus dem alten Flurnamen \u201eWillmersdorffischer Eichelkamp\u201c ab. In den mir vorliegenden Land- bzw. Wanderkarten (siehe Galerie) taucht der&hellip;<\/p>\n","protected":false},"author":1,"featured_media":0,"parent":0,"menu_order":0,"comment_status":"closed","ping_status":"closed","template":"template\/full-width.php","meta":{"ngg_post_thumbnail":0,"iawp_total_views":176,"footnotes":""},"class_list":["post-407","page","type-page","status-publish","hentry"],"_links":{"self":[{"href":"https:\/\/forst-grunewald.de\/index.php?rest_route=\/wp\/v2\/pages\/407","targetHints":{"allow":["GET"]}}],"collection":[{"href":"https:\/\/forst-grunewald.de\/index.php?rest_route=\/wp\/v2\/pages"}],"about":[{"href":"https:\/\/forst-grunewald.de\/index.php?rest_route=\/wp\/v2\/types\/page"}],"author":[{"embeddable":true,"href":"https:\/\/forst-grunewald.de\/index.php?rest_route=\/wp\/v2\/users\/1"}],"replies":[{"embeddable":true,"href":"https:\/\/forst-grunewald.de\/index.php?rest_route=%2Fwp%2Fv2%2Fcomments&post=407"}],"version-history":[{"count":64,"href":"https:\/\/forst-grunewald.de\/index.php?rest_route=\/wp\/v2\/pages\/407\/revisions"}],"predecessor-version":[{"id":41506,"href":"https:\/\/forst-grunewald.de\/index.php?rest_route=\/wp\/v2\/pages\/407\/revisions\/41506"}],"wp:attachment":[{"href":"https:\/\/forst-grunewald.de\/index.php?rest_route=%2Fwp%2Fv2%2Fmedia&parent=407"}],"curies":[{"name":"wp","href":"https:\/\/api.w.org\/{rel}","templated":true}]}}