{"id":3842,"date":"2013-03-26T11:56:22","date_gmt":"2013-03-26T10:56:22","guid":{"rendered":"http:\/\/forst-grunewald.de\/?page_id=3842"},"modified":"2024-05-06T08:32:58","modified_gmt":"2024-05-06T07:32:58","slug":"wetterbeeinflussung","status":"publish","type":"page","link":"https:\/\/forst-grunewald.de\/?page_id=3842","title":{"rendered":"Wetterbeeinflussung"},"content":{"rendered":"<p>Etwas &#8222;verj\u00e4hrt&#8220;. Habe ich aber noch im Hinterkopf gehabt und finde es irgendwie witzig.<br \/>\nHintergrund ist, dass wir 1999 in Westend ein furchtbares lokales Unwetter hatten, welches ich auch selbst erlebt habe. Extrem starker Westwind, schwere \u00c4ste sind abgebrochen und durch die Windschutzscheiben von parkenden Autos geknallt.<\/p>\n<p>Berliner Zeitung, <a href=\"http:\/\/www.berlinonline.de\/berliner-zeitung\/archiv\/.bin\/dump.fcgi\/1999\/0722\/lokales\/0058\/ \" target=\"_blank\" rel=\"noopener noreferrer\">22.07.1999<\/a><\/p>\n<blockquote><p><strong>Mysteri\u00f6ser Hagel am Teufelsberg &#8211; <\/strong><strong>\u00d6kowerk vermutet, da\u00df eine Radarstation schuld ist<\/strong><\/p>\n<p>WILMERSDORF. Ein schweres Unwetter hat am 13. Juli den Garten des <a href=\"http:\/\/www.oekowerk.de\/\" target=\"_blank\" rel=\"noopener noreferrer\">\u00d6kowerks<\/a> verw\u00fcstet. Hagelk\u00f6rner, gro\u00df wie Taubeneier, prasselten auf den Umweltschutzverein nieder. Ein metallener Parabolspiegel hat nun erbsengro\u00dfe Beulen. Die D\u00e4cher der Ausstellungshallen sind pl\u00f6tzlich undicht, dem Dr\u00fcsigen Springkraut fehlen die Bl\u00fcten, und auch der Schnittlauch sieht nicht mehr gut aus. Es ist das zweite Unwetter innerhalb von acht Tagen. Einige Besch\u00e4ftigte des \u00d6kowerks hegen einen Verdacht: Die Radarstation auf dem benachbarten Teufelsberg sei schuld.<\/p>\n<p>Deshalb schickte Gesch\u00e4ftsf\u00fchrer Lothar Semsch eine Pressemitteilung an die Nachrichtenagenturen, die mitten im Sommerloch Journalisten in Hochstimmung versetzte: &#8222;Der Verdacht liegt nahe, da\u00df die Radarstation mit modernstem Flugsicherungsradar und starken elektromagnetischen Zentimeterwellen Unwetter und Niederschl\u00e4ge anzieht.&#8220; Semsch will den Zusammenhang zwischen der Radarstation und den &#8222;erst in letzter Zeit geballt auftretenden Unwettern&#8220; wissenschaftlich untersuchen lassen.<\/p>\n<p>\u00d6kowerk-Sprecher Heiko Gliesche-Neumann spricht von einer sechsstelligen Schadenssumme. Seine G\u00e4rtnerin hat zwei Tage allein f\u00fcr den k\u00fcnstlichen Teich gebraucht, denn der Wolkenbruch hatte zentnerweise Rindenmulch von den Wegen ins Wasser gesp\u00fclt. Die Fr\u00f6sche blieben wie durch ein Wunder am Leben. &#8222;Hier&#8220;, sagt die G\u00e4rtnerin, und zeigt eine Tomate. &#8222;Total durchl\u00f6chert. Auch der Sauerampfer und die Brunnenkresse sind platt.&#8220; Die Ohrkneifer in ihrem Unterschlupf blieben dagegen unversehrt. Seit 15 Jahren gibt es das \u00d6kowerk, das pro Jahr von rund 100 000 Berlinern, vor allem Sch\u00fclern, besucht wird. Aber solche Wetterkapriolen habe es noch nie gegeben, das k\u00f6nne kein Zufall sein, glaubt Gliesche-Neumann. Erst seit die Flugsicherung im vergangenen Jahr ihre neue Anlage auf dem Teufelsberg in Betrieb genommen habe, gebe es vermehrte Unwetter am Teufelssee.<\/p>\n<p>&#8222;Mickrige Mikrowellen&#8220;<\/p>\n<p>&#8222;Das w\u00e4re neu&#8220;, sagt der Berliner Elektrosmogexperte Olaf Plotzke. &#8222;Aber vielleicht sitzt ja irgendwo in Neuseeland schon einer, der mit seinen Forschungen weiter ist.&#8220; Wetter-Fachmann J\u00f6rn Welsch von der Senatsumweltverwaltung, macht die Grunewaldh\u00f6hen, die sich auf Niederschl\u00e4ge auswirken, verantwortlich. &#8222;Lokale extreme Hagelereignisse gibt es au\u00dferdem immer wieder.&#8220; Auch Professor Horst Malberg h\u00e4lt die Deutsche Flugsicherung f\u00fcr unschuldig. &#8222;Bestenfalls kann die Radarstation das luftelektromagnetische Feld beeinflussen und Blitze anziehen, aber keine Unwetter&#8220;, sagt der Direktor des Meteorologischen Instituts der Freien Universit\u00e4t.<\/p>\n<p>Ein Physiker des Max-Planck-Instituts kommentiert die Vermutung der Wilmersdorfer Naturfreunde so: &#8222;Die mickrigen Mikrowellen sind viel zu schwach, um Unwetter anzuziehen.&#8220; Seinen Namen will er nicht nennen. Das Thema ist ihm dann doch zu peinlich.<\/p><\/blockquote>\n<p>&nbsp;<\/p>\n<p>&nbsp;<\/p>\n","protected":false},"excerpt":{"rendered":"<p>Etwas &#8222;verj\u00e4hrt&#8220;. Habe ich aber noch im Hinterkopf gehabt und finde es irgendwie witzig. Hintergrund ist, dass wir 1999 in Westend ein furchtbares lokales Unwetter&hellip;<\/p>\n","protected":false},"author":1,"featured_media":0,"parent":3776,"menu_order":0,"comment_status":"closed","ping_status":"closed","template":"template\/full-width.php","meta":{"ngg_post_thumbnail":0,"iawp_total_views":12,"footnotes":""},"class_list":["post-3842","page","type-page","status-publish","hentry"],"_links":{"self":[{"href":"https:\/\/forst-grunewald.de\/index.php?rest_route=\/wp\/v2\/pages\/3842","targetHints":{"allow":["GET"]}}],"collection":[{"href":"https:\/\/forst-grunewald.de\/index.php?rest_route=\/wp\/v2\/pages"}],"about":[{"href":"https:\/\/forst-grunewald.de\/index.php?rest_route=\/wp\/v2\/types\/page"}],"author":[{"embeddable":true,"href":"https:\/\/forst-grunewald.de\/index.php?rest_route=\/wp\/v2\/users\/1"}],"replies":[{"embeddable":true,"href":"https:\/\/forst-grunewald.de\/index.php?rest_route=%2Fwp%2Fv2%2Fcomments&post=3842"}],"version-history":[{"count":6,"href":"https:\/\/forst-grunewald.de\/index.php?rest_route=\/wp\/v2\/pages\/3842\/revisions"}],"predecessor-version":[{"id":13259,"href":"https:\/\/forst-grunewald.de\/index.php?rest_route=\/wp\/v2\/pages\/3842\/revisions\/13259"}],"up":[{"embeddable":true,"href":"https:\/\/forst-grunewald.de\/index.php?rest_route=\/wp\/v2\/pages\/3776"}],"wp:attachment":[{"href":"https:\/\/forst-grunewald.de\/index.php?rest_route=%2Fwp%2Fv2%2Fmedia&parent=3842"}],"curies":[{"name":"wp","href":"https:\/\/api.w.org\/{rel}","templated":true}]}}