{"id":3796,"date":"2013-03-26T08:42:39","date_gmt":"2013-03-26T07:42:39","guid":{"rendered":"http:\/\/forst-grunewald.de\/?page_id=3796"},"modified":"2024-05-06T08:31:41","modified_gmt":"2024-05-06T07:31:41","slug":"musterwohnung","status":"publish","type":"page","link":"https:\/\/forst-grunewald.de\/?page_id=3796","title":{"rendered":"Musterwohnung"},"content":{"rendered":"<p>Ehemaliger Bebauungsplan<\/p>\n<p>Zun\u00e4chst war von Luxuswohnungen, Luxusb\u00fcros und einem Luxushotel mit Wellness-Center die Rede, sp\u00e4ter dann nur noch von Eigentumswohnungen bzw. Mietwohnungen.<\/p>\n<p>Wenn man sich die ehemalige Musterwohnung anschaut, wird deutlich, dass die Erstellung der Wohnungen anscheinend auf einem simplen Baukonzept beruhte.<\/p>\n<p>&nbsp;<\/p>\nngg_shortcode_0_placeholder\n<p>&nbsp;<\/p>\n","protected":false},"excerpt":{"rendered":"<p>Ehemaliger Bebauungsplan Zun\u00e4chst war von Luxuswohnungen, Luxusb\u00fcros und einem Luxushotel mit Wellness-Center die Rede, sp\u00e4ter dann nur noch von Eigentumswohnungen bzw. Mietwohnungen. Wenn man sich&hellip;<\/p>\n","protected":false},"author":1,"featured_media":0,"parent":3787,"menu_order":0,"comment_status":"closed","ping_status":"closed","template":"template\/full-width.php","meta":{"ngg_post_thumbnail":0,"iawp_total_views":16,"footnotes":""},"class_list":["post-3796","page","type-page","status-publish","hentry"],"_links":{"self":[{"href":"https:\/\/forst-grunewald.de\/index.php?rest_route=\/wp\/v2\/pages\/3796","targetHints":{"allow":["GET"]}}],"collection":[{"href":"https:\/\/forst-grunewald.de\/index.php?rest_route=\/wp\/v2\/pages"}],"about":[{"href":"https:\/\/forst-grunewald.de\/index.php?rest_route=\/wp\/v2\/types\/page"}],"author":[{"embeddable":true,"href":"https:\/\/forst-grunewald.de\/index.php?rest_route=\/wp\/v2\/users\/1"}],"replies":[{"embeddable":true,"href":"https:\/\/forst-grunewald.de\/index.php?rest_route=%2Fwp%2Fv2%2Fcomments&post=3796"}],"version-history":[{"count":8,"href":"https:\/\/forst-grunewald.de\/index.php?rest_route=\/wp\/v2\/pages\/3796\/revisions"}],"predecessor-version":[{"id":9684,"href":"https:\/\/forst-grunewald.de\/index.php?rest_route=\/wp\/v2\/pages\/3796\/revisions\/9684"}],"up":[{"embeddable":true,"href":"https:\/\/forst-grunewald.de\/index.php?rest_route=\/wp\/v2\/pages\/3787"}],"wp:attachment":[{"href":"https:\/\/forst-grunewald.de\/index.php?rest_route=%2Fwp%2Fv2%2Fmedia&parent=3796"}],"curies":[{"name":"wp","href":"https:\/\/api.w.org\/{rel}","templated":true}]}}