{"id":3794,"date":"2013-03-26T08:40:40","date_gmt":"2013-03-26T07:40:40","guid":{"rendered":"http:\/\/forst-grunewald.de\/?page_id=3794"},"modified":"2024-05-06T08:32:31","modified_gmt":"2024-05-06T07:32:31","slug":"steinkugel","status":"publish","type":"page","link":"https:\/\/forst-grunewald.de\/?page_id=3794","title":{"rendered":"Steinkugel"},"content":{"rendered":"<p>Donnerstag, 06. Oktober 2005<\/p>\n<p><strong>Geheimnisvoller Fund am Teufelsberg<\/strong><\/p>\n<p>Am Teufelsberg, direkt neben dem <a href=\"https:\/\/forst-grunewald.de\/?page_id=3792\" target=\"_blank\" rel=\"noopener noreferrer\">Skihang<\/a>, haben wir heute im Wald eine geheimnisvolle Steinkugel entdeckt.<\/p>\n<p>Anhand der Umgebung gibt es keine Anzeichen, welchen Zweck diese Kugel hat, bzw. wie sie \u00fcberhaupt dort hingekommen ist. Die Kugel wiegt etwa 80 Kilogramm. Mit vereinten Kr\u00e4ften haben wir sie umgedreht. Unten zeigte sich dann, neben einigen Schnecken und W\u00fcrmern, eine Einkerbung.<\/p>\n<p>Hat jemand eine Ahnung, was es mit dieser Kugel auf sich hat?<\/p>\n<p>&nbsp;<\/p>\n<p><a href=\"https:\/\/forst-grunewald.de\/wp-content\/uploads\/2005-10-06-Steinkugel-I.jpg\" target=\"_blank\" rel=\"noopener noreferrer\"><img loading=\"lazy\" decoding=\"async\" class=\"alignnone size-medium wp-image-3850\" src=\"https:\/\/forst-grunewald.de\/wp-content\/uploads\/2005-10-06-Steinkugel-I-300x225.jpg\" alt=\"2005-10-06 Steinkugel I\" width=\"300\" height=\"225\" srcset=\"https:\/\/forst-grunewald.de\/wp-content\/uploads\/2005-10-06-Steinkugel-I-300x225.jpg 300w, https:\/\/forst-grunewald.de\/wp-content\/uploads\/2005-10-06-Steinkugel-I-150x112.jpg 150w, https:\/\/forst-grunewald.de\/wp-content\/uploads\/2005-10-06-Steinkugel-I-400x300.jpg 400w, https:\/\/forst-grunewald.de\/wp-content\/uploads\/2005-10-06-Steinkugel-I.jpg 640w\" sizes=\"auto, (max-width: 300px) 100vw, 300px\" \/><\/a>&nbsp;<a href=\"https:\/\/forst-grunewald.de\/wp-content\/uploads\/2005-10-06-Steinkugel-II.jpg\" target=\"_blank\" rel=\"noopener noreferrer\"><img loading=\"lazy\" decoding=\"async\" class=\"alignnone size-medium wp-image-3851\" src=\"https:\/\/forst-grunewald.de\/wp-content\/uploads\/2005-10-06-Steinkugel-II-300x225.jpg\" alt=\"2005-10-06 Steinkugel II\" width=\"300\" height=\"225\" srcset=\"https:\/\/forst-grunewald.de\/wp-content\/uploads\/2005-10-06-Steinkugel-II-300x225.jpg 300w, https:\/\/forst-grunewald.de\/wp-content\/uploads\/2005-10-06-Steinkugel-II-150x112.jpg 150w, https:\/\/forst-grunewald.de\/wp-content\/uploads\/2005-10-06-Steinkugel-II-400x300.jpg 400w, https:\/\/forst-grunewald.de\/wp-content\/uploads\/2005-10-06-Steinkugel-II.jpg 640w\" sizes=\"auto, (max-width: 300px) 100vw, 300px\" \/><\/a><\/p>\n<p>&nbsp;<\/p>\n<p>Nachtrag:<br \/>\nIst das der Ursprung der geheimnisvollen Kugel?<\/p>\n<p><a href=\"https:\/\/forst-grunewald.de\/wp-content\/uploads\/2005-10-06-Steinkugel-III.jpg\" target=\"_blank\" rel=\"noopener noreferrer\"><img loading=\"lazy\" decoding=\"async\" class=\"alignnone size-medium wp-image-3852\" src=\"https:\/\/forst-grunewald.de\/wp-content\/uploads\/2005-10-06-Steinkugel-III-300x225.jpg\" alt=\"2005-10-06 Steinkugel III\" width=\"300\" height=\"225\" srcset=\"https:\/\/forst-grunewald.de\/wp-content\/uploads\/2005-10-06-Steinkugel-III-300x225.jpg 300w, https:\/\/forst-grunewald.de\/wp-content\/uploads\/2005-10-06-Steinkugel-III-150x112.jpg 150w, https:\/\/forst-grunewald.de\/wp-content\/uploads\/2005-10-06-Steinkugel-III-400x300.jpg 400w, https:\/\/forst-grunewald.de\/wp-content\/uploads\/2005-10-06-Steinkugel-III.jpg 640w\" sizes=\"auto, (max-width: 300px) 100vw, 300px\" \/><\/a>&nbsp;<a href=\"https:\/\/forst-grunewald.de\/wp-content\/uploads\/2005-10-06-Steinkugel-IV.jpg\" target=\"_blank\" rel=\"noopener noreferrer\"><img loading=\"lazy\" decoding=\"async\" class=\"alignnone size-medium wp-image-3853\" src=\"https:\/\/forst-grunewald.de\/wp-content\/uploads\/2005-10-06-Steinkugel-IV-300x225.jpg\" alt=\"2005-10-06 Steinkugel IV\" width=\"300\" height=\"225\" srcset=\"https:\/\/forst-grunewald.de\/wp-content\/uploads\/2005-10-06-Steinkugel-IV-300x225.jpg 300w, https:\/\/forst-grunewald.de\/wp-content\/uploads\/2005-10-06-Steinkugel-IV-150x112.jpg 150w, https:\/\/forst-grunewald.de\/wp-content\/uploads\/2005-10-06-Steinkugel-IV-400x300.jpg 400w, https:\/\/forst-grunewald.de\/wp-content\/uploads\/2005-10-06-Steinkugel-IV.jpg 640w\" sizes=\"auto, (max-width: 300px) 100vw, 300px\" \/><\/a><\/p>\n<p>Tja, schwere Frage. Die Feuerstelle befindet sich auf dem Gel\u00e4nde des \u00d6kowerks, gleich rechts hinter dem Hauteingang.<\/p>\n<p>Aber es ist kaum vorstellbar, dass die Leute vom \u00d6kowerk eine Steinkugel in Gr\u00f6\u00dfenordnung eines Wurfgeschosses f\u00fcr eine Steinwurfmaschine, hier ein Modell, aufgenommen von mir im Sommer 2005 im <a href=\"http:\/\/www.fsmt.de\" target=\"_blank\" rel=\"noopener noreferrer\">Fr\u00e4nkische Schweiz Museum<\/a> T\u00fcchersfeld,<\/p>\n<p><a href=\"https:\/\/forst-grunewald.de\/wp-content\/uploads\/Steinwurfmaschine.jpg\" target=\"_blank\" rel=\"noopener noreferrer\"><img loading=\"lazy\" decoding=\"async\" class=\"alignnone size-medium wp-image-3854\" src=\"https:\/\/forst-grunewald.de\/wp-content\/uploads\/Steinwurfmaschine-277x300.jpg\" alt=\"Steinwurfmaschine\" width=\"277\" height=\"300\" srcset=\"https:\/\/forst-grunewald.de\/wp-content\/uploads\/Steinwurfmaschine-277x300.jpg 277w, https:\/\/forst-grunewald.de\/wp-content\/uploads\/Steinwurfmaschine-138x150.jpg 138w, https:\/\/forst-grunewald.de\/wp-content\/uploads\/Steinwurfmaschine.jpg 440w\" sizes=\"auto, (max-width: 277px) 100vw, 277px\" \/><\/a><\/p>\n<p>mal eben einfach so am Skihang entsorgen (oder vielleicht sogar noch den Skihang herunterrollen lassen&nbsp;&nbsp; ;-))&nbsp;&nbsp;&nbsp; ).<\/p>\n<p>Das Geheimnis ist also noch nicht gel\u00fcftet.<\/p>\n<p>Nachsatz 2017: Inzwischen vermute ich, dass es sich um ein Halteelement eines <a href=\"http:\/\/www.berlin-mauer.de\/videos\/skifahren-auf-dem-teufelsberg-558\/\" target=\"_blank\" rel=\"noopener noreferrer\">Skilifttr\u00e4gers<\/a> handeln k\u00f6nnte. Der Tr\u00e4ger k\u00f6nnte in der Mulde gesessen haben und die Kugel diente als stabiles Abst\u00fctzgewicht.<\/p>\n<p>&nbsp;<\/p>\n","protected":false},"excerpt":{"rendered":"<p>Donnerstag, 06. Oktober 2005 Geheimnisvoller Fund am Teufelsberg Am Teufelsberg, direkt neben dem Skihang, haben wir heute im Wald eine geheimnisvolle Steinkugel entdeckt. Anhand der&hellip;<\/p>\n","protected":false},"author":1,"featured_media":0,"parent":3776,"menu_order":0,"comment_status":"closed","ping_status":"closed","template":"template\/full-width.php","meta":{"ngg_post_thumbnail":0,"iawp_total_views":29,"footnotes":""},"class_list":["post-3794","page","type-page","status-publish","hentry"],"_links":{"self":[{"href":"https:\/\/forst-grunewald.de\/index.php?rest_route=\/wp\/v2\/pages\/3794","targetHints":{"allow":["GET"]}}],"collection":[{"href":"https:\/\/forst-grunewald.de\/index.php?rest_route=\/wp\/v2\/pages"}],"about":[{"href":"https:\/\/forst-grunewald.de\/index.php?rest_route=\/wp\/v2\/types\/page"}],"author":[{"embeddable":true,"href":"https:\/\/forst-grunewald.de\/index.php?rest_route=\/wp\/v2\/users\/1"}],"replies":[{"embeddable":true,"href":"https:\/\/forst-grunewald.de\/index.php?rest_route=%2Fwp%2Fv2%2Fcomments&post=3794"}],"version-history":[{"count":14,"href":"https:\/\/forst-grunewald.de\/index.php?rest_route=\/wp\/v2\/pages\/3794\/revisions"}],"predecessor-version":[{"id":41578,"href":"https:\/\/forst-grunewald.de\/index.php?rest_route=\/wp\/v2\/pages\/3794\/revisions\/41578"}],"up":[{"embeddable":true,"href":"https:\/\/forst-grunewald.de\/index.php?rest_route=\/wp\/v2\/pages\/3776"}],"wp:attachment":[{"href":"https:\/\/forst-grunewald.de\/index.php?rest_route=%2Fwp%2Fv2%2Fmedia&parent=3794"}],"curies":[{"name":"wp","href":"https:\/\/api.w.org\/{rel}","templated":true}]}}