{"id":3790,"date":"2013-03-26T08:26:50","date_gmt":"2013-03-26T07:26:50","guid":{"rendered":"http:\/\/forst-grunewald.de\/?page_id=3790"},"modified":"2024-05-06T08:31:32","modified_gmt":"2024-05-06T07:31:32","slug":"runinenkunst","status":"publish","type":"page","link":"https:\/\/forst-grunewald.de\/?page_id=3790","title":{"rendered":"Ruinenkunst"},"content":{"rendered":"<p>Bisher habe ich Graffiti eigentlich immer f\u00fcr Schmiererei gehalten, muss aber einr\u00e4umen, dass ich viele der nachfolgenden Zeichnungen f\u00fcr Kunst halte und sie an diesen Ort wirklich hervorragend hinpassen.<\/p>\n<p>Herzlichen Dank an die unbekannten K\u00fcnstler und\/oder K\u00fcnstlerinnen!<\/p>\n<p>&nbsp;<\/p>\nngg_shortcode_0_placeholder\n<p>&nbsp;<\/p>\n<p>&nbsp;<\/p>\n","protected":false},"excerpt":{"rendered":"<p>Bisher habe ich Graffiti eigentlich immer f\u00fcr Schmiererei gehalten, muss aber einr\u00e4umen, dass ich viele der nachfolgenden Zeichnungen f\u00fcr Kunst halte und sie an diesen&hellip;<\/p>\n","protected":false},"author":1,"featured_media":0,"parent":3787,"menu_order":0,"comment_status":"closed","ping_status":"closed","template":"template\/full-width.php","meta":{"ngg_post_thumbnail":0,"iawp_total_views":9,"footnotes":""},"class_list":["post-3790","page","type-page","status-publish","hentry"],"_links":{"self":[{"href":"https:\/\/forst-grunewald.de\/index.php?rest_route=\/wp\/v2\/pages\/3790","targetHints":{"allow":["GET"]}}],"collection":[{"href":"https:\/\/forst-grunewald.de\/index.php?rest_route=\/wp\/v2\/pages"}],"about":[{"href":"https:\/\/forst-grunewald.de\/index.php?rest_route=\/wp\/v2\/types\/page"}],"author":[{"embeddable":true,"href":"https:\/\/forst-grunewald.de\/index.php?rest_route=\/wp\/v2\/users\/1"}],"replies":[{"embeddable":true,"href":"https:\/\/forst-grunewald.de\/index.php?rest_route=%2Fwp%2Fv2%2Fcomments&post=3790"}],"version-history":[{"count":12,"href":"https:\/\/forst-grunewald.de\/index.php?rest_route=\/wp\/v2\/pages\/3790\/revisions"}],"predecessor-version":[{"id":9686,"href":"https:\/\/forst-grunewald.de\/index.php?rest_route=\/wp\/v2\/pages\/3790\/revisions\/9686"}],"up":[{"embeddable":true,"href":"https:\/\/forst-grunewald.de\/index.php?rest_route=\/wp\/v2\/pages\/3787"}],"wp:attachment":[{"href":"https:\/\/forst-grunewald.de\/index.php?rest_route=%2Fwp%2Fv2%2Fmedia&parent=3790"}],"curies":[{"name":"wp","href":"https:\/\/api.w.org\/{rel}","templated":true}]}}