{"id":3776,"date":"2013-03-24T08:51:28","date_gmt":"2013-03-24T07:51:28","guid":{"rendered":"http:\/\/forst-grunewald.de\/?page_id=3776"},"modified":"2025-06-28T16:36:06","modified_gmt":"2025-06-28T15:36:06","slug":"teufelsberg","status":"publish","type":"page","link":"https:\/\/forst-grunewald.de\/?page_id=3776","title":{"rendered":"Teufelsberg-Areal"},"content":{"rendered":"<figure id=\"attachment_8978\" aria-describedby=\"caption-attachment-8978\" style=\"width: 640px\" class=\"wp-caption alignright\"><a href=\"https:\/\/forst-grunewald.de\/wp-content\/uploads\/1964-02-22-Teufelsberg-klein.jpg\" target=\"_blank\" rel=\"noopener noreferrer\"><img loading=\"lazy\" decoding=\"async\" class=\"wp-image-8978 size-large\" src=\"https:\/\/forst-grunewald.de\/wp-content\/uploads\/1964-02-22-Teufelsberg-klein-1024x636.jpg\" width=\"640\" height=\"398\" srcset=\"https:\/\/forst-grunewald.de\/wp-content\/uploads\/1964-02-22-Teufelsberg-klein-1024x636.jpg 1024w, https:\/\/forst-grunewald.de\/wp-content\/uploads\/1964-02-22-Teufelsberg-klein-150x93.jpg 150w, https:\/\/forst-grunewald.de\/wp-content\/uploads\/1964-02-22-Teufelsberg-klein-300x186.jpg 300w, https:\/\/forst-grunewald.de\/wp-content\/uploads\/1964-02-22-Teufelsberg-klein-768x477.jpg 768w, https:\/\/forst-grunewald.de\/wp-content\/uploads\/1964-02-22-Teufelsberg-klein-400x248.jpg 400w, https:\/\/forst-grunewald.de\/wp-content\/uploads\/1964-02-22-Teufelsberg-klein.jpg 1600w\" sizes=\"auto, (max-width: 640px) 100vw, 640px\" \/><\/a><figcaption id=\"caption-attachment-8978\" class=\"wp-caption-text\"><span style=\"font-family: arial, helvetica, sans-serif; font-size: 10pt;\">Teufelsberg im Februar 1962. Erst 1972 erfolgte die Landschaftsgestaltung.<\/span><\/figcaption><\/figure>\n<p><span style=\"text-decoration: underline; font-family: arial, helvetica, sans-serif; font-size: 12pt;\"><strong>Das Teufelsberg-Areal<\/strong><\/span><\/p>\n<p style=\"text-align: justify;\"><span style=\"font-family: arial, helvetica, sans-serif; font-size: 12pt;\">Ein tolles Laufgebiet, welches der Berliner L\u00e4ufer Bernd Henschel <a href=\"https:\/\/forst-grunewald.de\/wp-content\/uploads\/1998-RW-Grunewald-Trail.pdf\" target=\"_blank\" rel=\"noopener noreferrer\">1998 in der Runners World<\/a> kurz vorgestellt hat. Hervorragend geeignet f\u00fcr Berg- und H\u00fcgell\u00e4ufe oder aber auch nur f\u00fcr das einfache Traben. Vom Berg selbst hat man einen wunderbaren Ausblick \u00fcber Berlin.<\/span><\/p>\n<p style=\"text-align: justify;\"><span style=\"font-family: arial, helvetica, sans-serif; font-size: 12pt;\">Der Teufelsberg besteht aus zwei Berge bzw. H\u00fcgel.<\/span><\/p>\n<ul style=\"text-align: justify;\">\n<li><span style=\"font-family: arial, helvetica, sans-serif; font-size: 12pt;\">Zum einen ein <a href=\"https:\/\/forst-grunewald.de\/?page_id=3939\" target=\"_blank\" rel=\"noopener noreferrer\">Plateau<\/a>, dort trifft \u201cman\u201d sich im Sommer und Herbst zum Drachensteigen und Drachenfliegen und zu Silvester, um die Raketen \u00fcber Berlin zu bewundern.<\/span><\/li>\n<li><span style=\"font-family: arial, helvetica, sans-serif; font-size: 12pt;\">Und zum anderen die ehemalige Radaranlage \u201c<a href=\"https:\/\/forst-grunewald.de\/?page_id=3787\" target=\"_blank\" rel=\"noopener noreferrer\">Field Station<\/a>\u201d der damaligen US-Amerikanischen Schutzmacht.<\/span><\/li>\n<li><span style=\"font-family: arial, helvetica, sans-serif; font-size: 12pt;\">Zwischen diesen beiden H\u00fcgeln befindet sich ein <a href=\"https:\/\/forst-grunewald.de\/?page_id=5075\" target=\"_blank\" rel=\"noopener noreferrer\">Hang<\/a>, welche im Winter von den Kids zum Rodeln benutzt wird.<\/span><\/li>\n<\/ul>\n<p style=\"text-align: justify;\"><span style=\"font-family: arial, helvetica, sans-serif; font-size: 12pt;\">Ein ehemaliger <a href=\"https:\/\/forst-grunewald.de\/?page_id=3792\" target=\"_blank\" rel=\"noopener noreferrer\">Skihang<\/a> unterhalb der Radaranlage ist hingegen nicht mehr in Betrieb, dieser Anstieg wird von den L\u00e4ufern als einer der steilsten Berliner Anstiege zum \u201cBergtraining genutzt. Ansonsten gibt es auf dem Gel\u00e4nde noch einen k\u00fcnstlichen <a href=\"https:\/\/forst-grunewald.de\/?page_id=5068\" target=\"_blank\" rel=\"noopener noreferrer\">Kletterfelsen<\/a> und zahlreiche Wege. Eine ehemalige <a href=\"https:\/\/forst-grunewald.de\/?page_id=5064\" target=\"_blank\" rel=\"noopener noreferrer\">Rodelbahn<\/a> mit zwei nebeneinanderliegenden Abfahrten wurde nach t\u00f6dlichen Unf\u00e4llen in den 70er Jahren wegen zu gro\u00dfer Gef\u00e4hrlichkeit stillgelegt und dient heute den Mountainbike-Fahrern, welche sich dort noch zahlreiche (provisorische) Hindernisse angelegt haben, als Radikalstrecke.<\/span><\/p>\n<p style=\"text-align: justify;\"><span style=\"font-family: arial, helvetica, sans-serif; font-size: 12pt;\">Auf den folgenden Unterseiten habe ich einige Eindr\u00fccke zusammengetragen.<\/span><\/p>\n<p style=\"text-align: justify;\"><span style=\"font-family: arial, helvetica, sans-serif; font-size: 12pt;\">In der Galerie auf dieser Seite habe ich zun\u00e4chst die mir vorliegenden Gel\u00e4ndekarten zusammengestellt. Dabei habe ich<\/span><\/p>\n<ul>\n<li style=\"text-align: justify;\"><span style=\"font-family: arial, helvetica, sans-serif; font-size: 12pt;\">in den <span style=\"text-decoration: underline;\">Karten <strong>vor<\/strong> dem Ende des Zweiten Weltkrieges<\/span> das Gel\u00e4nde zwischen der s\u00fcdlichen Heerstra\u00dfe, der Teufelsseestra\u00dfe und dem <a href=\"https:\/\/forst-grunewald.de\/?page_id=4432\" target=\"_blank\" rel=\"noopener noreferrer\">St\u00f6\u00dfensee<\/a> erfasst, da dieser Bereich ma\u00dfgeblich von der <a href=\"https:\/\/forst-grunewald.de\/?page_id=3802\" target=\"_blank\" rel=\"noopener noreferrer\">Wehrtechnischen Fakult\u00e4t<\/a> (Bereich: Teufelsseechaussee) und der <a href=\"https:\/\/forst-grunewald.de\/?page_id=3802\" target=\"_blank\" rel=\"noopener noreferrer\">Hochschulstadt<\/a> (Bereich: <a href=\"https:\/\/forst-grunewald.de\/?page_id=1111\" target=\"_blank\" rel=\"noopener noreferrer\">Postfenn<\/a>, <a href=\"https:\/\/forst-grunewald.de\/?page_id=4659\" target=\"_blank\" rel=\"noopener noreferrer\">Pichelsberg(e)<\/a>, <a href=\"https:\/\/forst-grunewald.de\/?page_id=4432\" target=\"_blank\" rel=\"noopener noreferrer\">St\u00f6\u00dfensee<\/a>, Rupenhorn) bestimmt worden w\u00e4re, wobei ich die Vermutung habe, dass im Falle einer Durchf\u00fchrung dieser Planungen auf Dauer letztendlich das gesamte Gel\u00e4nde erschlossen worden w\u00e4re,<\/span><\/li>\n<li style=\"text-align: justify;\"><span style=\"font-family: arial, helvetica, sans-serif; font-size: 12pt;\">und in den <span style=\"text-decoration: underline;\">Karten <strong>nach<\/strong> dem Ende des Zweiten Weltkrieges<\/span> nur den Bereich zwischen Teufelsseechaussee und <a href=\"https:\/\/forst-grunewald.de\/sitemap\/grunewaldseen\/postfenn\/\" target=\"_blank\" rel=\"noopener noreferrer\">Postfenn<\/a> erfasst, wo sich heute das Teufelsberg-Areal befindet.<\/span><\/li>\n<\/ul>\n<p>&nbsp;<\/p>\n<p><span style=\"font-family: arial, helvetica, sans-serif; font-size: 12pt;\">ngg_shortcode_0_placeholder<\/span><\/p>\n<p>&nbsp;<\/p>\n<p>&nbsp;<\/p>\n","protected":false},"excerpt":{"rendered":"<p>Das Teufelsberg-Areal Ein tolles Laufgebiet, welches der Berliner L\u00e4ufer Bernd Henschel 1998 in der Runners World kurz vorgestellt hat. Hervorragend geeignet f\u00fcr Berg- und H\u00fcgell\u00e4ufe&hellip;<\/p>\n","protected":false},"author":1,"featured_media":0,"parent":0,"menu_order":0,"comment_status":"closed","ping_status":"closed","template":"","meta":{"ngg_post_thumbnail":0,"iawp_total_views":44,"footnotes":""},"class_list":["post-3776","page","type-page","status-publish","hentry"],"_links":{"self":[{"href":"https:\/\/forst-grunewald.de\/index.php?rest_route=\/wp\/v2\/pages\/3776","targetHints":{"allow":["GET"]}}],"collection":[{"href":"https:\/\/forst-grunewald.de\/index.php?rest_route=\/wp\/v2\/pages"}],"about":[{"href":"https:\/\/forst-grunewald.de\/index.php?rest_route=\/wp\/v2\/types\/page"}],"author":[{"embeddable":true,"href":"https:\/\/forst-grunewald.de\/index.php?rest_route=\/wp\/v2\/users\/1"}],"replies":[{"embeddable":true,"href":"https:\/\/forst-grunewald.de\/index.php?rest_route=%2Fwp%2Fv2%2Fcomments&post=3776"}],"version-history":[{"count":37,"href":"https:\/\/forst-grunewald.de\/index.php?rest_route=\/wp\/v2\/pages\/3776\/revisions"}],"predecessor-version":[{"id":42079,"href":"https:\/\/forst-grunewald.de\/index.php?rest_route=\/wp\/v2\/pages\/3776\/revisions\/42079"}],"wp:attachment":[{"href":"https:\/\/forst-grunewald.de\/index.php?rest_route=%2Fwp%2Fv2%2Fmedia&parent=3776"}],"curies":[{"name":"wp","href":"https:\/\/api.w.org\/{rel}","templated":true}]}}