{"id":3031,"date":"2013-01-13T14:54:26","date_gmt":"2013-01-13T13:54:26","guid":{"rendered":"http:\/\/forst-grunewald.de\/?page_id=3031"},"modified":"2024-06-12T03:58:21","modified_gmt":"2024-06-12T02:58:21","slug":"buchen","status":"publish","type":"page","link":"https:\/\/forst-grunewald.de\/?page_id=3031","title":{"rendered":"Buche"},"content":{"rendered":"<p style=\"text-align: justify;\">F\u00fcr mich als Amateur der Baum der Zukunft f\u00fcr den Grundwald. Nicht einzeln, sondern eng stehend und ein eigenes Mikroklima schaffend. Im <a href=\"https:\/\/forst-grunewald.de\/wp-content\/uploads\/2013-Forstamtsbereich-Grundewald-Revier-Eichkamp.jpg\" target=\"_blank\" rel=\"noopener noreferrer\">Revier Eichkamp<\/a> befindet sich in den Jagen 55, 83 und 84 ein gr\u00f6\u00dferer Bestand. Buchen haben eine d\u00fcnne und empfindliche Rinde, also bitte kein Monogramm einritzen und wenn eine Buche am Waldrand steht und unten am Stamm \u00c4ste austreibt, so diese bitte nicht entfernen, denn der Baum ben\u00f6tigt die Bl\u00e4tter eben wegen der d\u00fcnnen Rinde dort als &#8222;Sonnenbrandschutz&#8220;.<\/p>\n<p style=\"text-align: justify;\">Weitere \u00e4ltere Buchen siehe unter <a href=\"https:\/\/forst-grunewald.de\/?page_id=10233\" target=\"_blank\" rel=\"noopener noreferrer\">Mortzfeldt\u2019sche L\u00f6cher<\/a>.<\/p>\n<p style=\"text-align: justify;\">Eine Buchenallee, wovon ein Baum besonders ins Auge sprang, befand sich am Ufer direkt an der R\u00fcckseite des <a href=\"https:\/\/forst-grunewald.de\/?page_id=2617\" target=\"_blank\" rel=\"noopener noreferrer\">Jagdschloss Grunewald<\/a>. Aber leider:<\/p>\n<ul style=\"text-align: justify;\">\n<li>&nbsp;<a href=\"http:\/\/www.stadtrand-nachrichten.de\/wordpress\/baume-am-jagdschloss-grunewald-gefallt\/\" target=\"_blank\" rel=\"noopener noreferrer\">17.02.2014<\/a>: &#8222;B\u00e4ume am Jagdschloss Grunewald gef\u00e4llt&#8220;<\/li>\n<\/ul>\n<p style=\"text-align: justify;\">Offenbar ist auch leider nicht geplant diese Buchenallee, die dort die letzten 200 Jahre gestanden hat, zu ersetzen. Warum eigentlich nicht?<\/p>\n<p style=\"text-align: justify;\">Doch, am 03.08.2020 teilte mir die Schl\u00f6sserstiftung mit:<\/p>\n<blockquote>\n<p style=\"text-align: justify;\">Die Buchenhecke wurde inzwischen nachgepflanzt. Aus einer solchen im 18. Jahrhundert gepflanzten Hecke sind die Baumriesen entstanden, die auf Grund von Pilzbefall und daraus resultierender Instabilit\u00e4t 2014 gef\u00e4llt werden mussten.<\/p>\n<\/blockquote>\n<p><span style=\"color: #ffffff;\">.<\/span><\/p>\nngg_shortcode_0_placeholder\n<p>&nbsp;<\/p>\n","protected":false},"excerpt":{"rendered":"<p>F\u00fcr mich als Amateur der Baum der Zukunft f\u00fcr den Grundwald. Nicht einzeln, sondern eng stehend und ein eigenes Mikroklima schaffend. Im Revier Eichkamp befindet&hellip;<\/p>\n","protected":false},"author":1,"featured_media":0,"parent":138,"menu_order":1,"comment_status":"closed","ping_status":"closed","template":"template-fullwidth.php","meta":{"ngg_post_thumbnail":0,"iawp_total_views":47,"footnotes":""},"class_list":["post-3031","page","type-page","status-publish","hentry"],"_links":{"self":[{"href":"https:\/\/forst-grunewald.de\/index.php?rest_route=\/wp\/v2\/pages\/3031","targetHints":{"allow":["GET"]}}],"collection":[{"href":"https:\/\/forst-grunewald.de\/index.php?rest_route=\/wp\/v2\/pages"}],"about":[{"href":"https:\/\/forst-grunewald.de\/index.php?rest_route=\/wp\/v2\/types\/page"}],"author":[{"embeddable":true,"href":"https:\/\/forst-grunewald.de\/index.php?rest_route=\/wp\/v2\/users\/1"}],"replies":[{"embeddable":true,"href":"https:\/\/forst-grunewald.de\/index.php?rest_route=%2Fwp%2Fv2%2Fcomments&post=3031"}],"version-history":[{"count":17,"href":"https:\/\/forst-grunewald.de\/index.php?rest_route=\/wp\/v2\/pages\/3031\/revisions"}],"predecessor-version":[{"id":41488,"href":"https:\/\/forst-grunewald.de\/index.php?rest_route=\/wp\/v2\/pages\/3031\/revisions\/41488"}],"up":[{"embeddable":true,"href":"https:\/\/forst-grunewald.de\/index.php?rest_route=\/wp\/v2\/pages\/138"}],"wp:attachment":[{"href":"https:\/\/forst-grunewald.de\/index.php?rest_route=%2Fwp%2Fv2%2Fmedia&parent=3031"}],"curies":[{"name":"wp","href":"https:\/\/api.w.org\/{rel}","templated":true}]}}