{"id":2764,"date":"2013-01-01T11:01:29","date_gmt":"2013-01-01T10:01:29","guid":{"rendered":"http:\/\/forst-grunewald.de\/?page_id=2764"},"modified":"2025-11-29T20:49:57","modified_gmt":"2025-11-29T19:49:57","slug":"paulsborn","status":"publish","type":"page","link":"https:\/\/forst-grunewald.de\/?page_id=2764","title":{"rendered":"Paulsborn"},"content":{"rendered":"<p style=\"text-align: justify;\"><span style=\"font-family: arial, helvetica, sans-serif; font-size: 12pt;\">Paulsborn: Ein bekannter Name.<\/span><\/p>\n<p style=\"text-align: justify;\"><span style=\"font-family: arial, helvetica, sans-serif; font-size: 12pt;\">Urspr\u00fcnglich war Paulsborn die Wohnung des Jagdinspectors. Nach dessen Ubersiedelung in das nahe <a href=\"https:\/\/forst-grunewald.de\/?page_id=4895\" target=\"_blank\" rel=\"noopener noreferrer\">Jagdschlo\u00df Grunewald<\/a> ging die Anlage in den Besitz von Born \u00fcber, und der Wirth Paul richtete dann einen Bierschank hier ein. Daher auch der Name Paulsborn.<\/span><\/p>\n<p style=\"text-align: justify;\"><span style=\"font-family: arial, helvetica, sans-serif; font-size: 12pt;\">Das gro\u00dfe Haus wird nach vielen Betreiberwechseln in seiner Geschichte auch heute noch als Hotel und Restaurant genutzt: <a href=\"http:\/\/www.paulsborn.de\" target=\"_blank\" rel=\"noopener noreferrer\">www.paulsborn.de<\/a><\/span><\/p>\n<p style=\"text-align: justify;\"><span style=\"font-family: arial, helvetica, sans-serif; font-size: 12pt;\">Bei Paulsborn liegt ein gro\u00dfer Parkplatz, der fr\u00fcher frei zug\u00e4nglich war, jetzt jedoch mit Schranke versehen ist und nur noch gegen eine an die &#8222;<a href=\"http:\/\/www.spsg.de\/index.php?id=140\" target=\"_blank\" rel=\"noopener noreferrer\">Stiftung Preussische Schl\u00f6sser und G\u00e4rten Berlin-Brandenburg<\/a>&#8220; zu entrichtende Parkgeb\u00fchr benutzt werden darf. Damit verbunden war der weitere befestigte Ausbau des Parkplatzes (fr\u00fcher nur heller Schotterstein). Au\u00dferdem wurde der Zugangsweg zum Jagdschloss mit Pflastersteinen und Beleuchtung versehen. Fr\u00fcher versank man an Starkregentagen dort im Matschschlamm, was ich aber nicht besonders schlimm fand, denn es erinnerte einen daran, dass man im Waldgebiet war und Wald sollte man eben nur mit ordentlichen Schuhwerk oder aber bei &#8222;Sauwetter&#8220; halt gar nicht betreten. Aber das ist dort Geschichte, jetzt ist Paulsborn (touristisch) noch besser erschlossen und dazu geh\u00f6ren halt Wegbefestigungen und Parkgeb\u00fchren. Auf St\u00f6ckelschuhe sollte Frau aber dennoch verzichten, denn diese vertragen sich nicht mit Schotter und Pflastersteinen.<\/span><\/p>\n<p style=\"text-align: justify;\"><span style=\"font-family: arial, helvetica, sans-serif; font-size: 12pt;\">Ansonsten empfiehlt es sich weiter entfernt zu parken und eine kleine Waldwanderung in Kauf zu nehmen. Das ist sowieso viel sch\u00f6ner, als gleich aus dem Auto heraus vor&#8217;s Schloss- oder Tavernentor zu fallen.<\/span><\/p>\n<p style=\"text-align: justify;\"><span style=\"font-family: arial, helvetica, sans-serif; font-size: 12pt;\">Bei Paulsborn befindet sich neben dem Hotel-Restaurant au\u00dferdem noch der <a href=\"http:\/\/www.reitclub-grunewald.de\/\" target=\"_blank\" rel=\"noopener noreferrer\">Reitclub Grunewald<\/a>.<\/span><\/p>\n<p style=\"text-align: justify;\">&nbsp;<\/p>\n<table style=\"border-collapse: collapse; width: 100%;\">\n<tbody>\n<tr>\n<td style=\"width: 6.56462%; vertical-align: top;\"><strong><span style=\"font-family: arial, helvetica, sans-serif; font-size: 12pt;\">1894<\/span><\/strong><\/td>\n<td style=\"width: 93.4354%; vertical-align: top;\">\n<p style=\"text-align: justify;\"><span style=\"font-family: arial, helvetica, sans-serif; font-size: 12pt;\"><a href=\"https:\/\/forst-grunewald.de\/?page_id=361\" target=\"_blank\" rel=\"noopener noreferrer\">Fontane<\/a>, Seite 42:<\/span><\/p>\n<p style=\"text-align: justify;\"><span style=\"font-family: arial, helvetica, sans-serif; font-size: 12pt;\">&#8222;<em>Urspr\u00fcnglich war Paulsborn die Wohnung des Jagdinspectors. Nach dessen Ubersiedelung in das nahe Jagdschlo\u00df ging die Anlage in den Besitz von Born \u00fcber, und der Wirth Paul richtete dann einen Bierschank hier ein.<\/em><\/span><\/p>\n<p style=\"text-align: justify;\"><span style=\"font-family: arial, helvetica, sans-serif; font-size: 12pt;\"><em>So weh es nun auch thun mag, das freundliche, mit Hirschgeweihen geschm\u00fcckte und von alten Linden beschattete H\u00e4uschen, mit dem anheimelnd klingenden Namen Paulsborn, seines poetischen Schimmers&nbsp; soweit entkleidet zu sehen, als es sich um die Entstehung des Namens handelt, mu\u00df der geschichtlichen Wahrheit hier doch die Ehre gegeben werden. Ein Verheimlichen dieser Thatsache ist auch um so weniger n\u00f6thig, als Paulsborn in Folge seiner vorz\u00fcglichen Lage an der S\u00fcdspitze des sch\u00f6nsten unserer Grunewaldseen, der anziehenden Reize noch eine ganze Menge birgt. Insbesondere der Blick aus dem schattigen Garten auf den von dunklen Kiefern umrahmten Grunewald-See geh\u00f6rt zu den besten, die uns der Grunewald gew\u00e4hrt.<\/em><\/span><\/p>\n<p style=\"text-align: justify;\"><span style=\"font-family: arial, helvetica, sans-serif; font-size: 12pt;\"><em>Sp\u00e4terhin ging Paulsborn wieder in den Besitz Hofjagdams \u00fcber, welches seitdem die Restauration an einen Oeconom&nbsp; (zur Zeit Herr Wichmann) verpachtet. Schlie\u00dflich bleibt der Bismarckstuhl zu erw\u00e4hnen, ein gew\u00f6hnlicher Gartenstuhl, auf dem, wie das angebrachte kleine Messingschild besagt, <a href=\"https:\/\/de.wikipedia.org\/wiki\/Otto_von_Bismarck\" target=\"_blank\" rel=\"noopener noreferrer\">F\u00fcrst Bismarck<\/a> bei seinem letzten Besuche in Paulsborn sich ausgeruht hat.<\/em>&#8222;<\/span><\/p>\n<\/td>\n<\/tr>\n<\/tbody>\n<\/table>\n<p>&nbsp;<\/p>\n<table style=\"border-collapse: collapse; width: 100%;\">\n<tbody>\n<tr>\n<td style=\"width: 6.66342%; vertical-align: top;\"><strong><span style=\"font-family: arial, helvetica, sans-serif; font-size: 12pt;\">1927<\/span><\/strong><\/td>\n<td style=\"width: 93.3366%; vertical-align: top;\">\n<p style=\"text-align: justify;\"><span style=\"font-family: arial, helvetica, sans-serif; font-size: 12pt;\"><a href=\"https:\/\/forst-grunewald.de\/?page_id=361\" target=\"_blank\" rel=\"noopener noreferrer\">Wolter, Sommer, Klotz<\/a>, Seite 44:<\/span><\/p>\n<p style=\"text-align: justify;\"><span style=\"font-family: arial, helvetica, sans-serif; font-size: 12pt;\">&#8222;&#8230;<em>Bei einem Vergleich f\u00e4llt sofort auf, da\u00df der Verlandungsg\u00fcrtel breiter ist als am <a href=\"https:\/\/forst-grunewald.de\/?page_id=825\" target=\"_blank\" rel=\"noopener noreferrer\">Hundekehlensee<\/a>. Das stimmt mit der Tatsache zusammen, da\u00df auch die Wassertiefe hier geringer ist. Bei einer L\u00e4nge des Sees von 1 km und einer Breite von 200 m ist die gr\u00f6\u00dfte Wassertiefe mit etwa 3 1\/2 m in der N\u00e4he des Jagdschlosses. Dort ist demgem\u00e4\u00df die Verlandungszone sehr gering ausgebildet. Faulschlammschichten haben eine bedeutende M\u00e4chtigkeit. Im S\u00fcdteil des Sees sind sie 12-14 m stark. Dort ist die Verlandung auch besonders wirksam. <a href=\"http:\/\/de.wikipedia.org\/wiki\/Laichkr%C3%A4uter\" target=\"_blank\" rel=\"noopener noreferrer\">Laichkraut<\/a> und <a href=\"http:\/\/de.wikipedia.org\/wiki\/Gelbe_Teichmummel\" target=\"_blank\" rel=\"noopener noreferrer\">Mummel<\/a> bedecken einen gro\u00dfen Teil der Bucht. Ihnen schlie\u00dft sich eine breite Schilfzone an. Unter den Sumpfgew\u00e4chsen am Rande fallen besonders auf: <a href=\"http:\/\/de.wikipedia.org\/wiki\/Wasserschierling\" target=\"_blank\" rel=\"noopener noreferrer\">Wasserschierling<\/a> Cicuta, <a href=\"http:\/\/de.wikipedia.org\/wiki\/Ampfer\" target=\"_blank\" rel=\"noopener noreferrer\">Ampfer<\/a> Rumex, <a href=\"http:\/\/de.wikipedia.org\/wiki\/Echte_Brunnenkresse\" target=\"_blank\" rel=\"noopener noreferrer\">Brunnenkresse<\/a> Nasturtium, <a href=\"http:\/\/de.wikipedia.org\/wiki\/Hahnenfu%C3%9F\" target=\"_blank\" rel=\"noopener noreferrer\">Hahnenfu\u00df<\/a> Ranunculus und <a href=\"http:\/\/de.wikipedia.org\/wiki\/Gew%C3%B6hnlicher_Froschl%C3%B6ffel\" target=\"_blank\" rel=\"noopener noreferrer\">Froschl\u00f6ffel<\/a> Alisma. <strong>Da\u00df der zur Gastwirtschaft geh\u00f6rige Privatgarten zum gro\u00dfen Teil durch Aufsch\u00fcttung dem versumpften S\u00fcdteil abgewonnen wurde, ist ohne weiteres zu sehen. Der <a href=\"http:\/\/de.wikipedia.org\/wiki\/Hopfen\" target=\"_blank\" rel=\"noopener noreferrer\">Hopfen<\/a> am Zaun ist als \u00dcberrest des ehemaligen Moores zur\u00fcckgeblieben.<\/strong> Die Sandschwelle am S\u00fcdende des Sees wird selbstverst\u00e4ndlich wieder von einer Stra\u00dfe als \u00dcbergang benutzt. Sie f\u00fchrt von Schmargendorf \u00fcber das Jagdschlo\u00df nach dem Gro\u00dfen Stern und weiter nach Spandau&#8230;<\/em>&#8222;<\/span><\/p>\n<\/td>\n<\/tr>\n<\/tbody>\n<\/table>\n<p>&nbsp;<\/p>\n<ul>\n<li><span style=\"font-family: arial, helvetica, sans-serif; font-size: 12pt;\"><strong>2013<\/strong> Berliner Woche 13.02. &#8211; Parkplatz ohne Fahrzeuge &#8211; <a href=\"https:\/\/forst-grunewald.de\/wp-content\/uploads\/2013-02-13-Berliner-Woche-Parkplatz-Paulsborn.pdf\" target=\"_blank\" rel=\"noopener noreferrer\">lesen<\/a><\/span><\/li>\n<li><span style=\"font-family: arial, helvetica, sans-serif; font-size: 12pt;\"><strong>2014<\/strong> Tagesspiegel 07.02. &#8211; Zur\u00fcck zu den Wurzeln im Forsthaus Paulsborn &#8211; <\/span><a href=\"http:\/\/www.tagesspiegel.de\/berlin\/bezirke\/zehlendorf\/aktuelles-aus-zehlendorf\/zehlendorfer-ausflugslokal-am-grunewaldsee-zurueck-zu-den-wurzeln-im-forsthaus-paulsborn\/9450400.html\" target=\"_blank\" rel=\"noopener noreferrer\"><span style=\"font-family: arial, helvetica, sans-serif; font-size: 12pt;\">lesen<\/span><\/a><\/li>\n<\/ul>\n<p>&nbsp;<\/p>\n<p><span style=\"font-family: arial, helvetica, sans-serif; font-size: 12pt;\">ngg_shortcode_0_placeholder<\/span><\/p>\n<p>&nbsp;<\/p>\n","protected":false},"excerpt":{"rendered":"<p>Paulsborn: Ein bekannter Name. Urspr\u00fcnglich war Paulsborn die Wohnung des Jagdinspectors. Nach dessen Ubersiedelung in das nahe Jagdschlo\u00df Grunewald ging die Anlage in den Besitz&hellip;<\/p>\n","protected":false},"author":1,"featured_media":0,"parent":800,"menu_order":0,"comment_status":"closed","ping_status":"closed","template":"","meta":{"ngg_post_thumbnail":0,"iawp_total_views":320,"footnotes":""},"class_list":["post-2764","page","type-page","status-publish","hentry"],"_links":{"self":[{"href":"https:\/\/forst-grunewald.de\/index.php?rest_route=\/wp\/v2\/pages\/2764","targetHints":{"allow":["GET"]}}],"collection":[{"href":"https:\/\/forst-grunewald.de\/index.php?rest_route=\/wp\/v2\/pages"}],"about":[{"href":"https:\/\/forst-grunewald.de\/index.php?rest_route=\/wp\/v2\/types\/page"}],"author":[{"embeddable":true,"href":"https:\/\/forst-grunewald.de\/index.php?rest_route=\/wp\/v2\/users\/1"}],"replies":[{"embeddable":true,"href":"https:\/\/forst-grunewald.de\/index.php?rest_route=%2Fwp%2Fv2%2Fcomments&post=2764"}],"version-history":[{"count":40,"href":"https:\/\/forst-grunewald.de\/index.php?rest_route=\/wp\/v2\/pages\/2764\/revisions"}],"predecessor-version":[{"id":43810,"href":"https:\/\/forst-grunewald.de\/index.php?rest_route=\/wp\/v2\/pages\/2764\/revisions\/43810"}],"up":[{"embeddable":true,"href":"https:\/\/forst-grunewald.de\/index.php?rest_route=\/wp\/v2\/pages\/800"}],"wp:attachment":[{"href":"https:\/\/forst-grunewald.de\/index.php?rest_route=%2Fwp%2Fv2%2Fmedia&parent=2764"}],"curies":[{"name":"wp","href":"https:\/\/api.w.org\/{rel}","templated":true}]}}