{"id":272,"date":"2012-05-25T13:03:06","date_gmt":"2012-05-25T13:03:06","guid":{"rendered":"http:\/\/forst-grunewald.de\/wordpress\/?page_id=272"},"modified":"2024-06-12T04:01:19","modified_gmt":"2024-06-12T03:01:19","slug":"charlottenbrucke","status":"publish","type":"page","link":"https:\/\/forst-grunewald.de\/?page_id=272","title":{"rendered":"Charlottenbr\u00fccke"},"content":{"rendered":"<p>Die Charlottenbr\u00fccke geh\u00f6rt nicht zum Grundwald-Gebiet. Dennoch habe ich sie hier mal mit aufgenommen, weil sie in fr\u00fcherer Zeiten einer der ma\u00dfgeblichen Orte war, um die Havel zu \u00fcberqueren. <a href=\"http:\/\/de.wikipedia.org\/wiki\/Berlin-Spandau\" target=\"_blank\" rel=\"noopener noreferrer\">Spandau<\/a> wurde ab dem 9.\/10. Jahrhundert besiedelt. Eine wichtige Rolle spielte hierbei die Anlage von Befestigungen, welche sich abschlie\u00dfend in der Spandauer <a href=\"http:\/\/de.wikipedia.org\/wiki\/Zitadelle_Spandau\" target=\"_blank\" rel=\"noopener noreferrer\">Zitadelle<\/a> manifestierte.<\/p>\n<p>In der heutigen Form wurde die Br\u00fccke in den Jahren von 1926-29 erbaut.<\/p>\n<p>Die zweite wichtige Verkehrsachse von Spandau aus nach Westen in Richtung Berlin wurde erst 1908\/09 mit dem <a href=\"https:\/\/forst-grunewald.de\/?page_id=4432\" target=\"_blank\" rel=\"noopener noreferrer\">Dammbau \u00fcber den St\u00f6\u00dfensee<\/a> am <a href=\"https:\/\/forst-grunewald.de\/?page_id=4060\" target=\"_blank\" rel=\"noopener noreferrer\">Pichelswerder<\/a> und damit verbunden mit dem Bau der <a href=\"https:\/\/forst-grunewald.de\/?page_id=4281\" target=\"_blank\" rel=\"noopener noreferrer\">Freybr\u00fccke<\/a> und der <a href=\"https:\/\/forst-grunewald.de\/?page_id=4412\" target=\"_blank\" rel=\"noopener noreferrer\">St\u00f6\u00dfenseebr\u00fccke<\/a> geschaffen.<\/p>\nngg_shortcode_0_placeholder\n<p>&nbsp;<\/p>\n","protected":false},"excerpt":{"rendered":"<p>Die Charlottenbr\u00fccke geh\u00f6rt nicht zum Grundwald-Gebiet. Dennoch habe ich sie hier mal mit aufgenommen, weil sie in fr\u00fcherer Zeiten einer der ma\u00dfgeblichen Orte war, um&hellip;<\/p>\n","protected":false},"author":1,"featured_media":0,"parent":0,"menu_order":0,"comment_status":"closed","ping_status":"closed","template":"template-fullwidth.php","meta":{"ngg_post_thumbnail":0,"iawp_total_views":41,"footnotes":""},"class_list":["post-272","page","type-page","status-publish","hentry"],"_links":{"self":[{"href":"https:\/\/forst-grunewald.de\/index.php?rest_route=\/wp\/v2\/pages\/272","targetHints":{"allow":["GET"]}}],"collection":[{"href":"https:\/\/forst-grunewald.de\/index.php?rest_route=\/wp\/v2\/pages"}],"about":[{"href":"https:\/\/forst-grunewald.de\/index.php?rest_route=\/wp\/v2\/types\/page"}],"author":[{"embeddable":true,"href":"https:\/\/forst-grunewald.de\/index.php?rest_route=\/wp\/v2\/users\/1"}],"replies":[{"embeddable":true,"href":"https:\/\/forst-grunewald.de\/index.php?rest_route=%2Fwp%2Fv2%2Fcomments&post=272"}],"version-history":[{"count":20,"href":"https:\/\/forst-grunewald.de\/index.php?rest_route=\/wp\/v2\/pages\/272\/revisions"}],"predecessor-version":[{"id":13025,"href":"https:\/\/forst-grunewald.de\/index.php?rest_route=\/wp\/v2\/pages\/272\/revisions\/13025"}],"wp:attachment":[{"href":"https:\/\/forst-grunewald.de\/index.php?rest_route=%2Fwp%2Fv2%2Fmedia&parent=272"}],"curies":[{"name":"wp","href":"https:\/\/api.w.org\/{rel}","templated":true}]}}