{"id":257,"date":"2012-05-25T08:41:39","date_gmt":"2012-05-25T08:41:39","guid":{"rendered":"http:\/\/forst-grunewald.de\/wordpress\/?page_id=257"},"modified":"2024-06-12T04:01:13","modified_gmt":"2024-06-12T03:01:13","slug":"breite-see","status":"publish","type":"page","link":"https:\/\/forst-grunewald.de\/?page_id=257","title":{"rendered":"Breite See"},"content":{"rendered":"<p style=\"text-align: justify;\"><a href=\"https:\/\/forst-grunewald.de\/wp-content\/uploads\/1816-Breite-See-Generalstabskarte.jpg\" target=\"_blank\" rel=\"noopener noreferrer\"><img loading=\"lazy\" decoding=\"async\" class=\" wp-image-261 alignright\" title=\"1816 Breite See Generalstabskarte\" src=\"https:\/\/forst-grunewald.de\/wp-content\/uploads\/1816-Breite-See-Generalstabskarte.jpg\" alt=\"\" width=\"410\" height=\"292\" srcset=\"https:\/\/forst-grunewald.de\/wp-content\/uploads\/1816-Breite-See-Generalstabskarte.jpg 640w, https:\/\/forst-grunewald.de\/wp-content\/uploads\/1816-Breite-See-Generalstabskarte-150x106.jpg 150w, https:\/\/forst-grunewald.de\/wp-content\/uploads\/1816-Breite-See-Generalstabskarte-300x213.jpg 300w, https:\/\/forst-grunewald.de\/wp-content\/uploads\/1816-Breite-See-Generalstabskarte-400x285.jpg 400w\" sizes=\"auto, (max-width: 410px) 100vw, 410px\" \/><\/a>Dieser Abschnitt ist markant. Passiert man in Flie\u00dfrichtung der Havel, also aus Spandau kommend, unmittelbar nach dem Pichelssee &#8222;<a href=\"https:\/\/forst-grunewald.de\/?page_id=4328\" target=\"_blank\" rel=\"noopener noreferrer\">Die Gem\u00fcnde<\/a>&#8222;, so er\u00f6ffnet sich einem eine <strong>Breite <em>See<\/em><\/strong>.<\/p>\n<p style=\"text-align: justify;\">So wurde dieser Havelabschnitt auch in einer Generalstabskarte aus dem Jahre 1816 benannt. In allen folgenden mir vorliegenden Karten hat dieser Havelabschnitt keinen eigenen Namen, jedoch ist der Name \u201c<strong>Gatower See<\/strong>\u201d etabliert, was aber nicht so recht zutreffend ist, weil sich das Dorf Gatow weiter s\u00fcdlich, gegen\u00fcber <a href=\"https:\/\/forst-grunewald.de\/?page_id=291\" target=\"_blank\" rel=\"noopener noreferrer\">Kuhhorn<\/a>, befindet. Das am Breite See befindliche Havelufer zwischen Gatow und Weinmeisterhorn, bekannt als der Seeburger Zipfel, dort wo ca. zwischen 1909-1914 der <a href=\"https:\/\/forst-grunewald.de\/?p=7451\" target=\"_blank\" rel=\"noopener noreferrer\">Berliner Chemiefabrikant Emil Beringer auf seinem Grundst\u00fcck im Rahmen einer Gartengestaltung sein Jaczowt\u00fcrmchen mit dem Wappen des mythologischen Adelsgeschlechts der Beringer \u00fcber seinem Eingang errichtete<\/a>, geh\u00f6rte sogar bis zum <a href=\"https:\/\/de.wikipedia.org\/wiki\/Berlin-Staaken\" target=\"_blank\" rel=\"noopener noreferrer\">Gebietstausch per 31. August 1945<\/a> zur Gemeinde Seeburg, mithin w\u00e4re auch &#8222;<strong>Seeburger See<\/strong>&#8220; nicht ganz unzutreffend. Praktisch ist die Havel aber auch an dieser Stelle kein <a href=\"https:\/\/de.wikipedia.org\/wiki\/See\" target=\"_blank\" rel=\"noopener noreferrer\">See<\/a> und kommt der &#8222;Wasserwegler&#8220; aus dem Gem\u00fcnde, so er\u00f6ffnet sich ihm &#8222;<em>die<\/em> <strong>Breite <em>See<\/em><\/strong>&#8222;. Von daher habe ich mich entschieden, diese Seite auch so zu benennen.<\/p>\n<p style=\"text-align: justify;\">Ich habe an diese &#8222;Breite <em>See<\/em>&#8220; aus dem 60\/70iger Jahren auch <!-- [if gte mso 9]><xml>\n<o:OfficeDocumentSettings>\n<o:AllowPNG\/>\n<\/o:OfficeDocumentSettings>\n<\/xml><![endif]-->Kindheitserinnerungen. Denn wenn meine Eltern mit mir aus Scharfe Lanke kommend mit unserem kleinen&nbsp;<a href=\"https:\/\/de.wikipedia.org\/wiki\/Kanadier\" target=\"_blank\" rel=\"noopener noreferrer\">Kanadier<\/a> &#8222;<a href=\"http:\/\/www.berliner-dampfer.de\/html\/mops.html\" target=\"_blank\" rel=\"noopener noreferrer\">Mops<\/a>&#8220; am Wochenende zum Strand nach <a href=\"https:\/\/forst-grunewald.de\/?page_id=2357\" target=\"_blank\" rel=\"noopener noreferrer\">Schildhorn<\/a> fahren wollten, dann mussten wir immer diese &#8222;Breite <em>See<\/em>&#8220; \u00fcberqueren, wir mussten also \u00fcber die Fahrrinne und das war damals mit dem kleinen Boot eine ziemlich aufregende Sache, weil fr\u00fcher dort sehr reger Berufsschiffsverkehr herrschte. Und aus meinen Kinderaugen betrachtet, waren die Frachtschiffe und die Ausflugsdampfer im Gegensatz zu unserem kleinen B\u00f6\u00f6tchen riesige Schiffe, die mit hoher Geschwindigkeit durch die Fahrrinne rauschten und au\u00dferdem noch erheblichen Wellengang verursachten, so dass unser Mops ganz sch\u00f6n ins schaukeln kam. So war ich dann jedes Mal froh, wenn wir endlich die Fahrrinne hinter uns hatten. Aber: Vor allen Dingen die h\u00fcbschen wei\u00dfen Ausflugs-Dampfer haben mich beeindruckt, daraus resultiert jetzt meine Webseite <a href=\"http:\/\/www.berliner-dampfer.de\" target=\"_blank\" rel=\"noopener noreferrer\">berliner-dampfer.de<\/a>.<\/p>\n<p>In diesem Zusammenhang auch lesenswert: \u201c<a id=\"Zelle2Link3\" href=\"http:\/\/www.unterwegs-in-spandau.de\/erinnerungen-an-die-scharfe-lanke-und-umgebung\/\" target=\"_blank\" rel=\"noopener noreferrer\">Erinnerungen an die Scharfe Lanke und Umgebung<\/a>\u201d<\/p>\n<p>&nbsp;<\/p>\nngg_shortcode_0_placeholder\n","protected":false},"excerpt":{"rendered":"<p>Dieser Abschnitt ist markant. Passiert man in Flie\u00dfrichtung der Havel, also aus Spandau kommend, unmittelbar nach dem Pichelssee &#8222;Die Gem\u00fcnde&#8222;, so er\u00f6ffnet sich einem eine&hellip;<\/p>\n","protected":false},"author":1,"featured_media":0,"parent":0,"menu_order":0,"comment_status":"closed","ping_status":"closed","template":"template-fullwidth.php","meta":{"ngg_post_thumbnail":0,"iawp_total_views":40,"footnotes":""},"class_list":["post-257","page","type-page","status-publish","hentry"],"_links":{"self":[{"href":"https:\/\/forst-grunewald.de\/index.php?rest_route=\/wp\/v2\/pages\/257","targetHints":{"allow":["GET"]}}],"collection":[{"href":"https:\/\/forst-grunewald.de\/index.php?rest_route=\/wp\/v2\/pages"}],"about":[{"href":"https:\/\/forst-grunewald.de\/index.php?rest_route=\/wp\/v2\/types\/page"}],"author":[{"embeddable":true,"href":"https:\/\/forst-grunewald.de\/index.php?rest_route=\/wp\/v2\/users\/1"}],"replies":[{"embeddable":true,"href":"https:\/\/forst-grunewald.de\/index.php?rest_route=%2Fwp%2Fv2%2Fcomments&post=257"}],"version-history":[{"count":31,"href":"https:\/\/forst-grunewald.de\/index.php?rest_route=\/wp\/v2\/pages\/257\/revisions"}],"predecessor-version":[{"id":41495,"href":"https:\/\/forst-grunewald.de\/index.php?rest_route=\/wp\/v2\/pages\/257\/revisions\/41495"}],"wp:attachment":[{"href":"https:\/\/forst-grunewald.de\/index.php?rest_route=%2Fwp%2Fv2%2Fmedia&parent=257"}],"curies":[{"name":"wp","href":"https:\/\/api.w.org\/{rel}","templated":true}]}}