{"id":195,"date":"2012-05-24T17:02:15","date_gmt":"2012-05-24T17:02:15","guid":{"rendered":"http:\/\/forst-grunewald.de\/wordpress\/?page_id=195"},"modified":"2024-06-12T04:00:38","modified_gmt":"2024-06-12T03:00:38","slug":"weiden","status":"publish","type":"page","link":"https:\/\/forst-grunewald.de\/?page_id=195","title":{"rendered":"Weide"},"content":{"rendered":"<p>Das Havelufer ist an einigen Stellen von sehr sch\u00f6nen Weiden ges\u00e4umt. Manchmal werden sie auch abgeschnitten, wie etwa am s\u00fcdlichen <a href=\"https:\/\/forst-grunewald.de\/?page_id=4432\" target=\"_blank\" rel=\"noopener noreferrer\">St\u00f6\u00dfensee<\/a> zwischen <a href=\"http:\/\/www.berliner-dampfer.de\/html\/alte_liebe_-godeffroy-.html?page_id=4486\" target=\"_blank\" rel=\"noopener noreferrer\">Alte Liebe<\/a> und <a href=\"https:\/\/forst-grunewald.de\/?page_id=2357\" target=\"_blank\" rel=\"noopener noreferrer\">Schildhorn<\/a>. Allerdings wachsen die St\u00e4mme als Str\u00e4ucher gut wieder nach.<\/p>\n<p><a href=\"https:\/\/forst-grunewald.de\/?page_id=4060\" target=\"_blank\" rel=\"noopener noreferrer\"><span style=\"text-decoration: underline;\"><strong>PICHELSWERDER<\/strong><\/span><\/a> (Galerie 01)<\/p>\n<p>Eine sehr m\u00e4chtige und inzwischen gefallene Weide steht an der <a href=\"https:\/\/forst-grunewald.de\/?page_id=4809\" target=\"_blank\" rel=\"noopener noreferrer\">S\u00fcdspitze<\/a> von Pichelswerder direkt am Ufer. Im Sommer ist sie vom Uferweg aus, wenn sie von Baum- und Strauchwerk umgeben ist, leicht zu \u00fcbersehen.<\/p>\n<p><a href=\"https:\/\/forst-grunewald.de\/?page_id=2357\" target=\"_blank\" rel=\"noopener noreferrer\"><span style=\"text-decoration: underline;\"><strong>SCHILDHORN<\/strong><\/span><\/a> (Galerie 02)<\/p>\n<p>Zwei sehr hohe Weiden stehen an der J\u00fcrgen Lanke bei Schildhorn.<\/p>\n<p>&nbsp;<\/p>\nngg_shortcode_0_placeholder\n<p>&nbsp;<\/p>\n<p>&nbsp;<\/p>\n","protected":false},"excerpt":{"rendered":"<p>Das Havelufer ist an einigen Stellen von sehr sch\u00f6nen Weiden ges\u00e4umt. Manchmal werden sie auch abgeschnitten, wie etwa am s\u00fcdlichen St\u00f6\u00dfensee zwischen Alte Liebe und&hellip;<\/p>\n","protected":false},"author":1,"featured_media":0,"parent":138,"menu_order":6,"comment_status":"closed","ping_status":"closed","template":"template-fullwidth.php","meta":{"ngg_post_thumbnail":0,"iawp_total_views":25,"footnotes":""},"class_list":["post-195","page","type-page","status-publish","hentry"],"_links":{"self":[{"href":"https:\/\/forst-grunewald.de\/index.php?rest_route=\/wp\/v2\/pages\/195","targetHints":{"allow":["GET"]}}],"collection":[{"href":"https:\/\/forst-grunewald.de\/index.php?rest_route=\/wp\/v2\/pages"}],"about":[{"href":"https:\/\/forst-grunewald.de\/index.php?rest_route=\/wp\/v2\/types\/page"}],"author":[{"embeddable":true,"href":"https:\/\/forst-grunewald.de\/index.php?rest_route=\/wp\/v2\/users\/1"}],"replies":[{"embeddable":true,"href":"https:\/\/forst-grunewald.de\/index.php?rest_route=%2Fwp%2Fv2%2Fcomments&post=195"}],"version-history":[{"count":11,"href":"https:\/\/forst-grunewald.de\/index.php?rest_route=\/wp\/v2\/pages\/195\/revisions"}],"predecessor-version":[{"id":13743,"href":"https:\/\/forst-grunewald.de\/index.php?rest_route=\/wp\/v2\/pages\/195\/revisions\/13743"}],"up":[{"embeddable":true,"href":"https:\/\/forst-grunewald.de\/index.php?rest_route=\/wp\/v2\/pages\/138"}],"wp:attachment":[{"href":"https:\/\/forst-grunewald.de\/index.php?rest_route=%2Fwp%2Fv2%2Fmedia&parent=195"}],"curies":[{"name":"wp","href":"https:\/\/api.w.org\/{rel}","templated":true}]}}