{"id":1917,"date":"2012-09-23T15:37:34","date_gmt":"2012-09-23T15:37:34","guid":{"rendered":"http:\/\/forst-grunewald.de\/?page_id=1917"},"modified":"2024-05-06T08:35:38","modified_gmt":"2024-05-06T07:35:38","slug":"vier-eichen","status":"publish","type":"page","link":"https:\/\/forst-grunewald.de\/?page_id=1917","title":{"rendered":"Vier Eichen"},"content":{"rendered":"<p style=\"text-align: justify;\">Tief im Grunewald gibt es eine Stelle, welche eigentlich jeder L\u00e4ufer kennt.<\/p>\n<p style=\"text-align: justify;\">Den Polizeimelder unweit des Forsthaus \u201cAlte <a href=\"https:\/\/forst-grunewald.de\/?page_id=1960\" target=\"_blank\" rel=\"noopener noreferrer\">Saubucht<\/a>\u201d.<\/p>\n<p style=\"text-align: justify;\">Hinter dem Feuermelder gibt es eine kleine Bank, umpflanzt von B\u00e4umen und Str\u00e4uchern, fast so wie ein kleines G\u00e4rtchen. Fr\u00fcher mal recht ordentlich angelegt, \u00fcber die Jahre leider verkommen, wenn auch die Forstarbeiter im letzten Herbst 2005 dort etwas aufger\u00e4umt haben.<\/p>\n<p style=\"text-align: justify;\">Ich pers\u00f6nlich fand schon immer, dass dieser Ort etwas ungew\u00f6hnliches hat. Irgend etwas \u201cand\u00e4chtiges\u201d und gleichzeitig etwas \u201clebendiges\u201d. Aus diesem Grund haben ein alter Lauffreund und ich diese Stelle oft scherzhaft als \u201cAm Grab\u201d bezeichnet.<\/p>\n<p style=\"text-align: justify;\">Unter den Berliner L\u00e4ufern ist dieser Ort im allgemeinen als \u201cKreuzung am Polizeimelder\u201d bekannt. Allerdings wurde der Polizeimelder 2011 abgerisen.<\/p>\n<p style=\"text-align: justify;\">Tats\u00e4chlich hat dieser Ort aber einen zwischenzeitlich in Vergessenheit geratenen historischen Namen: <strong>Vier Eichen<\/strong>.<\/p>\n<ul style=\"text-align: justify;\">\n<li><strong>1902<\/strong> <a href=\"https:\/\/forst-grunewald.de\/?page_id=676\" target=\"_blank\" rel=\"noopener noreferrer\">Berdrow<\/a>, Seite 10:<br \/>\n\u201c<em>&#8230;gelangen wir an eine Wegkreuzung, deren Umgebung auf \u00e4lteren Karten den vielverhei\u00dfenden Namen \u201c<strong>Vier Eichen<\/strong>\u201d f\u00fchrt. Gegenw\u00e4rtig ist freilich von Eichen hier weit und breit nichts mehr zu sehen. Daf\u00fcr entsch\u00e4digt uns aber eine unfern der Stelle am Abhange des Grabens gelegene Rasenbank, die eine sch\u00f6ne Aussicht in die Tiefe bietet und &#8211; nach Ausweis der umherliegenden Staniolfetzen, Champagnerkorken und Blechdosen &#8211; der gelegentlich den Mittelpunkt feuchtfr\u00f6hlicher Waldpicknicks bildet&#8230;<\/em>\u201d<\/li>\n<\/ul>\n<p style=\"text-align: justify;\">Mit dem &#8222;Abhange des Grabens&#8220; und dem &#8222;sch\u00f6nen Ausblick in die Tiefe&#8220; meint Berdrow den <a href=\"https:\/\/forst-grunewald.de\/?page_id=689\" target=\"_blank\" rel=\"noopener noreferrer\">Grunewaldgraben<\/a>. Heute hat man diesen Ausblick durch die Str\u00e4ucher und B\u00e4ume nicht mehr. Allerdings gibt es einen kleinen Geheimtipp: Folgt man dem Fu\u00dfweg auf einem kleinen Pfad rechts entlang, so f\u00fchrt er auf den Grund des Grabens. Es ist die stillste Stelle im Grunewald.<\/p>\n<p style=\"text-align: justify;\">Ansonsten kann ich von den &#8222;Vier Eichen&#8220; aus auch den kleinen Wanderweg empfehlen, welcher&nbsp; rechts neben dem Schwarzen Weg direkt auf den <a href=\"https:\/\/forst-grunewald.de\/?page_id=1893\" target=\"_blank\" rel=\"noopener noreferrer\">Havelberg<\/a> f\u00fchrt.<\/p>\n<p style=\"text-align: justify;\"><span style=\"color: #ffffff;\">.<\/span><\/p>\n<p style=\"text-align: justify;\"><span style=\"color: #ffffff;\">.<\/span><\/p>\nngg_shortcode_0_placeholder\n<p>&nbsp;<\/p>\n","protected":false},"excerpt":{"rendered":"<p>Tief im Grunewald gibt es eine Stelle, welche eigentlich jeder L\u00e4ufer kennt. Den Polizeimelder unweit des Forsthaus \u201cAlte Saubucht\u201d. Hinter dem Feuermelder gibt es eine&hellip;<\/p>\n","protected":false},"author":1,"featured_media":0,"parent":0,"menu_order":0,"comment_status":"closed","ping_status":"closed","template":"template\/full-width.php","meta":{"ngg_post_thumbnail":0,"iawp_total_views":29,"footnotes":""},"class_list":["post-1917","page","type-page","status-publish","hentry"],"_links":{"self":[{"href":"https:\/\/forst-grunewald.de\/index.php?rest_route=\/wp\/v2\/pages\/1917","targetHints":{"allow":["GET"]}}],"collection":[{"href":"https:\/\/forst-grunewald.de\/index.php?rest_route=\/wp\/v2\/pages"}],"about":[{"href":"https:\/\/forst-grunewald.de\/index.php?rest_route=\/wp\/v2\/types\/page"}],"author":[{"embeddable":true,"href":"https:\/\/forst-grunewald.de\/index.php?rest_route=\/wp\/v2\/users\/1"}],"replies":[{"embeddable":true,"href":"https:\/\/forst-grunewald.de\/index.php?rest_route=%2Fwp%2Fv2%2Fcomments&post=1917"}],"version-history":[{"count":29,"href":"https:\/\/forst-grunewald.de\/index.php?rest_route=\/wp\/v2\/pages\/1917\/revisions"}],"predecessor-version":[{"id":41592,"href":"https:\/\/forst-grunewald.de\/index.php?rest_route=\/wp\/v2\/pages\/1917\/revisions\/41592"}],"wp:attachment":[{"href":"https:\/\/forst-grunewald.de\/index.php?rest_route=%2Fwp%2Fv2%2Fmedia&parent=1917"}],"curies":[{"name":"wp","href":"https:\/\/api.w.org\/{rel}","templated":true}]}}