{"id":190,"date":"2012-05-24T16:49:31","date_gmt":"2012-05-24T16:49:31","guid":{"rendered":"http:\/\/forst-grunewald.de\/wordpress\/?page_id=190"},"modified":"2024-06-12T03:59:44","modified_gmt":"2024-06-12T02:59:44","slug":"linden","status":"publish","type":"page","link":"https:\/\/forst-grunewald.de\/?page_id=190","title":{"rendered":"Linde"},"content":{"rendered":"<p><span style=\"text-decoration: underline;\"><strong>HAVELH\u00d6HENWEG bei <a href=\"https:\/\/forst-grunewald.de\/?page_id=1862\" target=\"_blank\" rel=\"noopener noreferrer\">Lindwerder<\/a><\/strong> (Galerie 01)<strong><br \/>\n<\/strong><\/span><\/p>\n<p>Kennt jeder, der dort \u00f6fters ist. Auf dem Havelh\u00f6henweg oberhalb der Insel Lindwerder steht direkt am Wanderweg eine alte Linde. Schaut man ein wenig genauer hin, so findet man am Hang weitere alte Linden.<\/p>\n<p><span style=\"text-decoration: underline;\"><strong><a href=\"https:\/\/forst-grunewald.de\/?page_id=291\" target=\"_blank\" rel=\"noopener noreferrer\">KARLSBERSCHLUCHT<\/a> am Grunewaldturm<\/strong> (Galerie 02)<strong><br \/>\n<\/strong><\/span><\/p>\n<p>Eine alte Linde, welche gl\u00fccklicherweise schon auf historischen Ansichtskarten mit abgebildet ist, steht am S\u00fcdhang der <a href=\"https:\/\/forst-grunewald.de\/?page_id=291\" target=\"_blank\" rel=\"noopener noreferrer\">Karlsbergschlucht<\/a>.<\/p>\n<p><a href=\"https:\/\/forst-grunewald.de\/?page_id=10635\" target=\"_blank\" rel=\"noopener noreferrer\"><span style=\"text-decoration: underline;\"><strong>SCHILDHORN<\/strong><\/span><\/a><span style=\"text-decoration: underline;\"> (Galerie 03)<\/span><\/p>\n<p>Eine Zeichnung von <a href=\"https:\/\/forst-grunewald.de\/?page_id=14960\" target=\"_blank\" rel=\"noopener\">Adolph Doebber<\/a> aus dem Jahr 1904 und eine 1907 gelaufene Ansichtskarte, weisen eine alte gefallene Linde bei Schildhorn nach. Der ehemalige Standort ist mir nicht bekannt. Wer etwas wei\u00df, bitte melden!<\/p>\n<p>&nbsp;<\/p>\nngg_shortcode_0_placeholder\n<p>&nbsp;<\/p>\n<p>&nbsp;<\/p>\n<p>&nbsp;<\/p>\n","protected":false},"excerpt":{"rendered":"<p>HAVELH\u00d6HENWEG bei Lindwerder (Galerie 01) Kennt jeder, der dort \u00f6fters ist. Auf dem Havelh\u00f6henweg oberhalb der Insel Lindwerder steht direkt am Wanderweg eine alte Linde.&hellip;<\/p>\n","protected":false},"author":1,"featured_media":0,"parent":138,"menu_order":4,"comment_status":"closed","ping_status":"closed","template":"template-fullwidth.php","meta":{"ngg_post_thumbnail":0,"iawp_total_views":29,"footnotes":""},"class_list":["post-190","page","type-page","status-publish","hentry"],"_links":{"self":[{"href":"https:\/\/forst-grunewald.de\/index.php?rest_route=\/wp\/v2\/pages\/190","targetHints":{"allow":["GET"]}}],"collection":[{"href":"https:\/\/forst-grunewald.de\/index.php?rest_route=\/wp\/v2\/pages"}],"about":[{"href":"https:\/\/forst-grunewald.de\/index.php?rest_route=\/wp\/v2\/types\/page"}],"author":[{"embeddable":true,"href":"https:\/\/forst-grunewald.de\/index.php?rest_route=\/wp\/v2\/users\/1"}],"replies":[{"embeddable":true,"href":"https:\/\/forst-grunewald.de\/index.php?rest_route=%2Fwp%2Fv2%2Fcomments&post=190"}],"version-history":[{"count":19,"href":"https:\/\/forst-grunewald.de\/index.php?rest_route=\/wp\/v2\/pages\/190\/revisions"}],"predecessor-version":[{"id":14971,"href":"https:\/\/forst-grunewald.de\/index.php?rest_route=\/wp\/v2\/pages\/190\/revisions\/14971"}],"up":[{"embeddable":true,"href":"https:\/\/forst-grunewald.de\/index.php?rest_route=\/wp\/v2\/pages\/138"}],"wp:attachment":[{"href":"https:\/\/forst-grunewald.de\/index.php?rest_route=%2Fwp%2Fv2%2Fmedia&parent=190"}],"curies":[{"name":"wp","href":"https:\/\/api.w.org\/{rel}","templated":true}]}}