{"id":1893,"date":"2012-09-19T16:36:56","date_gmt":"2012-09-19T16:36:56","guid":{"rendered":"http:\/\/forst-grunewald.de\/?page_id=1893"},"modified":"2024-05-06T07:43:34","modified_gmt":"2024-05-06T06:43:34","slug":"havelberg","status":"publish","type":"page","link":"https:\/\/forst-grunewald.de\/?page_id=1893","title":{"rendered":"Havelberg"},"content":{"rendered":"<p style=\"text-align: justify;\">Der Havelberg mit seinen Anstiegen, unter anderem dem \u201cLangen Jammer\u201d, ist ebenfalls ein von uns oft und gerne belaufener Berg.&nbsp; Der Havelberg ist mit 97 Meter \u00fcbrigens h\u00f6her, als der Karlsberg mit 79 Meter, auf welchem sich der <a href=\"https:\/\/forst-grunewald.de\/?page_id=1749\" target=\"_blank\" rel=\"noopener noreferrer\">Grunewaldturm<\/a> befindet. Nach dem Gro\u00dfe <a title=\"M\u00fcggelberge\" href=\"http:\/\/de.wikipedia.org\/wiki\/M%C3%BCggelberge\" target=\"_blank\" rel=\"noopener noreferrer\">M\u00fcggelberg<\/a> und dem Sch\u00e4ferberg ist der Havelberg die drittgr\u00f6\u00dfte nat\u00fcrliche <a href=\"http:\/\/de.wikipedia.org\/wiki\/Liste_von_Erhebungen_in_Berlin\" target=\"_blank\" rel=\"noopener noreferrer\">Erhebung<\/a> in Berlin.<\/p>\n<p style=\"text-align: justify;\">Der &#8222;<strong>Lange Jammer<\/strong>&#8220; ist eine Bezeichnung aus der Laufsportszene. Es handelt sich hierbei um den&nbsp; s\u00fcdlich gelegenen langen Anstiegsweg auf den &#8222;Gipfel&#8220;. Wer den Anstieg im Lauftempo durchh\u00e4lt, der kann den Namen nachvollziehen. In der Mountainbikeszene hat sich f\u00fcr den Anstieg wohl die Bezeichnung &#8222;<strong>Panzerberg<\/strong>&#8220; etabliert, vermutlich, weil ein Radler mit jedem H\u00f6hemeter stetig langsamer wird. Allerdings ist dieser Anstieg im Grunewald nicht der &#8222;Grausamste&#8220;. Noch steiler und daher auch anstrengender ist der Anstieg am <a href=\"https:\/\/forst-grunewald.de\/?page_id=1749\" target=\"_blank\" rel=\"noopener noreferrer\">Karlsberg<\/a> vom Havelufer direkt hoch zum Grunewaldturm und der ehemalige Skihang am Teufelsberg N\u00e4he <a href=\"https:\/\/forst-grunewald.de\/?page_id=1111\" target=\"_blank\" rel=\"noopener noreferrer\">Post-<\/a> und <a href=\"https:\/\/forst-grunewald.de\/?page_id=1150\" target=\"_blank\" rel=\"noopener noreferrer\">Teufelsfenn<\/a>.<\/p>\n<p style=\"text-align: justify;\">Der Gipfel selber stellt ein l\u00e4ngliches Hochplateau dar. Eine Fernsicht hat man vom Gipfel wegen des Baumwuchses allerdings nicht. Das war allerdings nicht immer so, so berichtet <a href=\"https:\/\/forst-grunewald.de\/sitemap\/literatur-links\/\" target=\"_blank\" rel=\"noopener noreferrer\">1894<\/a> Fontane:<\/p>\n<p style=\"padding-left: 30px; text-align: justify;\">&#8222;<em>Wir wandern vom Sauw\u00e4rterh\u00e4uschen aus wiederum nach links zu den Abhang hinunter und schlagen gleich darauf bei dem Wegweiser &#8222;Ueber die Havelberge nach Wannsee&#8220; den Fu\u00dfpfad ein, der rechts ab durch die kleine Schlucht f\u00fchrt. Am Brunnen des Sauw\u00e4rters vor\u00fcbergehend erreichen wir in 5 Min. das gro\u00dfe F Gestell, in welches wir nun, halbrechts schwenkend einbiegen. Ueber sch\u00f6nbewaldete H\u00fcgel mit einem \u00fcppigen Moosteppich f\u00fchrt uns der Gestellweg auf den 97 m hohen Havelberg, die h\u00f6chste Bodenerhebung im Grunewald. Leider ist die fr\u00fcher sch\u00f6ne Aussicht jetzt ganz bewachsen; auch das urspr\u00fcnglich besteigbare Vermessungsger\u00fcst, 30 Schritte links vom Wege im dichten Stangenholz, ist inzwischen bauf\u00e4llig geworden und wird schon theilweise von den jungen Kiefern \u00fcberragt.<\/em>&#8222;<\/p>\n<p style=\"text-align: justify;\">Dann wird dort auch noch der Fischerh\u00fcttenweg erw\u00e4hnt. Entgegen den Eintragungen auch in aktuellen Stadtpl\u00e4nen, verl\u00e4uft der <a href=\"https:\/\/forst-grunewald.de\/?page_id=478\" target=\"_blank\" rel=\"noopener noreferrer\">Fischerh\u00fcttenweg<\/a> heute jedoch nicht mehr \u00fcber den Havelberg. Der Grund ist die Anlage des Schwarzen Weges in den drei\u00dfiger Jahren. Statt m\u00fchevoll \u00fcber den Berg, l\u00e4uft man jetzt flach um den Berg herum zum Havelufer. Betreffend der Aussicht enth\u00e4lt die Bildergalerie unten ein Wandergruppenfoto von 1925 und zwei Fliegeraufnahmen aus den drei\u00dfiger Jahren, welche den Havelberg dann hingegen wieder waldfrei zeigen. Zum interessanten Thema Waldbau am Havelberg siehe bitte auch die Seite \u00fcber den <a href=\"https:\/\/forst-grunewald.de\/?page_id=544\" target=\"_blank\" rel=\"noopener noreferrer\">Fransozenweg und Franzosenort<\/a>.<\/p>\n<p style=\"text-align: justify;\">Gro\u00dfes hatte <a href=\"https:\/\/forst-grunewald.de\/?page_id=9143\" target=\"_blank\" rel=\"noopener noreferrer\">1941<\/a> der GeneralbauinspektorAlbert Speer, bzw. sein f\u00fcr die Gr\u00fcnfl\u00e4chen zust\u00e4ndiger Stellvertreter Wili Schelkes vor:<\/p>\n<p style=\"padding-left: 30px; text-align: justify;\"><em>&#8222;Die Gr\u00f6\u00dfe des Grunewaldes ahnt man nur, seine H\u00f6henunterschiede sp\u00fcrt der Spazierg\u00e4nger nur durch das Ansteigen der Wege. Der Generalbauinspektor, Architekt Albert Speer, f\u00fchrt mit seiner Planung hier eine grunds\u00e4tzliche \u00c4nderung herbei. Sie besteht in dem Ziel, die Gestalt des Grunewaldes dem Auge zu zeigen, Berge und T\u00e4ler, Anh\u00f6hen und Senken sichtbar und damit die Gr\u00f6\u00dfe des Waldgebietes f\u00fchlbar zu machen. Das geschieht durch den Wechsel von geschlossenen Waldgebieten mit sich aneinanderreihenden gro\u00dfen und kleinen Freir\u00e4umen und durch Ausblicke auf nahe und ferne Punkte. Diese Idee Speers ist das eigentlich tragende Gerippe der gesamten inneren Grunewaldgestaltung&nbsp; [&#8230;] Dadurch wird gleichzeitig die M\u00f6glichkeit des freien Ausblicks von ihren hohen R\u00e4ndern auf den Havelberg, andere Erhebungen und auf die Niederungen und Seen gegeben. [&#8230;]&nbsp;Der Havelberg \u2013 heute hinter d\u00fcrftigen Kiefern versteckt \u2013 wird auch von vielen anderen Stellen im Grunewald zu sehen sein, herausgehoben durch die von allen Seiten gegen ihn f\u00fchrenden Freifl\u00e4chennutzungen und eine m\u00e4chtige Laubkrone.&#8220;<\/em><\/p>\n<p style=\"text-align: justify;\">Der Havelberg ist \u00f6rtlich gut eingrenzbar. S\u00fcdlich verl\u00e4uft die Havel und westlich der <a href=\"https:\/\/forst-grunewald.de\/?page_id=689\" target=\"_blank\" rel=\"noopener noreferrer\">Grunewaldgraben<\/a>, heute markiert durch den Schwarzen Weg. N\u00f6rdlich (Lieper Bucht\/Lieber Grund bis <a href=\"https:\/\/forst-grunewald.de\/?page_id=1917\" target=\"_blank\" rel=\"noopener noreferrer\">Vier Eichen<\/a>) und s\u00fcdlich befindet sich jeweils eine Schlucht als Abgangsrinne des Grunewaldgrabens hin zur Havel.<\/p>\n<p style=\"text-align: justify;\">Unbedingt erw\u00e4hnt werden muss noch, dass an der S\u00fcdseite des Havelberges ein wunderbarer Teilabschnitt des <a href=\"https:\/\/forst-grunewald.de\/?page_id=5168\" target=\"_blank\" rel=\"noopener noreferrer\">Havelh\u00f6henweges<\/a> verl\u00e4uft. Der Weg bietet nicht nur einige Durchsichten auf die Havel, sondern ist durch seine Streckenf\u00fchrung am Hang entlang einfach auch nur sehr interessant zu belaufen.<\/p>\n<p style=\"text-align: justify;\"><span style=\"color: #ffffff;\">.<\/span><\/p>\nngg_shortcode_0_placeholder\n<p>&nbsp;<\/p>\n","protected":false},"excerpt":{"rendered":"<p>Der Havelberg mit seinen Anstiegen, unter anderem dem \u201cLangen Jammer\u201d, ist ebenfalls ein von uns oft und gerne belaufener Berg.&nbsp; Der Havelberg ist mit 97&hellip;<\/p>\n","protected":false},"author":1,"featured_media":0,"parent":0,"menu_order":0,"comment_status":"closed","ping_status":"closed","template":"template\/full-width.php","meta":{"ngg_post_thumbnail":0,"iawp_total_views":100,"footnotes":""},"class_list":["post-1893","page","type-page","status-publish","hentry"],"_links":{"self":[{"href":"https:\/\/forst-grunewald.de\/index.php?rest_route=\/wp\/v2\/pages\/1893","targetHints":{"allow":["GET"]}}],"collection":[{"href":"https:\/\/forst-grunewald.de\/index.php?rest_route=\/wp\/v2\/pages"}],"about":[{"href":"https:\/\/forst-grunewald.de\/index.php?rest_route=\/wp\/v2\/types\/page"}],"author":[{"embeddable":true,"href":"https:\/\/forst-grunewald.de\/index.php?rest_route=\/wp\/v2\/users\/1"}],"replies":[{"embeddable":true,"href":"https:\/\/forst-grunewald.de\/index.php?rest_route=%2Fwp%2Fv2%2Fcomments&post=1893"}],"version-history":[{"count":33,"href":"https:\/\/forst-grunewald.de\/index.php?rest_route=\/wp\/v2\/pages\/1893\/revisions"}],"predecessor-version":[{"id":41530,"href":"https:\/\/forst-grunewald.de\/index.php?rest_route=\/wp\/v2\/pages\/1893\/revisions\/41530"}],"wp:attachment":[{"href":"https:\/\/forst-grunewald.de\/index.php?rest_route=%2Fwp%2Fv2%2Fmedia&parent=1893"}],"curies":[{"name":"wp","href":"https:\/\/api.w.org\/{rel}","templated":true}]}}