{"id":14833,"date":"2021-05-10T16:54:08","date_gmt":"2021-05-10T15:54:08","guid":{"rendered":"http:\/\/forst-grunewald.de\/?page_id=14833"},"modified":"2025-06-27T13:25:50","modified_gmt":"2025-06-27T12:25:50","slug":"hinterlasse-den-wald-so-wie-du-ihn-vorgefunden-hast","status":"publish","type":"page","link":"https:\/\/forst-grunewald.de\/?page_id=14833","title":{"rendered":"Landschafts- und Naturschutz"},"content":{"rendered":"<p style=\"text-align: justify;\"><span style=\"font-size: 14pt;\"><strong><a href=\"https:\/\/www.berlin.de\/forsten\/service\/fragen-und-antworten\/\" target=\"_blank\" rel=\"noopener\"><img loading=\"lazy\" decoding=\"async\" class=\"alignright wp-image-14950\" src=\"https:\/\/forst-grunewald.de\/wp-content\/uploads\/Damhch.jpg\" alt=\"\" width=\"350\" height=\"316\" srcset=\"https:\/\/forst-grunewald.de\/wp-content\/uploads\/Damhch.jpg 1280w, https:\/\/forst-grunewald.de\/wp-content\/uploads\/Damhch-332x300.jpg 332w, https:\/\/forst-grunewald.de\/wp-content\/uploads\/Damhch-166x150.jpg 166w, https:\/\/forst-grunewald.de\/wp-content\/uploads\/Damhch-768x694.jpg 768w\" sizes=\"auto, (max-width: 350px) 100vw, 350px\" \/><\/a><span style=\"font-family: arial, helvetica, sans-serif; font-size: 12pt;\">Verlasse bitte den Wald so, wie Du ihn vorfandest<\/span><br \/>\n<\/strong><\/span><\/p>\n<p style=\"text-align: justify;\"><span style=\"font-family: arial, helvetica, sans-serif; font-size: 12pt;\">So habe ich das mal in der Schule gelernt. Dieser Satz ist selbsterkl\u00e4rend und einfach zu beherzigen. Ein Alltagsgebot also.<\/span><\/p>\n<p style=\"text-align: justify;\"><span style=\"font-family: arial, helvetica, sans-serif; font-size: 12pt;\">Leider scheint dieser Satz bei vielen Mitmenschen in Vergessenheit geraten zu sein? Oder er ist ihnen schlichtweg egal?<\/span><\/p>\n<p style=\"text-align: justify;\"><span style=\"font-family: arial, helvetica, sans-serif; font-size: 12pt;\">So, wie es leider \u00fcblich geworden ist, an vielen Orten Steine zu stapeln (<a href=\"https:\/\/www.reisereporter.de\/artikel\/6450-darum-sollten-urlauber-in-der-natur-keine-steine-stapeln\" target=\"_blank\" rel=\"noopener\">Beispiel<\/a>), hat im Grunewald die fast schon Zwanghaftigkeit von vielen Waldbesuchenden um sich gegriffen aus Astwerk H\u00e4uschen zu bauen. Quasi von <span style=\"text-decoration: underline;\">Jederperson<\/span> und eigentlich <span style=\"text-decoration: underline;\">Jedemalter<\/span>. Sich also f\u00fcr einen bestimmten Zeitraum an einen Ort einmalig oder auch wiederkehrend niederzulassen und dies durch eine gewisse Form der URBANISIERUNG auszudr\u00fccken.<\/span><\/p>\n<p style=\"text-align: justify;\"><span style=\"font-family: arial, helvetica, sans-serif; font-size: 12pt;\">Obwohl die Werke etwa von <a href=\"https:\/\/www.peter-wohlleben.de\/\" target=\"_blank\" rel=\"noopener\">Peter Wohlleben<\/a> H\u00f6chstauflagen erreichen, f\u00e4llt es offensichtlich vielen Wandbesuchenden schwer<\/span><\/p>\n<ul style=\"text-align: justify;\">\n<li style=\"text-align: justify;\"><span style=\"font-family: arial, helvetica, sans-serif; font-size: 12pt;\">auf den Wegen zu bleiben,<\/span><\/li>\n<li><span style=\"font-family: arial, helvetica, sans-serif; font-size: 12pt;\">Tierr\u00fcckzugsgebiete, sprich &#8222;<a href=\"https:\/\/de.wikipedia.org\/wiki\/Dickicht\" target=\"_blank\" rel=\"noopener\">Dickicht<\/a>&#8222;, zu meiden<\/span><\/li>\n<li style=\"text-align: justify;\"><span style=\"font-family: arial, helvetica, sans-serif; font-size: 12pt;\">keine \u00c4ste abzuknicken,<\/span><\/li>\n<li><span style=\"font-family: arial, helvetica, sans-serif; font-size: 12pt;\">keine B\u00e4umchen, Bl\u00fcmchen oder Moos auszurei\u00dfen,<\/span><\/li>\n<li><span style=\"font-family: arial, helvetica, sans-serif; font-size: 12pt;\">(von besuchsintensiven Stellen) keine Blumen, Beeren oder Fr\u00fcchte mitzunehmen,<\/span><\/li>\n<li><span style=\"font-family: arial, helvetica, sans-serif; font-size: 12pt;\">Ameisenhaufen in Ruhe zu lassen, und zwar wirklich und nicht andauern neue \u00c4ste darum aufzut\u00fcrmen oder daraufzulegen,<\/span><\/li>\n<li style=\"text-align: justify;\"><span style=\"font-family: arial, helvetica, sans-serif; font-size: 12pt;\">ihren M\u00fcll mitzunehmen,<\/span><\/li>\n<li style=\"text-align: justify;\"><span style=\"font-family: arial, helvetica, sans-serif; font-size: 12pt;\">keine Jungb\u00e4ume mit Jugendkraft versuchen umzulegen,<\/span><\/li>\n<li style=\"text-align: justify;\"><span style=\"font-family: arial, helvetica, sans-serif; font-size: 12pt;\">keine Altb\u00e4ume mt einer Axt zu f\u00e4llen (ja tats\u00e4chlich, alles schon gesehen)<\/span><\/li>\n<li style=\"text-align: justify;\"><span style=\"font-family: arial, helvetica, sans-serif; font-size: 12pt;\">und keine Gruben zu graben ( &#8211; dito -),<\/span><\/li>\n<li><span style=\"font-family: arial, helvetica, sans-serif; font-size: 12pt;\">kein Feuer zu machen,<\/span><\/li>\n<li><span style=\"font-family: arial, helvetica, sans-serif; font-size: 12pt;\">keine Drohnen, Modellflugzeuge und Drachen (im letzten Jahr verstarb in Eichkamp qualvoll eine Kr\u00e4he, die sich in einer Drachenschnur verfangen hatte) fliegen zu lassen,<\/span><\/li>\n<li style=\"text-align: justify;\"><span style=\"font-family: arial, helvetica, sans-serif; font-size: 12pt;\">keine Zelte aufzuschlagen<\/span><\/li>\n<li style=\"text-align: justify;\"><span style=\"font-family: arial, helvetica, sans-serif; font-size: 12pt;\">und auch keine H\u00e4ngematten an B\u00e4ume anzubringen, schon gar nicht an Buchen, welche nur eine d\u00fcnne Rinde haben und wo auf Dauer schon Mikroverletzungen den Baum schaden und seine Lebensdauer herabsetzen k\u00f6nnen.<\/span><\/li>\n<li><span style=\"font-family: arial, helvetica, sans-serif; font-size: 12pt;\">Und eben: Die eigene Lagerstelle f\u00fcr ein Tagespicknick nicht zu urbanisieren und f\u00fcr die Nachfolgenden so kein einladendes Lager zu hinterlassen.<\/span><\/li>\n<li><span style=\"font-family: arial, helvetica, sans-serif; font-size: 12pt;\">Von <a href=\"https:\/\/www.berlin.de\/forsten\/service\/rechtsvorschriften\/\" target=\"_blank\" rel=\"noopener\">illegaler Bauschutt- und Sperrm\u00fcllentsorgung<\/a> ganz zu schweigen.<\/span><\/li>\n<\/ul>\n<p style=\"text-align: justify;\"><span style=\"font-family: arial, helvetica, sans-serif; font-size: 12pt;\">Was sagt das <a href=\"https:\/\/www.berlin.de\/ba-lichtenberg\/auf-einen-blick\/buergerservice\/ordnung\/mdb-balichtenberghohenschoenhausen-gesetze-vorschriften-landeswaldgesetz.pdf\" target=\"_blank\" rel=\"noopener\">Berliner Landeswaldgesetz<\/a> dazu:<\/span><\/p>\n<ul style=\"text-align: justify;\">\n<li><span style=\"font-family: arial, helvetica, sans-serif; font-size: 12pt;\"><em>Jedermann darf den Wald zum Zwecke der Erholung betreten<\/em><\/span><\/li>\n<li><span style=\"font-family: arial, helvetica, sans-serif; font-size: 12pt;\"><em>Jedermann hat sich im Wald so zu verhalten, dass die Erholung anderer nicht gef\u00e4hrdet oder beeintr\u00e4chtigt und der Wald in seinen Funktionen nicht gest\u00f6rt wird. Das Sammeln von Pilzen, Beeren und anderen Fr\u00fcchten in geringer Menge f\u00fcr den eigenen Bedarf ist gestattet.<\/em><\/span><\/li>\n<\/ul>\n<p style=\"text-align: justify;\"><span style=\"font-family: arial, helvetica, sans-serif; font-size: 12pt;\">F\u00fcr den Grunewald gilt seit dem 11.01.2018 au\u00dferdem die (neue):<\/span><\/p>\n<ul style=\"text-align: justify;\">\n<li><span style=\"font-family: arial, helvetica, sans-serif; font-size: 12pt;\"><a href=\"https:\/\/forst-grunewald.de\/wp-content\/uploads\/2018-01-11-GuVB-Grunewaldschutzverordnung.pdf\" target=\"_blank\" rel=\"noopener\">Grunewaldschutzverordnung<\/a>,<\/span><\/li>\n<li><span style=\"font-family: arial, helvetica, sans-serif; font-size: 12pt;\"><a href=\"https:\/\/www.berlin.de\/sen\/uvk\/_assets\/natur-gruen\/naturschutz\/natura-2000\/natura-gebiete\/schvo_gw_begruendung.pdf\" target=\"_blank\" rel=\"noopener\">Begr\u00fcndung zur Grunewaldschutzverordnung<\/a>.<\/span><\/li>\n<\/ul>\n<p style=\"text-align: justify;\"><span style=\"font-family: arial, helvetica, sans-serif; font-size: 12pt;\"><span style=\"text-decoration: underline;\"><strong>Demnach ist der gesamte Grunewald Landschaftsschutzgebiet.<\/strong> Au\u00dferdem sind bestimmte Bereiche Naturschutzgebiete<\/span>. Eine gute aber auch sehr komplizierte Verordnung, die man mal nicht so nebenbei lesen und dann auch gleich vollst\u00e4ndig verstehen kann.<\/span><\/p>\n<p style=\"text-align: justify;\"><span style=\"font-family: arial, helvetica, sans-serif; font-size: 12pt;\">Aber das ist eigentlich egal. Der Selbsterkl\u00e4rungssatz ist viel besser als Betretungsregel geeignet. Denn was genau bedeutet schon &#8222;<em>der Wald in seiner Funktion nicht gest\u00f6rt wird<\/em>&#8220; oder aus der Verordnung: &#8222;<em>Im Landschaftsschutzgebiet sind alle Handlungen verboten, <\/em><em>die den Charakter des Gebietes ver\u00e4ndern oder dem Schutzzweck&#8230; zuwiderlaufen<\/em>. &#8220; Dar\u00fcber kann man ausufernd debattieren und gleichg\u00fcltige \u00dcbelt\u00e4ter haben somit einen riesigen Rahmen zum Relativieren.<\/span><\/p>\n<p style=\"text-align: justify;\"><span style=\"font-family: arial, helvetica, sans-serif; font-size: 12pt;\">Hier ein Beispiel f\u00fcr eine meine Meinung nach schon ausufernde Eigennutzung eines Waldabschnitts im <a href=\"https:\/\/forst-grunewald.de\/wp-content\/uploads\/2013-Forstamtsbereich-Grundewald-Revier-Eichkamp-1.jpg\" target=\"_blank\" rel=\"noopener\">Revier Eichkamp<\/a>. Eigentlich schon eine kleine Form der &#8222;Inbesitznahme&#8220; oder &#8222;Claiming&#8220;. Anzumerken ist, dass es eigentlich eine sehr sch\u00f6ne Anlage ist, fast ein kleines Dorf. Meine Gratulation an die F\u00e4higkeiten der Erbauenden. Vermutlich eine Kindergruppe, bzw. was die gr\u00f6\u00dferen \u00c4ste und das Feinwerk betrifft wohl eher die Erziehenden.<\/span><\/p>\n<p style=\"text-align: justify;\"><span style=\"font-family: arial, helvetica, sans-serif; font-size: 12pt;\">ngg_shortcode_0_placeholder<\/span><\/p>\n<p style=\"text-align: justify;\">&nbsp;<\/p>\n<ul style=\"text-align: justify;\">\n<li style=\"text-align: justify;\"><span style=\"font-family: arial, helvetica, sans-serif; font-size: 12pt;\"><strong>Aber was lernen Kinder hier f\u00fcr&#8217;s Leben? <\/strong><\/span><\/li>\n<li style=\"text-align: justify;\"><span style=\"font-family: arial, helvetica, sans-serif; font-size: 12pt;\"><strong>Nicht den obigen Satz, sondern schlichtweg Urbanisierung. Denn auch kleine Kinderf\u00fc\u00dfchen zertrampeln m\u00fchelos ein kleines Buchenbaby. <\/strong><\/span><\/li>\n<\/ul>\n<p style=\"text-align: justify;\"><span style=\"font-family: arial, helvetica, sans-serif; font-size: 12pt;\">Dieser Ort war vorher nahezu unber\u00fchrt. Manchmal wurde dort ein Asth\u00e4uschen gebaut. Aber eine Gr\u00f6\u00dfe und Ausdehnung wie dieses kleine Dorf, entstanden wohl an nur einem Tag, das habe ich bisher so noch nicht gesehen. Wenn dies tief im Wald passiert, mag das nicht so schlimm sein. Mitunter kann es passieren, das viele Jahre lang niemand mehr seinen Fu\u00df auf eine Tageslagerstelle setzen wird. Aber je n\u00e4her es an Waldzug\u00e4ngen liegt (hier der Bahnhof Grunewald), desto eher besteht die Wahlscheinlichkeit, dass die Verursacher alsbald wiederkehren, andere Menschen den Ort f\u00fcr einen Tagesbesuch aufsuchen &#8211; oder aber einfach nur Neugierige &#8222;durchlatschen&#8220;.<\/span><\/p>\n<p style=\"text-align: justify;\"><span style=\"font-family: arial, helvetica, sans-serif; font-size: 12pt;\">Auch bei anderen Abschnitten verlief dies so, mit einem Asth\u00e4uschen fing es an, dann wurden es immer mehr und mittlerweile weisen diese Stellen keinen Pflanzennachwuchs mehr auf, also keine Babypflanzen, weil inzwischen alles plattgetrampelt ist. Nat\u00fcrlich sind diese Fl\u00e4chen dann langweilig und so zieht es kleine und gro\u00dfe Menschen dann zu anderen Orten wie den obigen, wo sich noch Gras, Moss und B\u00fcsche befinden. Hier eine kleine Auswahl der plattgetrampelten Fl\u00e4chen, ebenfalls im Revier Eichkamp:<\/span><\/p>\n<p style=\"text-align: justify;\"><span style=\"font-family: arial, helvetica, sans-serif; font-size: 12pt;\">ngg_shortcode_1_placeholder<\/span><\/p>\n<p style=\"text-align: justify;\"><span style=\"font-family: arial, helvetica, sans-serif; font-size: 12pt;\">Ich f\u00e4nde es gut, wenn alle Mitmenschen aufh\u00f6ren w\u00fcrden den Grunewald zu urbanisieren. Nebenbei bemerkt z\u00e4hle ich dazu \u00fcbrigens auch das, was das Land Berlin am <a href=\"https:\/\/forst-grunewald.de\/?page_id=1047\" target=\"_blank\" rel=\"noopener\">Pechsee<\/a> und am &#8222;<a href=\"https:\/\/forst-grunewald.de\/?page_id=787\" target=\"_blank\" rel=\"noopener\">Auge Gottes<\/a>&#8220; &#8211; &#8222;Klein(t)od f\u00fcr den Klimaschutztourismus: <a href=\"https:\/\/forst-grunewald.de\/wp-content\/uploads\/2007-07-15-CIMG3961-Waldteich-klein.jpg\" target=\"_blank\" rel=\"noopener\">vorher<\/a> \/ <a href=\"https:\/\/forst-grunewald.de\/wp-content\/uploads\/2017-03-04-Waldteich-DSC01321a-klein.jpg\" target=\"_blank\" rel=\"noopener\">nachher<\/a>&#8220; &#8211; angerichtet hat.<\/span><\/p>\n<p style=\"text-align: justify;\"><span style=\"font-family: arial, helvetica, sans-serif; font-size: 12pt;\">Das Problem ist auch nicht neu. Jetzt in der Coronazeit seit M\u00e4rz 2020 hat es sich versch\u00e4rft, insbesondere auch das Entstehen <span style=\"text-decoration: underline;\">zahlreichster neuer Wege durch Querlaufende<\/span>, aber es bestand auch schon vor M\u00e4rz 2020.<\/span><\/p>\n<p style=\"text-align: justify;\"><span style=\"font-family: arial, helvetica, sans-serif; font-size: 12pt;\">Jetzt hat es aber einen Umfang erreicht, welcher mich veranlasst hat, dazu ein paar Zeilen zu schreiben und diese Unterseite einzurichten.<\/span><\/p>\n<p style=\"text-align: justify;\"><span style=\"font-family: arial, helvetica, sans-serif; font-size: 12pt;\">Wer nur manchmal den Wald aufsucht, der bemerkt die schleichenden Zerst\u00f6rungen nicht. Er sieht ja nur das &#8222;Jetzt&#8220; und sah nicht das &#8222;Gestern&#8220; und wird auch das &#8222;Morgen&#8220; nicht sehen.<\/span><\/p>\n<p style=\"text-align: justify;\"><span style=\"font-family: arial, helvetica, sans-serif; font-size: 12pt;\">Meine Bitte an alle Mitmenschen: Bitte nutzen Sie den Wald und erfreuen Sie sich an ihn, aber:<\/span><\/p>\n<ul style=\"text-align: justify;\">\n<li><span style=\"text-decoration: underline; font-family: arial, helvetica, sans-serif; font-size: 12pt;\"><strong>Verlasse bitte den Wald so, wie Du ihn vorfandest<\/strong><\/span><\/li>\n<\/ul>\n<p style=\"text-align: justify;\">&nbsp;<\/p>\n<p style=\"text-align: justify;\"><span style=\"font-family: arial, helvetica, sans-serif; font-size: 12pt;\">10.\/21. Mai 2021<\/span><\/p>\n<p style=\"text-align: justify;\">&nbsp;<\/p>\n<p style=\"text-align: justify;\"><span style=\"font-family: arial, helvetica, sans-serif; font-size: 12pt;\"><strong>\u00dcbersicht: Landschaftsschutzgebiet Grunewald und Naturschutzgebiete:<\/strong><\/span><\/p>\n<p style=\"text-align: justify;\"><span style=\"font-family: arial, helvetica, sans-serif; font-size: 12pt;\">ngg_shortcode_2_placeholder<\/span><\/p>\n<p style=\"text-align: justify;\"><span style=\"font-family: arial, helvetica, sans-serif; font-size: 12pt;\">Vergr\u00f6\u00dferung: <a href=\"https:\/\/forst-grunewald.de\/wp-content\/gallery\/landschafts-und-naturschutzgebeiet-grunewald\/2018-landschaftsschutzgebiet-grunewald-1.jpg\" target=\"_blank\" rel=\"noopener\">\u00dcbersicht 1<\/a> &#8211; <a href=\"https:\/\/forst-grunewald.de\/wp-content\/gallery\/landschafts-und-naturschutzgebeiet-grunewald\/2018-landschaftsschutzgebiet-grunewald-2.jpg\" target=\"_blank\" rel=\"noopener\">\u00dcbersicht 2<\/a> und <a href=\"https:\/\/forst-grunewald.de\/wp-content\/gallery\/landschafts-und-naturschutzgebeiet-grunewald\/2018-landschaftsschutzgebiet-grunewald-3.jpg\" target=\"_blank\" rel=\"noopener\">\u00dcbersicht 3<\/a><\/span><\/p>\n<p style=\"text-align: justify;\">&nbsp;<\/p>\n<p style=\"text-align: justify;\"><span style=\"color: #ffffff; font-family: arial, helvetica, sans-serif; font-size: 12pt;\">.<\/span><\/p>\n<p style=\"text-align: justify;\"><span style=\"text-decoration: underline; font-family: arial, helvetica, sans-serif; font-size: 12pt;\">Historisches:<\/span><\/p>\n<p style=\"text-align: justify;\"><span style=\"font-family: arial, helvetica, sans-serif; font-size: 12pt;\"><strong><a href=\"https:\/\/forst-grunewald.de\/?page_id=361\" target=\"_blank\" rel=\"noopener\"><img loading=\"lazy\" decoding=\"async\" class=\"size-full wp-image-14845 alignright\" src=\"https:\/\/forst-grunewald.de\/wp-content\/uploads\/1926-Schneider-Paul-Rund-um-Berlin-Band-II.-Havel-Wanderungen-klein-1.jpg\" alt=\"\" width=\"200\" height=\"293\" srcset=\"https:\/\/forst-grunewald.de\/wp-content\/uploads\/1926-Schneider-Paul-Rund-um-Berlin-Band-II.-Havel-Wanderungen-klein-1.jpg 200w, https:\/\/forst-grunewald.de\/wp-content\/uploads\/1926-Schneider-Paul-Rund-um-Berlin-Band-II.-Havel-Wanderungen-klein-1-102x150.jpg 102w\" sizes=\"auto, (max-width: 200px) 100vw, 200px\" \/><\/a>1926<\/strong> <a href=\"https:\/\/forst-grunewald.de\/?page_id=361\" target=\"_blank\" rel=\"noopener noreferrer\">Schneider<\/a>, Seite 25:<\/span><\/p>\n<blockquote>\n<p style=\"text-align: justify;\"><span style=\"font-family: arial, helvetica, sans-serif; font-size: 12pt;\"><em>&#8222;Wenn man fr\u00fcher vom Westausgang des Bahnhofs den Grunewald betrat, so bot sich ein unerfreulicher Anblick. Da war kein Weg mehr vom Walde zu unterscheiden, sondern alles war Weg. Die Tausende, die von dieser Quelle aus den Wald \u00fcberfluteten, hatten alles zertrampelt und zertreten, indem jeder versuchte, seinen eigenen besseren Weg neben dem ausgetretenen zu gehen. Man konnte so recht am Wege ablesen, was es f\u00fcr einen Wald bedeutet, Lieblingsausflugsort einer Millionenstadt zu sein, zugleich auch, wie sinnlos der Mensch die Natur, in der er Erholung sucht zerst\u00f6rt, wenn in Massen auftritt. <\/em><em>Das ist heute doch um vieles besser geworden. Ein guter Weg, der breit genug ist, lockt die Ausfl\u00fcgler, auf ihm zu bleiben; Baumschulen, die von Drahtz\u00e4unen umgeben sind, verhindern ein Abweichen. Wenn es auch nicht angenehm ist, zwischen Drahtz\u00e4unen zu wandern, so ist es doch besser als der fr\u00fchere Zustand; au\u00dferdem gilt es nur f\u00fcr den gef\u00e4hrdeten Zugang.&#8220;<\/em><\/span><\/p>\n<\/blockquote>\n<p style=\"text-align: justify;\"><span style=\"font-family: arial, helvetica, sans-serif; font-size: 12pt;\">.<\/span><\/p>\n","protected":false},"excerpt":{"rendered":"<p>Verlasse bitte den Wald so, wie Du ihn vorfandest So habe ich das mal in der Schule gelernt. Dieser Satz ist selbsterkl\u00e4rend und einfach zu&hellip;<\/p>\n","protected":false},"author":1,"featured_media":0,"parent":0,"menu_order":0,"comment_status":"closed","ping_status":"closed","template":"","meta":{"ngg_post_thumbnail":0,"iawp_total_views":96,"footnotes":""},"class_list":["post-14833","page","type-page","status-publish","hentry"],"_links":{"self":[{"href":"https:\/\/forst-grunewald.de\/index.php?rest_route=\/wp\/v2\/pages\/14833","targetHints":{"allow":["GET"]}}],"collection":[{"href":"https:\/\/forst-grunewald.de\/index.php?rest_route=\/wp\/v2\/pages"}],"about":[{"href":"https:\/\/forst-grunewald.de\/index.php?rest_route=\/wp\/v2\/types\/page"}],"author":[{"embeddable":true,"href":"https:\/\/forst-grunewald.de\/index.php?rest_route=\/wp\/v2\/users\/1"}],"replies":[{"embeddable":true,"href":"https:\/\/forst-grunewald.de\/index.php?rest_route=%2Fwp%2Fv2%2Fcomments&post=14833"}],"version-history":[{"count":74,"href":"https:\/\/forst-grunewald.de\/index.php?rest_route=\/wp\/v2\/pages\/14833\/revisions"}],"predecessor-version":[{"id":41992,"href":"https:\/\/forst-grunewald.de\/index.php?rest_route=\/wp\/v2\/pages\/14833\/revisions\/41992"}],"wp:attachment":[{"href":"https:\/\/forst-grunewald.de\/index.php?rest_route=%2Fwp%2Fv2%2Fmedia&parent=14833"}],"curies":[{"name":"wp","href":"https:\/\/api.w.org\/{rel}","templated":true}]}}