{"id":14503,"date":"2020-09-18T09:38:04","date_gmt":"2020-09-18T08:38:04","guid":{"rendered":"http:\/\/forst-grunewald.de\/?page_id=14503"},"modified":"2024-05-06T08:30:31","modified_gmt":"2024-05-06T07:30:31","slug":"polizeistationen","status":"publish","type":"page","link":"https:\/\/forst-grunewald.de\/?page_id=14503","title":{"rendered":"Polizeistationen"},"content":{"rendered":"<p style=\"text-align: justify;\">Au\u00dfer <a href=\"https:\/\/forst-grunewald.de\/?page_id=7790\" target=\"_blank\" rel=\"noopener noreferrer\">Polizeimeldern<\/a>, gab es fr\u00fcher in den zwanziger Jahren im Bereich des Grunewaldes auch Polizeistationen bzw. Gendarmerieposten:<\/p>\n<table style=\"border-collapse: collapse; width: 100%;\">\n<tbody>\n<tr>\n<td style=\"width: 6.61901%; text-align: left; vertical-align: top;\">1.<\/td>\n<td style=\"width: 25.1905%; text-align: left; vertical-align: top;\"><a href=\"https:\/\/forst-grunewald.de\/?page_id=890\" target=\"_blank\" rel=\"noopener noreferrer\">Hundekehle(fenn)<\/a><\/td>\n<td style=\"width: 68.1904%; text-align: left; vertical-align: top;\"><a href=\"https:\/\/www.google.com\/maps\/place\/Koenigsallee+80,+14193+Berlin\/@52.4789907,13.2590008,17z\/data=!3m1!4b1!4m5!3m4!1s0x47a85753446db3ab:0xbd04d7b8d6e24562!8m2!3d52.4789907!4d13.2611895\" target=\"_blank\" rel=\"noopener noreferrer\">Koenigsallee 80<\/a>, heute <a href=\"https:\/\/www.berlin.de\/forsten\/ueber-uns\/forstaemter-und-reviere\/forstamt-grunewald\/\" target=\"_blank\" rel=\"noopener noreferrer\">Forstamt Grunewald<\/a><\/td>\n<\/tr>\n<tr>\n<td style=\"width: 6.61901%; text-align: left; vertical-align: top;\">2.<\/td>\n<td style=\"width: 25.1905%; text-align: left; vertical-align: top;\"><a href=\"https:\/\/forst-grunewald.de\/?page_id=1280\" target=\"_blank\" rel=\"noopener noreferrer\">Torfgraben<\/a><\/td>\n<td style=\"width: 68.1904%; text-align: left; vertical-align: top;\"><a href=\"https:\/\/www.google.com\/maps\/place\/Havelchaussee+%26+Am+Postfenn,+14055+Berlin\/@52.5009905,13.2077029,17z\/data=!3m1!4b1!4m5!3m4!1s0x47a857a017a87f79:0xdc37c5bd847f8130!8m2!3d52.5009905!4d13.2098916\" target=\"_blank\" rel=\"noopener noreferrer\">Havelchaussee\/Am Postfenn<\/a>, heute Wohnhaus<\/td>\n<\/tr>\n<tr>\n<td style=\"width: 6.61901%; text-align: left; vertical-align: top;\">3.<\/td>\n<td style=\"width: 25.1905%; text-align: left; vertical-align: top;\">Wannsee-Beelitzhof<\/td>\n<td style=\"width: 68.1904%; text-align: left; vertical-align: top;\"><a href=\"https:\/\/www.google.com\/maps\/place\/Kronprinzessinnenweg+33,+14129+Berlin\/@52.4326097,13.1872831,17z\/data=!4m13!1m7!3m6!1s0x47a85906af8c2bb1:0x134674c66be92d7e!2sKronprinzessinnenweg+33,+14129+Berlin!3b1!8m2!3d52.4328002!4d13.1871092!3m4!1s0x47a85906af8c2bb1:0x134674c66be92d7e!8m2!3d52.4328002!4d13.1871092\" target=\"_blank\" rel=\"noopener noreferrer\">Kronprinzessinnenweg 33<\/a> (Badeweg), heute ?<\/td>\n<\/tr>\n<tr>\n<td style=\"width: 6.61901%; text-align: left; vertical-align: top;\">4.<\/td>\n<td style=\"width: 25.1905%; text-align: left; vertical-align: top;\">Eichkamp<\/td>\n<td style=\"width: 68.1904%; text-align: left; vertical-align: top;\"><a href=\"https:\/\/www.google.com\/search?client=firefox-b-d&amp;q=Eichkampstra%C3%9Fe+152\" target=\"_blank\" rel=\"noopener\">Eichkampstra\u00dfe ca. Nummer 152<\/a><\/td>\n<\/tr>\n<\/tbody>\n<\/table>\n<p><span style=\"color: #ffffff;\">.<\/span><\/p>\n<table style=\"border-collapse: collapse; width: 100%;\">\n<tbody>\n<tr>\n<td style=\"width: 11.1429%; text-align: left; vertical-align: top;\"><strong>1911<\/strong><\/td>\n<td style=\"width: 88.8572%; text-align: left; vertical-align: top;\">\n<p style=\"text-align: justify;\"><strong> Zentralblatt der Bauverwaltung, Nummer 100 vom 13.12.1911, Seiten 633 und 634:<\/strong><\/p>\n<p style=\"text-align: justify;\"><strong><em>Neuere Forstbauten im Grunewald bei Berlin:<\/em><\/strong><\/p>\n<p style=\"text-align: justify;\"><em>Je mehr die Bebauung von Gro\u00df-Berlin sich dem Grunewald n\u00e4hert, ihn umschlie\u00dft und durchringt, und je besser und billiger die Verkehrsmittel werden, welche den lufthungrigen Gro\u00dfst\u00e4dter aus allen Teilen der Stadt dem abwechslungsreichen Wald- und Seengebiet an der Havel zuf\u00fchren, um so zwingender wird die Pflicht der Verwaltung, zur \u00dcberwachung des mehr und mehr anschwellenden Verkehrs und zur Pflege des Waldbestandes die n\u00f6tigen Vorkehrungen zu treffen. Die von der Forstverwaltung vorz\u00fcglich unterhaltenen und neuerdings mittels Teerbesprengung nahezu staubfrei gemachten Chausseen des Grunewaldes bieten den Kraftwagen ein so ausgedehntes und reizvolles Ausflugsgebiet, wie es kaum eine andere Gro\u00dfstatdt besitzt. Zu den Kraftwagen gesellen sich an sch\u00f6nen Sonntagen Fuhrwerke aller Art, von der Droschke bis zum Kremser und Autobus; und wenn sich dazu die Hunderttausende von Fu\u00dfg\u00e4ngern mischen, die von der Stra\u00dfenbahn, Untergrundbahn, Stadtbahn und Wannseebahn hinausgef\u00f6rdert werden, so wird eine ordnende Aufsicht und h\u00e4ufig auch eine tatkr\u00e4ftige Hilfe besonders an den Verkehrsmittelpunkten unbedingt notwendig.<\/em><\/p>\n<p style=\"text-align: justify;\"><em>So entschlo\u00df sich die Forstverwaltungschon im <span style=\"text-decoration: underline;\">Jahre 1907<\/span> zum Bau einer <strong>Polizeistation<\/strong> unweit der verkehrsreichen Chaussee <strong>bei Hundekehle und dem Grunewaldsee<\/strong> gelegen. <\/em><em>Das Geb\u00e4ude, welches in den Abbildungen bis 5 dargestellt ist <\/em>[siehe Galerie]<em>, enth\u00e4lt ein Schreib- und Vernehmungszimmer, ein Zimmer f\u00fcr die Wache mit anschlie\u00dfenden Haftr\u00e4umen f\u00fcr M\u00e4nner und Frauen, sowie drei Dienstwohnungen f\u00fcr zwei Polizeibeamte und einen Gendarmen. Im Untergescho\u00df ist eine Unfallstation eingerichtet und mit den n\u00f6tigsten gesundheitlichen Vorrichtungen ausgestattet worden. <\/em><em>Der \u00e4u\u00dfere Sockel ist bis zu 2 m H\u00f6he nd der Treppenturm bis zur Dachtraufe mit Granitfindlingen zyklopenartig bekleidet worden. Das obere Fachwerk und der Giebel und die Dachfenster sind von Eichenholz hergestellt, das im Grunewald geschlagen wurde. In gleicher Art ist das Nebengeb\u00e4ude errichtet, das au\u00dfer der Stallung f\u00fcr zwei Pferde R\u00e4ume f\u00fcr Brennstoff aufnimmt. <\/em><em>Die Einz\u00e4unung ist aus ungesch\u00e4lten kiefernen Halbh\u00f6lzern hergestellt und das Eingangstor auf zwei Granitpfeilern von unregelm\u00e4\u00dfig gewachsenen Kiefern\u00e4sten malerisch zusammengebaut. <\/em><em>Der vorhandene Baumbestand wurde so weit erhalten, da\u00df er die Baulichkeiten von allen Seiten vorteilhaft einramt, ohne Licht und Luft zu sehr abzuhalten. <\/em><em>Unmittelbare Fernsprechleitungen erm\u00f6glichen sofortige verst\u00e4ndigung bei Tag und Nacht mit der Oberf\u00f6rsterei bei Zehlendorf und den s\u00e4mtlichen sechs F\u00f6rstergeh\u00f6ften, die im Grunewald verteilt sind, mit dem Polizeiposten Teufelssee, mit dem Freibad Wannsee und mit der Rennbahn im Grunewald. Ferner bestehen au\u00dfer dem Anschlu\u00df an das Fernsprechamt Pfalzburg Verbindungen mit dem Fernsprechamt der Eisenbahndirektion Berlin, mit den Rath\u00e4usern von Kolonie Grunewald und Schmargendorf, mit dem Haupttelegraphenamt des Berliner Polizeipr\u00e4sidiums, mit dessen Revierwachen und mit den bedeutenderen Vororten.<\/em><\/p>\n<p style=\"text-align: justify;\">[&#8230;]<em><br \/>\n<\/em><\/p>\n<p style=\"text-align: justify;\"><em>Der auf der neuen D\u00f6beritzer Heerstra\u00dfe stetig steigende Verkehr l\u00e4\u00dft auch hier eine sorgsamere \u00dcberwachung erforderlich erscheinen, als sich bisher erm\u00f6glichen lie\u00df. Zu diesem Zwecke ist in Aussicht genommen, an der von Spandau nach <strong>Schildhorn<\/strong> f\u00fchrenden Chaussee, in unmittelbarer N\u00e4he der <strong>Heerstra\u00dfe<\/strong> ein <strong>Vierfamilienhaus f\u00fcr<\/strong> zwei berittene und zwei Fu\u00df<strong>gendarmen<\/strong> zu errichten; die Mittel hierzu werden voraussichtlich durch den n\u00e4chstj\u00e4hrigen Staatshaushaltsplan angefordert werden.<\/em><\/p>\n<p style=\"text-align: justify;\"><em>Die Baukosten der Polizeistation bei Hundekehle haben f\u00fcr das Hauptgeb\u00e4ude rund 48.300 Mark, f\u00fcr das Stallgeb\u00e4ude und Nebenanlagen rund 8.200 Mark, zusammen einschlie\u00dflich der inneren Einrichtung und der Bauleitungskosten 62.700 Mark betragen.<\/em><\/p>\n<p style=\"text-align: justify;\">[&#8230;]<em><br \/>\n<\/em><\/p>\n<p style=\"text-align: justify;\"><em>Die Baulichkeiten wurden unter der Leitung des Unterzeichnenden ausgef\u00fchrt <\/em>[&#8222;Kern&#8220;]<em>; von ihm stammen auch die Entw\u00fcrfe f\u00fcr die Polizeistation, w\u00e4hrend diejenigen f\u00fcr das F\u00f6rster- und Zweifamilienhaus im Ministerium f\u00fcr Landwirtschaft, Dom\u00e4nen und Forsten bearbeitet worden sind.<\/em><\/p>\n<\/td>\n<\/tr>\n<tr>\n<td style=\"width: 11.1429%; text-align: left; vertical-align: top;\"><strong>1914<\/strong><\/td>\n<td style=\"width: 88.8572%; text-align: left; vertical-align: top;\"><strong>Zur Historie der Gendarmerie im Kreis Teltow<\/strong><\/p>\n<p>2019 Berliner Polizeihistoriker &#8211; <a href=\"https:\/\/www.phs-berlin.de\/index.php\/publication\/berliner-polizeihistoriker\/item\/berliner-polizeihistoriker-64\" target=\"_blank\" rel=\"noopener noreferrer\">Nummer 64<\/a> &#8211; Aktenfund Reichwalde (III) &#8211; Auszug:<\/p>\n<p style=\"text-align: justify;\"><em>Ernst Tilsch und weitere f\u00fcnf Oberwachtmeister waren im Kreis Teltow jeweils f\u00fcr einen bestimmten r\u00e4umlichen Bereich, genannt &#8222;Beritt&#8220;, in der Funktion eines Berittf\u00fchrers, t\u00e4tig. Im Jahr 1914 bestand der Landkreis Teltow aus sechs Beritten (Berlin-Teltow, Berlin-Lankwitz, Berlin-Niedersch\u00f6nweide, Zehlendorf, Zossen und K\u00f6nigs-Wusterhausen) in denen insgesamt 63 Fu\u00dfgendarmen und 52 berittene Gendarmen als Mitglieder der Landgendarmerie eingesetzt waren. Wurden die &#8222;Ortspolizeibeh\u00f6rden&#8220; zumeist in den St\u00e4dten stationiert, so taten die Gendarmen vornehmlich in den Landgemeinden und kleineren D\u00f6rfern ihren Dienst.<\/em><\/p>\n<p style=\"text-align: justify;\"><em>Ernst Tilsch f\u00fchrte den beritt Berlin (Teltow). Die Personalst\u00e4rke dieses Beritts umfasste zw\u00f6lf berittene Gendarmen und die gleiche Anzahl Fu\u00dfgendarmen. Stationiert waren diese in Dahlem, Grunewald, Grunewald Forst, Schmargendorf, Hundekehle, Grunewald Rennbahn, Ruhleben, Spandau und Am Torfgraben (Forst Grunewald).<\/em><\/p>\n<p style=\"text-align: justify;\"><em>In einigen wenigen F\u00e4llen teilte man sich ein Dienstb\u00fcro mit den Ortspolizeibeh\u00f6rden, meist jedoch befand sich das Dienstb\u00fcro der Gendarmen in der eigenen Wohnung. [&#8230;]<\/em><\/p>\n<p style=\"text-align: justify;\"><em>Die preu\u00dfische Landgendarmerie unterstand einem General (Chef der Landgendarmerie), die Gendarmen waren also Soldaten, die jedoch in Bezug auf die Aus\u00fcbung der amtlichen T\u00e4tigkeiten den Zivilbeh\u00f6rden (in der Regel dem Landrat) unterstellt waren.<\/em><\/p>\n<p style=\"text-align: justify;\"><em>Die Landgendarmen waren strengen Anforderungen an Disziplin und an die &#8222;k\u00f6rperliche, geistige und sittliche Beschaffenheit&#8220; unterworfen. Alle diese Vorschriften waren im &#8222;Ordre- und Instructionsbuch f\u00fcr die Landgendarmerie&#8220; von 1876 festgelegt. [&#8230;] Neben den pers\u00f6nlichen Voraussetzungen sind im &#8222;Ordre- und Instructionsbuch&#8220; auch die Dienstaufgaben der Gendarmen, die ja meist im l\u00e4ndlichen Raum t\u00e4tig waren, festgelegt. Hierzu geh\u00f6ren u.a. die Unterhaltung st\u00e4ndiger Polizeiwachen, der Gefangenentransport, die Durchf\u00fchrung von Patrouillen, die Verfolgung von Verbrechen, die Hilfeleistung bei Bedrohungen und die Aufnahme von Anzeigen gegen polizeiliche Vorschriften. Aber auch die \u00dcberwachung des Verhaltens bei Ausbruch von Maul- und Klauenseuche, Lebensmittelkontrollen (M\u00fchlen, B\u00e4ckereien) und die \u00dcberwachung &#8222;verbotener Lokale&#8220;, in denen sich zwielichtige Personen herumtrieben, z\u00e4hlte zu ihren Aufgaben. Speziell in den Kriegsjahren kam noch die Fahndung nach Deserteuren, das Auffinden subversiver Flugbl\u00e4tter und Zeitschriften und die Bewachung kriegswichtiger Betriebe und Transportwege hinzu. [&#8230;]<\/em><\/p>\n<p style=\"text-align: justify;\"><em>Die Geh\u00e4lter der Gendarmen lagen zum Teil deutlich \u00fcber den Durchschnitt der allgemeinen Arbeoitseinkommen. W\u00e4hrend dieses 1910 bei j\u00e4hrlich ca. 1.100 Mark lag, bezogen die gendarmen, abh\u00e4ngig von der Dienstzeit etwa 1.500 bis 2.000 Mark, ein Oberwachtmeister erhielt zwischen 2.400 und 2.700 Mark.<\/em><\/p>\n<\/td>\n<\/tr>\n<tr>\n<td style=\"width: 11.1429%; text-align: left; vertical-align: top;\"><strong>1929 &#8211; 1934<\/strong><\/td>\n<td style=\"width: 88.8572%; vertical-align: top; text-align: justify;\"><strong><a href=\"https:\/\/forst-grunewald.de\/?page_id=583\" target=\"_blank\" rel=\"noopener noreferrer\">1950<\/a> &#8211; Alexander Schmook <\/strong>&#8211; Seite 209:<\/p>\n<p><em>Da nahte mein Retter: Auf dem Wege tauchte eine Schutzmannsuniform auf! <\/em><br \/>\n<em>&#8222;Lieber Herr <strong>Wachtmeister M.<\/strong>&#8222;, rufe ich ihn an, &#8222;Sie k\u00f6nnten mir einen Gefallen tun! Wie ich sehe: machen Sie einen Dienstgang offenbar zum Grunewaldturm hin. Stimmt das?&#8220; <\/em><em>&#8222;Jawohl, Herr Oberf\u00f6rster, das stimmt&#8220;, antwortete der Mann, den der Volksmund im Gegensatz zu uns Forstleuten, die &#8222;gr\u00fcne Augen des Grunewaldes&#8220; hie\u00dfen. &#8222;das blaue Auge des Grunewaldes&#8220; nannte, weil ihm der Wald als st\u00e4niges Revier zur Beaufsichtigung zugewiesen war.<\/em><\/p>\n<p>Auf den Seiten 65 uff. 75 und&nbsp; beschreibt er, dass bei der Jagd auf Wilderer Kriminalpolizeibeamte eines Polizeipr\u00e4sidiums im Einsatz waren:<\/p>\n<p><em>&#8222;Ja, hier Forstamt Grunewald, Oberf\u00f6rster Schmook!&#8220; <\/em><br \/>\n<em>&#8222;Pers\u00f6nlich?&#8220;<\/em><br \/>\n<em>&#8222;Ja, pers\u00f6nlich!&#8220;<\/em><br \/>\n<em>&#8222;Morjen, morjen, Waidmannsheil, hier <strong>Griepto<\/strong>! (Das war der zwischen uns verabredete Deckname f\u00fcr einen bestimmten Kriminalisten und Wilddiebsj\u00e4ger.) Wichtige Sache! Komme gleich zu Ihnen raus! Sie haben doch Zeit? Bitte einige Forstbeamte zur Verf\u00fcgung zu halten! Wiedersehen!&#8220; [&#8230;] <\/em><em>Eine Stunde sp\u00e4ter ist das Polizeipr\u00e4sidiumsauto vor dem Hause. Griepto kommt selbst und bringt einen Assistenten (Herr <strong>Bredermeier<\/strong>) mit.<\/em><\/p>\n<p>Seite 73: Die Kriminalpolizei nutze f\u00fcr ihre Jagd auf Wilderer auch<em> &#8222;Achtgro\u00dfschenjungen (Polizeispitzel)&#8220;<\/em>.<\/p>\n<p>Seite 77: &#8222;<em>In jenem ersten Amtsjahr [1929] im Grunewald erlebte ich mehr oder minder den Freitod von 109 Menschen mit!<\/em>&#8222;<\/td>\n<\/tr>\n<\/tbody>\n<\/table>\n<p>&nbsp;<\/p>\nngg_shortcode_0_placeholder\n","protected":false},"excerpt":{"rendered":"<p>Au\u00dfer Polizeimeldern, gab es fr\u00fcher in den zwanziger Jahren im Bereich des Grunewaldes auch Polizeistationen bzw. Gendarmerieposten: 1. Hundekehle(fenn) Koenigsallee 80, heute Forstamt Grunewald 2.&hellip;<\/p>\n","protected":false},"author":1,"featured_media":0,"parent":0,"menu_order":0,"comment_status":"closed","ping_status":"closed","template":"template\/full-width.php","meta":{"ngg_post_thumbnail":0,"iawp_total_views":73,"footnotes":""},"class_list":["post-14503","page","type-page","status-publish","hentry"],"_links":{"self":[{"href":"https:\/\/forst-grunewald.de\/index.php?rest_route=\/wp\/v2\/pages\/14503","targetHints":{"allow":["GET"]}}],"collection":[{"href":"https:\/\/forst-grunewald.de\/index.php?rest_route=\/wp\/v2\/pages"}],"about":[{"href":"https:\/\/forst-grunewald.de\/index.php?rest_route=\/wp\/v2\/types\/page"}],"author":[{"embeddable":true,"href":"https:\/\/forst-grunewald.de\/index.php?rest_route=\/wp\/v2\/users\/1"}],"replies":[{"embeddable":true,"href":"https:\/\/forst-grunewald.de\/index.php?rest_route=%2Fwp%2Fv2%2Fcomments&post=14503"}],"version-history":[{"count":45,"href":"https:\/\/forst-grunewald.de\/index.php?rest_route=\/wp\/v2\/pages\/14503\/revisions"}],"predecessor-version":[{"id":41573,"href":"https:\/\/forst-grunewald.de\/index.php?rest_route=\/wp\/v2\/pages\/14503\/revisions\/41573"}],"wp:attachment":[{"href":"https:\/\/forst-grunewald.de\/index.php?rest_route=%2Fwp%2Fv2%2Fmedia&parent=14503"}],"curies":[{"name":"wp","href":"https:\/\/api.w.org\/{rel}","templated":true}]}}