{"id":14426,"date":"2020-09-14T07:12:02","date_gmt":"2020-09-14T06:12:02","guid":{"rendered":"http:\/\/forst-grunewald.de\/?page_id=14426"},"modified":"2024-05-06T07:48:15","modified_gmt":"2024-05-06T06:48:15","slug":"alexander-und-nikolaus-neu","status":"publish","type":"page","link":"https:\/\/forst-grunewald.de\/?page_id=14426","title":{"rendered":"Alexander und Nikolaus"},"content":{"rendered":"<p><strong>In Vergessenheit geraten: Alexander und Nikolaus<\/strong><\/p>\n<p><span style=\"text-decoration: underline;\"><em>Wahrheit oder Legende?<\/em><\/span><\/p>\n<p>Zwei zuverl\u00e4ssige Wanderf\u00fchrer \u00fcberliefern folgendes:<\/p>\n<blockquote>\n<p style=\"text-align: justify;\"><span style=\"text-decoration: underline;\">1894 <a href=\"https:\/\/forst-grunewald.de\/?page_id=361\" target=\"_blank\" rel=\"noopener noreferrer\">Fontane<\/a>:<\/span><\/p>\n<p style=\"text-align: justify;\"><a href=\"https:\/\/forst-grunewald.de\/wp-content\/uploads\/1894-Fontane-Jagdschloss-Grunewald-1837-Alexander-und-Nikolaus-A-und-N-1.jpg\" target=\"_blank\" rel=\"noopener noreferrer\"><img loading=\"lazy\" decoding=\"async\" class=\"alignright wp-image-14429\" src=\"https:\/\/forst-grunewald.de\/wp-content\/uploads\/1894-Fontane-Jagdschloss-Grunewald-1837-Alexander-und-Nikolaus-A-und-N-1.jpg\" alt=\"\" width=\"250\" height=\"313\" srcset=\"https:\/\/forst-grunewald.de\/wp-content\/uploads\/1894-Fontane-Jagdschloss-Grunewald-1837-Alexander-und-Nikolaus-A-und-N-1.jpg 1200w, https:\/\/forst-grunewald.de\/wp-content\/uploads\/1894-Fontane-Jagdschloss-Grunewald-1837-Alexander-und-Nikolaus-A-und-N-1-240x300.jpg 240w, https:\/\/forst-grunewald.de\/wp-content\/uploads\/1894-Fontane-Jagdschloss-Grunewald-1837-Alexander-und-Nikolaus-A-und-N-1-120x150.jpg 120w, https:\/\/forst-grunewald.de\/wp-content\/uploads\/1894-Fontane-Jagdschloss-Grunewald-1837-Alexander-und-Nikolaus-A-und-N-1-768x961.jpg 768w\" sizes=\"auto, (max-width: 250px) 100vw, 250px\" \/><\/a>\u201cSchlie\u00dflich sind noch die rechts und links vor dem Haupteingange zum Schlo\u00df aufgestellten beiden Baumst\u00e4mme zu erw\u00e4hnen. Dieselben r\u00fchren von zwei Baumriesen des Grunewaldes her, unter deren Aesten im Jahre <strong>1837<\/strong> die russischen Gro\u00dff\u00fcrsten <a href=\"https:\/\/de.wikipedia.org\/wiki\/Alexander_II._%28Russland%29\" target=\"_blank\" rel=\"noopener noreferrer\">Alexander<\/a> und Nikolaus&nbsp; \u2013 (welcher ist gemeint: <a href=\"https:\/\/de.wikipedia.org\/wiki\/Nikolaus_I._%28Russland%29\" target=\"_blank\" rel=\"noopener noreferrer\">Kaiser Nikolaus I. Pawlowitsch<\/a> oder der zu diesem Zeitpunkt erst sechsj\u00e4hrige <a href=\"https:\/\/de.wikipedia.org\/wiki\/Nikolai_Nikolajewitsch_Romanow_(1831%E2%80%931891)\" target=\"_blank\" rel=\"noopener noreferrer\">Gro\u00dff\u00fcrst Nikolaus Nikolajewitsch Romanow<\/a>?) \u2013 w\u00e4hrend eines Man\u00f6vers gerastet haben. Mit den Buchstaben A. und N. sind die B\u00e4ume erst sp\u00e4ter, nach ihrem Absterben versehen worden.\u201d<\/p>\n<p style=\"text-align: justify;\"><span style=\"text-decoration: underline;\">1902 <a href=\"https:\/\/forst-grunewald.de\/?page_id=676\" target=\"_blank\" rel=\"noopener noreferrer\">Berdrow<\/a>:<\/span><\/p>\n<p style=\"text-align: justify;\">\u201cIm weiteren Verlauf des XIX. Jahrhunderts hat der alte Bau der edlen G\u00e4ste genug gesehen. Bis vor wenigen Jahren sah man rechts und links von der Eingangsth\u00fcr des Schlosses zwei entrindete Baumst\u00fcmpfe, in welche die Buchstaben A und N eingeschnitten waren. Sie r\u00fchrten von zwei Baumriesen des Grunewaldes her, unter denen w\u00e4hrend eines Man\u00f6vers im Jahre <strong>1837<\/strong> die russischen Gro\u00dff\u00fcrsten <a href=\"https:\/\/de.wikipedia.org\/wiki\/Alexander_II._%28Russland%29\" target=\"_blank\" rel=\"noopener noreferrer\">Alexander<\/a> und Nikolaus gerastet hatten.\u201d<\/p>\n<\/blockquote>\n<p><strong>Stimmt das? <\/strong><\/p>\n<p><strong>Denn Schriftwechsel mit einem Leser meiner Webseite, Herrn A.D., l\u00e4sst darauf schlie\u00dfen, dass es sich bei diesen \u00dcberlieferungen in nur um eine Legende handelt.<br \/>\n<\/strong><\/p>\n<p><span style=\"text-decoration: underline;\">Zusammentragung:<\/span><\/p>\n<div class=\"spoiler-wrap\">\n\t\t\t\t<div class=\"spoiler-head folded\">Spoiler<\/div>\n\t\t\t\t<div class=\"spoiler-body\"><\/p>\n<p style=\"text-align: justify\">Leider ist von den beiden Baumst\u00fcmpfen keine Darstellung \u00fcberliefert, jedenfalls habe ich noch keine gesehen. Im Grunewald hat ein Man\u00f6ver im Mai 1837 stattgefunden. Die <a href=\"http:\/\/gaby.huch.berlin\/home\/curriculum-vitae\/\" target=\"_blank\" rel=\"noopener noreferrer\">Diplomgeschichtslehrerin Dr. Gaby Huch<\/a> berichtet auf Ihrer Webseite in ihrem <a href=\"http:\/\/gaby.huch.berlin\/home\/kalendarium-des-preu%C3%9Fischen-k%C3%B6nigs-friedrich-wilhelm-iii-1797-bis-1840\/\" target=\"_blank\" rel=\"noopener noreferrer\">Kalendarium des preu\u00dfischen K\u00f6nigs Friedrich Wilhelm III.<\/a> f\u00fcr das <a href=\"http:\/\/gaby.huch.berlin\/home\/kalendarium-des-preu%C3%9Fischen-k%C3%B6nigs-friedrich-wilhelm-iii-1797-bis-1840\/1837\/\" target=\"_blank\" rel=\"noopener noreferrer\">Jahr 1837<\/a> folgendes:<\/p>\n<table style=\"border-collapse: collapse;width: 100%;height: 120px\">\n<tbody>\n<tr style=\"height: 24px\">\n<td style=\"width: 25.7143%;text-align: left;vertical-align: top;height: 24px\">13.05.1837<\/td>\n<td style=\"width: 74.2857%;text-align: left;vertical-align: top;height: 24px\">In Potsdam beginnen die Man\u00f6ver<\/td>\n<\/tr>\n<tr style=\"height: 24px\">\n<td style=\"width: 25.7143%;text-align: left;vertical-align: top;height: 24px\">17. &#8211; 22.05.1937<\/td>\n<td style=\"width: 74.2857%;text-align: left;vertical-align: top;height: 24px\">&#8230;Das Feld-Man\u00f6ver im Grunewald am 22.05. muss wegen schlechten Wetters abgebrochen werden&#8230;<\/td>\n<\/tr>\n<tr style=\"height: 24px\">\n<td style=\"width: 25.7143%;text-align: left;vertical-align: top;height: 24px\">06. &#8211; 07.08.1837<\/td>\n<td style=\"width: 74.2857%;text-align: left;vertical-align: top;height: 24px\">Der K\u00f6nig besucht ein kleines Man\u00f6ver bei Spandau.<\/td>\n<\/tr>\n<tr style=\"height: 24px\">\n<td style=\"width: 25.7143%;text-align: left;vertical-align: top;height: 24px\">11. &#8211; 12.08.1837<\/td>\n<td style=\"width: 74.2857%;text-align: left;vertical-align: top;height: 24px\">Nach Nikolskoe. Am Folgetag findet hier die Einweihung der neuen <a href=\"https:\/\/de.wikipedia.org\/wiki\/St._Peter_und_Paul_(Berlin-Wannsee)\" target=\"_blank\" rel=\"noopener noreferrer\">St. Peter und Pauls-Kirche<\/a> statt.<br \/>\nIm Anschluss unternimmt der K\u00f6nig eine Fahrt um die Pfaueninsel auf dem neuen <a href=\"https:\/\/de.wikipedia.org\/wiki\/Prinz_Carl_(Schiff,_1834)\" target=\"_blank\" rel=\"noopener noreferrer\">Dampfschiff \u201ePrinz Karl von Preu\u00dfen\u201c<\/a>.<\/td>\n<\/tr>\n<tr style=\"height: 24px\">\n<td style=\"width: 25.7143%;text-align: left;vertical-align: top;height: 24px\">31.08.1837<\/td>\n<td style=\"width: 74.2857%;text-align: left;vertical-align: top;height: 24px\">Parade und Beginn der Herbst-Man\u00f6ver. \u201eZu den diesj\u00e4hrigen Herbstman\u00f6vern war wieder ein Lager bei Teltow errichtet, das von den Berlinern sehr besucht wurde.\u201c (Kl\u00f6den)<\/td>\n<\/tr>\n<\/tbody>\n<\/table>\n<p style=\"text-align: justify\">\u00dcber die Anwesenheit von \u201eAlexander und Nikolaus\u201c oder russischer F\u00fcrsten berichtet sie in ihrer Hof-Chronik f\u00fcr 1837 jedoch nichts.<\/p>\n<p style=\"text-align: justify\">Jedoch gibt das Berliner Abgeordnetenhaus unter <a href=\"https:\/\/www.parlament-berlin.de\/de\/Das-Haus\/Berliner-Ehrenbuerger\/Nikolaus-I.-Pawlowitsch-Kaiser-von-Russland\" target=\"_blank\" rel=\"noopener noreferrer\">Berliner Ehrenb\u00fcrger<\/a> an:<\/p>\n<blockquote>\n<p style=\"text-align: justify\"><strong>1837<\/strong> \u201eerwarb <a href=\"https:\/\/de.wikipedia.org\/wiki\/Nikolaus_I._%28Russland%29\" target=\"_blank\" rel=\"noopener noreferrer\">Zar Nikolaus I.<\/a> ein Grundst\u00fcck Unter den Linden in Berlin als Privateigentum. Daraufhin verlieh ihm die Stadt Berlin die Ehrenb\u00fcrgerw\u00fcrde. Als Dank stiftete er 5000 Dukaten f\u00fcr das neugegr\u00fcndete Nikolaus-Hospital.\u201e<\/p>\n<\/blockquote>\n<p style=\"text-align: justify\">Er ist der 13. Ehrenb\u00fcrger Berlins. Dar\u00fcber, dass sich <a href=\"https:\/\/de.wikipedia.org\/wiki\/Nikolaus_I._%28Russland%29\" target=\"_blank\" rel=\"noopener noreferrer\">Nikolaus I.<\/a> oder sein Sohn <a href=\"https:\/\/de.wikipedia.org\/wiki\/Alexander_II._%28Russland%29\" target=\"_blank\" rel=\"noopener noreferrer\">Alexander<\/a> f\u00fcr den Kauf des Anwesens im Jahr 1837 in Berlin aufgehalten hatten, habe ich bisher keine Quelle finden k\u00f6nnen. Nach der <a href=\"http:\/\/gaby.huch.berlin\/home\/kalendarium-des-preu%C3%9Fischen-k%C3%B6nigs-friedrich-wilhelm-iii-1797-bis-1840\/1838\/\" target=\"_blank\" rel=\"noopener noreferrer\">Hof-Chonik von Frau Dr. Huch f\u00fcr das Jahr 1838<\/a> befand sich Kaiser <a href=\"https:\/\/de.wikipedia.org\/wiki\/Nikolaus_I._%28Russland%29\" target=\"_blank\" rel=\"noopener noreferrer\">Nikolaus I.<\/a> von Russland erst im Mai 1838 in Berlin, wo ihm dann am 01. Juni 1838 die Ehrenb\u00fcrgerw\u00fcrde verliehen wurde.<\/p>\n<p style=\"text-align: justify\">Bei dem Grundst\u00fcck \u201e<a href=\"https:\/\/www.google.com\/maps\/place\/Unter+den+Linden+63-65,+10117+Berlin\/@52.51632,13.3817113,17z\/data=!3m1!4b1!4m5!3m4!1s0x47a851c44584fc29:0x1e8f88a5d2cf4e4a!8m2!3d52.51632!4d13.3839\" target=\"_blank\" rel=\"noopener noreferrer\">Unter den Linden<\/a>\u201c handelt es sich um die heutige Botschaft der Russischen F\u00f6rderation. Diese gibt <a href=\"https:\/\/russische-botschaft.ru\/de\/embassy\/geschichte-der-botschaft\/\" target=\"_blank\" rel=\"noopener noreferrer\">auf Ihrer Webseite<\/a> an:<\/p>\n<blockquote>\n<p style=\"text-align: justify\">Die Geschichte der russischen diplomatischen Pr\u00e4senz in Berlin beginnt 1706, als die erste st\u00e4ndige diplomatische Mission Russlands in die Stadt kam. 1732 kauft der Geheime Rat und Regiments-Quartiermeister Christian Ludwig M\u00fcller das Grundst\u00fcck Unter den Linden 7, wo er ein zweigeschossiges Haus baut. W\u00e4hrend des 18. Jahrhunderts wechselt das Anwesen mehrfach den Besitzer und wird zum Teil erweitert.<\/p>\n<p style=\"text-align: justify\">Im <span style=\"text-decoration: underline\">Januar 1837<\/span> verkauft Herzogin <a href=\"https:\/\/de.wikipedia.org\/wiki\/Dorothea_von_Sagan\" target=\"_blank\" rel=\"noopener noreferrer\">Dorothea von Sagan<\/a> das Anwesen [damals <a href=\"https:\/\/de.wikipedia.org\/wiki\/Palais_Kurland\" target=\"_blank\" rel=\"noopener noreferrer\">Palais Kurland<\/a>] an <a href=\"https:\/\/de.wikipedia.org\/wiki\/Nikolaus_I._%28Russland%29\" target=\"_blank\" rel=\"noopener noreferrer\">Zar Nikolaus l.<\/a> Nach dem Kauf beginnt dieser mit dem Umbau. Seine bis 1942 g\u00fcltige Form erh\u00e4lt das Palais nach dem Entwurf von <a href=\"https:\/\/de.wikipedia.org\/wiki\/Eduard_Knoblauch\" target=\"_blank\" rel=\"noopener noreferrer\">Eduard Knoblauch<\/a>. Es entstehen 101 Zimmer, verteilt auf drei Etagen. Die prunkvoll mit Marmor und Gold ausgestatteten S\u00e4le bieten Platz f\u00fcr bis zu 700 Personen.<\/p>\n<\/blockquote>\n<p style=\"text-align: justify\">Obwohl die Berichterstattungen von <a href=\"https:\/\/forst-grunewald.de\/?page_id=361\" target=\"_blank\" rel=\"noopener noreferrer\">Fontane und Berdrow<\/a> eine sehr hohe Qualit\u00e4t haben, auch wenn es sich nur um Wanderf\u00fchrer handelt, k\u00f6nnte es durchaus sein, dass es sich nur um eine Legende handelt. Oder aber auch, dass 1837 ein Irrtum und 1838 richtig ist.<\/p>\n<p style=\"text-align: justify\">Die <a href=\"http:\/\/gaby.huch.berlin\/home\/kalendarium-des-preu%C3%9Fischen-k%C3%B6nigs-friedrich-wilhelm-iii-1797-bis-1840\/1838\/\" target=\"_blank\" rel=\"noopener noreferrer\">Hof-Chronik von Frau Dr. Huch weist f\u00fcr 1838<\/a> zwar folgendes aus:<\/p>\n<table style=\"border-collapse: collapse;width: 100%\">\n<tbody>\n<tr>\n<td style=\"width: 25.8572%;text-align: left;vertical-align: top\">19.05.1838<\/td>\n<td style=\"width: 74.1428%;vertical-align: top;text-align: justify\"><strong>R\u00fcckkehr nach Berlin zur Ankunft des Kaisers und der Kaiserin von Russland<\/strong>, vom K\u00f6nig in Friedrichsfelde begr\u00fc\u00dft. Die Revuen beginnen am 20.5. mit einem Diner f\u00fcr s\u00e4mtliche Stabsoffiziere in der Bilder-Galerie und einer Gala-Oper beginnen, am Folgetag findet die gro\u00dfe Parade statt. In den <strong>n\u00e4chsten Tagen<\/strong> treffen zu den <strong>Man\u00f6vern<\/strong> der K\u00f6nig von W\u00fcrttemberg, der K\u00f6nig von Hannover, der Gro\u00dfherzog von Oldenburg, der Herzog von Anhalt-K\u00f6then u.a. ein [\u2026]<\/td>\n<\/tr>\n<tr>\n<td style=\"width: 25.8572%;text-align: left;vertical-align: top\">01.06.1838<\/td>\n<td style=\"width: 74.1428%;vertical-align: top;text-align: justify\">Ehrenb\u00fcrgerw\u00fcrde f\u00fcr den russischen Kaiser<\/td>\n<\/tr>\n<tr>\n<td style=\"width: 25.8572%;text-align: left;vertical-align: top\">16.091838<\/td>\n<td style=\"width: 74.1428%;vertical-align: top;text-align: justify\">R\u00fcckkehr nach Potsdam;&nbsp; <strong>Ankunft<\/strong> Charlottes und <strong>des Kaisers von Russland zu den in den Folgetagen hier stattfindenden Man\u00f6vern.<\/strong><\/td>\n<\/tr>\n<\/tbody>\n<\/table>\n<p style=\"text-align: justify\"><strong>Was hier fehlt, ist aber noch eine weitere Belegquelle<\/strong>,<\/p>\n<ul style=\"text-align: justify\">\n<li><strong>dass 1837<\/strong> der damals 19j\u00e4hrige <a href=\"https:\/\/de.wikipedia.org\/wiki\/Alexander_II._%28Russland%29\" target=\"_blank\" rel=\"noopener noreferrer\">Alexander<\/a> und sein damals erst 6 Jahre alter Bruder <a href=\"https:\/\/de.wikipedia.org\/wiki\/Nikolai_Nikolajewitsch_Romanow_(1831%E2%80%931891)\" target=\"_blank\" rel=\"noopener noreferrer\">Nikolaus<\/a> oder<\/li>\n<li><strong>dass 1838<\/strong> der damals 20j\u00e4hrige <a href=\"https:\/\/de.wikipedia.org\/wiki\/Alexander_II._%28Russland%29\" target=\"_blank\" rel=\"noopener noreferrer\">Alexander<\/a> mit seinem Vater <a href=\"https:\/\/de.wikipedia.org\/wiki\/Nikolaus_I._%28Russland%29\" target=\"_blank\" rel=\"noopener noreferrer\">Kaiser Nikolaus I.<\/a><\/li>\n<\/ul>\n<p style=\"text-align: justify\"><strong>tats\u00e4chlich an einem Man\u00f6ver im Grunewald teilgenommen hatten.<\/strong><\/p>\n<p style=\"text-align: justify\">Auch fehlt ein (Bild)Beweis oder eine weitere \u00dcberlieferung, dass sich dort (1894\/1902) \u00fcberhaupt &#8222;bis vor wenigen Jahren&#8220; &#8222;entrindete&#8220; und &#8222;aufgestellte&#8220; Baumst\u00fcmpfe mit diesen Initialien befunden haben.<\/p>\n<p style=\"text-align: justify\">Hier besteht noch die M\u00f6glichkeit, Bildmaterialien vom Schlosseingang aus der Zeit von vor 1900, also von ca. 1880-1899, auszuwerten. Also aus jener Zeit, wo sie sich die <a href=\"https:\/\/forst-grunewald.de\/?page_id=4912\" target=\"_blank\" rel=\"noopener noreferrer\">Wildschweinplastik<\/a> noch vor dem Eingang befand. Auf den mir vorliegenden Bildern aus diesem Zeitraum (<a href=\"https:\/\/forst-grunewald.de\/?page_id=4895\" target=\"_blank\" rel=\"noopener noreferrer\">Galerie<\/a>) kann ich eindeutig keine Baumst\u00fcmpfe entdecken. Unklar sind aber einige Aufnahmen aus den Jahren um 1897, zu denen auch diese Ansichtskarte geh\u00f6rt:<\/p>\n<p><a href=\"https:\/\/forst-grunewald.de\/wp-content\/uploads\/1897-ca.-1903-08-00-1904-05-18-Jagdschloss-Grunewald-klein.jpg\" target=\"_blank\" rel=\"noopener noreferrer\"><img loading=\"lazy\" decoding=\"async\" class=\"alignnone wp-image-14547\" src=\"https:\/\/forst-grunewald.de\/wp-content\/uploads\/1897-ca.-1903-08-00-1904-05-18-Jagdschloss-Grunewald-klein.jpg\" alt=\"\" width=\"300\" height=\"264\" srcset=\"https:\/\/forst-grunewald.de\/wp-content\/uploads\/1897-ca.-1903-08-00-1904-05-18-Jagdschloss-Grunewald-klein.jpg 1600w, https:\/\/forst-grunewald.de\/wp-content\/uploads\/1897-ca.-1903-08-00-1904-05-18-Jagdschloss-Grunewald-klein-340x300.jpg 340w, https:\/\/forst-grunewald.de\/wp-content\/uploads\/1897-ca.-1903-08-00-1904-05-18-Jagdschloss-Grunewald-klein-170x150.jpg 170w, https:\/\/forst-grunewald.de\/wp-content\/uploads\/1897-ca.-1903-08-00-1904-05-18-Jagdschloss-Grunewald-klein-768x677.jpg 768w, https:\/\/forst-grunewald.de\/wp-content\/uploads\/1897-ca.-1903-08-00-1904-05-18-Jagdschloss-Grunewald-klein-1536x1354.jpg 1536w\" sizes=\"auto, (max-width: 300px) 100vw, 300px\" \/> <span style=\"color: #ffffff\">.<\/span>&nbsp;<\/a><a href=\"https:\/\/forst-grunewald.de\/wp-content\/uploads\/1897-ca.-1903-08-00-1904-05-18-Jagdschloss-Grunewald-klein-a.jpg\" target=\"_blank\" rel=\"noopener noreferrer\"><img loading=\"lazy\" decoding=\"async\" class=\"alignnone wp-image-14548\" src=\"https:\/\/forst-grunewald.de\/wp-content\/uploads\/1897-ca.-1903-08-00-1904-05-18-Jagdschloss-Grunewald-klein-a.jpg\" alt=\"\" width=\"300\" height=\"146\" srcset=\"https:\/\/forst-grunewald.de\/wp-content\/uploads\/1897-ca.-1903-08-00-1904-05-18-Jagdschloss-Grunewald-klein-a.jpg 1600w, https:\/\/forst-grunewald.de\/wp-content\/uploads\/1897-ca.-1903-08-00-1904-05-18-Jagdschloss-Grunewald-klein-a-450x219.jpg 450w, https:\/\/forst-grunewald.de\/wp-content\/uploads\/1897-ca.-1903-08-00-1904-05-18-Jagdschloss-Grunewald-klein-a-200x97.jpg 200w, https:\/\/forst-grunewald.de\/wp-content\/uploads\/1897-ca.-1903-08-00-1904-05-18-Jagdschloss-Grunewald-klein-a-768x373.jpg 768w, https:\/\/forst-grunewald.de\/wp-content\/uploads\/1897-ca.-1903-08-00-1904-05-18-Jagdschloss-Grunewald-klein-a-1536x747.jpg 1536w\" sizes=\"auto, (max-width: 300px) 100vw, 300px\" \/><\/a><\/p>\n<p>&nbsp;<\/p>\n<p style=\"text-align: justify\"><strong>1864<\/strong> jedenfalls war der H\u00f6hepunkt der Hubertusjagd am 03. November die Anwesenheit des russischen Kaisers <a href=\"https:\/\/de.wikipedia.org\/wiki\/Alexander_II._%28Russland%29\" target=\"_blank\" rel=\"noopener noreferrer\">Alexander II<\/a>, siehe Bild. <a href=\"https:\/\/de.wikipedia.org\/wiki\/Nikolaus_I._%28Russland%29\" target=\"_blank\" rel=\"noopener noreferrer\">Nikolaus I<\/a> lebte zu diesem Zeitpunkt allerdings nicht mehr, er verstarb 1855.<\/p>\n<p><a href=\"https:\/\/forst-grunewald.de\/wp-content\/uploads\/1864-11-03-1890-siegmar-graf-dohna-kurfuerstliche-schloesser-band-1-dsc04016-a-klein-1.jpg\" target=\"_blank\" rel=\"noopener noreferrer\"><img loading=\"lazy\" decoding=\"async\" class=\"alignnone wp-image-14468\" src=\"https:\/\/forst-grunewald.de\/wp-content\/uploads\/1864-11-03-1890-siegmar-graf-dohna-kurfuerstliche-schloesser-band-1-dsc04016-a-klein-1.jpg\" alt=\"\" width=\"640\" height=\"255\" srcset=\"https:\/\/forst-grunewald.de\/wp-content\/uploads\/1864-11-03-1890-siegmar-graf-dohna-kurfuerstliche-schloesser-band-1-dsc04016-a-klein-1.jpg 1400w, https:\/\/forst-grunewald.de\/wp-content\/uploads\/1864-11-03-1890-siegmar-graf-dohna-kurfuerstliche-schloesser-band-1-dsc04016-a-klein-1-450x179.jpg 450w, https:\/\/forst-grunewald.de\/wp-content\/uploads\/1864-11-03-1890-siegmar-graf-dohna-kurfuerstliche-schloesser-band-1-dsc04016-a-klein-1-200x80.jpg 200w, https:\/\/forst-grunewald.de\/wp-content\/uploads\/1864-11-03-1890-siegmar-graf-dohna-kurfuerstliche-schloesser-band-1-dsc04016-a-klein-1-768x306.jpg 768w, https:\/\/forst-grunewald.de\/wp-content\/uploads\/1864-11-03-1890-siegmar-graf-dohna-kurfuerstliche-schloesser-band-1-dsc04016-a-klein-1-880x350.jpg 880w, https:\/\/forst-grunewald.de\/wp-content\/uploads\/1864-11-03-1890-siegmar-graf-dohna-kurfuerstliche-schloesser-band-1-dsc04016-a-klein-1-600x240.jpg 600w\" sizes=\"auto, (max-width: 640px) 100vw, 640px\" \/><\/a><\/p>\n<p><\/div>\n\t\t\t<\/div>\n<p><span style=\"text-decoration: underline;\">Auskunft der &#8222;Stiftung Preusische Schl\u00f6sser und G\u00e4rten Berlin-Brandenburg&#8220;:<\/span><\/p>\n<p style=\"text-align: justify;\">Nach einer diesbez\u00fcglichen Anfrage erhielt ich von der Schlossbereichleiterin des Jagdschloss Grunewald, Frau K\u00fclow, und dem wissenschaftlichen Redakteur der Schl\u00f6sserdirektion, Herrn Dr. Dilba, freundlicherweise folgende Auskunft:<\/p>\n<blockquote>\n<p style=\"text-align: justify;\">Wenn, dann m\u00fcsste es sich bei den beiden um den <a href=\"https:\/\/de.wikipedia.org\/wiki\/Nikolaus_I._(Russland)\" target=\"_blank\" rel=\"noopener noreferrer\">Zaren Nikolaus I.<\/a> (1796-1855) und den <a href=\"https:\/\/de.wikipedia.org\/wiki\/Alexander_II._(Russland)\" target=\"_blank\" rel=\"noopener noreferrer\">Zarewitsch Alexander (II.)<\/a> (1818-1881) handeln.<\/p>\n<p style=\"text-align: justify;\"><strong>1829<\/strong> waren <a href=\"https:\/\/de.wikipedia.org\/wiki\/Nikolaus_I._(Russland)\" target=\"_blank\" rel=\"noopener noreferrer\">Zar (Nikolaus I.)<\/a> und <a href=\"https:\/\/de.wikipedia.org\/wiki\/Charlotte_von_Preu%C3%9Fen_(1798%E2%80%931860)\" target=\"_blank\" rel=\"noopener noreferrer\">Zarin (Charlotte von Preu\u00dfen)<\/a> in Potsdam und Berlin. Ob es <strong>1837<\/strong> einen Besuch des Zaren in Berlin gab, m\u00fcsste recherchiert werden.<\/p>\n<p style=\"text-align: justify;\">Vor dem Haupteingang des Schlosses stand <strong>1832<\/strong> eine Kastanie. Es gibt ein <a href=\"https:\/\/forst-grunewald.de\/wp-content\/gallery\/grunewaldseen-grunewaldsee-jagdschloss-grunewald\/1832-ca-wilhelm-barth-jagdschloss-grunewald-quelle-wikipedia-2020-09-14.jpg\" target=\"_blank\" rel=\"noopener noreferrer\">Gem\u00e4lde von Wilhelm Barth<\/a> aus diesem Jahr. Die Kastanie stand auch noch im fr\u00fchen 20. Jahrhundert im Hof und wurde in den 1960er Jahren durch zwei Linden ersetzt.<\/p>\n<p style=\"text-align: justify;\"><strong>Baumst\u00fcmpfe mit Initialen gab es zumindest hier am Jagdschloss nicht.<\/strong><\/p>\n<\/blockquote>\n<p style=\"text-align: justify;\"><strong><span style=\"font-size: 12pt;\">Von daher scheint es so zu sein, dass es sich bei den \u00dcberlieferungen von Fontane und Berdrow tats\u00e4chlich nur um eine Legende handelt!<\/span><\/strong><\/p>\n<p>Offen bleibt nun die Frage, wie(so) diese Legende entstanden ist?<\/p>\n<p>&nbsp;<\/p>\n","protected":false},"excerpt":{"rendered":"<p>In Vergessenheit geraten: Alexander und Nikolaus Wahrheit oder Legende? Zwei zuverl\u00e4ssige Wanderf\u00fchrer \u00fcberliefern folgendes: 1894 Fontane: \u201cSchlie\u00dflich sind noch die rechts und links vor dem&hellip;<\/p>\n","protected":false},"author":1,"featured_media":0,"parent":4895,"menu_order":0,"comment_status":"closed","ping_status":"closed","template":"template\/full-width.php","meta":{"ngg_post_thumbnail":0,"iawp_total_views":13,"footnotes":""},"class_list":["post-14426","page","type-page","status-publish","hentry"],"_links":{"self":[{"href":"https:\/\/forst-grunewald.de\/index.php?rest_route=\/wp\/v2\/pages\/14426","targetHints":{"allow":["GET"]}}],"collection":[{"href":"https:\/\/forst-grunewald.de\/index.php?rest_route=\/wp\/v2\/pages"}],"about":[{"href":"https:\/\/forst-grunewald.de\/index.php?rest_route=\/wp\/v2\/types\/page"}],"author":[{"embeddable":true,"href":"https:\/\/forst-grunewald.de\/index.php?rest_route=\/wp\/v2\/users\/1"}],"replies":[{"embeddable":true,"href":"https:\/\/forst-grunewald.de\/index.php?rest_route=%2Fwp%2Fv2%2Fcomments&post=14426"}],"version-history":[{"count":74,"href":"https:\/\/forst-grunewald.de\/index.php?rest_route=\/wp\/v2\/pages\/14426\/revisions"}],"predecessor-version":[{"id":41542,"href":"https:\/\/forst-grunewald.de\/index.php?rest_route=\/wp\/v2\/pages\/14426\/revisions\/41542"}],"up":[{"embeddable":true,"href":"https:\/\/forst-grunewald.de\/index.php?rest_route=\/wp\/v2\/pages\/4895"}],"wp:attachment":[{"href":"https:\/\/forst-grunewald.de\/index.php?rest_route=%2Fwp%2Fv2%2Fmedia&parent=14426"}],"curies":[{"name":"wp","href":"https:\/\/api.w.org\/{rel}","templated":true}]}}